{"id":88256,"date":"2024-03-01T18:52:30","date_gmt":"2024-03-01T17:52:30","guid":{"rendered":"https:\/\/car-o-liner-test.phl.togglebox.site\/product\/collision-anchoring\/"},"modified":"2024-04-11T13:46:36","modified_gmt":"2024-04-11T11:46:36","slug":"ancrage","status":"publish","type":"product","link":"https:\/\/car-o-liner.com\/fr\/produit\/ancrage\/","title":{"rendered":"Ancrage pour r\u00e9paration de collisions"},"content":{"rendered":"","protected":false},"excerpt":{"rendered":"","protected":false},"featured_media":0,"parent":81684,"menu_order":0,"template":"page-templates\/alignment-straightening.php","format":"standard","meta":[],"class_list":["post-88256","product","type-product","status-publish","format-standard","hentry"],"yoast_head":"<!-- This site is optimized with the Yoast SEO plugin v27.2 - https:\/\/yoast.com\/product\/yoast-seo-wordpress\/ -->\n<title>\u00c9quipement d&#039;ancrage pour r\u00e9paration de collisions | Car-O-Liner FR<\/title>\n<meta name=\"description\" content=\"R\u00e9alisez des r\u00e9parations s\u00fbres gr\u00e2ce \u00e0 nos outils d&#039;ancrage pr\u00e9cis pour r\u00e9paration de collisions. Faites confiance \u00e0 notre \u00e9quipement pour des performances constantes dans votre atelier de carrosserie automobile.\" \/>\n<meta name=\"robots\" content=\"index, follow, max-snippet:-1, max-image-preview:large, max-video-preview:-1\" \/>\n<link rel=\"canonical\" href=\"https:\/\/car-o-liner.com\/fr\/produit\/ancrage\/\" \/>\n<meta property=\"og:locale\" content=\"fr_FR\" \/>\n<meta property=\"og:type\" content=\"article\" \/>\n<meta property=\"og:title\" content=\"\u00c9quipement d&#039;ancrage pour r\u00e9paration de collisions | Car-O-Liner FR\" \/>\n<meta property=\"og:description\" content=\"R\u00e9alisez des r\u00e9parations s\u00fbres gr\u00e2ce \u00e0 nos outils d&#039;ancrage pr\u00e9cis pour r\u00e9paration de collisions. Faites confiance \u00e0 notre \u00e9quipement pour des performances constantes dans votre atelier de carrosserie automobile.\" \/>\n<meta property=\"og:url\" content=\"https:\/\/car-o-liner.com\/fr\/produit\/ancrage\/\" \/>\n<meta property=\"og:site_name\" content=\"Car-O-Liner\" \/>\n<meta property=\"article:modified_time\" content=\"2024-04-11T11:46:36+00:00\" \/>\n<meta name=\"twitter:card\" content=\"summary_large_image\" \/>\n<script type=\"application\/ld+json\" class=\"yoast-schema-graph\">{\"@context\":\"https:\/\/schema.org\",\"@graph\":[{\"@type\":\"WebPage\",\"@id\":\"https:\/\/car-o-liner.com\/fr\/produit\/ancrage\/\",\"url\":\"https:\/\/car-o-liner.com\/fr\/produit\/ancrage\/\",\"name\":\"\u00c9quipement d'ancrage pour r\u00e9paration de collisions | Car-O-Liner FR\",\"isPartOf\":{\"@id\":\"https:\/\/car-o-liner.com\/fr\/#website\"},\"datePublished\":\"2024-03-01T17:52:30+00:00\",\"dateModified\":\"2024-04-11T11:46:36+00:00\",\"description\":\"R\u00e9alisez des r\u00e9parations s\u00fbres gr\u00e2ce \u00e0 nos outils d'ancrage pr\u00e9cis pour r\u00e9paration de collisions. Faites confiance \u00e0 notre \u00e9quipement pour des performances constantes dans votre atelier de carrosserie automobile.\",\"breadcrumb\":{\"@id\":\"https:\/\/car-o-liner.com\/fr\/produit\/ancrage\/#breadcrumb\"},\"inLanguage\":\"fr-FR\",\"potentialAction\":[{\"@type\":\"ReadAction\",\"target\":[\"https:\/\/car-o-liner.com\/fr\/produit\/ancrage\/\"]}]},{\"@type\":\"BreadcrumbList\",\"@id\":\"https:\/\/car-o-liner.com\/fr\/produit\/ancrage\/#breadcrumb\",\"itemListElement\":[{\"@type\":\"ListItem\",\"position\":1,\"name\":\"Home\",\"item\":\"https:\/\/car-o-liner.com\/fr\/\"},{\"@type\":\"ListItem\",\"position\":2,\"name\":\"Alignement &amp; Redressage\",\"item\":\"https:\/\/car-o-liner.com\/fr\/produit\/alignement-et-redressement\/\"},{\"@type\":\"ListItem\",\"position\":3,\"name\":\"Ancrage pour r\u00e9paration de collisions\"}]},{\"@type\":\"WebSite\",\"@id\":\"https:\/\/car-o-liner.com\/fr\/#website\",\"url\":\"https:\/\/car-o-liner.com\/fr\/\",\"name\":\"Car-O-Liner\",\"description\":\"Collision Repair Equipment\",\"publisher\":{\"@id\":\"https:\/\/car-o-liner.com\/fr\/#organization\"},\"potentialAction\":[{\"@type\":\"SearchAction\",\"target\":{\"@type\":\"EntryPoint\",\"urlTemplate\":\"https:\/\/car-o-liner.com\/fr\/?s={search_term_string}\"},\"query-input\":{\"@type\":\"PropertyValueSpecification\",\"valueRequired\":true,\"valueName\":\"search_term_string\"}}],\"inLanguage\":\"fr-FR\"},{\"@type\":\"Organization\",\"@id\":\"https:\/\/car-o-liner.com\/fr\/#organization\",\"name\":\"Car-O-Liner\",\"url\":\"https:\/\/car-o-liner.com\/fr\/\",\"logo\":{\"@type\":\"ImageObject\",\"inLanguage\":\"fr-FR\",\"@id\":\"https:\/\/car-o-liner.com\/fr\/#\/schema\/logo\/image\/\",\"url\":\"https:\/\/car-o-liner.com\/wp-content\/uploads\/Car-O-Liner-blue-web.svg\",\"contentUrl\":\"https:\/\/car-o-liner.com\/wp-content\/uploads\/Car-O-Liner-blue-web.svg\",\"width\":250,\"height\":50,\"caption\":\"Car-O-Liner\"},\"image\":{\"@id\":\"https:\/\/car-o-liner.com\/fr\/#\/schema\/logo\/image\/\"}}]}<\/script>\n<!-- \/ Yoast SEO plugin. -->","yoast_head_json":{"title":"\u00c9quipement d'ancrage pour r\u00e9paration de collisions | Car-O-Liner FR","description":"R\u00e9alisez des r\u00e9parations s\u00fbres gr\u00e2ce \u00e0 nos outils d'ancrage pr\u00e9cis pour r\u00e9paration de collisions. Faites confiance \u00e0 notre \u00e9quipement pour des performances constantes dans votre atelier de carrosserie automobile.","robots":{"index":"index","follow":"follow","max-snippet":"max-snippet:-1","max-image-preview":"max-image-preview:large","max-video-preview":"max-video-preview:-1"},"canonical":"https:\/\/car-o-liner.com\/fr\/produit\/ancrage\/","og_locale":"fr_FR","og_type":"article","og_title":"\u00c9quipement d'ancrage pour r\u00e9paration de collisions | Car-O-Liner FR","og_description":"R\u00e9alisez des r\u00e9parations s\u00fbres gr\u00e2ce \u00e0 nos outils d'ancrage pr\u00e9cis pour r\u00e9paration de collisions. Faites confiance \u00e0 notre \u00e9quipement pour des performances constantes dans votre atelier de carrosserie automobile.","og_url":"https:\/\/car-o-liner.com\/fr\/produit\/ancrage\/","og_site_name":"Car-O-Liner","article_modified_time":"2024-04-11T11:46:36+00:00","twitter_card":"summary_large_image","schema":{"@context":"https:\/\/schema.org","@graph":[{"@type":"WebPage","@id":"https:\/\/car-o-liner.com\/fr\/produit\/ancrage\/","url":"https:\/\/car-o-liner.com\/fr\/produit\/ancrage\/","name":"\u00c9quipement d'ancrage pour r\u00e9paration de collisions | Car-O-Liner FR","isPartOf":{"@id":"https:\/\/car-o-liner.com\/fr\/#website"},"datePublished":"2024-03-01T17:52:30+00:00","dateModified":"2024-04-11T11:46:36+00:00","description":"R\u00e9alisez des r\u00e9parations s\u00fbres gr\u00e2ce \u00e0 nos outils d'ancrage pr\u00e9cis pour r\u00e9paration de collisions. Faites confiance \u00e0 notre \u00e9quipement pour des performances constantes dans votre atelier de carrosserie automobile.","breadcrumb":{"@id":"https:\/\/car-o-liner.com\/fr\/produit\/ancrage\/#breadcrumb"},"inLanguage":"fr-FR","potentialAction":[{"@type":"ReadAction","target":["https:\/\/car-o-liner.com\/fr\/produit\/ancrage\/"]}]},{"@type":"BreadcrumbList","@id":"https:\/\/car-o-liner.com\/fr\/produit\/ancrage\/#breadcrumb","itemListElement":[{"@type":"ListItem","position":1,"name":"Home","item":"https:\/\/car-o-liner.com\/fr\/"},{"@type":"ListItem","position":2,"name":"Alignement &amp; Redressage","item":"https:\/\/car-o-liner.com\/fr\/produit\/alignement-et-redressement\/"},{"@type":"ListItem","position":3,"name":"Ancrage pour r\u00e9paration de collisions"}]},{"@type":"WebSite","@id":"https:\/\/car-o-liner.com\/fr\/#website","url":"https:\/\/car-o-liner.com\/fr\/","name":"Car-O-Liner","description":"Collision Repair Equipment","publisher":{"@id":"https:\/\/car-o-liner.com\/fr\/#organization"},"potentialAction":[{"@type":"SearchAction","target":{"@type":"EntryPoint","urlTemplate":"https:\/\/car-o-liner.com\/fr\/?s={search_term_string}"},"query-input":{"@type":"PropertyValueSpecification","valueRequired":true,"valueName":"search_term_string"}}],"inLanguage":"fr-FR"},{"@type":"Organization","@id":"https:\/\/car-o-liner.com\/fr\/#organization","name":"Car-O-Liner","url":"https:\/\/car-o-liner.com\/fr\/","logo":{"@type":"ImageObject","inLanguage":"fr-FR","@id":"https:\/\/car-o-liner.com\/fr\/#\/schema\/logo\/image\/","url":"https:\/\/car-o-liner.com\/wp-content\/uploads\/Car-O-Liner-blue-web.svg","contentUrl":"https:\/\/car-o-liner.com\/wp-content\/uploads\/Car-O-Liner-blue-web.svg","width":250,"height":50,"caption":"Car-O-Liner"},"image":{"@id":"https:\/\/car-o-liner.com\/fr\/#\/schema\/logo\/image\/"}}]}},"_links":{"self":[{"href":"https:\/\/car-o-liner.com\/fr\/wp-json\/wp\/v2\/product\/88256","targetHints":{"allow":["GET"]}}],"collection":[{"href":"https:\/\/car-o-liner.com\/fr\/wp-json\/wp\/v2\/product"}],"about":[{"href":"https:\/\/car-o-liner.com\/fr\/wp-json\/wp\/v2\/types\/product"}],"up":[{"embeddable":true,"href":"https:\/\/car-o-liner.com\/fr\/wp-json\/wp\/v2\/product\/81684"}],"wp:attachment":[{"href":"https:\/\/car-o-liner.com\/fr\/wp-json\/wp\/v2\/media?parent=88256"}],"curies":[{"name":"wp","href":"https:\/\/api.w.org\/{rel}","templated":true}]}}