{"id":88292,"date":"2024-02-05T16:20:01","date_gmt":"2024-02-05T15:20:01","guid":{"rendered":"https:\/\/car-o-liner-test.phl.togglebox.site\/product\/workshop-solutions\/collision-repair-solutions\/"},"modified":"2024-04-15T14:27:47","modified_gmt":"2024-04-15T12:27:47","slug":"centres-pour-collisions","status":"publish","type":"product","link":"https:\/\/car-o-liner.com\/fr\/produit\/centres-pour-collisions\/","title":{"rendered":"Centres pour collisions"},"content":{"rendered":"","protected":false},"excerpt":{"rendered":"","protected":false},"featured_media":0,"parent":81788,"menu_order":0,"template":"page-templates\/alignment-straightening.php","format":"standard","meta":[],"class_list":["post-88292","product","type-product","status-publish","format-standard","hentry"],"yoast_head":"<!-- This site is optimized with the Yoast SEO plugin v27.2 - https:\/\/yoast.com\/product\/yoast-seo-wordpress\/ -->\n<title>Centres pour collisions | Car-O-Liner FR<\/title>\n<meta name=\"description\" content=\"Nos centres complets sont enti\u00e8rement \u00e9quip\u00e9s d&#039;outils con\u00e7us pour rationaliser les \u00e9valuations et fournir rapidement des devis pr\u00e9cis.\" \/>\n<meta name=\"robots\" content=\"index, follow, max-snippet:-1, max-image-preview:large, max-video-preview:-1\" \/>\n<link rel=\"canonical\" href=\"https:\/\/car-o-liner.com\/fr\/produit\/centres-pour-collisions\/\" \/>\n<meta property=\"og:locale\" content=\"fr_FR\" \/>\n<meta property=\"og:type\" content=\"article\" \/>\n<meta property=\"og:title\" content=\"Centres pour collisions | Car-O-Liner FR\" \/>\n<meta property=\"og:description\" content=\"Nos centres complets sont enti\u00e8rement \u00e9quip\u00e9s d&#039;outils con\u00e7us pour rationaliser les \u00e9valuations et fournir rapidement des devis pr\u00e9cis.\" \/>\n<meta property=\"og:url\" content=\"https:\/\/car-o-liner.com\/fr\/produit\/centres-pour-collisions\/\" \/>\n<meta property=\"og:site_name\" content=\"Car-O-Liner\" \/>\n<meta property=\"article:modified_time\" content=\"2024-04-15T12:27:47+00:00\" \/>\n<meta name=\"twitter:card\" content=\"summary_large_image\" \/>\n<script type=\"application\/ld+json\" class=\"yoast-schema-graph\">{\"@context\":\"https:\/\/schema.org\",\"@graph\":[{\"@type\":\"WebPage\",\"@id\":\"https:\/\/car-o-liner.com\/fr\/produit\/centres-pour-collisions\/\",\"url\":\"https:\/\/car-o-liner.com\/fr\/produit\/centres-pour-collisions\/\",\"name\":\"Centres pour collisions | Car-O-Liner FR\",\"isPartOf\":{\"@id\":\"https:\/\/car-o-liner.com\/fr\/#website\"},\"datePublished\":\"2024-02-05T15:20:01+00:00\",\"dateModified\":\"2024-04-15T12:27:47+00:00\",\"description\":\"Nos centres complets sont enti\u00e8rement \u00e9quip\u00e9s d'outils con\u00e7us pour rationaliser les \u00e9valuations et fournir rapidement des devis pr\u00e9cis.\",\"breadcrumb\":{\"@id\":\"https:\/\/car-o-liner.com\/fr\/produit\/centres-pour-collisions\/#breadcrumb\"},\"inLanguage\":\"fr-FR\",\"potentialAction\":[{\"@type\":\"ReadAction\",\"target\":[\"https:\/\/car-o-liner.com\/fr\/produit\/centres-pour-collisions\/\"]}]},{\"@type\":\"BreadcrumbList\",\"@id\":\"https:\/\/car-o-liner.com\/fr\/produit\/centres-pour-collisions\/#breadcrumb\",\"itemListElement\":[{\"@type\":\"ListItem\",\"position\":1,\"name\":\"Home\",\"item\":\"https:\/\/car-o-liner.com\/fr\/\"},{\"@type\":\"ListItem\",\"position\":2,\"name\":\"Solutions pour ateliers\",\"item\":\"https:\/\/car-o-liner.com\/fr\/produit\/solutions-datelier\/\"},{\"@type\":\"ListItem\",\"position\":3,\"name\":\"Centres pour collisions\"}]},{\"@type\":\"WebSite\",\"@id\":\"https:\/\/car-o-liner.com\/fr\/#website\",\"url\":\"https:\/\/car-o-liner.com\/fr\/\",\"name\":\"Car-O-Liner\",\"description\":\"Collision Repair Equipment\",\"publisher\":{\"@id\":\"https:\/\/car-o-liner.com\/fr\/#organization\"},\"potentialAction\":[{\"@type\":\"SearchAction\",\"target\":{\"@type\":\"EntryPoint\",\"urlTemplate\":\"https:\/\/car-o-liner.com\/fr\/?s={search_term_string}\"},\"query-input\":{\"@type\":\"PropertyValueSpecification\",\"valueRequired\":true,\"valueName\":\"search_term_string\"}}],\"inLanguage\":\"fr-FR\"},{\"@type\":\"Organization\",\"@id\":\"https:\/\/car-o-liner.com\/fr\/#organization\",\"name\":\"Car-O-Liner\",\"url\":\"https:\/\/car-o-liner.com\/fr\/\",\"logo\":{\"@type\":\"ImageObject\",\"inLanguage\":\"fr-FR\",\"@id\":\"https:\/\/car-o-liner.com\/fr\/#\/schema\/logo\/image\/\",\"url\":\"https:\/\/car-o-liner.com\/wp-content\/uploads\/Car-O-Liner-blue-web.svg\",\"contentUrl\":\"https:\/\/car-o-liner.com\/wp-content\/uploads\/Car-O-Liner-blue-web.svg\",\"width\":250,\"height\":50,\"caption\":\"Car-O-Liner\"},\"image\":{\"@id\":\"https:\/\/car-o-liner.com\/fr\/#\/schema\/logo\/image\/\"}}]}<\/script>\n<!-- \/ Yoast SEO plugin. -->","yoast_head_json":{"title":"Centres pour collisions | Car-O-Liner FR","description":"Nos centres complets sont enti\u00e8rement \u00e9quip\u00e9s d'outils con\u00e7us pour rationaliser les \u00e9valuations et fournir rapidement des devis pr\u00e9cis.","robots":{"index":"index","follow":"follow","max-snippet":"max-snippet:-1","max-image-preview":"max-image-preview:large","max-video-preview":"max-video-preview:-1"},"canonical":"https:\/\/car-o-liner.com\/fr\/produit\/centres-pour-collisions\/","og_locale":"fr_FR","og_type":"article","og_title":"Centres pour collisions | Car-O-Liner FR","og_description":"Nos centres complets sont enti\u00e8rement \u00e9quip\u00e9s d'outils con\u00e7us pour rationaliser les \u00e9valuations et fournir rapidement des devis pr\u00e9cis.","og_url":"https:\/\/car-o-liner.com\/fr\/produit\/centres-pour-collisions\/","og_site_name":"Car-O-Liner","article_modified_time":"2024-04-15T12:27:47+00:00","twitter_card":"summary_large_image","schema":{"@context":"https:\/\/schema.org","@graph":[{"@type":"WebPage","@id":"https:\/\/car-o-liner.com\/fr\/produit\/centres-pour-collisions\/","url":"https:\/\/car-o-liner.com\/fr\/produit\/centres-pour-collisions\/","name":"Centres pour collisions | Car-O-Liner FR","isPartOf":{"@id":"https:\/\/car-o-liner.com\/fr\/#website"},"datePublished":"2024-02-05T15:20:01+00:00","dateModified":"2024-04-15T12:27:47+00:00","description":"Nos centres complets sont enti\u00e8rement \u00e9quip\u00e9s d'outils con\u00e7us pour rationaliser les \u00e9valuations et fournir rapidement des devis pr\u00e9cis.","breadcrumb":{"@id":"https:\/\/car-o-liner.com\/fr\/produit\/centres-pour-collisions\/#breadcrumb"},"inLanguage":"fr-FR","potentialAction":[{"@type":"ReadAction","target":["https:\/\/car-o-liner.com\/fr\/produit\/centres-pour-collisions\/"]}]},{"@type":"BreadcrumbList","@id":"https:\/\/car-o-liner.com\/fr\/produit\/centres-pour-collisions\/#breadcrumb","itemListElement":[{"@type":"ListItem","position":1,"name":"Home","item":"https:\/\/car-o-liner.com\/fr\/"},{"@type":"ListItem","position":2,"name":"Solutions pour ateliers","item":"https:\/\/car-o-liner.com\/fr\/produit\/solutions-datelier\/"},{"@type":"ListItem","position":3,"name":"Centres pour collisions"}]},{"@type":"WebSite","@id":"https:\/\/car-o-liner.com\/fr\/#website","url":"https:\/\/car-o-liner.com\/fr\/","name":"Car-O-Liner","description":"Collision Repair Equipment","publisher":{"@id":"https:\/\/car-o-liner.com\/fr\/#organization"},"potentialAction":[{"@type":"SearchAction","target":{"@type":"EntryPoint","urlTemplate":"https:\/\/car-o-liner.com\/fr\/?s={search_term_string}"},"query-input":{"@type":"PropertyValueSpecification","valueRequired":true,"valueName":"search_term_string"}}],"inLanguage":"fr-FR"},{"@type":"Organization","@id":"https:\/\/car-o-liner.com\/fr\/#organization","name":"Car-O-Liner","url":"https:\/\/car-o-liner.com\/fr\/","logo":{"@type":"ImageObject","inLanguage":"fr-FR","@id":"https:\/\/car-o-liner.com\/fr\/#\/schema\/logo\/image\/","url":"https:\/\/car-o-liner.com\/wp-content\/uploads\/Car-O-Liner-blue-web.svg","contentUrl":"https:\/\/car-o-liner.com\/wp-content\/uploads\/Car-O-Liner-blue-web.svg","width":250,"height":50,"caption":"Car-O-Liner"},"image":{"@id":"https:\/\/car-o-liner.com\/fr\/#\/schema\/logo\/image\/"}}]}},"_links":{"self":[{"href":"https:\/\/car-o-liner.com\/fr\/wp-json\/wp\/v2\/product\/88292","targetHints":{"allow":["GET"]}}],"collection":[{"href":"https:\/\/car-o-liner.com\/fr\/wp-json\/wp\/v2\/product"}],"about":[{"href":"https:\/\/car-o-liner.com\/fr\/wp-json\/wp\/v2\/types\/product"}],"up":[{"embeddable":true,"href":"https:\/\/car-o-liner.com\/fr\/wp-json\/wp\/v2\/product\/81788"}],"wp:attachment":[{"href":"https:\/\/car-o-liner.com\/fr\/wp-json\/wp\/v2\/media?parent=88292"}],"curies":[{"name":"wp","href":"https:\/\/api.w.org\/{rel}","templated":true}]}}