{"id":88666,"date":"2024-03-07T19:02:43","date_gmt":"2024-03-07T18:02:43","guid":{"rendered":"https:\/\/car-o-liner-test.phl.togglebox.site\/product\/workshop-solutions\/dent-repair-equipment\/workstation-cr200\/"},"modified":"2024-05-01T15:42:02","modified_gmt":"2024-05-01T13:42:02","slug":"station-de-travail-cr-200","status":"publish","type":"product","link":"https:\/\/car-o-liner.com\/fr\/produit\/station-de-travail-cr-200\/","title":{"rendered":"Poste de Travail CR\u2122200"},"content":{"rendered":"\n<p>R\u00c9PARATION DE L&rsquo;ALUMINIUM<\/p>\n","protected":false},"excerpt":{"rendered":"<p>R\u00c9PARATION DE L&rsquo;ALUMINIUM<\/p>\n","protected":false},"featured_media":85572,"parent":88419,"menu_order":0,"template":"page-templates\/col-single-product-cr200-workstation.php","format":"standard","meta":[],"class_list":["post-88666","product","type-product","status-publish","format-standard","has-post-thumbnail","hentry"],"yoast_head":"<!-- This site is optimized with the Yoast SEO plugin v27.2 - https:\/\/yoast.com\/product\/yoast-seo-wordpress\/ -->\n<title>Station de travail CR\u2122200 | Car-O-Liner FR<\/title>\n<meta name=\"description\" content=\"La station de travail en aluminium CR\u2122200 offre tous les outils n\u00e9cessaires commod\u00e9ment dispos\u00e9s sur un chariot portable et les espace afin d\u2019\u00e9viter la corrosion galvanique.\" \/>\n<meta name=\"robots\" content=\"index, follow, max-snippet:-1, max-image-preview:large, max-video-preview:-1\" \/>\n<link rel=\"canonical\" href=\"https:\/\/car-o-liner.com\/fr\/produit\/station-de-travail-cr-200\/\" \/>\n<meta property=\"og:locale\" content=\"fr_FR\" \/>\n<meta property=\"og:type\" content=\"article\" \/>\n<meta property=\"og:title\" content=\"Station de travail CR\u2122200 | Car-O-Liner FR\" \/>\n<meta property=\"og:description\" content=\"La station de travail en aluminium CR\u2122200 offre tous les outils n\u00e9cessaires commod\u00e9ment dispos\u00e9s sur un chariot portable et les espace afin d\u2019\u00e9viter la corrosion galvanique.\" \/>\n<meta property=\"og:url\" content=\"https:\/\/car-o-liner.com\/fr\/produit\/station-de-travail-cr-200\/\" \/>\n<meta property=\"og:site_name\" content=\"Car-O-Liner\" \/>\n<meta property=\"article:modified_time\" content=\"2024-05-01T13:42:02+00:00\" \/>\n<meta property=\"og:image\" content=\"https:\/\/car-o-liner.com\/wp-content\/uploads\/cr200-hotspot.png\" \/>\n\t<meta property=\"og:image:width\" content=\"1300\" \/>\n\t<meta property=\"og:image:height\" content=\"1000\" \/>\n\t<meta property=\"og:image:type\" content=\"image\/png\" \/>\n<meta name=\"twitter:card\" content=\"summary_large_image\" \/>\n<script type=\"application\/ld+json\" class=\"yoast-schema-graph\">{\"@context\":\"https:\/\/schema.org\",\"@graph\":[{\"@type\":\"WebPage\",\"@id\":\"https:\/\/car-o-liner.com\/fr\/produit\/station-de-travail-cr-200\/\",\"url\":\"https:\/\/car-o-liner.com\/fr\/produit\/station-de-travail-cr-200\/\",\"name\":\"Station de travail CR\u2122200 | Car-O-Liner FR\",\"isPartOf\":{\"@id\":\"https:\/\/car-o-liner.com\/fr\/#website\"},\"primaryImageOfPage\":{\"@id\":\"https:\/\/car-o-liner.com\/fr\/produit\/station-de-travail-cr-200\/#primaryimage\"},\"image\":{\"@id\":\"https:\/\/car-o-liner.com\/fr\/produit\/station-de-travail-cr-200\/#primaryimage\"},\"thumbnailUrl\":\"https:\/\/car-o-liner.com\/wp-content\/uploads\/cr200-hotspot.png\",\"datePublished\":\"2024-03-07T18:02:43+00:00\",\"dateModified\":\"2024-05-01T13:42:02+00:00\",\"description\":\"La station de travail en aluminium CR\u2122200 offre tous les outils n\u00e9cessaires commod\u00e9ment dispos\u00e9s sur un chariot portable et les espace afin d\u2019\u00e9viter la corrosion galvanique.\",\"breadcrumb\":{\"@id\":\"https:\/\/car-o-liner.com\/fr\/produit\/station-de-travail-cr-200\/#breadcrumb\"},\"inLanguage\":\"fr-FR\",\"potentialAction\":[{\"@type\":\"ReadAction\",\"target\":[\"https:\/\/car-o-liner.com\/fr\/produit\/station-de-travail-cr-200\/\"]}]},{\"@type\":\"ImageObject\",\"inLanguage\":\"fr-FR\",\"@id\":\"https:\/\/car-o-liner.com\/fr\/produit\/station-de-travail-cr-200\/#primaryimage\",\"url\":\"https:\/\/car-o-liner.com\/wp-content\/uploads\/cr200-hotspot.png\",\"contentUrl\":\"https:\/\/car-o-liner.com\/wp-content\/uploads\/cr200-hotspot.png\",\"width\":1300,\"height\":1000},{\"@type\":\"BreadcrumbList\",\"@id\":\"https:\/\/car-o-liner.com\/fr\/produit\/station-de-travail-cr-200\/#breadcrumb\",\"itemListElement\":[{\"@type\":\"ListItem\",\"position\":1,\"name\":\"Home\",\"item\":\"https:\/\/car-o-liner.com\/fr\/\"},{\"@type\":\"ListItem\",\"position\":2,\"name\":\"Solutions pour ateliers\",\"item\":\"https:\/\/car-o-liner.com\/fr\/produit\/solutions-datelier\/\"},{\"@type\":\"ListItem\",\"position\":3,\"name\":\"Outils de d\u00e9bosselage de carrosserie automobile\",\"item\":\"https:\/\/car-o-liner.com\/fr\/produit\/debosseleurs-pour-carrosserie-automobile\/\"},{\"@type\":\"ListItem\",\"position\":4,\"name\":\"Poste de Travail CR\u2122200\"}]},{\"@type\":\"WebSite\",\"@id\":\"https:\/\/car-o-liner.com\/fr\/#website\",\"url\":\"https:\/\/car-o-liner.com\/fr\/\",\"name\":\"Car-O-Liner\",\"description\":\"Collision Repair Equipment\",\"publisher\":{\"@id\":\"https:\/\/car-o-liner.com\/fr\/#organization\"},\"potentialAction\":[{\"@type\":\"SearchAction\",\"target\":{\"@type\":\"EntryPoint\",\"urlTemplate\":\"https:\/\/car-o-liner.com\/fr\/?s={search_term_string}\"},\"query-input\":{\"@type\":\"PropertyValueSpecification\",\"valueRequired\":true,\"valueName\":\"search_term_string\"}}],\"inLanguage\":\"fr-FR\"},{\"@type\":\"Organization\",\"@id\":\"https:\/\/car-o-liner.com\/fr\/#organization\",\"name\":\"Car-O-Liner\",\"url\":\"https:\/\/car-o-liner.com\/fr\/\",\"logo\":{\"@type\":\"ImageObject\",\"inLanguage\":\"fr-FR\",\"@id\":\"https:\/\/car-o-liner.com\/fr\/#\/schema\/logo\/image\/\",\"url\":\"https:\/\/car-o-liner.com\/wp-content\/uploads\/Car-O-Liner-blue-web.svg\",\"contentUrl\":\"https:\/\/car-o-liner.com\/wp-content\/uploads\/Car-O-Liner-blue-web.svg\",\"width\":250,\"height\":50,\"caption\":\"Car-O-Liner\"},\"image\":{\"@id\":\"https:\/\/car-o-liner.com\/fr\/#\/schema\/logo\/image\/\"}}]}<\/script>\n<!-- \/ Yoast SEO plugin. -->","yoast_head_json":{"title":"Station de travail CR\u2122200 | Car-O-Liner FR","description":"La station de travail en aluminium CR\u2122200 offre tous les outils n\u00e9cessaires commod\u00e9ment dispos\u00e9s sur un chariot portable et les espace afin d\u2019\u00e9viter la corrosion galvanique.","robots":{"index":"index","follow":"follow","max-snippet":"max-snippet:-1","max-image-preview":"max-image-preview:large","max-video-preview":"max-video-preview:-1"},"canonical":"https:\/\/car-o-liner.com\/fr\/produit\/station-de-travail-cr-200\/","og_locale":"fr_FR","og_type":"article","og_title":"Station de travail CR\u2122200 | Car-O-Liner FR","og_description":"La station de travail en aluminium CR\u2122200 offre tous les outils n\u00e9cessaires commod\u00e9ment dispos\u00e9s sur un chariot portable et les espace afin d\u2019\u00e9viter la corrosion galvanique.","og_url":"https:\/\/car-o-liner.com\/fr\/produit\/station-de-travail-cr-200\/","og_site_name":"Car-O-Liner","article_modified_time":"2024-05-01T13:42:02+00:00","og_image":[{"width":1300,"height":1000,"url":"https:\/\/car-o-liner.com\/wp-content\/uploads\/cr200-hotspot.png","type":"image\/png"}],"twitter_card":"summary_large_image","schema":{"@context":"https:\/\/schema.org","@graph":[{"@type":"WebPage","@id":"https:\/\/car-o-liner.com\/fr\/produit\/station-de-travail-cr-200\/","url":"https:\/\/car-o-liner.com\/fr\/produit\/station-de-travail-cr-200\/","name":"Station de travail CR\u2122200 | Car-O-Liner FR","isPartOf":{"@id":"https:\/\/car-o-liner.com\/fr\/#website"},"primaryImageOfPage":{"@id":"https:\/\/car-o-liner.com\/fr\/produit\/station-de-travail-cr-200\/#primaryimage"},"image":{"@id":"https:\/\/car-o-liner.com\/fr\/produit\/station-de-travail-cr-200\/#primaryimage"},"thumbnailUrl":"https:\/\/car-o-liner.com\/wp-content\/uploads\/cr200-hotspot.png","datePublished":"2024-03-07T18:02:43+00:00","dateModified":"2024-05-01T13:42:02+00:00","description":"La station de travail en aluminium CR\u2122200 offre tous les outils n\u00e9cessaires commod\u00e9ment dispos\u00e9s sur un chariot portable et les espace afin d\u2019\u00e9viter la corrosion galvanique.","breadcrumb":{"@id":"https:\/\/car-o-liner.com\/fr\/produit\/station-de-travail-cr-200\/#breadcrumb"},"inLanguage":"fr-FR","potentialAction":[{"@type":"ReadAction","target":["https:\/\/car-o-liner.com\/fr\/produit\/station-de-travail-cr-200\/"]}]},{"@type":"ImageObject","inLanguage":"fr-FR","@id":"https:\/\/car-o-liner.com\/fr\/produit\/station-de-travail-cr-200\/#primaryimage","url":"https:\/\/car-o-liner.com\/wp-content\/uploads\/cr200-hotspot.png","contentUrl":"https:\/\/car-o-liner.com\/wp-content\/uploads\/cr200-hotspot.png","width":1300,"height":1000},{"@type":"BreadcrumbList","@id":"https:\/\/car-o-liner.com\/fr\/produit\/station-de-travail-cr-200\/#breadcrumb","itemListElement":[{"@type":"ListItem","position":1,"name":"Home","item":"https:\/\/car-o-liner.com\/fr\/"},{"@type":"ListItem","position":2,"name":"Solutions pour ateliers","item":"https:\/\/car-o-liner.com\/fr\/produit\/solutions-datelier\/"},{"@type":"ListItem","position":3,"name":"Outils de d\u00e9bosselage de carrosserie automobile","item":"https:\/\/car-o-liner.com\/fr\/produit\/debosseleurs-pour-carrosserie-automobile\/"},{"@type":"ListItem","position":4,"name":"Poste de Travail CR\u2122200"}]},{"@type":"WebSite","@id":"https:\/\/car-o-liner.com\/fr\/#website","url":"https:\/\/car-o-liner.com\/fr\/","name":"Car-O-Liner","description":"Collision Repair Equipment","publisher":{"@id":"https:\/\/car-o-liner.com\/fr\/#organization"},"potentialAction":[{"@type":"SearchAction","target":{"@type":"EntryPoint","urlTemplate":"https:\/\/car-o-liner.com\/fr\/?s={search_term_string}"},"query-input":{"@type":"PropertyValueSpecification","valueRequired":true,"valueName":"search_term_string"}}],"inLanguage":"fr-FR"},{"@type":"Organization","@id":"https:\/\/car-o-liner.com\/fr\/#organization","name":"Car-O-Liner","url":"https:\/\/car-o-liner.com\/fr\/","logo":{"@type":"ImageObject","inLanguage":"fr-FR","@id":"https:\/\/car-o-liner.com\/fr\/#\/schema\/logo\/image\/","url":"https:\/\/car-o-liner.com\/wp-content\/uploads\/Car-O-Liner-blue-web.svg","contentUrl":"https:\/\/car-o-liner.com\/wp-content\/uploads\/Car-O-Liner-blue-web.svg","width":250,"height":50,"caption":"Car-O-Liner"},"image":{"@id":"https:\/\/car-o-liner.com\/fr\/#\/schema\/logo\/image\/"}}]}},"_links":{"self":[{"href":"https:\/\/car-o-liner.com\/fr\/wp-json\/wp\/v2\/product\/88666","targetHints":{"allow":["GET"]}}],"collection":[{"href":"https:\/\/car-o-liner.com\/fr\/wp-json\/wp\/v2\/product"}],"about":[{"href":"https:\/\/car-o-liner.com\/fr\/wp-json\/wp\/v2\/types\/product"}],"up":[{"embeddable":true,"href":"https:\/\/car-o-liner.com\/fr\/wp-json\/wp\/v2\/product\/88419"}],"wp:featuredmedia":[{"embeddable":true,"href":"https:\/\/car-o-liner.com\/fr\/wp-json\/wp\/v2\/media\/85572"}],"wp:attachment":[{"href":"https:\/\/car-o-liner.com\/fr\/wp-json\/wp\/v2\/media?parent=88666"}],"curies":[{"name":"wp","href":"https:\/\/api.w.org\/{rel}","templated":true}]}}