{"id":88974,"date":"2024-03-08T11:48:32","date_gmt":"2024-03-08T10:48:32","guid":{"rendered":"https:\/\/car-o-liner-test.phl.togglebox.site\/product\/joining-heating\/spot-welding\/cr235\/"},"modified":"2024-04-30T18:38:19","modified_gmt":"2024-04-30T16:38:19","slug":"cr235","status":"publish","type":"product","link":"https:\/\/car-o-liner.com\/fr\/produit\/cr235\/","title":{"rendered":"CR\u2122235"},"content":{"rendered":"\n<p>Combi Spotter<\/p>\n","protected":false},"excerpt":{"rendered":"<p>Combi Spotter<\/p>\n","protected":false},"featured_media":89507,"parent":86577,"menu_order":0,"template":"page-templates\/col-single-product-cr235.php","format":"standard","meta":[],"class_list":["post-88974","product","type-product","status-publish","format-standard","has-post-thumbnail","hentry"],"yoast_head":"<!-- This site is optimized with the Yoast SEO plugin v27.2 - https:\/\/yoast.com\/product\/yoast-seo-wordpress\/ -->\n<title>Soudeuse par points combin\u00e9e CR\u2122235 | Car-O-Liner FR<\/title>\n<meta name=\"description\" content=\"La CR\u2122235 fixe rapidement les goujons pour le d\u00e9bosselage ou la mise \u00e0 la terre, en utilisant un processus de d\u00e9charge de haute technologie pour souder sans endommager les pi\u00e8ces en aluminium.\" \/>\n<meta name=\"robots\" content=\"index, follow, max-snippet:-1, max-image-preview:large, max-video-preview:-1\" \/>\n<link rel=\"canonical\" href=\"https:\/\/car-o-liner.com\/fr\/produit\/cr235\/\" \/>\n<meta property=\"og:locale\" content=\"fr_FR\" \/>\n<meta property=\"og:type\" content=\"article\" \/>\n<meta property=\"og:title\" content=\"Soudeuse par points combin\u00e9e CR\u2122235 | Car-O-Liner FR\" \/>\n<meta property=\"og:description\" content=\"La CR\u2122235 fixe rapidement les goujons pour le d\u00e9bosselage ou la mise \u00e0 la terre, en utilisant un processus de d\u00e9charge de haute technologie pour souder sans endommager les pi\u00e8ces en aluminium.\" \/>\n<meta property=\"og:url\" content=\"https:\/\/car-o-liner.com\/fr\/produit\/cr235\/\" \/>\n<meta property=\"og:site_name\" content=\"Car-O-Liner\" \/>\n<meta property=\"article:modified_time\" content=\"2024-04-30T16:38:19+00:00\" \/>\n<meta property=\"og:image\" content=\"https:\/\/car-o-liner.com\/wp-content\/uploads\/cr235-twin-hero-1-1024x853.png\" \/>\n\t<meta property=\"og:image:width\" content=\"1024\" \/>\n\t<meta property=\"og:image:height\" content=\"853\" \/>\n\t<meta property=\"og:image:type\" content=\"image\/png\" \/>\n<meta name=\"twitter:card\" content=\"summary_large_image\" \/>\n<script type=\"application\/ld+json\" class=\"yoast-schema-graph\">{\"@context\":\"https:\/\/schema.org\",\"@graph\":[{\"@type\":\"WebPage\",\"@id\":\"https:\/\/car-o-liner.com\/fr\/produit\/cr235\/\",\"url\":\"https:\/\/car-o-liner.com\/fr\/produit\/cr235\/\",\"name\":\"Soudeuse par points combin\u00e9e CR\u2122235 | Car-O-Liner FR\",\"isPartOf\":{\"@id\":\"https:\/\/car-o-liner.com\/fr\/#website\"},\"primaryImageOfPage\":{\"@id\":\"https:\/\/car-o-liner.com\/fr\/produit\/cr235\/#primaryimage\"},\"image\":{\"@id\":\"https:\/\/car-o-liner.com\/fr\/produit\/cr235\/#primaryimage\"},\"thumbnailUrl\":\"https:\/\/car-o-liner.com\/wp-content\/uploads\/cr235-twin-hero-1.png\",\"datePublished\":\"2024-03-08T10:48:32+00:00\",\"dateModified\":\"2024-04-30T16:38:19+00:00\",\"description\":\"La CR\u2122235 fixe rapidement les goujons pour le d\u00e9bosselage ou la mise \u00e0 la terre, en utilisant un processus de d\u00e9charge de haute technologie pour souder sans endommager les pi\u00e8ces en aluminium.\",\"breadcrumb\":{\"@id\":\"https:\/\/car-o-liner.com\/fr\/produit\/cr235\/#breadcrumb\"},\"inLanguage\":\"fr-FR\",\"potentialAction\":[{\"@type\":\"ReadAction\",\"target\":[\"https:\/\/car-o-liner.com\/fr\/produit\/cr235\/\"]}]},{\"@type\":\"ImageObject\",\"inLanguage\":\"fr-FR\",\"@id\":\"https:\/\/car-o-liner.com\/fr\/produit\/cr235\/#primaryimage\",\"url\":\"https:\/\/car-o-liner.com\/wp-content\/uploads\/cr235-twin-hero-1.png\",\"contentUrl\":\"https:\/\/car-o-liner.com\/wp-content\/uploads\/cr235-twin-hero-1.png\",\"width\":1500,\"height\":1250,\"caption\":\"CR235 Spot Welder\"},{\"@type\":\"BreadcrumbList\",\"@id\":\"https:\/\/car-o-liner.com\/fr\/produit\/cr235\/#breadcrumb\",\"itemListElement\":[{\"@type\":\"ListItem\",\"position\":1,\"name\":\"Home\",\"item\":\"https:\/\/car-o-liner.com\/fr\/\"},{\"@type\":\"ListItem\",\"position\":2,\"name\":\"Joindre &amp; Chauffage\",\"item\":\"https:\/\/car-o-liner.com\/fr\/produit\/joindre-et-chauffer\/\"},{\"@type\":\"ListItem\",\"position\":3,\"name\":\"Soudeuses par points automobiles\",\"item\":\"https:\/\/car-o-liner.com\/fr\/produit\/soudeuse-par-point\/\"},{\"@type\":\"ListItem\",\"position\":4,\"name\":\"CR\u2122235\"}]},{\"@type\":\"WebSite\",\"@id\":\"https:\/\/car-o-liner.com\/fr\/#website\",\"url\":\"https:\/\/car-o-liner.com\/fr\/\",\"name\":\"Car-O-Liner\",\"description\":\"Collision Repair Equipment\",\"publisher\":{\"@id\":\"https:\/\/car-o-liner.com\/fr\/#organization\"},\"potentialAction\":[{\"@type\":\"SearchAction\",\"target\":{\"@type\":\"EntryPoint\",\"urlTemplate\":\"https:\/\/car-o-liner.com\/fr\/?s={search_term_string}\"},\"query-input\":{\"@type\":\"PropertyValueSpecification\",\"valueRequired\":true,\"valueName\":\"search_term_string\"}}],\"inLanguage\":\"fr-FR\"},{\"@type\":\"Organization\",\"@id\":\"https:\/\/car-o-liner.com\/fr\/#organization\",\"name\":\"Car-O-Liner\",\"url\":\"https:\/\/car-o-liner.com\/fr\/\",\"logo\":{\"@type\":\"ImageObject\",\"inLanguage\":\"fr-FR\",\"@id\":\"https:\/\/car-o-liner.com\/fr\/#\/schema\/logo\/image\/\",\"url\":\"https:\/\/car-o-liner.com\/wp-content\/uploads\/Car-O-Liner-blue-web.svg\",\"contentUrl\":\"https:\/\/car-o-liner.com\/wp-content\/uploads\/Car-O-Liner-blue-web.svg\",\"width\":250,\"height\":50,\"caption\":\"Car-O-Liner\"},\"image\":{\"@id\":\"https:\/\/car-o-liner.com\/fr\/#\/schema\/logo\/image\/\"}}]}<\/script>\n<!-- \/ Yoast SEO plugin. -->","yoast_head_json":{"title":"Soudeuse par points combin\u00e9e CR\u2122235 | Car-O-Liner FR","description":"La CR\u2122235 fixe rapidement les goujons pour le d\u00e9bosselage ou la mise \u00e0 la terre, en utilisant un processus de d\u00e9charge de haute technologie pour souder sans endommager les pi\u00e8ces en aluminium.","robots":{"index":"index","follow":"follow","max-snippet":"max-snippet:-1","max-image-preview":"max-image-preview:large","max-video-preview":"max-video-preview:-1"},"canonical":"https:\/\/car-o-liner.com\/fr\/produit\/cr235\/","og_locale":"fr_FR","og_type":"article","og_title":"Soudeuse par points combin\u00e9e CR\u2122235 | Car-O-Liner FR","og_description":"La CR\u2122235 fixe rapidement les goujons pour le d\u00e9bosselage ou la mise \u00e0 la terre, en utilisant un processus de d\u00e9charge de haute technologie pour souder sans endommager les pi\u00e8ces en aluminium.","og_url":"https:\/\/car-o-liner.com\/fr\/produit\/cr235\/","og_site_name":"Car-O-Liner","article_modified_time":"2024-04-30T16:38:19+00:00","og_image":[{"width":1024,"height":853,"url":"https:\/\/car-o-liner.com\/wp-content\/uploads\/cr235-twin-hero-1-1024x853.png","type":"image\/png"}],"twitter_card":"summary_large_image","schema":{"@context":"https:\/\/schema.org","@graph":[{"@type":"WebPage","@id":"https:\/\/car-o-liner.com\/fr\/produit\/cr235\/","url":"https:\/\/car-o-liner.com\/fr\/produit\/cr235\/","name":"Soudeuse par points combin\u00e9e CR\u2122235 | Car-O-Liner FR","isPartOf":{"@id":"https:\/\/car-o-liner.com\/fr\/#website"},"primaryImageOfPage":{"@id":"https:\/\/car-o-liner.com\/fr\/produit\/cr235\/#primaryimage"},"image":{"@id":"https:\/\/car-o-liner.com\/fr\/produit\/cr235\/#primaryimage"},"thumbnailUrl":"https:\/\/car-o-liner.com\/wp-content\/uploads\/cr235-twin-hero-1.png","datePublished":"2024-03-08T10:48:32+00:00","dateModified":"2024-04-30T16:38:19+00:00","description":"La CR\u2122235 fixe rapidement les goujons pour le d\u00e9bosselage ou la mise \u00e0 la terre, en utilisant un processus de d\u00e9charge de haute technologie pour souder sans endommager les pi\u00e8ces en aluminium.","breadcrumb":{"@id":"https:\/\/car-o-liner.com\/fr\/produit\/cr235\/#breadcrumb"},"inLanguage":"fr-FR","potentialAction":[{"@type":"ReadAction","target":["https:\/\/car-o-liner.com\/fr\/produit\/cr235\/"]}]},{"@type":"ImageObject","inLanguage":"fr-FR","@id":"https:\/\/car-o-liner.com\/fr\/produit\/cr235\/#primaryimage","url":"https:\/\/car-o-liner.com\/wp-content\/uploads\/cr235-twin-hero-1.png","contentUrl":"https:\/\/car-o-liner.com\/wp-content\/uploads\/cr235-twin-hero-1.png","width":1500,"height":1250,"caption":"CR235 Spot Welder"},{"@type":"BreadcrumbList","@id":"https:\/\/car-o-liner.com\/fr\/produit\/cr235\/#breadcrumb","itemListElement":[{"@type":"ListItem","position":1,"name":"Home","item":"https:\/\/car-o-liner.com\/fr\/"},{"@type":"ListItem","position":2,"name":"Joindre &amp; Chauffage","item":"https:\/\/car-o-liner.com\/fr\/produit\/joindre-et-chauffer\/"},{"@type":"ListItem","position":3,"name":"Soudeuses par points automobiles","item":"https:\/\/car-o-liner.com\/fr\/produit\/soudeuse-par-point\/"},{"@type":"ListItem","position":4,"name":"CR\u2122235"}]},{"@type":"WebSite","@id":"https:\/\/car-o-liner.com\/fr\/#website","url":"https:\/\/car-o-liner.com\/fr\/","name":"Car-O-Liner","description":"Collision Repair Equipment","publisher":{"@id":"https:\/\/car-o-liner.com\/fr\/#organization"},"potentialAction":[{"@type":"SearchAction","target":{"@type":"EntryPoint","urlTemplate":"https:\/\/car-o-liner.com\/fr\/?s={search_term_string}"},"query-input":{"@type":"PropertyValueSpecification","valueRequired":true,"valueName":"search_term_string"}}],"inLanguage":"fr-FR"},{"@type":"Organization","@id":"https:\/\/car-o-liner.com\/fr\/#organization","name":"Car-O-Liner","url":"https:\/\/car-o-liner.com\/fr\/","logo":{"@type":"ImageObject","inLanguage":"fr-FR","@id":"https:\/\/car-o-liner.com\/fr\/#\/schema\/logo\/image\/","url":"https:\/\/car-o-liner.com\/wp-content\/uploads\/Car-O-Liner-blue-web.svg","contentUrl":"https:\/\/car-o-liner.com\/wp-content\/uploads\/Car-O-Liner-blue-web.svg","width":250,"height":50,"caption":"Car-O-Liner"},"image":{"@id":"https:\/\/car-o-liner.com\/fr\/#\/schema\/logo\/image\/"}}]}},"_links":{"self":[{"href":"https:\/\/car-o-liner.com\/fr\/wp-json\/wp\/v2\/product\/88974","targetHints":{"allow":["GET"]}}],"collection":[{"href":"https:\/\/car-o-liner.com\/fr\/wp-json\/wp\/v2\/product"}],"about":[{"href":"https:\/\/car-o-liner.com\/fr\/wp-json\/wp\/v2\/types\/product"}],"up":[{"embeddable":true,"href":"https:\/\/car-o-liner.com\/fr\/wp-json\/wp\/v2\/product\/86577"}],"wp:featuredmedia":[{"embeddable":true,"href":"https:\/\/car-o-liner.com\/fr\/wp-json\/wp\/v2\/media\/89507"}],"wp:attachment":[{"href":"https:\/\/car-o-liner.com\/fr\/wp-json\/wp\/v2\/media?parent=88974"}],"curies":[{"name":"wp","href":"https:\/\/api.w.org\/{rel}","templated":true}]}}