{"id":88992,"date":"2024-03-15T10:00:15","date_gmt":"2024-03-15T09:00:15","guid":{"rendered":"https:\/\/car-o-liner-test.phl.togglebox.site\/product\/joining-heating\/spot-welding\/aluminum-spotter\/"},"modified":"2024-04-30T22:23:01","modified_gmt":"2024-04-30T20:23:01","slug":"aluspotter","status":"publish","type":"product","link":"https:\/\/car-o-liner.com\/fr\/produit\/aluspotter\/","title":{"rendered":"Aluminium Spotter"},"content":{"rendered":"\n<p>Outil de D\u00e9bosselage<\/p>\n","protected":false},"excerpt":{"rendered":"<p>Outil de D\u00e9bosselage<\/p>\n","protected":false},"featured_media":89609,"parent":86577,"menu_order":0,"template":"page-templates\/col-single-product-cmitwin.php","format":"standard","meta":[],"class_list":["post-88992","product","type-product","status-publish","format-standard","has-post-thumbnail","hentry"],"yoast_head":"<!-- This site is optimized with the Yoast SEO plugin v27.2 - https:\/\/yoast.com\/product\/yoast-seo-wordpress\/ -->\n<title>Outil de d\u00e9bosselage AluSpotter | Car-O-Liner FR<\/title>\n<meta name=\"description\" content=\"L&#039;AluSpotter portable am\u00e9liore l&#039;efficacit\u00e9 des r\u00e9parations de bosses, permettant aux v\u00e9hicules d&#039;avancer rapidement dans le processus de r\u00e9paration et d\u2019augmenter la productivit\u00e9 de l&#039;atelier.\" \/>\n<meta name=\"robots\" content=\"index, follow, max-snippet:-1, max-image-preview:large, max-video-preview:-1\" \/>\n<link rel=\"canonical\" href=\"https:\/\/car-o-liner.com\/fr\/produit\/aluspotter\/\" \/>\n<meta property=\"og:locale\" content=\"fr_FR\" \/>\n<meta property=\"og:type\" content=\"article\" \/>\n<meta property=\"og:title\" content=\"Outil de d\u00e9bosselage AluSpotter | Car-O-Liner FR\" \/>\n<meta property=\"og:description\" content=\"L&#039;AluSpotter portable am\u00e9liore l&#039;efficacit\u00e9 des r\u00e9parations de bosses, permettant aux v\u00e9hicules d&#039;avancer rapidement dans le processus de r\u00e9paration et d\u2019augmenter la productivit\u00e9 de l&#039;atelier.\" \/>\n<meta property=\"og:url\" content=\"https:\/\/car-o-liner.com\/fr\/produit\/aluspotter\/\" \/>\n<meta property=\"og:site_name\" content=\"Car-O-Liner\" \/>\n<meta property=\"article:modified_time\" content=\"2024-04-30T20:23:01+00:00\" \/>\n<meta property=\"og:image\" content=\"https:\/\/car-o-liner.com\/wp-content\/uploads\/alum-spotter-hero-1024x853.png\" \/>\n\t<meta property=\"og:image:width\" content=\"1024\" \/>\n\t<meta property=\"og:image:height\" content=\"853\" \/>\n\t<meta property=\"og:image:type\" content=\"image\/png\" \/>\n<meta name=\"twitter:card\" content=\"summary_large_image\" \/>\n<script type=\"application\/ld+json\" class=\"yoast-schema-graph\">{\"@context\":\"https:\/\/schema.org\",\"@graph\":[{\"@type\":\"WebPage\",\"@id\":\"https:\/\/car-o-liner.com\/fr\/produit\/aluspotter\/\",\"url\":\"https:\/\/car-o-liner.com\/fr\/produit\/aluspotter\/\",\"name\":\"Outil de d\u00e9bosselage AluSpotter | Car-O-Liner FR\",\"isPartOf\":{\"@id\":\"https:\/\/car-o-liner.com\/fr\/#website\"},\"primaryImageOfPage\":{\"@id\":\"https:\/\/car-o-liner.com\/fr\/produit\/aluspotter\/#primaryimage\"},\"image\":{\"@id\":\"https:\/\/car-o-liner.com\/fr\/produit\/aluspotter\/#primaryimage\"},\"thumbnailUrl\":\"https:\/\/car-o-liner.com\/wp-content\/uploads\/alum-spotter-hero.png\",\"datePublished\":\"2024-03-15T09:00:15+00:00\",\"dateModified\":\"2024-04-30T20:23:01+00:00\",\"description\":\"L'AluSpotter portable am\u00e9liore l'efficacit\u00e9 des r\u00e9parations de bosses, permettant aux v\u00e9hicules d'avancer rapidement dans le processus de r\u00e9paration et d\u2019augmenter la productivit\u00e9 de l'atelier.\",\"breadcrumb\":{\"@id\":\"https:\/\/car-o-liner.com\/fr\/produit\/aluspotter\/#breadcrumb\"},\"inLanguage\":\"fr-FR\",\"potentialAction\":[{\"@type\":\"ReadAction\",\"target\":[\"https:\/\/car-o-liner.com\/fr\/produit\/aluspotter\/\"]}]},{\"@type\":\"ImageObject\",\"inLanguage\":\"fr-FR\",\"@id\":\"https:\/\/car-o-liner.com\/fr\/produit\/aluspotter\/#primaryimage\",\"url\":\"https:\/\/car-o-liner.com\/wp-content\/uploads\/alum-spotter-hero.png\",\"contentUrl\":\"https:\/\/car-o-liner.com\/wp-content\/uploads\/alum-spotter-hero.png\",\"width\":1500,\"height\":1250,\"caption\":\"Alu\"},{\"@type\":\"BreadcrumbList\",\"@id\":\"https:\/\/car-o-liner.com\/fr\/produit\/aluspotter\/#breadcrumb\",\"itemListElement\":[{\"@type\":\"ListItem\",\"position\":1,\"name\":\"Home\",\"item\":\"https:\/\/car-o-liner.com\/fr\/\"},{\"@type\":\"ListItem\",\"position\":2,\"name\":\"Joindre &amp; Chauffage\",\"item\":\"https:\/\/car-o-liner.com\/fr\/produit\/joindre-et-chauffer\/\"},{\"@type\":\"ListItem\",\"position\":3,\"name\":\"Soudeuses par points automobiles\",\"item\":\"https:\/\/car-o-liner.com\/fr\/produit\/soudeuse-par-point\/\"},{\"@type\":\"ListItem\",\"position\":4,\"name\":\"Aluminium Spotter\"}]},{\"@type\":\"WebSite\",\"@id\":\"https:\/\/car-o-liner.com\/fr\/#website\",\"url\":\"https:\/\/car-o-liner.com\/fr\/\",\"name\":\"Car-O-Liner\",\"description\":\"Collision Repair Equipment\",\"publisher\":{\"@id\":\"https:\/\/car-o-liner.com\/fr\/#organization\"},\"potentialAction\":[{\"@type\":\"SearchAction\",\"target\":{\"@type\":\"EntryPoint\",\"urlTemplate\":\"https:\/\/car-o-liner.com\/fr\/?s={search_term_string}\"},\"query-input\":{\"@type\":\"PropertyValueSpecification\",\"valueRequired\":true,\"valueName\":\"search_term_string\"}}],\"inLanguage\":\"fr-FR\"},{\"@type\":\"Organization\",\"@id\":\"https:\/\/car-o-liner.com\/fr\/#organization\",\"name\":\"Car-O-Liner\",\"url\":\"https:\/\/car-o-liner.com\/fr\/\",\"logo\":{\"@type\":\"ImageObject\",\"inLanguage\":\"fr-FR\",\"@id\":\"https:\/\/car-o-liner.com\/fr\/#\/schema\/logo\/image\/\",\"url\":\"https:\/\/car-o-liner.com\/wp-content\/uploads\/Car-O-Liner-blue-web.svg\",\"contentUrl\":\"https:\/\/car-o-liner.com\/wp-content\/uploads\/Car-O-Liner-blue-web.svg\",\"width\":250,\"height\":50,\"caption\":\"Car-O-Liner\"},\"image\":{\"@id\":\"https:\/\/car-o-liner.com\/fr\/#\/schema\/logo\/image\/\"}}]}<\/script>\n<!-- \/ Yoast SEO plugin. -->","yoast_head_json":{"title":"Outil de d\u00e9bosselage AluSpotter | Car-O-Liner FR","description":"L'AluSpotter portable am\u00e9liore l'efficacit\u00e9 des r\u00e9parations de bosses, permettant aux v\u00e9hicules d'avancer rapidement dans le processus de r\u00e9paration et d\u2019augmenter la productivit\u00e9 de l'atelier.","robots":{"index":"index","follow":"follow","max-snippet":"max-snippet:-1","max-image-preview":"max-image-preview:large","max-video-preview":"max-video-preview:-1"},"canonical":"https:\/\/car-o-liner.com\/fr\/produit\/aluspotter\/","og_locale":"fr_FR","og_type":"article","og_title":"Outil de d\u00e9bosselage AluSpotter | Car-O-Liner FR","og_description":"L'AluSpotter portable am\u00e9liore l'efficacit\u00e9 des r\u00e9parations de bosses, permettant aux v\u00e9hicules d'avancer rapidement dans le processus de r\u00e9paration et d\u2019augmenter la productivit\u00e9 de l'atelier.","og_url":"https:\/\/car-o-liner.com\/fr\/produit\/aluspotter\/","og_site_name":"Car-O-Liner","article_modified_time":"2024-04-30T20:23:01+00:00","og_image":[{"width":1024,"height":853,"url":"https:\/\/car-o-liner.com\/wp-content\/uploads\/alum-spotter-hero-1024x853.png","type":"image\/png"}],"twitter_card":"summary_large_image","schema":{"@context":"https:\/\/schema.org","@graph":[{"@type":"WebPage","@id":"https:\/\/car-o-liner.com\/fr\/produit\/aluspotter\/","url":"https:\/\/car-o-liner.com\/fr\/produit\/aluspotter\/","name":"Outil de d\u00e9bosselage AluSpotter | Car-O-Liner FR","isPartOf":{"@id":"https:\/\/car-o-liner.com\/fr\/#website"},"primaryImageOfPage":{"@id":"https:\/\/car-o-liner.com\/fr\/produit\/aluspotter\/#primaryimage"},"image":{"@id":"https:\/\/car-o-liner.com\/fr\/produit\/aluspotter\/#primaryimage"},"thumbnailUrl":"https:\/\/car-o-liner.com\/wp-content\/uploads\/alum-spotter-hero.png","datePublished":"2024-03-15T09:00:15+00:00","dateModified":"2024-04-30T20:23:01+00:00","description":"L'AluSpotter portable am\u00e9liore l'efficacit\u00e9 des r\u00e9parations de bosses, permettant aux v\u00e9hicules d'avancer rapidement dans le processus de r\u00e9paration et d\u2019augmenter la productivit\u00e9 de l'atelier.","breadcrumb":{"@id":"https:\/\/car-o-liner.com\/fr\/produit\/aluspotter\/#breadcrumb"},"inLanguage":"fr-FR","potentialAction":[{"@type":"ReadAction","target":["https:\/\/car-o-liner.com\/fr\/produit\/aluspotter\/"]}]},{"@type":"ImageObject","inLanguage":"fr-FR","@id":"https:\/\/car-o-liner.com\/fr\/produit\/aluspotter\/#primaryimage","url":"https:\/\/car-o-liner.com\/wp-content\/uploads\/alum-spotter-hero.png","contentUrl":"https:\/\/car-o-liner.com\/wp-content\/uploads\/alum-spotter-hero.png","width":1500,"height":1250,"caption":"Alu"},{"@type":"BreadcrumbList","@id":"https:\/\/car-o-liner.com\/fr\/produit\/aluspotter\/#breadcrumb","itemListElement":[{"@type":"ListItem","position":1,"name":"Home","item":"https:\/\/car-o-liner.com\/fr\/"},{"@type":"ListItem","position":2,"name":"Joindre &amp; Chauffage","item":"https:\/\/car-o-liner.com\/fr\/produit\/joindre-et-chauffer\/"},{"@type":"ListItem","position":3,"name":"Soudeuses par points automobiles","item":"https:\/\/car-o-liner.com\/fr\/produit\/soudeuse-par-point\/"},{"@type":"ListItem","position":4,"name":"Aluminium Spotter"}]},{"@type":"WebSite","@id":"https:\/\/car-o-liner.com\/fr\/#website","url":"https:\/\/car-o-liner.com\/fr\/","name":"Car-O-Liner","description":"Collision Repair Equipment","publisher":{"@id":"https:\/\/car-o-liner.com\/fr\/#organization"},"potentialAction":[{"@type":"SearchAction","target":{"@type":"EntryPoint","urlTemplate":"https:\/\/car-o-liner.com\/fr\/?s={search_term_string}"},"query-input":{"@type":"PropertyValueSpecification","valueRequired":true,"valueName":"search_term_string"}}],"inLanguage":"fr-FR"},{"@type":"Organization","@id":"https:\/\/car-o-liner.com\/fr\/#organization","name":"Car-O-Liner","url":"https:\/\/car-o-liner.com\/fr\/","logo":{"@type":"ImageObject","inLanguage":"fr-FR","@id":"https:\/\/car-o-liner.com\/fr\/#\/schema\/logo\/image\/","url":"https:\/\/car-o-liner.com\/wp-content\/uploads\/Car-O-Liner-blue-web.svg","contentUrl":"https:\/\/car-o-liner.com\/wp-content\/uploads\/Car-O-Liner-blue-web.svg","width":250,"height":50,"caption":"Car-O-Liner"},"image":{"@id":"https:\/\/car-o-liner.com\/fr\/#\/schema\/logo\/image\/"}}]}},"_links":{"self":[{"href":"https:\/\/car-o-liner.com\/fr\/wp-json\/wp\/v2\/product\/88992","targetHints":{"allow":["GET"]}}],"collection":[{"href":"https:\/\/car-o-liner.com\/fr\/wp-json\/wp\/v2\/product"}],"about":[{"href":"https:\/\/car-o-liner.com\/fr\/wp-json\/wp\/v2\/types\/product"}],"up":[{"embeddable":true,"href":"https:\/\/car-o-liner.com\/fr\/wp-json\/wp\/v2\/product\/86577"}],"wp:featuredmedia":[{"embeddable":true,"href":"https:\/\/car-o-liner.com\/fr\/wp-json\/wp\/v2\/media\/89609"}],"wp:attachment":[{"href":"https:\/\/car-o-liner.com\/fr\/wp-json\/wp\/v2\/media?parent=88992"}],"curies":[{"name":"wp","href":"https:\/\/api.w.org\/{rel}","templated":true}]}}