{"id":95958,"date":"2026-02-23T21:13:26","date_gmt":"2026-02-23T20:13:26","guid":{"rendered":"https:\/\/car-o-liner.com\/product\/mtf-4000c\/"},"modified":"2026-02-24T17:32:36","modified_gmt":"2026-02-24T16:32:36","slug":"mtf-4000c","status":"publish","type":"product","link":"https:\/\/car-o-liner.com\/fr\/produit\/mtf-4000c\/","title":{"rendered":"MTF 4000C"},"content":{"rendered":"\n<p>Nouvelle g\u00e9n\u00e9ration de ponts \u00e9l\u00e9vateurs \u00e9lectrom\u00e9caniques<\/p>\n","protected":false},"excerpt":{"rendered":"<p>Nouvelle g\u00e9n\u00e9ration de ponts \u00e9l\u00e9vateurs \u00e9lectrom\u00e9caniques<\/p>\n","protected":false},"featured_media":95772,"parent":88246,"menu_order":2,"template":"page-templates\/col-single-product-mtfc.php","format":"standard","meta":[],"class_list":["post-95958","product","type-product","status-publish","format-standard","has-post-thumbnail","hentry"],"yoast_head":"<!-- This site is optimized with the Yoast SEO plugin v27.2 - https:\/\/yoast.com\/product\/yoast-seo-wordpress\/ -->\n<title>MTF 4000C - Car-O-Liner<\/title>\n<meta name=\"robots\" content=\"index, follow, max-snippet:-1, max-image-preview:large, max-video-preview:-1\" \/>\n<link rel=\"canonical\" href=\"https:\/\/car-o-liner.com\/fr\/produit\/mtf-4000c\/\" \/>\n<meta property=\"og:locale\" content=\"fr_FR\" \/>\n<meta property=\"og:type\" content=\"article\" \/>\n<meta property=\"og:title\" content=\"MTF 4000C - Car-O-Liner\" \/>\n<meta property=\"og:description\" content=\"Nouvelle g\u00e9n\u00e9ration de ponts \u00e9l\u00e9vateurs \u00e9lectrom\u00e9caniques\" \/>\n<meta property=\"og:url\" content=\"https:\/\/car-o-liner.com\/fr\/produit\/mtf-4000c\/\" \/>\n<meta property=\"og:site_name\" content=\"Car-O-Liner\" \/>\n<meta property=\"article:modified_time\" content=\"2026-02-24T16:32:36+00:00\" \/>\n<meta property=\"og:image\" content=\"https:\/\/car-o-liner.com\/wp-content\/uploads\/MTF4000C-hero.jpg\" \/>\n\t<meta property=\"og:image:width\" content=\"1500\" \/>\n\t<meta property=\"og:image:height\" content=\"1250\" \/>\n\t<meta property=\"og:image:type\" content=\"image\/jpeg\" \/>\n<meta name=\"twitter:card\" content=\"summary_large_image\" \/>\n<script type=\"application\/ld+json\" class=\"yoast-schema-graph\">{\"@context\":\"https:\/\/schema.org\",\"@graph\":[{\"@type\":\"WebPage\",\"@id\":\"https:\/\/car-o-liner.com\/fr\/produit\/mtf-4000c\/\",\"url\":\"https:\/\/car-o-liner.com\/fr\/produit\/mtf-4000c\/\",\"name\":\"MTF 4000C - Car-O-Liner\",\"isPartOf\":{\"@id\":\"https:\/\/car-o-liner.com\/fr\/#website\"},\"primaryImageOfPage\":{\"@id\":\"https:\/\/car-o-liner.com\/fr\/produit\/mtf-4000c\/#primaryimage\"},\"image\":{\"@id\":\"https:\/\/car-o-liner.com\/fr\/produit\/mtf-4000c\/#primaryimage\"},\"thumbnailUrl\":\"https:\/\/car-o-liner.com\/wp-content\/uploads\/MTF4000C-hero.jpg\",\"datePublished\":\"2026-02-23T20:13:26+00:00\",\"dateModified\":\"2026-02-24T16:32:36+00:00\",\"breadcrumb\":{\"@id\":\"https:\/\/car-o-liner.com\/fr\/produit\/mtf-4000c\/#breadcrumb\"},\"inLanguage\":\"fr-FR\",\"potentialAction\":[{\"@type\":\"ReadAction\",\"target\":[\"https:\/\/car-o-liner.com\/fr\/produit\/mtf-4000c\/\"]}]},{\"@type\":\"ImageObject\",\"inLanguage\":\"fr-FR\",\"@id\":\"https:\/\/car-o-liner.com\/fr\/produit\/mtf-4000c\/#primaryimage\",\"url\":\"https:\/\/car-o-liner.com\/wp-content\/uploads\/MTF4000C-hero.jpg\",\"contentUrl\":\"https:\/\/car-o-liner.com\/wp-content\/uploads\/MTF4000C-hero.jpg\",\"width\":1500,\"height\":1250,\"caption\":\"Car-O-Liner MTF 4000C Two-post lift\"},{\"@type\":\"BreadcrumbList\",\"@id\":\"https:\/\/car-o-liner.com\/fr\/produit\/mtf-4000c\/#breadcrumb\",\"itemListElement\":[{\"@type\":\"ListItem\",\"position\":1,\"name\":\"Home\",\"item\":\"https:\/\/car-o-liner.com\/fr\/\"},{\"@type\":\"ListItem\",\"position\":2,\"name\":\"Alignement &amp; Redressage\",\"item\":\"https:\/\/car-o-liner.com\/fr\/produit\/alignement-et-redressement\/\"},{\"@type\":\"ListItem\",\"position\":3,\"name\":\"Ponts \u00e9l\u00e9vateurs pour voitures\",\"item\":\"https:\/\/car-o-liner.com\/fr\/produit\/ponts-elevateurs-pour-voitures\/\"},{\"@type\":\"ListItem\",\"position\":4,\"name\":\"MTF 4000C\"}]},{\"@type\":\"WebSite\",\"@id\":\"https:\/\/car-o-liner.com\/fr\/#website\",\"url\":\"https:\/\/car-o-liner.com\/fr\/\",\"name\":\"Car-O-Liner\",\"description\":\"Collision Repair Equipment\",\"publisher\":{\"@id\":\"https:\/\/car-o-liner.com\/fr\/#organization\"},\"potentialAction\":[{\"@type\":\"SearchAction\",\"target\":{\"@type\":\"EntryPoint\",\"urlTemplate\":\"https:\/\/car-o-liner.com\/fr\/?s={search_term_string}\"},\"query-input\":{\"@type\":\"PropertyValueSpecification\",\"valueRequired\":true,\"valueName\":\"search_term_string\"}}],\"inLanguage\":\"fr-FR\"},{\"@type\":\"Organization\",\"@id\":\"https:\/\/car-o-liner.com\/fr\/#organization\",\"name\":\"Car-O-Liner\",\"url\":\"https:\/\/car-o-liner.com\/fr\/\",\"logo\":{\"@type\":\"ImageObject\",\"inLanguage\":\"fr-FR\",\"@id\":\"https:\/\/car-o-liner.com\/fr\/#\/schema\/logo\/image\/\",\"url\":\"https:\/\/car-o-liner.com\/wp-content\/uploads\/Car-O-Liner-blue-web.svg\",\"contentUrl\":\"https:\/\/car-o-liner.com\/wp-content\/uploads\/Car-O-Liner-blue-web.svg\",\"width\":250,\"height\":50,\"caption\":\"Car-O-Liner\"},\"image\":{\"@id\":\"https:\/\/car-o-liner.com\/fr\/#\/schema\/logo\/image\/\"}}]}<\/script>\n<!-- \/ Yoast SEO plugin. -->","yoast_head_json":{"title":"MTF 4000C - Car-O-Liner","robots":{"index":"index","follow":"follow","max-snippet":"max-snippet:-1","max-image-preview":"max-image-preview:large","max-video-preview":"max-video-preview:-1"},"canonical":"https:\/\/car-o-liner.com\/fr\/produit\/mtf-4000c\/","og_locale":"fr_FR","og_type":"article","og_title":"MTF 4000C - Car-O-Liner","og_description":"Nouvelle g\u00e9n\u00e9ration de ponts \u00e9l\u00e9vateurs \u00e9lectrom\u00e9caniques","og_url":"https:\/\/car-o-liner.com\/fr\/produit\/mtf-4000c\/","og_site_name":"Car-O-Liner","article_modified_time":"2026-02-24T16:32:36+00:00","og_image":[{"width":1500,"height":1250,"url":"https:\/\/car-o-liner.com\/wp-content\/uploads\/MTF4000C-hero.jpg","type":"image\/jpeg"}],"twitter_card":"summary_large_image","schema":{"@context":"https:\/\/schema.org","@graph":[{"@type":"WebPage","@id":"https:\/\/car-o-liner.com\/fr\/produit\/mtf-4000c\/","url":"https:\/\/car-o-liner.com\/fr\/produit\/mtf-4000c\/","name":"MTF 4000C - Car-O-Liner","isPartOf":{"@id":"https:\/\/car-o-liner.com\/fr\/#website"},"primaryImageOfPage":{"@id":"https:\/\/car-o-liner.com\/fr\/produit\/mtf-4000c\/#primaryimage"},"image":{"@id":"https:\/\/car-o-liner.com\/fr\/produit\/mtf-4000c\/#primaryimage"},"thumbnailUrl":"https:\/\/car-o-liner.com\/wp-content\/uploads\/MTF4000C-hero.jpg","datePublished":"2026-02-23T20:13:26+00:00","dateModified":"2026-02-24T16:32:36+00:00","breadcrumb":{"@id":"https:\/\/car-o-liner.com\/fr\/produit\/mtf-4000c\/#breadcrumb"},"inLanguage":"fr-FR","potentialAction":[{"@type":"ReadAction","target":["https:\/\/car-o-liner.com\/fr\/produit\/mtf-4000c\/"]}]},{"@type":"ImageObject","inLanguage":"fr-FR","@id":"https:\/\/car-o-liner.com\/fr\/produit\/mtf-4000c\/#primaryimage","url":"https:\/\/car-o-liner.com\/wp-content\/uploads\/MTF4000C-hero.jpg","contentUrl":"https:\/\/car-o-liner.com\/wp-content\/uploads\/MTF4000C-hero.jpg","width":1500,"height":1250,"caption":"Car-O-Liner MTF 4000C Two-post lift"},{"@type":"BreadcrumbList","@id":"https:\/\/car-o-liner.com\/fr\/produit\/mtf-4000c\/#breadcrumb","itemListElement":[{"@type":"ListItem","position":1,"name":"Home","item":"https:\/\/car-o-liner.com\/fr\/"},{"@type":"ListItem","position":2,"name":"Alignement &amp; Redressage","item":"https:\/\/car-o-liner.com\/fr\/produit\/alignement-et-redressement\/"},{"@type":"ListItem","position":3,"name":"Ponts \u00e9l\u00e9vateurs pour voitures","item":"https:\/\/car-o-liner.com\/fr\/produit\/ponts-elevateurs-pour-voitures\/"},{"@type":"ListItem","position":4,"name":"MTF 4000C"}]},{"@type":"WebSite","@id":"https:\/\/car-o-liner.com\/fr\/#website","url":"https:\/\/car-o-liner.com\/fr\/","name":"Car-O-Liner","description":"Collision Repair Equipment","publisher":{"@id":"https:\/\/car-o-liner.com\/fr\/#organization"},"potentialAction":[{"@type":"SearchAction","target":{"@type":"EntryPoint","urlTemplate":"https:\/\/car-o-liner.com\/fr\/?s={search_term_string}"},"query-input":{"@type":"PropertyValueSpecification","valueRequired":true,"valueName":"search_term_string"}}],"inLanguage":"fr-FR"},{"@type":"Organization","@id":"https:\/\/car-o-liner.com\/fr\/#organization","name":"Car-O-Liner","url":"https:\/\/car-o-liner.com\/fr\/","logo":{"@type":"ImageObject","inLanguage":"fr-FR","@id":"https:\/\/car-o-liner.com\/fr\/#\/schema\/logo\/image\/","url":"https:\/\/car-o-liner.com\/wp-content\/uploads\/Car-O-Liner-blue-web.svg","contentUrl":"https:\/\/car-o-liner.com\/wp-content\/uploads\/Car-O-Liner-blue-web.svg","width":250,"height":50,"caption":"Car-O-Liner"},"image":{"@id":"https:\/\/car-o-liner.com\/fr\/#\/schema\/logo\/image\/"}}]}},"_links":{"self":[{"href":"https:\/\/car-o-liner.com\/fr\/wp-json\/wp\/v2\/product\/95958","targetHints":{"allow":["GET"]}}],"collection":[{"href":"https:\/\/car-o-liner.com\/fr\/wp-json\/wp\/v2\/product"}],"about":[{"href":"https:\/\/car-o-liner.com\/fr\/wp-json\/wp\/v2\/types\/product"}],"up":[{"embeddable":true,"href":"https:\/\/car-o-liner.com\/fr\/wp-json\/wp\/v2\/product\/88246"}],"wp:featuredmedia":[{"embeddable":true,"href":"https:\/\/car-o-liner.com\/fr\/wp-json\/wp\/v2\/media\/95772"}],"wp:attachment":[{"href":"https:\/\/car-o-liner.com\/fr\/wp-json\/wp\/v2\/media?parent=95958"}],"curies":[{"name":"wp","href":"https:\/\/api.w.org\/{rel}","templated":true}]}}