{"id":81711,"date":"2023-09-20T18:41:22","date_gmt":"2023-09-20T16:41:22","guid":{"rendered":"https:\/\/car-o-liner-test.phl.togglebox.site\/about-us\/"},"modified":"2024-03-01T21:18:26","modified_gmt":"2024-03-01T20:18:26","slug":"about-us","status":"publish","type":"page","link":"https:\/\/car-o-liner.com\/no\/about-us\/","title":{"rendered":"Om Oss"},"content":{"rendered":"\n<h4 class=\"wp-block-heading\">Velkommen til Car-O-Liner<\/h4>\n\n\n\n<p>Car-O-Liner\u00ae er synonymt med innovasjon takket v\u00e6re utviklingen av dens f\u00f8rste justeringsbenk, som legger grunnlaget for selskapets bemerkelsesverdige vekstreise. I dag st\u00e5r Car-O-Liner som verdens ledende leverand\u00f8r av h\u00f8ykvalitets, teknologisk avansert kollisjonsreparasjonsutstyr for bilettermarkedet, med tilstedev\u00e6relse i mer enn 70 land. I over et halvt \u00e5rhundre har vi v\u00e6rt dedikert til \u00e5 forsyne industrien med innovative l\u00f8sninger, drive tekniske fremskritt, tilby omfattende oppl\u00e6ring og gi st\u00f8dig kundest\u00f8tte.<\/p>\n\n\n\n<p>Siden 2016 har Car-O-Liner v\u00e6rt et stolt medlem av produktfamilien Snap-on\u00ae Inc. TSS\u2122 Total Shop Solutions. Denne strategiske integrasjonen har gjort det mulig for Car-O-Liner \u00e5 utvide seg til andre omr\u00e5der innen kollisjonsreparasjonsindustrien, inkludert testing og kalibrering av ADAS-system og en rekke andre viktige tjenester.<\/p>\n\n\n\n<figure class=\"wp-block-image size-full\"><img loading=\"lazy\" decoding=\"async\" width=\"400\" height=\"250\" src=\"https:\/\/car-o-liner-test.phl.togglebox.site\/wp-content\/uploads\/Beliefs-1.jpg\" alt=\"A repair technician measures using PointXII\" class=\"wp-image-88091\" srcset=\"https:\/\/car-o-liner.com\/wp-content\/uploads\/Beliefs-1.jpg 400w, https:\/\/car-o-liner.com\/wp-content\/uploads\/Beliefs-1-300x188.jpg 300w\" sizes=\"auto, (max-width: 400px) 100vw, 400px\" \/><\/figure>\n\n\n\n<h5 class=\"wp-block-heading\">Tro<\/h5>\n\n\n\n<p>Vi tror dypt p\u00e5 ikke-omsettelig produkt- og arbeidsplasssikkerhet, kompromissl\u00f8s kvalitet, lidenskapelig kundebehandling, fryktl\u00f8s innovasjon og rask kontinuerlig forbedring.<\/p>\n\n\n\n<figure class=\"wp-block-image size-full\"><img loading=\"lazy\" decoding=\"async\" width=\"400\" height=\"250\" src=\"https:\/\/car-o-liner-test.phl.togglebox.site\/wp-content\/uploads\/Values-1.jpg\" alt=\"A Car-O-Liner representative meets with a client\" class=\"wp-image-88102\" srcset=\"https:\/\/car-o-liner.com\/wp-content\/uploads\/Values-1.jpg 400w, https:\/\/car-o-liner.com\/wp-content\/uploads\/Values-1-300x188.jpg 300w\" sizes=\"auto, (max-width: 400px) 100vw, 400px\" \/><\/figure>\n\n\n\n<h5 class=\"wp-block-heading\">Verdier<\/h5>\n\n\n\n<p>V\u00e5r oppf\u00f8rsel definerer v\u00e5r suksess, av denne grunn er integritet, sannhet, respekt for individet, teamarbeid og lytting verdiene som v\u00e5rt daglige arbeid er basert p\u00e5.<\/p>\n\n\n\n<figure class=\"wp-block-image size-full\"><img loading=\"lazy\" decoding=\"async\" width=\"400\" height=\"250\" src=\"https:\/\/car-o-liner-test.phl.togglebox.site\/wp-content\/uploads\/Vision-1.jpg\" alt=\"A technician performs a weld\" class=\"wp-image-88112\" srcset=\"https:\/\/car-o-liner.com\/wp-content\/uploads\/Vision-1.jpg 400w, https:\/\/car-o-liner.com\/wp-content\/uploads\/Vision-1-300x188.jpg 300w\" sizes=\"auto, (max-width: 400px) 100vw, 400px\" \/><\/figure>\n\n\n\n<h5 class=\"wp-block-heading\">Syn<\/h5>\n\n\n\n<p>V\u00e5r visjon er \u00e5 bli anerkjent som Brand of Choice, Employer of Choice og Business Partner of Choice, og jobber med lidenskap og besluttsomhet for \u00e5 opprettholde disse standardene.<\/p>\n\n\n\n<figure class=\"wp-block-embed is-type-video is-provider-youtube wp-block-embed-youtube wp-embed-aspect-16-9 wp-has-aspect-ratio\"><div class=\"wp-block-embed__wrapper\">\n<iframe loading=\"lazy\" title=\"Car-O-Liner 50 Years\" width=\"640\" height=\"360\" src=\"https:\/\/www.youtube.com\/embed\/GCWUQwVVUVg?feature=oembed&#038;controls=1&#038;rel=0\" frameborder=\"0\" allow=\"accelerometer; autoplay; clipboard-write; encrypted-media; gyroscope; picture-in-picture; web-share\" referrerpolicy=\"strict-origin-when-cross-origin\" allowfullscreen><\/iframe>\n<\/div><\/figure>\n","protected":false},"excerpt":{"rendered":"<p>Velkommen til Car-O-Liner Car-O-Liner\u00ae er synonymt med innovasjon takket v\u00e6re utviklingen av dens f\u00f8rste justeringsbenk, som legger grunnlaget for selskapets bemerkelsesverdige vekstreise. I dag st\u00e5r Car-O-Liner som verdens ledende leverand\u00f8r av h\u00f8ykvalitets, teknologisk avansert kollisjonsreparasjonsutstyr for bilettermarkedet, med tilstedev\u00e6relse i mer enn 70 land. I over et halvt \u00e5rhundre har vi v\u00e6rt dedikert til \u00e5 [&hellip;]<\/p>\n","protected":false},"author":1,"featured_media":0,"parent":0,"menu_order":0,"comment_status":"closed","ping_status":"closed","template":"page-templates\/about-us.php","meta":{"footnotes":""},"class_list":["post-81711","page","type-page","status-publish","hentry"],"yoast_head":"<!-- This site is optimized with the Yoast SEO plugin v27.2 - https:\/\/yoast.com\/product\/yoast-seo-wordpress\/ -->\n<title>Om Oss - Car-O-Liner<\/title>\n<meta name=\"robots\" content=\"index, follow, max-snippet:-1, max-image-preview:large, max-video-preview:-1\" \/>\n<link rel=\"canonical\" href=\"https:\/\/car-o-liner.com\/no\/about-us\/\" \/>\n<meta property=\"og:locale\" content=\"nb_NO\" \/>\n<meta property=\"og:type\" content=\"article\" \/>\n<meta property=\"og:title\" content=\"Om Oss - Car-O-Liner\" \/>\n<meta property=\"og:description\" content=\"Velkommen til Car-O-Liner Car-O-Liner\u00ae er synonymt med innovasjon takket v\u00e6re utviklingen av dens f\u00f8rste justeringsbenk, som legger grunnlaget for selskapets bemerkelsesverdige vekstreise. I dag st\u00e5r Car-O-Liner som verdens ledende leverand\u00f8r av h\u00f8ykvalitets, teknologisk avansert kollisjonsreparasjonsutstyr for bilettermarkedet, med tilstedev\u00e6relse i mer enn 70 land. I over et halvt \u00e5rhundre har vi v\u00e6rt dedikert til \u00e5 [&hellip;]\" \/>\n<meta property=\"og:url\" content=\"https:\/\/car-o-liner.com\/no\/about-us\/\" \/>\n<meta property=\"og:site_name\" content=\"Car-O-Liner\" \/>\n<meta property=\"article:modified_time\" content=\"2024-03-01T20:18:26+00:00\" \/>\n<meta property=\"og:image\" content=\"https:\/\/car-o-liner-test.phl.togglebox.site\/wp-content\/uploads\/Beliefs-1.jpg\" \/>\n<meta name=\"twitter:card\" content=\"summary_large_image\" \/>\n<script type=\"application\/ld+json\" class=\"yoast-schema-graph\">{\"@context\":\"https:\/\/schema.org\",\"@graph\":[{\"@type\":\"WebPage\",\"@id\":\"https:\/\/car-o-liner.com\/no\/about-us\/\",\"url\":\"https:\/\/car-o-liner.com\/no\/about-us\/\",\"name\":\"Om Oss - Car-O-Liner\",\"isPartOf\":{\"@id\":\"https:\/\/car-o-liner.com\/no\/#website\"},\"primaryImageOfPage\":{\"@id\":\"https:\/\/car-o-liner.com\/no\/about-us\/#primaryimage\"},\"image\":{\"@id\":\"https:\/\/car-o-liner.com\/no\/about-us\/#primaryimage\"},\"thumbnailUrl\":\"https:\/\/car-o-liner-test.phl.togglebox.site\/wp-content\/uploads\/Beliefs-1.jpg\",\"datePublished\":\"2023-09-20T16:41:22+00:00\",\"dateModified\":\"2024-03-01T20:18:26+00:00\",\"breadcrumb\":{\"@id\":\"https:\/\/car-o-liner.com\/no\/about-us\/#breadcrumb\"},\"inLanguage\":\"nb-NO\",\"potentialAction\":[{\"@type\":\"ReadAction\",\"target\":[\"https:\/\/car-o-liner.com\/no\/about-us\/\"]}]},{\"@type\":\"ImageObject\",\"inLanguage\":\"nb-NO\",\"@id\":\"https:\/\/car-o-liner.com\/no\/about-us\/#primaryimage\",\"url\":\"https:\/\/car-o-liner-test.phl.togglebox.site\/wp-content\/uploads\/Beliefs-1.jpg\",\"contentUrl\":\"https:\/\/car-o-liner-test.phl.togglebox.site\/wp-content\/uploads\/Beliefs-1.jpg\"},{\"@type\":\"BreadcrumbList\",\"@id\":\"https:\/\/car-o-liner.com\/no\/about-us\/#breadcrumb\",\"itemListElement\":[{\"@type\":\"ListItem\",\"position\":1,\"name\":\"Home\",\"item\":\"https:\/\/car-o-liner.com\/no\/\"},{\"@type\":\"ListItem\",\"position\":2,\"name\":\"Om Oss\"}]},{\"@type\":\"WebSite\",\"@id\":\"https:\/\/car-o-liner.com\/no\/#website\",\"url\":\"https:\/\/car-o-liner.com\/no\/\",\"name\":\"Car-O-Liner\",\"description\":\"Collision Repair Equipment\",\"publisher\":{\"@id\":\"https:\/\/car-o-liner.com\/no\/#organization\"},\"potentialAction\":[{\"@type\":\"SearchAction\",\"target\":{\"@type\":\"EntryPoint\",\"urlTemplate\":\"https:\/\/car-o-liner.com\/no\/?s={search_term_string}\"},\"query-input\":{\"@type\":\"PropertyValueSpecification\",\"valueRequired\":true,\"valueName\":\"search_term_string\"}}],\"inLanguage\":\"nb-NO\"},{\"@type\":\"Organization\",\"@id\":\"https:\/\/car-o-liner.com\/no\/#organization\",\"name\":\"Car-O-Liner\",\"url\":\"https:\/\/car-o-liner.com\/no\/\",\"logo\":{\"@type\":\"ImageObject\",\"inLanguage\":\"nb-NO\",\"@id\":\"https:\/\/car-o-liner.com\/no\/#\/schema\/logo\/image\/\",\"url\":\"https:\/\/car-o-liner.com\/wp-content\/uploads\/Car-O-Liner-blue-web.svg\",\"contentUrl\":\"https:\/\/car-o-liner.com\/wp-content\/uploads\/Car-O-Liner-blue-web.svg\",\"width\":250,\"height\":50,\"caption\":\"Car-O-Liner\"},\"image\":{\"@id\":\"https:\/\/car-o-liner.com\/no\/#\/schema\/logo\/image\/\"}}]}<\/script>\n<!-- \/ Yoast SEO plugin. -->","yoast_head_json":{"title":"Om Oss - Car-O-Liner","robots":{"index":"index","follow":"follow","max-snippet":"max-snippet:-1","max-image-preview":"max-image-preview:large","max-video-preview":"max-video-preview:-1"},"canonical":"https:\/\/car-o-liner.com\/no\/about-us\/","og_locale":"nb_NO","og_type":"article","og_title":"Om Oss - Car-O-Liner","og_description":"Velkommen til Car-O-Liner Car-O-Liner\u00ae er synonymt med innovasjon takket v\u00e6re utviklingen av dens f\u00f8rste justeringsbenk, som legger grunnlaget for selskapets bemerkelsesverdige vekstreise. I dag st\u00e5r Car-O-Liner som verdens ledende leverand\u00f8r av h\u00f8ykvalitets, teknologisk avansert kollisjonsreparasjonsutstyr for bilettermarkedet, med tilstedev\u00e6relse i mer enn 70 land. I over et halvt \u00e5rhundre har vi v\u00e6rt dedikert til \u00e5 [&hellip;]","og_url":"https:\/\/car-o-liner.com\/no\/about-us\/","og_site_name":"Car-O-Liner","article_modified_time":"2024-03-01T20:18:26+00:00","og_image":[{"url":"https:\/\/car-o-liner-test.phl.togglebox.site\/wp-content\/uploads\/Beliefs-1.jpg","type":"","width":"","height":""}],"twitter_card":"summary_large_image","schema":{"@context":"https:\/\/schema.org","@graph":[{"@type":"WebPage","@id":"https:\/\/car-o-liner.com\/no\/about-us\/","url":"https:\/\/car-o-liner.com\/no\/about-us\/","name":"Om Oss - Car-O-Liner","isPartOf":{"@id":"https:\/\/car-o-liner.com\/no\/#website"},"primaryImageOfPage":{"@id":"https:\/\/car-o-liner.com\/no\/about-us\/#primaryimage"},"image":{"@id":"https:\/\/car-o-liner.com\/no\/about-us\/#primaryimage"},"thumbnailUrl":"https:\/\/car-o-liner-test.phl.togglebox.site\/wp-content\/uploads\/Beliefs-1.jpg","datePublished":"2023-09-20T16:41:22+00:00","dateModified":"2024-03-01T20:18:26+00:00","breadcrumb":{"@id":"https:\/\/car-o-liner.com\/no\/about-us\/#breadcrumb"},"inLanguage":"nb-NO","potentialAction":[{"@type":"ReadAction","target":["https:\/\/car-o-liner.com\/no\/about-us\/"]}]},{"@type":"ImageObject","inLanguage":"nb-NO","@id":"https:\/\/car-o-liner.com\/no\/about-us\/#primaryimage","url":"https:\/\/car-o-liner-test.phl.togglebox.site\/wp-content\/uploads\/Beliefs-1.jpg","contentUrl":"https:\/\/car-o-liner-test.phl.togglebox.site\/wp-content\/uploads\/Beliefs-1.jpg"},{"@type":"BreadcrumbList","@id":"https:\/\/car-o-liner.com\/no\/about-us\/#breadcrumb","itemListElement":[{"@type":"ListItem","position":1,"name":"Home","item":"https:\/\/car-o-liner.com\/no\/"},{"@type":"ListItem","position":2,"name":"Om Oss"}]},{"@type":"WebSite","@id":"https:\/\/car-o-liner.com\/no\/#website","url":"https:\/\/car-o-liner.com\/no\/","name":"Car-O-Liner","description":"Collision Repair Equipment","publisher":{"@id":"https:\/\/car-o-liner.com\/no\/#organization"},"potentialAction":[{"@type":"SearchAction","target":{"@type":"EntryPoint","urlTemplate":"https:\/\/car-o-liner.com\/no\/?s={search_term_string}"},"query-input":{"@type":"PropertyValueSpecification","valueRequired":true,"valueName":"search_term_string"}}],"inLanguage":"nb-NO"},{"@type":"Organization","@id":"https:\/\/car-o-liner.com\/no\/#organization","name":"Car-O-Liner","url":"https:\/\/car-o-liner.com\/no\/","logo":{"@type":"ImageObject","inLanguage":"nb-NO","@id":"https:\/\/car-o-liner.com\/no\/#\/schema\/logo\/image\/","url":"https:\/\/car-o-liner.com\/wp-content\/uploads\/Car-O-Liner-blue-web.svg","contentUrl":"https:\/\/car-o-liner.com\/wp-content\/uploads\/Car-O-Liner-blue-web.svg","width":250,"height":50,"caption":"Car-O-Liner"},"image":{"@id":"https:\/\/car-o-liner.com\/no\/#\/schema\/logo\/image\/"}}]}},"_links":{"self":[{"href":"https:\/\/car-o-liner.com\/no\/wp-json\/wp\/v2\/pages\/81711","targetHints":{"allow":["GET"]}}],"collection":[{"href":"https:\/\/car-o-liner.com\/no\/wp-json\/wp\/v2\/pages"}],"about":[{"href":"https:\/\/car-o-liner.com\/no\/wp-json\/wp\/v2\/types\/page"}],"author":[{"embeddable":true,"href":"https:\/\/car-o-liner.com\/no\/wp-json\/wp\/v2\/users\/1"}],"replies":[{"embeddable":true,"href":"https:\/\/car-o-liner.com\/no\/wp-json\/wp\/v2\/comments?post=81711"}],"version-history":[{"count":1,"href":"https:\/\/car-o-liner.com\/no\/wp-json\/wp\/v2\/pages\/81711\/revisions"}],"predecessor-version":[{"id":88124,"href":"https:\/\/car-o-liner.com\/no\/wp-json\/wp\/v2\/pages\/81711\/revisions\/88124"}],"wp:attachment":[{"href":"https:\/\/car-o-liner.com\/no\/wp-json\/wp\/v2\/media?parent=81711"}],"curies":[{"name":"wp","href":"https:\/\/api.w.org\/{rel}","templated":true}]}}