{"id":82172,"date":"2023-10-30T17:27:17","date_gmt":"2023-10-30T16:27:17","guid":{"rendered":"https:\/\/car-o-liner-test.phl.togglebox.site\/careers\/"},"modified":"2025-09-25T18:53:13","modified_gmt":"2025-09-25T16:53:13","slug":"careers","status":"publish","type":"page","link":"https:\/\/car-o-liner.com\/no\/careers\/","title":{"rendered":"Karrierer"},"content":{"rendered":"\n<h4 class=\"wp-block-heading\">Bli en del av v\u00e5r reise til suksess<\/h4>\n\n\n\n<p>Et medlem av Snap-on\u00ae TOTAL SHOP SOLUTION FAMILY, Car-O-Liner\u00ae er den ledende globale leverand\u00f8ren av h\u00f8ykvalitets, teknologisk avansert utstyr for kollisjonsreparasjoner for bilettermarkedet, og leverer innovative l\u00f8sninger, teknisk utvikling, oppl\u00e6ring og kunde. st\u00f8tte over hele verden.<\/p>\n\n\n\n<p>TOTAL SHOP SOLUTIONS er en familie av Snap-on\u00ae-merker som samler klassens beste reparasjonsprodukter fra hele bransjen. Folk kjenner Snap-on for kvaliteten p\u00e5 produktene v\u00e5re, men vi vet at det er lidenskapen og karakteren til v\u00e5re medarbeidere som gj\u00f8r selskapet v\u00e5rt til en global leder.<\/p>\n\n\n\n<p>Med v\u00e5re mangfoldige talenter og dype stolthet i Snap-on-familien av merkevarer, driver vi innovasjon og skaper verdi.<\/p>\n","protected":false},"excerpt":{"rendered":"<p>Bli en del av v\u00e5r reise til suksess Et medlem av Snap-on\u00ae TOTAL SHOP SOLUTION FAMILY, Car-O-Liner\u00ae er den ledende globale leverand\u00f8ren av h\u00f8ykvalitets, teknologisk avansert utstyr for kollisjonsreparasjoner for bilettermarkedet, og leverer innovative l\u00f8sninger, teknisk utvikling, oppl\u00e6ring og kunde. st\u00f8tte over hele verden. TOTAL SHOP SOLUTIONS er en familie av Snap-on\u00ae-merker som samler klassens [&hellip;]<\/p>\n","protected":false},"author":1,"featured_media":83632,"parent":0,"menu_order":0,"comment_status":"closed","ping_status":"closed","template":"page-templates\/careers.php","meta":{"footnotes":""},"class_list":["post-82172","page","type-page","status-publish","has-post-thumbnail","hentry"],"yoast_head":"<!-- This site is optimized with the Yoast SEO plugin v27.4 - https:\/\/yoast.com\/product\/yoast-seo-wordpress\/ -->\n<title>Karrierer - Car-O-Liner<\/title>\n<meta name=\"robots\" content=\"index, follow, max-snippet:-1, max-image-preview:large, max-video-preview:-1\" \/>\n<link rel=\"canonical\" href=\"https:\/\/car-o-liner.com\/no\/careers\/\" \/>\n<meta property=\"og:locale\" content=\"nb_NO\" \/>\n<meta property=\"og:type\" content=\"article\" \/>\n<meta property=\"og:title\" content=\"Karrierer - Car-O-Liner\" \/>\n<meta property=\"og:description\" content=\"Bli en del av v\u00e5r reise til suksess Et medlem av Snap-on\u00ae TOTAL SHOP SOLUTION FAMILY, Car-O-Liner\u00ae er den ledende globale leverand\u00f8ren av h\u00f8ykvalitets, teknologisk avansert utstyr for kollisjonsreparasjoner for bilettermarkedet, og leverer innovative l\u00f8sninger, teknisk utvikling, oppl\u00e6ring og kunde. st\u00f8tte over hele verden. TOTAL SHOP SOLUTIONS er en familie av Snap-on\u00ae-merker som samler klassens [&hellip;]\" \/>\n<meta property=\"og:url\" content=\"https:\/\/car-o-liner.com\/no\/careers\/\" \/>\n<meta property=\"og:site_name\" content=\"Car-O-Liner\" \/>\n<meta property=\"article:modified_time\" content=\"2025-09-25T16:53:13+00:00\" \/>\n<meta property=\"og:image\" content=\"https:\/\/car-o-liner.com\/wp-content\/uploads\/careers-hero-2.jpg\" \/>\n\t<meta property=\"og:image:width\" content=\"2000\" \/>\n\t<meta property=\"og:image:height\" content=\"1000\" \/>\n\t<meta property=\"og:image:type\" content=\"image\/jpeg\" \/>\n<meta name=\"twitter:card\" content=\"summary_large_image\" \/>\n<script type=\"application\/ld+json\" class=\"yoast-schema-graph\">{\"@context\":\"https:\\\/\\\/schema.org\",\"@graph\":[{\"@type\":\"WebPage\",\"@id\":\"https:\\\/\\\/car-o-liner.com\\\/no\\\/careers\\\/\",\"url\":\"https:\\\/\\\/car-o-liner.com\\\/no\\\/careers\\\/\",\"name\":\"Karrierer - Car-O-Liner\",\"isPartOf\":{\"@id\":\"https:\\\/\\\/car-o-liner.com\\\/no\\\/#website\"},\"primaryImageOfPage\":{\"@id\":\"https:\\\/\\\/car-o-liner.com\\\/no\\\/careers\\\/#primaryimage\"},\"image\":{\"@id\":\"https:\\\/\\\/car-o-liner.com\\\/no\\\/careers\\\/#primaryimage\"},\"thumbnailUrl\":\"https:\\\/\\\/car-o-liner.com\\\/wp-content\\\/uploads\\\/careers-hero-2.jpg\",\"datePublished\":\"2023-10-30T16:27:17+00:00\",\"dateModified\":\"2025-09-25T16:53:13+00:00\",\"breadcrumb\":{\"@id\":\"https:\\\/\\\/car-o-liner.com\\\/no\\\/careers\\\/#breadcrumb\"},\"inLanguage\":\"nb-NO\",\"potentialAction\":[{\"@type\":\"ReadAction\",\"target\":[\"https:\\\/\\\/car-o-liner.com\\\/no\\\/careers\\\/\"]}]},{\"@type\":\"ImageObject\",\"inLanguage\":\"nb-NO\",\"@id\":\"https:\\\/\\\/car-o-liner.com\\\/no\\\/careers\\\/#primaryimage\",\"url\":\"https:\\\/\\\/car-o-liner.com\\\/wp-content\\\/uploads\\\/careers-hero-2.jpg\",\"contentUrl\":\"https:\\\/\\\/car-o-liner.com\\\/wp-content\\\/uploads\\\/careers-hero-2.jpg\",\"width\":2000,\"height\":1000,\"caption\":\"Smiling Car-O-liner employees\"},{\"@type\":\"BreadcrumbList\",\"@id\":\"https:\\\/\\\/car-o-liner.com\\\/no\\\/careers\\\/#breadcrumb\",\"itemListElement\":[{\"@type\":\"ListItem\",\"position\":1,\"name\":\"Home\",\"item\":\"https:\\\/\\\/car-o-liner.com\\\/no\\\/\"},{\"@type\":\"ListItem\",\"position\":2,\"name\":\"Karrierer\"}]},{\"@type\":\"WebSite\",\"@id\":\"https:\\\/\\\/car-o-liner.com\\\/no\\\/#website\",\"url\":\"https:\\\/\\\/car-o-liner.com\\\/no\\\/\",\"name\":\"Car-O-Liner\",\"description\":\"Collision Repair Equipment\",\"publisher\":{\"@id\":\"https:\\\/\\\/car-o-liner.com\\\/no\\\/#organization\"},\"potentialAction\":[{\"@type\":\"SearchAction\",\"target\":{\"@type\":\"EntryPoint\",\"urlTemplate\":\"https:\\\/\\\/car-o-liner.com\\\/no\\\/?s={search_term_string}\"},\"query-input\":{\"@type\":\"PropertyValueSpecification\",\"valueRequired\":true,\"valueName\":\"search_term_string\"}}],\"inLanguage\":\"nb-NO\"},{\"@type\":\"Organization\",\"@id\":\"https:\\\/\\\/car-o-liner.com\\\/no\\\/#organization\",\"name\":\"Car-O-Liner\",\"url\":\"https:\\\/\\\/car-o-liner.com\\\/no\\\/\",\"logo\":{\"@type\":\"ImageObject\",\"inLanguage\":\"nb-NO\",\"@id\":\"https:\\\/\\\/car-o-liner.com\\\/no\\\/#\\\/schema\\\/logo\\\/image\\\/\",\"url\":\"https:\\\/\\\/car-o-liner.com\\\/wp-content\\\/uploads\\\/Car-O-Liner-blue-web.svg\",\"contentUrl\":\"https:\\\/\\\/car-o-liner.com\\\/wp-content\\\/uploads\\\/Car-O-Liner-blue-web.svg\",\"width\":250,\"height\":50,\"caption\":\"Car-O-Liner\"},\"image\":{\"@id\":\"https:\\\/\\\/car-o-liner.com\\\/no\\\/#\\\/schema\\\/logo\\\/image\\\/\"}}]}<\/script>\n<!-- \/ Yoast SEO plugin. -->","yoast_head_json":{"title":"Karrierer - Car-O-Liner","robots":{"index":"index","follow":"follow","max-snippet":"max-snippet:-1","max-image-preview":"max-image-preview:large","max-video-preview":"max-video-preview:-1"},"canonical":"https:\/\/car-o-liner.com\/no\/careers\/","og_locale":"nb_NO","og_type":"article","og_title":"Karrierer - Car-O-Liner","og_description":"Bli en del av v\u00e5r reise til suksess Et medlem av Snap-on\u00ae TOTAL SHOP SOLUTION FAMILY, Car-O-Liner\u00ae er den ledende globale leverand\u00f8ren av h\u00f8ykvalitets, teknologisk avansert utstyr for kollisjonsreparasjoner for bilettermarkedet, og leverer innovative l\u00f8sninger, teknisk utvikling, oppl\u00e6ring og kunde. st\u00f8tte over hele verden. TOTAL SHOP SOLUTIONS er en familie av Snap-on\u00ae-merker som samler klassens [&hellip;]","og_url":"https:\/\/car-o-liner.com\/no\/careers\/","og_site_name":"Car-O-Liner","article_modified_time":"2025-09-25T16:53:13+00:00","og_image":[{"width":2000,"height":1000,"url":"https:\/\/car-o-liner.com\/wp-content\/uploads\/careers-hero-2.jpg","type":"image\/jpeg"}],"twitter_card":"summary_large_image","schema":{"@context":"https:\/\/schema.org","@graph":[{"@type":"WebPage","@id":"https:\/\/car-o-liner.com\/no\/careers\/","url":"https:\/\/car-o-liner.com\/no\/careers\/","name":"Karrierer - Car-O-Liner","isPartOf":{"@id":"https:\/\/car-o-liner.com\/no\/#website"},"primaryImageOfPage":{"@id":"https:\/\/car-o-liner.com\/no\/careers\/#primaryimage"},"image":{"@id":"https:\/\/car-o-liner.com\/no\/careers\/#primaryimage"},"thumbnailUrl":"https:\/\/car-o-liner.com\/wp-content\/uploads\/careers-hero-2.jpg","datePublished":"2023-10-30T16:27:17+00:00","dateModified":"2025-09-25T16:53:13+00:00","breadcrumb":{"@id":"https:\/\/car-o-liner.com\/no\/careers\/#breadcrumb"},"inLanguage":"nb-NO","potentialAction":[{"@type":"ReadAction","target":["https:\/\/car-o-liner.com\/no\/careers\/"]}]},{"@type":"ImageObject","inLanguage":"nb-NO","@id":"https:\/\/car-o-liner.com\/no\/careers\/#primaryimage","url":"https:\/\/car-o-liner.com\/wp-content\/uploads\/careers-hero-2.jpg","contentUrl":"https:\/\/car-o-liner.com\/wp-content\/uploads\/careers-hero-2.jpg","width":2000,"height":1000,"caption":"Smiling Car-O-liner employees"},{"@type":"BreadcrumbList","@id":"https:\/\/car-o-liner.com\/no\/careers\/#breadcrumb","itemListElement":[{"@type":"ListItem","position":1,"name":"Home","item":"https:\/\/car-o-liner.com\/no\/"},{"@type":"ListItem","position":2,"name":"Karrierer"}]},{"@type":"WebSite","@id":"https:\/\/car-o-liner.com\/no\/#website","url":"https:\/\/car-o-liner.com\/no\/","name":"Car-O-Liner","description":"Collision Repair Equipment","publisher":{"@id":"https:\/\/car-o-liner.com\/no\/#organization"},"potentialAction":[{"@type":"SearchAction","target":{"@type":"EntryPoint","urlTemplate":"https:\/\/car-o-liner.com\/no\/?s={search_term_string}"},"query-input":{"@type":"PropertyValueSpecification","valueRequired":true,"valueName":"search_term_string"}}],"inLanguage":"nb-NO"},{"@type":"Organization","@id":"https:\/\/car-o-liner.com\/no\/#organization","name":"Car-O-Liner","url":"https:\/\/car-o-liner.com\/no\/","logo":{"@type":"ImageObject","inLanguage":"nb-NO","@id":"https:\/\/car-o-liner.com\/no\/#\/schema\/logo\/image\/","url":"https:\/\/car-o-liner.com\/wp-content\/uploads\/Car-O-Liner-blue-web.svg","contentUrl":"https:\/\/car-o-liner.com\/wp-content\/uploads\/Car-O-Liner-blue-web.svg","width":250,"height":50,"caption":"Car-O-Liner"},"image":{"@id":"https:\/\/car-o-liner.com\/no\/#\/schema\/logo\/image\/"}}]}},"_links":{"self":[{"href":"https:\/\/car-o-liner.com\/no\/wp-json\/wp\/v2\/pages\/82172","targetHints":{"allow":["GET"]}}],"collection":[{"href":"https:\/\/car-o-liner.com\/no\/wp-json\/wp\/v2\/pages"}],"about":[{"href":"https:\/\/car-o-liner.com\/no\/wp-json\/wp\/v2\/types\/page"}],"author":[{"embeddable":true,"href":"https:\/\/car-o-liner.com\/no\/wp-json\/wp\/v2\/users\/1"}],"replies":[{"embeddable":true,"href":"https:\/\/car-o-liner.com\/no\/wp-json\/wp\/v2\/comments?post=82172"}],"version-history":[{"count":1,"href":"https:\/\/car-o-liner.com\/no\/wp-json\/wp\/v2\/pages\/82172\/revisions"}],"predecessor-version":[{"id":95045,"href":"https:\/\/car-o-liner.com\/no\/wp-json\/wp\/v2\/pages\/82172\/revisions\/95045"}],"wp:featuredmedia":[{"embeddable":true,"href":"https:\/\/car-o-liner.com\/no\/wp-json\/wp\/v2\/media\/83632"}],"wp:attachment":[{"href":"https:\/\/car-o-liner.com\/no\/wp-json\/wp\/v2\/media?parent=82172"}],"curies":[{"name":"wp","href":"https:\/\/api.w.org\/{rel}","templated":true}]}}