{"id":83166,"date":"2023-12-04T21:27:50","date_gmt":"2023-12-04T20:27:50","guid":{"rendered":"https:\/\/car-o-liner-test.phl.togglebox.site\/customer-service\/"},"modified":"2024-07-08T20:20:30","modified_gmt":"2024-07-08T18:20:30","slug":"customer-service","status":"publish","type":"page","link":"https:\/\/car-o-liner.com\/no\/customer-service\/","title":{"rendered":"Her n\u00e5r du trenger oss"},"content":{"rendered":"\n<p>Hos Car-O-Liner\u00ae har v\u00e5rt dedikerte serviceteam forpliktet seg til \u00e5 hjelpe deg og bedriften din med \u00e5 opprettholde topp ytelse for produktene dine. Med omfattende ekspertise innen alle aspekter av karosseriprodukter, justering, m\u00e5ling, sammenf\u00f8yningsteknologi, oppvarming og ADAS-kalibrering s\u00f8rger vi for at utstyret ditt fungerer p\u00e5 sitt beste.<\/p>\n\n\n\n<p>Vi tilbyr ogs\u00e5 omfattende introduksjonsoppl\u00e6ring i produktene v\u00e5re, slik at teamet ditt kan maksimere utnyttelsen av utstyret i bedriften.<\/p>\n","protected":false},"excerpt":{"rendered":"<p>Hos Car-O-Liner\u00ae har v\u00e5rt dedikerte serviceteam forpliktet seg til \u00e5 hjelpe deg og bedriften din med \u00e5 opprettholde topp ytelse for produktene dine. Med omfattende ekspertise innen alle aspekter av karosseriprodukter, justering, m\u00e5ling, sammenf\u00f8yningsteknologi, oppvarming og ADAS-kalibrering s\u00f8rger vi for at utstyret ditt fungerer p\u00e5 sitt beste. Vi tilbyr ogs\u00e5 omfattende introduksjonsoppl\u00e6ring i produktene v\u00e5re, [&hellip;]<\/p>\n","protected":false},"author":1,"featured_media":83167,"parent":0,"menu_order":0,"comment_status":"closed","ping_status":"closed","template":"page-templates\/customer-service.php","meta":{"footnotes":""},"class_list":["post-83166","page","type-page","status-publish","has-post-thumbnail","hentry"],"yoast_head":"<!-- This site is optimized with the Yoast SEO plugin v27.2 - https:\/\/yoast.com\/product\/yoast-seo-wordpress\/ -->\n<title>Her n\u00e5r du trenger oss - Car-O-Liner<\/title>\n<meta name=\"robots\" content=\"index, follow, max-snippet:-1, max-image-preview:large, max-video-preview:-1\" \/>\n<link rel=\"canonical\" href=\"https:\/\/car-o-liner.com\/no\/customer-service\/\" \/>\n<meta property=\"og:locale\" content=\"nb_NO\" \/>\n<meta property=\"og:type\" content=\"article\" \/>\n<meta property=\"og:title\" content=\"Her n\u00e5r du trenger oss - Car-O-Liner\" \/>\n<meta property=\"og:description\" content=\"Hos Car-O-Liner\u00ae har v\u00e5rt dedikerte serviceteam forpliktet seg til \u00e5 hjelpe deg og bedriften din med \u00e5 opprettholde topp ytelse for produktene dine. Med omfattende ekspertise innen alle aspekter av karosseriprodukter, justering, m\u00e5ling, sammenf\u00f8yningsteknologi, oppvarming og ADAS-kalibrering s\u00f8rger vi for at utstyret ditt fungerer p\u00e5 sitt beste. Vi tilbyr ogs\u00e5 omfattende introduksjonsoppl\u00e6ring i produktene v\u00e5re, [&hellip;]\" \/>\n<meta property=\"og:url\" content=\"https:\/\/car-o-liner.com\/no\/customer-service\/\" \/>\n<meta property=\"og:site_name\" content=\"Car-O-Liner\" \/>\n<meta property=\"article:modified_time\" content=\"2024-07-08T18:20:30+00:00\" \/>\n<meta property=\"og:image\" content=\"https:\/\/car-o-liner.com\/wp-content\/uploads\/customer-support-hero-3.jpg\" \/>\n\t<meta property=\"og:image:width\" content=\"2000\" \/>\n\t<meta property=\"og:image:height\" content=\"1000\" \/>\n\t<meta property=\"og:image:type\" content=\"image\/jpeg\" \/>\n<meta name=\"twitter:card\" content=\"summary_large_image\" \/>\n<script type=\"application\/ld+json\" class=\"yoast-schema-graph\">{\"@context\":\"https:\/\/schema.org\",\"@graph\":[{\"@type\":\"WebPage\",\"@id\":\"https:\/\/car-o-liner.com\/no\/customer-service\/\",\"url\":\"https:\/\/car-o-liner.com\/no\/customer-service\/\",\"name\":\"Her n\u00e5r du trenger oss - Car-O-Liner\",\"isPartOf\":{\"@id\":\"https:\/\/car-o-liner.com\/no\/#website\"},\"primaryImageOfPage\":{\"@id\":\"https:\/\/car-o-liner.com\/no\/customer-service\/#primaryimage\"},\"image\":{\"@id\":\"https:\/\/car-o-liner.com\/no\/customer-service\/#primaryimage\"},\"thumbnailUrl\":\"https:\/\/car-o-liner.com\/wp-content\/uploads\/customer-support-hero-3.jpg\",\"datePublished\":\"2023-12-04T20:27:50+00:00\",\"dateModified\":\"2024-07-08T18:20:30+00:00\",\"breadcrumb\":{\"@id\":\"https:\/\/car-o-liner.com\/no\/customer-service\/#breadcrumb\"},\"inLanguage\":\"nb-NO\",\"potentialAction\":[{\"@type\":\"ReadAction\",\"target\":[\"https:\/\/car-o-liner.com\/no\/customer-service\/\"]}]},{\"@type\":\"ImageObject\",\"inLanguage\":\"nb-NO\",\"@id\":\"https:\/\/car-o-liner.com\/no\/customer-service\/#primaryimage\",\"url\":\"https:\/\/car-o-liner.com\/wp-content\/uploads\/customer-support-hero-3.jpg\",\"contentUrl\":\"https:\/\/car-o-liner.com\/wp-content\/uploads\/customer-support-hero-3.jpg\",\"width\":2000,\"height\":1000},{\"@type\":\"BreadcrumbList\",\"@id\":\"https:\/\/car-o-liner.com\/no\/customer-service\/#breadcrumb\",\"itemListElement\":[{\"@type\":\"ListItem\",\"position\":1,\"name\":\"Home\",\"item\":\"https:\/\/car-o-liner.com\/no\/\"},{\"@type\":\"ListItem\",\"position\":2,\"name\":\"Her n\u00e5r du trenger oss\"}]},{\"@type\":\"WebSite\",\"@id\":\"https:\/\/car-o-liner.com\/no\/#website\",\"url\":\"https:\/\/car-o-liner.com\/no\/\",\"name\":\"Car-O-Liner\",\"description\":\"Collision Repair Equipment\",\"publisher\":{\"@id\":\"https:\/\/car-o-liner.com\/no\/#organization\"},\"potentialAction\":[{\"@type\":\"SearchAction\",\"target\":{\"@type\":\"EntryPoint\",\"urlTemplate\":\"https:\/\/car-o-liner.com\/no\/?s={search_term_string}\"},\"query-input\":{\"@type\":\"PropertyValueSpecification\",\"valueRequired\":true,\"valueName\":\"search_term_string\"}}],\"inLanguage\":\"nb-NO\"},{\"@type\":\"Organization\",\"@id\":\"https:\/\/car-o-liner.com\/no\/#organization\",\"name\":\"Car-O-Liner\",\"url\":\"https:\/\/car-o-liner.com\/no\/\",\"logo\":{\"@type\":\"ImageObject\",\"inLanguage\":\"nb-NO\",\"@id\":\"https:\/\/car-o-liner.com\/no\/#\/schema\/logo\/image\/\",\"url\":\"https:\/\/car-o-liner.com\/wp-content\/uploads\/Car-O-Liner-blue-web.svg\",\"contentUrl\":\"https:\/\/car-o-liner.com\/wp-content\/uploads\/Car-O-Liner-blue-web.svg\",\"width\":250,\"height\":50,\"caption\":\"Car-O-Liner\"},\"image\":{\"@id\":\"https:\/\/car-o-liner.com\/no\/#\/schema\/logo\/image\/\"}}]}<\/script>\n<!-- \/ Yoast SEO plugin. -->","yoast_head_json":{"title":"Her n\u00e5r du trenger oss - Car-O-Liner","robots":{"index":"index","follow":"follow","max-snippet":"max-snippet:-1","max-image-preview":"max-image-preview:large","max-video-preview":"max-video-preview:-1"},"canonical":"https:\/\/car-o-liner.com\/no\/customer-service\/","og_locale":"nb_NO","og_type":"article","og_title":"Her n\u00e5r du trenger oss - Car-O-Liner","og_description":"Hos Car-O-Liner\u00ae har v\u00e5rt dedikerte serviceteam forpliktet seg til \u00e5 hjelpe deg og bedriften din med \u00e5 opprettholde topp ytelse for produktene dine. Med omfattende ekspertise innen alle aspekter av karosseriprodukter, justering, m\u00e5ling, sammenf\u00f8yningsteknologi, oppvarming og ADAS-kalibrering s\u00f8rger vi for at utstyret ditt fungerer p\u00e5 sitt beste. Vi tilbyr ogs\u00e5 omfattende introduksjonsoppl\u00e6ring i produktene v\u00e5re, [&hellip;]","og_url":"https:\/\/car-o-liner.com\/no\/customer-service\/","og_site_name":"Car-O-Liner","article_modified_time":"2024-07-08T18:20:30+00:00","og_image":[{"width":2000,"height":1000,"url":"https:\/\/car-o-liner.com\/wp-content\/uploads\/customer-support-hero-3.jpg","type":"image\/jpeg"}],"twitter_card":"summary_large_image","schema":{"@context":"https:\/\/schema.org","@graph":[{"@type":"WebPage","@id":"https:\/\/car-o-liner.com\/no\/customer-service\/","url":"https:\/\/car-o-liner.com\/no\/customer-service\/","name":"Her n\u00e5r du trenger oss - Car-O-Liner","isPartOf":{"@id":"https:\/\/car-o-liner.com\/no\/#website"},"primaryImageOfPage":{"@id":"https:\/\/car-o-liner.com\/no\/customer-service\/#primaryimage"},"image":{"@id":"https:\/\/car-o-liner.com\/no\/customer-service\/#primaryimage"},"thumbnailUrl":"https:\/\/car-o-liner.com\/wp-content\/uploads\/customer-support-hero-3.jpg","datePublished":"2023-12-04T20:27:50+00:00","dateModified":"2024-07-08T18:20:30+00:00","breadcrumb":{"@id":"https:\/\/car-o-liner.com\/no\/customer-service\/#breadcrumb"},"inLanguage":"nb-NO","potentialAction":[{"@type":"ReadAction","target":["https:\/\/car-o-liner.com\/no\/customer-service\/"]}]},{"@type":"ImageObject","inLanguage":"nb-NO","@id":"https:\/\/car-o-liner.com\/no\/customer-service\/#primaryimage","url":"https:\/\/car-o-liner.com\/wp-content\/uploads\/customer-support-hero-3.jpg","contentUrl":"https:\/\/car-o-liner.com\/wp-content\/uploads\/customer-support-hero-3.jpg","width":2000,"height":1000},{"@type":"BreadcrumbList","@id":"https:\/\/car-o-liner.com\/no\/customer-service\/#breadcrumb","itemListElement":[{"@type":"ListItem","position":1,"name":"Home","item":"https:\/\/car-o-liner.com\/no\/"},{"@type":"ListItem","position":2,"name":"Her n\u00e5r du trenger oss"}]},{"@type":"WebSite","@id":"https:\/\/car-o-liner.com\/no\/#website","url":"https:\/\/car-o-liner.com\/no\/","name":"Car-O-Liner","description":"Collision Repair Equipment","publisher":{"@id":"https:\/\/car-o-liner.com\/no\/#organization"},"potentialAction":[{"@type":"SearchAction","target":{"@type":"EntryPoint","urlTemplate":"https:\/\/car-o-liner.com\/no\/?s={search_term_string}"},"query-input":{"@type":"PropertyValueSpecification","valueRequired":true,"valueName":"search_term_string"}}],"inLanguage":"nb-NO"},{"@type":"Organization","@id":"https:\/\/car-o-liner.com\/no\/#organization","name":"Car-O-Liner","url":"https:\/\/car-o-liner.com\/no\/","logo":{"@type":"ImageObject","inLanguage":"nb-NO","@id":"https:\/\/car-o-liner.com\/no\/#\/schema\/logo\/image\/","url":"https:\/\/car-o-liner.com\/wp-content\/uploads\/Car-O-Liner-blue-web.svg","contentUrl":"https:\/\/car-o-liner.com\/wp-content\/uploads\/Car-O-Liner-blue-web.svg","width":250,"height":50,"caption":"Car-O-Liner"},"image":{"@id":"https:\/\/car-o-liner.com\/no\/#\/schema\/logo\/image\/"}}]}},"_links":{"self":[{"href":"https:\/\/car-o-liner.com\/no\/wp-json\/wp\/v2\/pages\/83166","targetHints":{"allow":["GET"]}}],"collection":[{"href":"https:\/\/car-o-liner.com\/no\/wp-json\/wp\/v2\/pages"}],"about":[{"href":"https:\/\/car-o-liner.com\/no\/wp-json\/wp\/v2\/types\/page"}],"author":[{"embeddable":true,"href":"https:\/\/car-o-liner.com\/no\/wp-json\/wp\/v2\/users\/1"}],"replies":[{"embeddable":true,"href":"https:\/\/car-o-liner.com\/no\/wp-json\/wp\/v2\/comments?post=83166"}],"version-history":[{"count":3,"href":"https:\/\/car-o-liner.com\/no\/wp-json\/wp\/v2\/pages\/83166\/revisions"}],"predecessor-version":[{"id":93114,"href":"https:\/\/car-o-liner.com\/no\/wp-json\/wp\/v2\/pages\/83166\/revisions\/93114"}],"wp:featuredmedia":[{"embeddable":true,"href":"https:\/\/car-o-liner.com\/no\/wp-json\/wp\/v2\/media\/83167"}],"wp:attachment":[{"href":"https:\/\/car-o-liner.com\/no\/wp-json\/wp\/v2\/media?parent=83166"}],"curies":[{"name":"wp","href":"https:\/\/api.w.org\/{rel}","templated":true}]}}