{"id":89971,"date":"2024-03-04T23:21:20","date_gmt":"2024-03-04T22:21:20","guid":{"rendered":"https:\/\/car-o-liner-test.phl.togglebox.site\/product\/"},"modified":"2024-04-11T20:53:59","modified_gmt":"2024-04-11T18:53:59","slug":"produkter","status":"publish","type":"page","link":"https:\/\/car-o-liner.com\/no\/produkter\/","title":{"rendered":"Verkt\u00f8y for reparasjon etter kollisjon"},"content":{"rendered":"\n<p>Skap bedre forhold for reparasjon av kollisjonsskader med toppmoderne verkt\u00f8y fra Car-O-Liner\u00ae. Produktene v\u00e5re er utviklet med perfeksjon og tilbyr den perfekte blandingen av holdbarhet og p\u00e5litelighet som gj\u00f8r teamet ditt i stand til \u00e5 h\u00e5ndtere enhver reparasjonsoppgave uten problemer.<\/p>\n","protected":false},"excerpt":{"rendered":"<p>Skap bedre forhold for reparasjon av kollisjonsskader med toppmoderne verkt\u00f8y fra Car-O-Liner\u00ae. Produktene v\u00e5re er utviklet med perfeksjon og tilbyr den perfekte blandingen av holdbarhet og p\u00e5litelighet som gj\u00f8r teamet ditt i stand til \u00e5 h\u00e5ndtere enhver reparasjonsoppgave uten problemer.<\/p>\n","protected":false},"author":1,"featured_media":0,"parent":0,"menu_order":0,"comment_status":"closed","ping_status":"closed","template":"page-templates\/product-archive.php","meta":{"footnotes":""},"class_list":["post-89971","page","type-page","status-publish","hentry"],"yoast_head":"<!-- This site is optimized with the Yoast SEO plugin v27.2 - https:\/\/yoast.com\/product\/yoast-seo-wordpress\/ -->\n<title>Verkt\u00f8y for reparasjon av kollisjonsskader | Car-O-Liner NO<\/title>\n<meta name=\"description\" content=\"Utforsk f\u00f8rsteklasses reparasjonsverkt\u00f8y utviklet for fagfolk i bilbransjen. Sjekk v\u00e5rt bransjeledende utstyr og skaler opp reparasjonstjenestene dine.\" \/>\n<meta name=\"robots\" content=\"index, follow, max-snippet:-1, max-image-preview:large, max-video-preview:-1\" \/>\n<link rel=\"canonical\" href=\"https:\/\/car-o-liner.com\/no\/produkter\/\" \/>\n<meta property=\"og:locale\" content=\"nb_NO\" \/>\n<meta property=\"og:type\" content=\"article\" \/>\n<meta property=\"og:title\" content=\"Verkt\u00f8y for reparasjon av kollisjonsskader | Car-O-Liner NO\" \/>\n<meta property=\"og:description\" content=\"Utforsk f\u00f8rsteklasses reparasjonsverkt\u00f8y utviklet for fagfolk i bilbransjen. Sjekk v\u00e5rt bransjeledende utstyr og skaler opp reparasjonstjenestene dine.\" \/>\n<meta property=\"og:url\" content=\"https:\/\/car-o-liner.com\/no\/produkter\/\" \/>\n<meta property=\"og:site_name\" content=\"Car-O-Liner\" \/>\n<meta property=\"article:modified_time\" content=\"2024-04-11T18:53:59+00:00\" \/>\n<meta name=\"twitter:card\" content=\"summary_large_image\" \/>\n<script type=\"application\/ld+json\" class=\"yoast-schema-graph\">{\"@context\":\"https:\/\/schema.org\",\"@graph\":[{\"@type\":\"WebPage\",\"@id\":\"https:\/\/car-o-liner.com\/no\/produkter\/\",\"url\":\"https:\/\/car-o-liner.com\/no\/produkter\/\",\"name\":\"Verkt\u00f8y for reparasjon av kollisjonsskader | Car-O-Liner NO\",\"isPartOf\":{\"@id\":\"https:\/\/car-o-liner.com\/no\/#website\"},\"datePublished\":\"2024-03-04T22:21:20+00:00\",\"dateModified\":\"2024-04-11T18:53:59+00:00\",\"description\":\"Utforsk f\u00f8rsteklasses reparasjonsverkt\u00f8y utviklet for fagfolk i bilbransjen. Sjekk v\u00e5rt bransjeledende utstyr og skaler opp reparasjonstjenestene dine.\",\"breadcrumb\":{\"@id\":\"https:\/\/car-o-liner.com\/no\/produkter\/#breadcrumb\"},\"inLanguage\":\"nb-NO\",\"potentialAction\":[{\"@type\":\"ReadAction\",\"target\":[\"https:\/\/car-o-liner.com\/no\/produkter\/\"]}]},{\"@type\":\"BreadcrumbList\",\"@id\":\"https:\/\/car-o-liner.com\/no\/produkter\/#breadcrumb\",\"itemListElement\":[{\"@type\":\"ListItem\",\"position\":1,\"name\":\"Home\",\"item\":\"https:\/\/car-o-liner.com\/no\/\"},{\"@type\":\"ListItem\",\"position\":2,\"name\":\"Verkt\u00f8y for reparasjon etter kollisjon\"}]},{\"@type\":\"WebSite\",\"@id\":\"https:\/\/car-o-liner.com\/no\/#website\",\"url\":\"https:\/\/car-o-liner.com\/no\/\",\"name\":\"Car-O-Liner\",\"description\":\"Collision Repair Equipment\",\"publisher\":{\"@id\":\"https:\/\/car-o-liner.com\/no\/#organization\"},\"potentialAction\":[{\"@type\":\"SearchAction\",\"target\":{\"@type\":\"EntryPoint\",\"urlTemplate\":\"https:\/\/car-o-liner.com\/no\/?s={search_term_string}\"},\"query-input\":{\"@type\":\"PropertyValueSpecification\",\"valueRequired\":true,\"valueName\":\"search_term_string\"}}],\"inLanguage\":\"nb-NO\"},{\"@type\":\"Organization\",\"@id\":\"https:\/\/car-o-liner.com\/no\/#organization\",\"name\":\"Car-O-Liner\",\"url\":\"https:\/\/car-o-liner.com\/no\/\",\"logo\":{\"@type\":\"ImageObject\",\"inLanguage\":\"nb-NO\",\"@id\":\"https:\/\/car-o-liner.com\/no\/#\/schema\/logo\/image\/\",\"url\":\"https:\/\/car-o-liner.com\/wp-content\/uploads\/Car-O-Liner-blue-web.svg\",\"contentUrl\":\"https:\/\/car-o-liner.com\/wp-content\/uploads\/Car-O-Liner-blue-web.svg\",\"width\":250,\"height\":50,\"caption\":\"Car-O-Liner\"},\"image\":{\"@id\":\"https:\/\/car-o-liner.com\/no\/#\/schema\/logo\/image\/\"}}]}<\/script>\n<!-- \/ Yoast SEO plugin. -->","yoast_head_json":{"title":"Verkt\u00f8y for reparasjon av kollisjonsskader | Car-O-Liner NO","description":"Utforsk f\u00f8rsteklasses reparasjonsverkt\u00f8y utviklet for fagfolk i bilbransjen. Sjekk v\u00e5rt bransjeledende utstyr og skaler opp reparasjonstjenestene dine.","robots":{"index":"index","follow":"follow","max-snippet":"max-snippet:-1","max-image-preview":"max-image-preview:large","max-video-preview":"max-video-preview:-1"},"canonical":"https:\/\/car-o-liner.com\/no\/produkter\/","og_locale":"nb_NO","og_type":"article","og_title":"Verkt\u00f8y for reparasjon av kollisjonsskader | Car-O-Liner NO","og_description":"Utforsk f\u00f8rsteklasses reparasjonsverkt\u00f8y utviklet for fagfolk i bilbransjen. Sjekk v\u00e5rt bransjeledende utstyr og skaler opp reparasjonstjenestene dine.","og_url":"https:\/\/car-o-liner.com\/no\/produkter\/","og_site_name":"Car-O-Liner","article_modified_time":"2024-04-11T18:53:59+00:00","twitter_card":"summary_large_image","schema":{"@context":"https:\/\/schema.org","@graph":[{"@type":"WebPage","@id":"https:\/\/car-o-liner.com\/no\/produkter\/","url":"https:\/\/car-o-liner.com\/no\/produkter\/","name":"Verkt\u00f8y for reparasjon av kollisjonsskader | Car-O-Liner NO","isPartOf":{"@id":"https:\/\/car-o-liner.com\/no\/#website"},"datePublished":"2024-03-04T22:21:20+00:00","dateModified":"2024-04-11T18:53:59+00:00","description":"Utforsk f\u00f8rsteklasses reparasjonsverkt\u00f8y utviklet for fagfolk i bilbransjen. Sjekk v\u00e5rt bransjeledende utstyr og skaler opp reparasjonstjenestene dine.","breadcrumb":{"@id":"https:\/\/car-o-liner.com\/no\/produkter\/#breadcrumb"},"inLanguage":"nb-NO","potentialAction":[{"@type":"ReadAction","target":["https:\/\/car-o-liner.com\/no\/produkter\/"]}]},{"@type":"BreadcrumbList","@id":"https:\/\/car-o-liner.com\/no\/produkter\/#breadcrumb","itemListElement":[{"@type":"ListItem","position":1,"name":"Home","item":"https:\/\/car-o-liner.com\/no\/"},{"@type":"ListItem","position":2,"name":"Verkt\u00f8y for reparasjon etter kollisjon"}]},{"@type":"WebSite","@id":"https:\/\/car-o-liner.com\/no\/#website","url":"https:\/\/car-o-liner.com\/no\/","name":"Car-O-Liner","description":"Collision Repair Equipment","publisher":{"@id":"https:\/\/car-o-liner.com\/no\/#organization"},"potentialAction":[{"@type":"SearchAction","target":{"@type":"EntryPoint","urlTemplate":"https:\/\/car-o-liner.com\/no\/?s={search_term_string}"},"query-input":{"@type":"PropertyValueSpecification","valueRequired":true,"valueName":"search_term_string"}}],"inLanguage":"nb-NO"},{"@type":"Organization","@id":"https:\/\/car-o-liner.com\/no\/#organization","name":"Car-O-Liner","url":"https:\/\/car-o-liner.com\/no\/","logo":{"@type":"ImageObject","inLanguage":"nb-NO","@id":"https:\/\/car-o-liner.com\/no\/#\/schema\/logo\/image\/","url":"https:\/\/car-o-liner.com\/wp-content\/uploads\/Car-O-Liner-blue-web.svg","contentUrl":"https:\/\/car-o-liner.com\/wp-content\/uploads\/Car-O-Liner-blue-web.svg","width":250,"height":50,"caption":"Car-O-Liner"},"image":{"@id":"https:\/\/car-o-liner.com\/no\/#\/schema\/logo\/image\/"}}]}},"_links":{"self":[{"href":"https:\/\/car-o-liner.com\/no\/wp-json\/wp\/v2\/pages\/89971","targetHints":{"allow":["GET"]}}],"collection":[{"href":"https:\/\/car-o-liner.com\/no\/wp-json\/wp\/v2\/pages"}],"about":[{"href":"https:\/\/car-o-liner.com\/no\/wp-json\/wp\/v2\/types\/page"}],"author":[{"embeddable":true,"href":"https:\/\/car-o-liner.com\/no\/wp-json\/wp\/v2\/users\/1"}],"replies":[{"embeddable":true,"href":"https:\/\/car-o-liner.com\/no\/wp-json\/wp\/v2\/comments?post=89971"}],"version-history":[{"count":3,"href":"https:\/\/car-o-liner.com\/no\/wp-json\/wp\/v2\/pages\/89971\/revisions"}],"predecessor-version":[{"id":90391,"href":"https:\/\/car-o-liner.com\/no\/wp-json\/wp\/v2\/pages\/89971\/revisions\/90391"}],"wp:attachment":[{"href":"https:\/\/car-o-liner.com\/no\/wp-json\/wp\/v2\/media?parent=89971"}],"curies":[{"name":"wp","href":"https:\/\/api.w.org\/{rel}","templated":true}]}}