{"id":94200,"date":"2024-10-10T22:56:06","date_gmt":"2024-10-10T20:56:06","guid":{"rendered":"https:\/\/car-o-liner.com\/thank-you\/"},"modified":"2024-11-15T22:01:10","modified_gmt":"2024-11-15T21:01:10","slug":"thank-you","status":"publish","type":"page","link":"https:\/\/car-o-liner.com\/no\/thank-you\/","title":{"rendered":"Takk!"},"content":{"rendered":"\n<p>Takk for din interesse for v\u00e5re produkter. Vi vil kontakte deg s\u00e5 snart som mulig med mer informasjon.<\/p>\n\n\n\n<p>I mellomtiden kan du sjekke ut resten av v\u00e5re produkttilbud.<\/p>\n","protected":false},"excerpt":{"rendered":"<p>Takk for din interesse for v\u00e5re produkter. Vi vil kontakte deg s\u00e5 snart som mulig med mer informasjon. I mellomtiden kan du sjekke ut resten av v\u00e5re produkttilbud.<\/p>\n","protected":false},"author":1,"featured_media":0,"parent":0,"menu_order":0,"comment_status":"closed","ping_status":"closed","template":"page-templates\/thank-you.php","meta":{"footnotes":""},"class_list":["post-94200","page","type-page","status-publish","hentry"],"yoast_head":"<!-- This site is optimized with the Yoast SEO plugin v27.2 - https:\/\/yoast.com\/product\/yoast-seo-wordpress\/ -->\n<title>Takk! - Car-O-Liner<\/title>\n<meta name=\"robots\" content=\"index, follow, max-snippet:-1, max-image-preview:large, max-video-preview:-1\" \/>\n<link rel=\"canonical\" href=\"https:\/\/car-o-liner.com\/no\/thank-you\/\" \/>\n<meta property=\"og:locale\" content=\"nb_NO\" \/>\n<meta property=\"og:type\" content=\"article\" \/>\n<meta property=\"og:title\" content=\"Takk! - Car-O-Liner\" \/>\n<meta property=\"og:description\" content=\"Takk for din interesse for v\u00e5re produkter. Vi vil kontakte deg s\u00e5 snart som mulig med mer informasjon. I mellomtiden kan du sjekke ut resten av v\u00e5re produkttilbud.\" \/>\n<meta property=\"og:url\" content=\"https:\/\/car-o-liner.com\/no\/thank-you\/\" \/>\n<meta property=\"og:site_name\" content=\"Car-O-Liner\" \/>\n<meta property=\"article:modified_time\" content=\"2024-11-15T21:01:10+00:00\" \/>\n<meta name=\"twitter:card\" content=\"summary_large_image\" \/>\n<script type=\"application\/ld+json\" class=\"yoast-schema-graph\">{\"@context\":\"https:\/\/schema.org\",\"@graph\":[{\"@type\":\"WebPage\",\"@id\":\"https:\/\/car-o-liner.com\/no\/thank-you\/\",\"url\":\"https:\/\/car-o-liner.com\/no\/thank-you\/\",\"name\":\"Takk! - Car-O-Liner\",\"isPartOf\":{\"@id\":\"https:\/\/car-o-liner.com\/no\/#website\"},\"datePublished\":\"2024-10-10T20:56:06+00:00\",\"dateModified\":\"2024-11-15T21:01:10+00:00\",\"breadcrumb\":{\"@id\":\"https:\/\/car-o-liner.com\/no\/thank-you\/#breadcrumb\"},\"inLanguage\":\"nb-NO\",\"potentialAction\":[{\"@type\":\"ReadAction\",\"target\":[\"https:\/\/car-o-liner.com\/no\/thank-you\/\"]}]},{\"@type\":\"BreadcrumbList\",\"@id\":\"https:\/\/car-o-liner.com\/no\/thank-you\/#breadcrumb\",\"itemListElement\":[{\"@type\":\"ListItem\",\"position\":1,\"name\":\"Home\",\"item\":\"https:\/\/car-o-liner.com\/no\/\"},{\"@type\":\"ListItem\",\"position\":2,\"name\":\"Takk!\"}]},{\"@type\":\"WebSite\",\"@id\":\"https:\/\/car-o-liner.com\/no\/#website\",\"url\":\"https:\/\/car-o-liner.com\/no\/\",\"name\":\"Car-O-Liner\",\"description\":\"Collision Repair Equipment\",\"publisher\":{\"@id\":\"https:\/\/car-o-liner.com\/no\/#organization\"},\"potentialAction\":[{\"@type\":\"SearchAction\",\"target\":{\"@type\":\"EntryPoint\",\"urlTemplate\":\"https:\/\/car-o-liner.com\/no\/?s={search_term_string}\"},\"query-input\":{\"@type\":\"PropertyValueSpecification\",\"valueRequired\":true,\"valueName\":\"search_term_string\"}}],\"inLanguage\":\"nb-NO\"},{\"@type\":\"Organization\",\"@id\":\"https:\/\/car-o-liner.com\/no\/#organization\",\"name\":\"Car-O-Liner\",\"url\":\"https:\/\/car-o-liner.com\/no\/\",\"logo\":{\"@type\":\"ImageObject\",\"inLanguage\":\"nb-NO\",\"@id\":\"https:\/\/car-o-liner.com\/no\/#\/schema\/logo\/image\/\",\"url\":\"https:\/\/car-o-liner.com\/wp-content\/uploads\/Car-O-Liner-blue-web.svg\",\"contentUrl\":\"https:\/\/car-o-liner.com\/wp-content\/uploads\/Car-O-Liner-blue-web.svg\",\"width\":250,\"height\":50,\"caption\":\"Car-O-Liner\"},\"image\":{\"@id\":\"https:\/\/car-o-liner.com\/no\/#\/schema\/logo\/image\/\"}}]}<\/script>\n<!-- \/ Yoast SEO plugin. -->","yoast_head_json":{"title":"Takk! - Car-O-Liner","robots":{"index":"index","follow":"follow","max-snippet":"max-snippet:-1","max-image-preview":"max-image-preview:large","max-video-preview":"max-video-preview:-1"},"canonical":"https:\/\/car-o-liner.com\/no\/thank-you\/","og_locale":"nb_NO","og_type":"article","og_title":"Takk! - Car-O-Liner","og_description":"Takk for din interesse for v\u00e5re produkter. Vi vil kontakte deg s\u00e5 snart som mulig med mer informasjon. I mellomtiden kan du sjekke ut resten av v\u00e5re produkttilbud.","og_url":"https:\/\/car-o-liner.com\/no\/thank-you\/","og_site_name":"Car-O-Liner","article_modified_time":"2024-11-15T21:01:10+00:00","twitter_card":"summary_large_image","schema":{"@context":"https:\/\/schema.org","@graph":[{"@type":"WebPage","@id":"https:\/\/car-o-liner.com\/no\/thank-you\/","url":"https:\/\/car-o-liner.com\/no\/thank-you\/","name":"Takk! - Car-O-Liner","isPartOf":{"@id":"https:\/\/car-o-liner.com\/no\/#website"},"datePublished":"2024-10-10T20:56:06+00:00","dateModified":"2024-11-15T21:01:10+00:00","breadcrumb":{"@id":"https:\/\/car-o-liner.com\/no\/thank-you\/#breadcrumb"},"inLanguage":"nb-NO","potentialAction":[{"@type":"ReadAction","target":["https:\/\/car-o-liner.com\/no\/thank-you\/"]}]},{"@type":"BreadcrumbList","@id":"https:\/\/car-o-liner.com\/no\/thank-you\/#breadcrumb","itemListElement":[{"@type":"ListItem","position":1,"name":"Home","item":"https:\/\/car-o-liner.com\/no\/"},{"@type":"ListItem","position":2,"name":"Takk!"}]},{"@type":"WebSite","@id":"https:\/\/car-o-liner.com\/no\/#website","url":"https:\/\/car-o-liner.com\/no\/","name":"Car-O-Liner","description":"Collision Repair Equipment","publisher":{"@id":"https:\/\/car-o-liner.com\/no\/#organization"},"potentialAction":[{"@type":"SearchAction","target":{"@type":"EntryPoint","urlTemplate":"https:\/\/car-o-liner.com\/no\/?s={search_term_string}"},"query-input":{"@type":"PropertyValueSpecification","valueRequired":true,"valueName":"search_term_string"}}],"inLanguage":"nb-NO"},{"@type":"Organization","@id":"https:\/\/car-o-liner.com\/no\/#organization","name":"Car-O-Liner","url":"https:\/\/car-o-liner.com\/no\/","logo":{"@type":"ImageObject","inLanguage":"nb-NO","@id":"https:\/\/car-o-liner.com\/no\/#\/schema\/logo\/image\/","url":"https:\/\/car-o-liner.com\/wp-content\/uploads\/Car-O-Liner-blue-web.svg","contentUrl":"https:\/\/car-o-liner.com\/wp-content\/uploads\/Car-O-Liner-blue-web.svg","width":250,"height":50,"caption":"Car-O-Liner"},"image":{"@id":"https:\/\/car-o-liner.com\/no\/#\/schema\/logo\/image\/"}}]}},"_links":{"self":[{"href":"https:\/\/car-o-liner.com\/no\/wp-json\/wp\/v2\/pages\/94200","targetHints":{"allow":["GET"]}}],"collection":[{"href":"https:\/\/car-o-liner.com\/no\/wp-json\/wp\/v2\/pages"}],"about":[{"href":"https:\/\/car-o-liner.com\/no\/wp-json\/wp\/v2\/types\/page"}],"author":[{"embeddable":true,"href":"https:\/\/car-o-liner.com\/no\/wp-json\/wp\/v2\/users\/1"}],"replies":[{"embeddable":true,"href":"https:\/\/car-o-liner.com\/no\/wp-json\/wp\/v2\/comments?post=94200"}],"version-history":[{"count":1,"href":"https:\/\/car-o-liner.com\/no\/wp-json\/wp\/v2\/pages\/94200\/revisions"}],"predecessor-version":[{"id":94208,"href":"https:\/\/car-o-liner.com\/no\/wp-json\/wp\/v2\/pages\/94200\/revisions\/94208"}],"wp:attachment":[{"href":"https:\/\/car-o-liner.com\/no\/wp-json\/wp\/v2\/media?parent=94200"}],"curies":[{"name":"wp","href":"https:\/\/api.w.org\/{rel}","templated":true}]}}