{"id":81773,"date":"2023-06-30T20:55:33","date_gmt":"2023-06-30T18:55:33","guid":{"rendered":"https:\/\/car-o-liner-test.phl.togglebox.site\/product\/measuring-systems\/"},"modified":"2024-04-11T15:55:30","modified_gmt":"2024-04-11T13:55:30","slug":"malesystemer-karosserier","status":"publish","type":"product","link":"https:\/\/car-o-liner.com\/no\/produkter\/malesystemer-karosserier\/","title":{"rendered":"M\u00e5lesystem for karosserier"},"content":{"rendered":"\n<p>N\u00f8yaktig elektronisk 3D-m\u00e5ling<\/p>\n","protected":false},"excerpt":{"rendered":"<p>N\u00f8yaktig elektronisk 3D-m\u00e5ling<\/p>\n","protected":false},"featured_media":81775,"parent":0,"menu_order":3,"template":"page-templates\/measuring-systems.php","format":"standard","meta":[],"class_list":["post-81773","product","type-product","status-publish","format-standard","has-post-thumbnail","hentry"],"yoast_head":"<!-- This site is optimized with the Yoast SEO plugin v27.2 - https:\/\/yoast.com\/product\/yoast-seo-wordpress\/ -->\n<title>M\u00e5lesystemer for karosserier | Car-O-Liner NO<\/title>\n<meta name=\"description\" content=\"Oppdag banebrytende karosserim\u00e5lesystemer for presis reparasjon etter kollisjoner. V\u00e5re verkt\u00f8y gir profesjonell n\u00f8yaktighet.\" \/>\n<meta name=\"robots\" content=\"index, follow, max-snippet:-1, max-image-preview:large, max-video-preview:-1\" \/>\n<link rel=\"canonical\" href=\"https:\/\/car-o-liner.com\/no\/produkter\/malesystemer-karosserier\/\" \/>\n<meta property=\"og:locale\" content=\"nb_NO\" \/>\n<meta property=\"og:type\" content=\"article\" \/>\n<meta property=\"og:title\" content=\"M\u00e5lesystemer for karosserier | Car-O-Liner NO\" \/>\n<meta property=\"og:description\" content=\"Oppdag banebrytende karosserim\u00e5lesystemer for presis reparasjon etter kollisjoner. V\u00e5re verkt\u00f8y gir profesjonell n\u00f8yaktighet.\" \/>\n<meta property=\"og:url\" content=\"https:\/\/car-o-liner.com\/no\/produkter\/malesystemer-karosserier\/\" \/>\n<meta property=\"og:site_name\" content=\"Car-O-Liner\" \/>\n<meta property=\"article:modified_time\" content=\"2024-04-11T13:55:30+00:00\" \/>\n<meta name=\"twitter:card\" content=\"summary_large_image\" \/>\n<script type=\"application\/ld+json\" class=\"yoast-schema-graph\">{\"@context\":\"https:\/\/schema.org\",\"@graph\":[{\"@type\":\"WebPage\",\"@id\":\"https:\/\/car-o-liner.com\/no\/produkter\/malesystemer-karosserier\/\",\"url\":\"https:\/\/car-o-liner.com\/no\/produkter\/malesystemer-karosserier\/\",\"name\":\"M\u00e5lesystemer for karosserier | Car-O-Liner NO\",\"isPartOf\":{\"@id\":\"https:\/\/car-o-liner.com\/no\/#website\"},\"primaryImageOfPage\":{\"@id\":\"https:\/\/car-o-liner.com\/no\/produkter\/malesystemer-karosserier\/#primaryimage\"},\"image\":{\"@id\":\"https:\/\/car-o-liner.com\/no\/produkter\/malesystemer-karosserier\/#primaryimage\"},\"thumbnailUrl\":\"https:\/\/car-o-liner.com\/wp-content\/uploads\/media_library_export-caroliner-2023_08_08_15_04_31\/measuring.svg\",\"datePublished\":\"2023-06-30T18:55:33+00:00\",\"dateModified\":\"2024-04-11T13:55:30+00:00\",\"description\":\"Oppdag banebrytende karosserim\u00e5lesystemer for presis reparasjon etter kollisjoner. V\u00e5re verkt\u00f8y gir profesjonell n\u00f8yaktighet.\",\"breadcrumb\":{\"@id\":\"https:\/\/car-o-liner.com\/no\/produkter\/malesystemer-karosserier\/#breadcrumb\"},\"inLanguage\":\"nb-NO\",\"potentialAction\":[{\"@type\":\"ReadAction\",\"target\":[\"https:\/\/car-o-liner.com\/no\/produkter\/malesystemer-karosserier\/\"]}]},{\"@type\":\"ImageObject\",\"inLanguage\":\"nb-NO\",\"@id\":\"https:\/\/car-o-liner.com\/no\/produkter\/malesystemer-karosserier\/#primaryimage\",\"url\":\"https:\/\/car-o-liner.com\/wp-content\/uploads\/media_library_export-caroliner-2023_08_08_15_04_31\/measuring.svg\",\"contentUrl\":\"https:\/\/car-o-liner.com\/wp-content\/uploads\/media_library_export-caroliner-2023_08_08_15_04_31\/measuring.svg\",\"width\":512,\"height\":512},{\"@type\":\"BreadcrumbList\",\"@id\":\"https:\/\/car-o-liner.com\/no\/produkter\/malesystemer-karosserier\/#breadcrumb\",\"itemListElement\":[{\"@type\":\"ListItem\",\"position\":1,\"name\":\"Home\",\"item\":\"https:\/\/car-o-liner.com\/no\/\"},{\"@type\":\"ListItem\",\"position\":2,\"name\":\"M\u00e5lesystem for karosserier\"}]},{\"@type\":\"WebSite\",\"@id\":\"https:\/\/car-o-liner.com\/no\/#website\",\"url\":\"https:\/\/car-o-liner.com\/no\/\",\"name\":\"Car-O-Liner\",\"description\":\"Collision Repair Equipment\",\"publisher\":{\"@id\":\"https:\/\/car-o-liner.com\/no\/#organization\"},\"potentialAction\":[{\"@type\":\"SearchAction\",\"target\":{\"@type\":\"EntryPoint\",\"urlTemplate\":\"https:\/\/car-o-liner.com\/no\/?s={search_term_string}\"},\"query-input\":{\"@type\":\"PropertyValueSpecification\",\"valueRequired\":true,\"valueName\":\"search_term_string\"}}],\"inLanguage\":\"nb-NO\"},{\"@type\":\"Organization\",\"@id\":\"https:\/\/car-o-liner.com\/no\/#organization\",\"name\":\"Car-O-Liner\",\"url\":\"https:\/\/car-o-liner.com\/no\/\",\"logo\":{\"@type\":\"ImageObject\",\"inLanguage\":\"nb-NO\",\"@id\":\"https:\/\/car-o-liner.com\/no\/#\/schema\/logo\/image\/\",\"url\":\"https:\/\/car-o-liner.com\/wp-content\/uploads\/Car-O-Liner-blue-web.svg\",\"contentUrl\":\"https:\/\/car-o-liner.com\/wp-content\/uploads\/Car-O-Liner-blue-web.svg\",\"width\":250,\"height\":50,\"caption\":\"Car-O-Liner\"},\"image\":{\"@id\":\"https:\/\/car-o-liner.com\/no\/#\/schema\/logo\/image\/\"}}]}<\/script>\n<!-- \/ Yoast SEO plugin. -->","yoast_head_json":{"title":"M\u00e5lesystemer for karosserier | Car-O-Liner NO","description":"Oppdag banebrytende karosserim\u00e5lesystemer for presis reparasjon etter kollisjoner. V\u00e5re verkt\u00f8y gir profesjonell n\u00f8yaktighet.","robots":{"index":"index","follow":"follow","max-snippet":"max-snippet:-1","max-image-preview":"max-image-preview:large","max-video-preview":"max-video-preview:-1"},"canonical":"https:\/\/car-o-liner.com\/no\/produkter\/malesystemer-karosserier\/","og_locale":"nb_NO","og_type":"article","og_title":"M\u00e5lesystemer for karosserier | Car-O-Liner NO","og_description":"Oppdag banebrytende karosserim\u00e5lesystemer for presis reparasjon etter kollisjoner. V\u00e5re verkt\u00f8y gir profesjonell n\u00f8yaktighet.","og_url":"https:\/\/car-o-liner.com\/no\/produkter\/malesystemer-karosserier\/","og_site_name":"Car-O-Liner","article_modified_time":"2024-04-11T13:55:30+00:00","twitter_card":"summary_large_image","schema":{"@context":"https:\/\/schema.org","@graph":[{"@type":"WebPage","@id":"https:\/\/car-o-liner.com\/no\/produkter\/malesystemer-karosserier\/","url":"https:\/\/car-o-liner.com\/no\/produkter\/malesystemer-karosserier\/","name":"M\u00e5lesystemer for karosserier | Car-O-Liner NO","isPartOf":{"@id":"https:\/\/car-o-liner.com\/no\/#website"},"primaryImageOfPage":{"@id":"https:\/\/car-o-liner.com\/no\/produkter\/malesystemer-karosserier\/#primaryimage"},"image":{"@id":"https:\/\/car-o-liner.com\/no\/produkter\/malesystemer-karosserier\/#primaryimage"},"thumbnailUrl":"https:\/\/car-o-liner.com\/wp-content\/uploads\/media_library_export-caroliner-2023_08_08_15_04_31\/measuring.svg","datePublished":"2023-06-30T18:55:33+00:00","dateModified":"2024-04-11T13:55:30+00:00","description":"Oppdag banebrytende karosserim\u00e5lesystemer for presis reparasjon etter kollisjoner. V\u00e5re verkt\u00f8y gir profesjonell n\u00f8yaktighet.","breadcrumb":{"@id":"https:\/\/car-o-liner.com\/no\/produkter\/malesystemer-karosserier\/#breadcrumb"},"inLanguage":"nb-NO","potentialAction":[{"@type":"ReadAction","target":["https:\/\/car-o-liner.com\/no\/produkter\/malesystemer-karosserier\/"]}]},{"@type":"ImageObject","inLanguage":"nb-NO","@id":"https:\/\/car-o-liner.com\/no\/produkter\/malesystemer-karosserier\/#primaryimage","url":"https:\/\/car-o-liner.com\/wp-content\/uploads\/media_library_export-caroliner-2023_08_08_15_04_31\/measuring.svg","contentUrl":"https:\/\/car-o-liner.com\/wp-content\/uploads\/media_library_export-caroliner-2023_08_08_15_04_31\/measuring.svg","width":512,"height":512},{"@type":"BreadcrumbList","@id":"https:\/\/car-o-liner.com\/no\/produkter\/malesystemer-karosserier\/#breadcrumb","itemListElement":[{"@type":"ListItem","position":1,"name":"Home","item":"https:\/\/car-o-liner.com\/no\/"},{"@type":"ListItem","position":2,"name":"M\u00e5lesystem for karosserier"}]},{"@type":"WebSite","@id":"https:\/\/car-o-liner.com\/no\/#website","url":"https:\/\/car-o-liner.com\/no\/","name":"Car-O-Liner","description":"Collision Repair Equipment","publisher":{"@id":"https:\/\/car-o-liner.com\/no\/#organization"},"potentialAction":[{"@type":"SearchAction","target":{"@type":"EntryPoint","urlTemplate":"https:\/\/car-o-liner.com\/no\/?s={search_term_string}"},"query-input":{"@type":"PropertyValueSpecification","valueRequired":true,"valueName":"search_term_string"}}],"inLanguage":"nb-NO"},{"@type":"Organization","@id":"https:\/\/car-o-liner.com\/no\/#organization","name":"Car-O-Liner","url":"https:\/\/car-o-liner.com\/no\/","logo":{"@type":"ImageObject","inLanguage":"nb-NO","@id":"https:\/\/car-o-liner.com\/no\/#\/schema\/logo\/image\/","url":"https:\/\/car-o-liner.com\/wp-content\/uploads\/Car-O-Liner-blue-web.svg","contentUrl":"https:\/\/car-o-liner.com\/wp-content\/uploads\/Car-O-Liner-blue-web.svg","width":250,"height":50,"caption":"Car-O-Liner"},"image":{"@id":"https:\/\/car-o-liner.com\/no\/#\/schema\/logo\/image\/"}}]}},"_links":{"self":[{"href":"https:\/\/car-o-liner.com\/no\/wp-json\/wp\/v2\/product\/81773","targetHints":{"allow":["GET"]}}],"collection":[{"href":"https:\/\/car-o-liner.com\/no\/wp-json\/wp\/v2\/product"}],"about":[{"href":"https:\/\/car-o-liner.com\/no\/wp-json\/wp\/v2\/types\/product"}],"wp:featuredmedia":[{"embeddable":true,"href":"https:\/\/car-o-liner.com\/no\/wp-json\/wp\/v2\/media\/81775"}],"wp:attachment":[{"href":"https:\/\/car-o-liner.com\/no\/wp-json\/wp\/v2\/media?parent=81773"}],"curies":[{"name":"wp","href":"https:\/\/api.w.org\/{rel}","templated":true}]}}