{"id":81794,"date":"2023-06-30T20:56:39","date_gmt":"2023-06-30T18:56:39","guid":{"rendered":"https:\/\/car-o-liner-test.phl.togglebox.site\/product\/workshop-solutions\/"},"modified":"2024-04-11T15:56:27","modified_gmt":"2024-04-11T13:56:27","slug":"verkstedslosninger","status":"publish","type":"product","link":"https:\/\/car-o-liner.com\/no\/produkter\/verkstedslosninger\/","title":{"rendered":"Verkstedl\u00f8sninger"},"content":{"rendered":"\n<p>Forbedre produktivitet og l\u00f8nnsomhet<\/p>\n","protected":false},"excerpt":{"rendered":"<p>Forbedre produktivitet og l\u00f8nnsomhet<\/p>\n","protected":false},"featured_media":81795,"parent":0,"menu_order":4,"template":"page-templates\/joining-heating.php","format":"standard","meta":[],"class_list":["post-81794","product","type-product","status-publish","format-standard","has-post-thumbnail","hentry"],"yoast_head":"<!-- This site is optimized with the Yoast SEO plugin v27.2 - https:\/\/yoast.com\/product\/yoast-seo-wordpress\/ -->\n<title>Verkstedsl\u00f8sninger | Car-O-Liner NO<\/title>\n<meta name=\"description\" content=\"Skaler opp verkstedet ditt med v\u00e5re allsidige verkstedsl\u00f8sninger for reparasjon av kollisjonsskader. Vi tilbyr alt fra l\u00f8fter til verkt\u00f8y, slik at du har det du trenger for \u00e5 oppn\u00e5 optimal effektivitet.\" \/>\n<meta name=\"robots\" content=\"index, follow, max-snippet:-1, max-image-preview:large, max-video-preview:-1\" \/>\n<link rel=\"canonical\" href=\"https:\/\/car-o-liner.com\/no\/produkter\/verkstedslosninger\/\" \/>\n<meta property=\"og:locale\" content=\"nb_NO\" \/>\n<meta property=\"og:type\" content=\"article\" \/>\n<meta property=\"og:title\" content=\"Verkstedsl\u00f8sninger | Car-O-Liner NO\" \/>\n<meta property=\"og:description\" content=\"Skaler opp verkstedet ditt med v\u00e5re allsidige verkstedsl\u00f8sninger for reparasjon av kollisjonsskader. Vi tilbyr alt fra l\u00f8fter til verkt\u00f8y, slik at du har det du trenger for \u00e5 oppn\u00e5 optimal effektivitet.\" \/>\n<meta property=\"og:url\" content=\"https:\/\/car-o-liner.com\/no\/produkter\/verkstedslosninger\/\" \/>\n<meta property=\"og:site_name\" content=\"Car-O-Liner\" \/>\n<meta property=\"article:modified_time\" content=\"2024-04-11T13:56:27+00:00\" \/>\n<meta name=\"twitter:card\" content=\"summary_large_image\" \/>\n<script type=\"application\/ld+json\" class=\"yoast-schema-graph\">{\"@context\":\"https:\/\/schema.org\",\"@graph\":[{\"@type\":\"WebPage\",\"@id\":\"https:\/\/car-o-liner.com\/no\/produkter\/verkstedslosninger\/\",\"url\":\"https:\/\/car-o-liner.com\/no\/produkter\/verkstedslosninger\/\",\"name\":\"Verkstedsl\u00f8sninger | Car-O-Liner NO\",\"isPartOf\":{\"@id\":\"https:\/\/car-o-liner.com\/no\/#website\"},\"primaryImageOfPage\":{\"@id\":\"https:\/\/car-o-liner.com\/no\/produkter\/verkstedslosninger\/#primaryimage\"},\"image\":{\"@id\":\"https:\/\/car-o-liner.com\/no\/produkter\/verkstedslosninger\/#primaryimage\"},\"thumbnailUrl\":\"https:\/\/car-o-liner.com\/wp-content\/uploads\/media_library_export-caroliner-2023_08_08_15_04_31\/workshop_solutions.svg\",\"datePublished\":\"2023-06-30T18:56:39+00:00\",\"dateModified\":\"2024-04-11T13:56:27+00:00\",\"description\":\"Skaler opp verkstedet ditt med v\u00e5re allsidige verkstedsl\u00f8sninger for reparasjon av kollisjonsskader. Vi tilbyr alt fra l\u00f8fter til verkt\u00f8y, slik at du har det du trenger for \u00e5 oppn\u00e5 optimal effektivitet.\",\"breadcrumb\":{\"@id\":\"https:\/\/car-o-liner.com\/no\/produkter\/verkstedslosninger\/#breadcrumb\"},\"inLanguage\":\"nb-NO\",\"potentialAction\":[{\"@type\":\"ReadAction\",\"target\":[\"https:\/\/car-o-liner.com\/no\/produkter\/verkstedslosninger\/\"]}]},{\"@type\":\"ImageObject\",\"inLanguage\":\"nb-NO\",\"@id\":\"https:\/\/car-o-liner.com\/no\/produkter\/verkstedslosninger\/#primaryimage\",\"url\":\"https:\/\/car-o-liner.com\/wp-content\/uploads\/media_library_export-caroliner-2023_08_08_15_04_31\/workshop_solutions.svg\",\"contentUrl\":\"https:\/\/car-o-liner.com\/wp-content\/uploads\/media_library_export-caroliner-2023_08_08_15_04_31\/workshop_solutions.svg\",\"width\":512,\"height\":512},{\"@type\":\"BreadcrumbList\",\"@id\":\"https:\/\/car-o-liner.com\/no\/produkter\/verkstedslosninger\/#breadcrumb\",\"itemListElement\":[{\"@type\":\"ListItem\",\"position\":1,\"name\":\"Home\",\"item\":\"https:\/\/car-o-liner.com\/no\/\"},{\"@type\":\"ListItem\",\"position\":2,\"name\":\"Verkstedl\u00f8sninger\"}]},{\"@type\":\"WebSite\",\"@id\":\"https:\/\/car-o-liner.com\/no\/#website\",\"url\":\"https:\/\/car-o-liner.com\/no\/\",\"name\":\"Car-O-Liner\",\"description\":\"Collision Repair Equipment\",\"publisher\":{\"@id\":\"https:\/\/car-o-liner.com\/no\/#organization\"},\"potentialAction\":[{\"@type\":\"SearchAction\",\"target\":{\"@type\":\"EntryPoint\",\"urlTemplate\":\"https:\/\/car-o-liner.com\/no\/?s={search_term_string}\"},\"query-input\":{\"@type\":\"PropertyValueSpecification\",\"valueRequired\":true,\"valueName\":\"search_term_string\"}}],\"inLanguage\":\"nb-NO\"},{\"@type\":\"Organization\",\"@id\":\"https:\/\/car-o-liner.com\/no\/#organization\",\"name\":\"Car-O-Liner\",\"url\":\"https:\/\/car-o-liner.com\/no\/\",\"logo\":{\"@type\":\"ImageObject\",\"inLanguage\":\"nb-NO\",\"@id\":\"https:\/\/car-o-liner.com\/no\/#\/schema\/logo\/image\/\",\"url\":\"https:\/\/car-o-liner.com\/wp-content\/uploads\/Car-O-Liner-blue-web.svg\",\"contentUrl\":\"https:\/\/car-o-liner.com\/wp-content\/uploads\/Car-O-Liner-blue-web.svg\",\"width\":250,\"height\":50,\"caption\":\"Car-O-Liner\"},\"image\":{\"@id\":\"https:\/\/car-o-liner.com\/no\/#\/schema\/logo\/image\/\"}}]}<\/script>\n<!-- \/ Yoast SEO plugin. -->","yoast_head_json":{"title":"Verkstedsl\u00f8sninger | Car-O-Liner NO","description":"Skaler opp verkstedet ditt med v\u00e5re allsidige verkstedsl\u00f8sninger for reparasjon av kollisjonsskader. Vi tilbyr alt fra l\u00f8fter til verkt\u00f8y, slik at du har det du trenger for \u00e5 oppn\u00e5 optimal effektivitet.","robots":{"index":"index","follow":"follow","max-snippet":"max-snippet:-1","max-image-preview":"max-image-preview:large","max-video-preview":"max-video-preview:-1"},"canonical":"https:\/\/car-o-liner.com\/no\/produkter\/verkstedslosninger\/","og_locale":"nb_NO","og_type":"article","og_title":"Verkstedsl\u00f8sninger | Car-O-Liner NO","og_description":"Skaler opp verkstedet ditt med v\u00e5re allsidige verkstedsl\u00f8sninger for reparasjon av kollisjonsskader. Vi tilbyr alt fra l\u00f8fter til verkt\u00f8y, slik at du har det du trenger for \u00e5 oppn\u00e5 optimal effektivitet.","og_url":"https:\/\/car-o-liner.com\/no\/produkter\/verkstedslosninger\/","og_site_name":"Car-O-Liner","article_modified_time":"2024-04-11T13:56:27+00:00","twitter_card":"summary_large_image","schema":{"@context":"https:\/\/schema.org","@graph":[{"@type":"WebPage","@id":"https:\/\/car-o-liner.com\/no\/produkter\/verkstedslosninger\/","url":"https:\/\/car-o-liner.com\/no\/produkter\/verkstedslosninger\/","name":"Verkstedsl\u00f8sninger | Car-O-Liner NO","isPartOf":{"@id":"https:\/\/car-o-liner.com\/no\/#website"},"primaryImageOfPage":{"@id":"https:\/\/car-o-liner.com\/no\/produkter\/verkstedslosninger\/#primaryimage"},"image":{"@id":"https:\/\/car-o-liner.com\/no\/produkter\/verkstedslosninger\/#primaryimage"},"thumbnailUrl":"https:\/\/car-o-liner.com\/wp-content\/uploads\/media_library_export-caroliner-2023_08_08_15_04_31\/workshop_solutions.svg","datePublished":"2023-06-30T18:56:39+00:00","dateModified":"2024-04-11T13:56:27+00:00","description":"Skaler opp verkstedet ditt med v\u00e5re allsidige verkstedsl\u00f8sninger for reparasjon av kollisjonsskader. Vi tilbyr alt fra l\u00f8fter til verkt\u00f8y, slik at du har det du trenger for \u00e5 oppn\u00e5 optimal effektivitet.","breadcrumb":{"@id":"https:\/\/car-o-liner.com\/no\/produkter\/verkstedslosninger\/#breadcrumb"},"inLanguage":"nb-NO","potentialAction":[{"@type":"ReadAction","target":["https:\/\/car-o-liner.com\/no\/produkter\/verkstedslosninger\/"]}]},{"@type":"ImageObject","inLanguage":"nb-NO","@id":"https:\/\/car-o-liner.com\/no\/produkter\/verkstedslosninger\/#primaryimage","url":"https:\/\/car-o-liner.com\/wp-content\/uploads\/media_library_export-caroliner-2023_08_08_15_04_31\/workshop_solutions.svg","contentUrl":"https:\/\/car-o-liner.com\/wp-content\/uploads\/media_library_export-caroliner-2023_08_08_15_04_31\/workshop_solutions.svg","width":512,"height":512},{"@type":"BreadcrumbList","@id":"https:\/\/car-o-liner.com\/no\/produkter\/verkstedslosninger\/#breadcrumb","itemListElement":[{"@type":"ListItem","position":1,"name":"Home","item":"https:\/\/car-o-liner.com\/no\/"},{"@type":"ListItem","position":2,"name":"Verkstedl\u00f8sninger"}]},{"@type":"WebSite","@id":"https:\/\/car-o-liner.com\/no\/#website","url":"https:\/\/car-o-liner.com\/no\/","name":"Car-O-Liner","description":"Collision Repair Equipment","publisher":{"@id":"https:\/\/car-o-liner.com\/no\/#organization"},"potentialAction":[{"@type":"SearchAction","target":{"@type":"EntryPoint","urlTemplate":"https:\/\/car-o-liner.com\/no\/?s={search_term_string}"},"query-input":{"@type":"PropertyValueSpecification","valueRequired":true,"valueName":"search_term_string"}}],"inLanguage":"nb-NO"},{"@type":"Organization","@id":"https:\/\/car-o-liner.com\/no\/#organization","name":"Car-O-Liner","url":"https:\/\/car-o-liner.com\/no\/","logo":{"@type":"ImageObject","inLanguage":"nb-NO","@id":"https:\/\/car-o-liner.com\/no\/#\/schema\/logo\/image\/","url":"https:\/\/car-o-liner.com\/wp-content\/uploads\/Car-O-Liner-blue-web.svg","contentUrl":"https:\/\/car-o-liner.com\/wp-content\/uploads\/Car-O-Liner-blue-web.svg","width":250,"height":50,"caption":"Car-O-Liner"},"image":{"@id":"https:\/\/car-o-liner.com\/no\/#\/schema\/logo\/image\/"}}]}},"_links":{"self":[{"href":"https:\/\/car-o-liner.com\/no\/wp-json\/wp\/v2\/product\/81794","targetHints":{"allow":["GET"]}}],"collection":[{"href":"https:\/\/car-o-liner.com\/no\/wp-json\/wp\/v2\/product"}],"about":[{"href":"https:\/\/car-o-liner.com\/no\/wp-json\/wp\/v2\/types\/product"}],"wp:featuredmedia":[{"embeddable":true,"href":"https:\/\/car-o-liner.com\/no\/wp-json\/wp\/v2\/media\/81795"}],"wp:attachment":[{"href":"https:\/\/car-o-liner.com\/no\/wp-json\/wp\/v2\/media?parent=81794"}],"curies":[{"name":"wp","href":"https:\/\/api.w.org\/{rel}","templated":true}]}}