{"id":86601,"date":"2023-07-05T21:09:42","date_gmt":"2023-07-05T19:09:42","guid":{"rendered":"https:\/\/car-o-liner-test.phl.togglebox.site\/product\/joining-heating\/riveting\/"},"modified":"2024-04-11T15:54:37","modified_gmt":"2024-04-11T13:54:37","slug":"naglepistoler-til-biler","status":"publish","type":"product","link":"https:\/\/car-o-liner.com\/no\/produkter\/naglepistoler-til-biler\/","title":{"rendered":"Naglepistoler for biler"},"content":{"rendered":"","protected":false},"excerpt":{"rendered":"","protected":false},"featured_media":0,"parent":81753,"menu_order":4,"template":"page-templates\/alignment-straightening-narrow.php","format":"standard","meta":[],"class_list":["post-86601","product","type-product","status-publish","format-standard","hentry"],"yoast_head":"<!-- This site is optimized with the Yoast SEO plugin v27.2 - https:\/\/yoast.com\/product\/yoast-seo-wordpress\/ -->\n<title>Naglepistoler til biler | Car-O-Liner NO<\/title>\n<meta name=\"description\" content=\"Utvid verkt\u00f8ykassen din med v\u00e5re avanserte bilnaglepistoler. Profesjonell presisjon og holdbarhet ved reparasjon av kollisjonsskader. Handle n\u00e5.\" \/>\n<meta name=\"robots\" content=\"index, follow, max-snippet:-1, max-image-preview:large, max-video-preview:-1\" \/>\n<link rel=\"canonical\" href=\"https:\/\/car-o-liner.com\/no\/produkter\/naglepistoler-til-biler\/\" \/>\n<meta property=\"og:locale\" content=\"nb_NO\" \/>\n<meta property=\"og:type\" content=\"article\" \/>\n<meta property=\"og:title\" content=\"Naglepistoler til biler | Car-O-Liner NO\" \/>\n<meta property=\"og:description\" content=\"Utvid verkt\u00f8ykassen din med v\u00e5re avanserte bilnaglepistoler. Profesjonell presisjon og holdbarhet ved reparasjon av kollisjonsskader. Handle n\u00e5.\" \/>\n<meta property=\"og:url\" content=\"https:\/\/car-o-liner.com\/no\/produkter\/naglepistoler-til-biler\/\" \/>\n<meta property=\"og:site_name\" content=\"Car-O-Liner\" \/>\n<meta property=\"article:modified_time\" content=\"2024-04-11T13:54:37+00:00\" \/>\n<meta name=\"twitter:card\" content=\"summary_large_image\" \/>\n<script type=\"application\/ld+json\" class=\"yoast-schema-graph\">{\"@context\":\"https:\/\/schema.org\",\"@graph\":[{\"@type\":\"WebPage\",\"@id\":\"https:\/\/car-o-liner.com\/no\/produkter\/naglepistoler-til-biler\/\",\"url\":\"https:\/\/car-o-liner.com\/no\/produkter\/naglepistoler-til-biler\/\",\"name\":\"Naglepistoler til biler | Car-O-Liner NO\",\"isPartOf\":{\"@id\":\"https:\/\/car-o-liner.com\/no\/#website\"},\"datePublished\":\"2023-07-05T19:09:42+00:00\",\"dateModified\":\"2024-04-11T13:54:37+00:00\",\"description\":\"Utvid verkt\u00f8ykassen din med v\u00e5re avanserte bilnaglepistoler. Profesjonell presisjon og holdbarhet ved reparasjon av kollisjonsskader. Handle n\u00e5.\",\"breadcrumb\":{\"@id\":\"https:\/\/car-o-liner.com\/no\/produkter\/naglepistoler-til-biler\/#breadcrumb\"},\"inLanguage\":\"nb-NO\",\"potentialAction\":[{\"@type\":\"ReadAction\",\"target\":[\"https:\/\/car-o-liner.com\/no\/produkter\/naglepistoler-til-biler\/\"]}]},{\"@type\":\"BreadcrumbList\",\"@id\":\"https:\/\/car-o-liner.com\/no\/produkter\/naglepistoler-til-biler\/#breadcrumb\",\"itemListElement\":[{\"@type\":\"ListItem\",\"position\":1,\"name\":\"Home\",\"item\":\"https:\/\/car-o-liner.com\/no\/\"},{\"@type\":\"ListItem\",\"position\":2,\"name\":\"Sammenf\u00f8yning og Oppvarming\",\"item\":\"https:\/\/car-o-liner.com\/no\/produkter\/sammenfoyning-induksjon\/\"},{\"@type\":\"ListItem\",\"position\":3,\"name\":\"Naglepistoler for biler\"}]},{\"@type\":\"WebSite\",\"@id\":\"https:\/\/car-o-liner.com\/no\/#website\",\"url\":\"https:\/\/car-o-liner.com\/no\/\",\"name\":\"Car-O-Liner\",\"description\":\"Collision Repair Equipment\",\"publisher\":{\"@id\":\"https:\/\/car-o-liner.com\/no\/#organization\"},\"potentialAction\":[{\"@type\":\"SearchAction\",\"target\":{\"@type\":\"EntryPoint\",\"urlTemplate\":\"https:\/\/car-o-liner.com\/no\/?s={search_term_string}\"},\"query-input\":{\"@type\":\"PropertyValueSpecification\",\"valueRequired\":true,\"valueName\":\"search_term_string\"}}],\"inLanguage\":\"nb-NO\"},{\"@type\":\"Organization\",\"@id\":\"https:\/\/car-o-liner.com\/no\/#organization\",\"name\":\"Car-O-Liner\",\"url\":\"https:\/\/car-o-liner.com\/no\/\",\"logo\":{\"@type\":\"ImageObject\",\"inLanguage\":\"nb-NO\",\"@id\":\"https:\/\/car-o-liner.com\/no\/#\/schema\/logo\/image\/\",\"url\":\"https:\/\/car-o-liner.com\/wp-content\/uploads\/Car-O-Liner-blue-web.svg\",\"contentUrl\":\"https:\/\/car-o-liner.com\/wp-content\/uploads\/Car-O-Liner-blue-web.svg\",\"width\":250,\"height\":50,\"caption\":\"Car-O-Liner\"},\"image\":{\"@id\":\"https:\/\/car-o-liner.com\/no\/#\/schema\/logo\/image\/\"}}]}<\/script>\n<!-- \/ Yoast SEO plugin. -->","yoast_head_json":{"title":"Naglepistoler til biler | Car-O-Liner NO","description":"Utvid verkt\u00f8ykassen din med v\u00e5re avanserte bilnaglepistoler. Profesjonell presisjon og holdbarhet ved reparasjon av kollisjonsskader. Handle n\u00e5.","robots":{"index":"index","follow":"follow","max-snippet":"max-snippet:-1","max-image-preview":"max-image-preview:large","max-video-preview":"max-video-preview:-1"},"canonical":"https:\/\/car-o-liner.com\/no\/produkter\/naglepistoler-til-biler\/","og_locale":"nb_NO","og_type":"article","og_title":"Naglepistoler til biler | Car-O-Liner NO","og_description":"Utvid verkt\u00f8ykassen din med v\u00e5re avanserte bilnaglepistoler. Profesjonell presisjon og holdbarhet ved reparasjon av kollisjonsskader. Handle n\u00e5.","og_url":"https:\/\/car-o-liner.com\/no\/produkter\/naglepistoler-til-biler\/","og_site_name":"Car-O-Liner","article_modified_time":"2024-04-11T13:54:37+00:00","twitter_card":"summary_large_image","schema":{"@context":"https:\/\/schema.org","@graph":[{"@type":"WebPage","@id":"https:\/\/car-o-liner.com\/no\/produkter\/naglepistoler-til-biler\/","url":"https:\/\/car-o-liner.com\/no\/produkter\/naglepistoler-til-biler\/","name":"Naglepistoler til biler | Car-O-Liner NO","isPartOf":{"@id":"https:\/\/car-o-liner.com\/no\/#website"},"datePublished":"2023-07-05T19:09:42+00:00","dateModified":"2024-04-11T13:54:37+00:00","description":"Utvid verkt\u00f8ykassen din med v\u00e5re avanserte bilnaglepistoler. Profesjonell presisjon og holdbarhet ved reparasjon av kollisjonsskader. Handle n\u00e5.","breadcrumb":{"@id":"https:\/\/car-o-liner.com\/no\/produkter\/naglepistoler-til-biler\/#breadcrumb"},"inLanguage":"nb-NO","potentialAction":[{"@type":"ReadAction","target":["https:\/\/car-o-liner.com\/no\/produkter\/naglepistoler-til-biler\/"]}]},{"@type":"BreadcrumbList","@id":"https:\/\/car-o-liner.com\/no\/produkter\/naglepistoler-til-biler\/#breadcrumb","itemListElement":[{"@type":"ListItem","position":1,"name":"Home","item":"https:\/\/car-o-liner.com\/no\/"},{"@type":"ListItem","position":2,"name":"Sammenf\u00f8yning og Oppvarming","item":"https:\/\/car-o-liner.com\/no\/produkter\/sammenfoyning-induksjon\/"},{"@type":"ListItem","position":3,"name":"Naglepistoler for biler"}]},{"@type":"WebSite","@id":"https:\/\/car-o-liner.com\/no\/#website","url":"https:\/\/car-o-liner.com\/no\/","name":"Car-O-Liner","description":"Collision Repair Equipment","publisher":{"@id":"https:\/\/car-o-liner.com\/no\/#organization"},"potentialAction":[{"@type":"SearchAction","target":{"@type":"EntryPoint","urlTemplate":"https:\/\/car-o-liner.com\/no\/?s={search_term_string}"},"query-input":{"@type":"PropertyValueSpecification","valueRequired":true,"valueName":"search_term_string"}}],"inLanguage":"nb-NO"},{"@type":"Organization","@id":"https:\/\/car-o-liner.com\/no\/#organization","name":"Car-O-Liner","url":"https:\/\/car-o-liner.com\/no\/","logo":{"@type":"ImageObject","inLanguage":"nb-NO","@id":"https:\/\/car-o-liner.com\/no\/#\/schema\/logo\/image\/","url":"https:\/\/car-o-liner.com\/wp-content\/uploads\/Car-O-Liner-blue-web.svg","contentUrl":"https:\/\/car-o-liner.com\/wp-content\/uploads\/Car-O-Liner-blue-web.svg","width":250,"height":50,"caption":"Car-O-Liner"},"image":{"@id":"https:\/\/car-o-liner.com\/no\/#\/schema\/logo\/image\/"}}]}},"_links":{"self":[{"href":"https:\/\/car-o-liner.com\/no\/wp-json\/wp\/v2\/product\/86601","targetHints":{"allow":["GET"]}}],"collection":[{"href":"https:\/\/car-o-liner.com\/no\/wp-json\/wp\/v2\/product"}],"about":[{"href":"https:\/\/car-o-liner.com\/no\/wp-json\/wp\/v2\/types\/product"}],"up":[{"embeddable":true,"href":"https:\/\/car-o-liner.com\/no\/wp-json\/wp\/v2\/product\/81753"}],"wp:attachment":[{"href":"https:\/\/car-o-liner.com\/no\/wp-json\/wp\/v2\/media?parent=86601"}],"curies":[{"name":"wp","href":"https:\/\/api.w.org\/{rel}","templated":true}]}}