{"id":87742,"date":"2024-02-01T18:05:55","date_gmt":"2024-02-01T17:05:55","guid":{"rendered":"https:\/\/car-o-liner-test.phl.togglebox.site\/product\/tool-boards-wall-systems\/"},"modified":"2024-03-29T15:35:07","modified_gmt":"2024-03-29T14:35:07","slug":"verktoytavler-veggsystemer","status":"publish","type":"product","link":"https:\/\/car-o-liner.com\/no\/produkter\/verktoytavler-veggsystemer\/","title":{"rendered":"Verkt\u00f8ytavler og Veggsystemer"},"content":{"rendered":"\n<p>Plassbesparende med fleksibilitet<\/p>\n","protected":false},"excerpt":{"rendered":"<p>Plassbesparende med fleksibilitet<\/p>\n","protected":false},"featured_media":86547,"parent":87760,"menu_order":0,"template":"page-templates\/col-single-product-toolboards.php","format":"standard","meta":[],"class_list":["post-87742","product","type-product","status-publish","format-standard","has-post-thumbnail","hentry"],"yoast_head":"<!-- This site is optimized with the Yoast SEO plugin v27.2 - https:\/\/yoast.com\/product\/yoast-seo-wordpress\/ -->\n<title>Verkt\u00f8ytavler og veggsystemer | Car-O-Liner NO<\/title>\n<meta name=\"description\" content=\"WorkShop Solutions er et modul\u00e6rt system for organisering og oppbevaring av verkt\u00f8y, som kan utvides og omarbeides for \u00e5 dekke akkurat dine behov.\" \/>\n<meta name=\"robots\" content=\"index, follow, max-snippet:-1, max-image-preview:large, max-video-preview:-1\" \/>\n<link rel=\"canonical\" href=\"https:\/\/car-o-liner.com\/no\/produkter\/verktoytavler-veggsystemer\/\" \/>\n<meta property=\"og:locale\" content=\"nb_NO\" \/>\n<meta property=\"og:type\" content=\"article\" \/>\n<meta property=\"og:title\" content=\"Verkt\u00f8ytavler og veggsystemer | Car-O-Liner NO\" \/>\n<meta property=\"og:description\" content=\"WorkShop Solutions er et modul\u00e6rt system for organisering og oppbevaring av verkt\u00f8y, som kan utvides og omarbeides for \u00e5 dekke akkurat dine behov.\" \/>\n<meta property=\"og:url\" content=\"https:\/\/car-o-liner.com\/no\/produkter\/verktoytavler-veggsystemer\/\" \/>\n<meta property=\"og:site_name\" content=\"Car-O-Liner\" \/>\n<meta property=\"article:modified_time\" content=\"2024-03-29T14:35:07+00:00\" \/>\n<meta property=\"og:image\" content=\"https:\/\/car-o-liner.com\/wp-content\/uploads\/Tool-Boards-and-Wall-Systems-hero.png\" \/>\n\t<meta property=\"og:image:width\" content=\"1500\" \/>\n\t<meta property=\"og:image:height\" content=\"1250\" \/>\n\t<meta property=\"og:image:type\" content=\"image\/png\" \/>\n<meta name=\"twitter:card\" content=\"summary_large_image\" \/>\n<script type=\"application\/ld+json\" class=\"yoast-schema-graph\">{\"@context\":\"https:\/\/schema.org\",\"@graph\":[{\"@type\":\"WebPage\",\"@id\":\"https:\/\/car-o-liner.com\/no\/produkter\/verktoytavler-veggsystemer\/\",\"url\":\"https:\/\/car-o-liner.com\/no\/produkter\/verktoytavler-veggsystemer\/\",\"name\":\"Verkt\u00f8ytavler og veggsystemer | Car-O-Liner NO\",\"isPartOf\":{\"@id\":\"https:\/\/car-o-liner.com\/no\/#website\"},\"primaryImageOfPage\":{\"@id\":\"https:\/\/car-o-liner.com\/no\/produkter\/verktoytavler-veggsystemer\/#primaryimage\"},\"image\":{\"@id\":\"https:\/\/car-o-liner.com\/no\/produkter\/verktoytavler-veggsystemer\/#primaryimage\"},\"thumbnailUrl\":\"https:\/\/car-o-liner.com\/wp-content\/uploads\/Tool-Boards-and-Wall-Systems-hero.png\",\"datePublished\":\"2024-02-01T17:05:55+00:00\",\"dateModified\":\"2024-03-29T14:35:07+00:00\",\"description\":\"WorkShop Solutions er et modul\u00e6rt system for organisering og oppbevaring av verkt\u00f8y, som kan utvides og omarbeides for \u00e5 dekke akkurat dine behov.\",\"breadcrumb\":{\"@id\":\"https:\/\/car-o-liner.com\/no\/produkter\/verktoytavler-veggsystemer\/#breadcrumb\"},\"inLanguage\":\"nb-NO\",\"potentialAction\":[{\"@type\":\"ReadAction\",\"target\":[\"https:\/\/car-o-liner.com\/no\/produkter\/verktoytavler-veggsystemer\/\"]}]},{\"@type\":\"ImageObject\",\"inLanguage\":\"nb-NO\",\"@id\":\"https:\/\/car-o-liner.com\/no\/produkter\/verktoytavler-veggsystemer\/#primaryimage\",\"url\":\"https:\/\/car-o-liner.com\/wp-content\/uploads\/Tool-Boards-and-Wall-Systems-hero.png\",\"contentUrl\":\"https:\/\/car-o-liner.com\/wp-content\/uploads\/Tool-Boards-and-Wall-Systems-hero.png\",\"width\":1500,\"height\":1250,\"caption\":\"A wall mounted tool board for storage of repair system components\"},{\"@type\":\"BreadcrumbList\",\"@id\":\"https:\/\/car-o-liner.com\/no\/produkter\/verktoytavler-veggsystemer\/#breadcrumb\",\"itemListElement\":[{\"@type\":\"ListItem\",\"position\":1,\"name\":\"Home\",\"item\":\"https:\/\/car-o-liner.com\/no\/\"},{\"@type\":\"ListItem\",\"position\":2,\"name\":\"Verkstedl\u00f8sninger\",\"item\":\"https:\/\/car-o-liner.com\/no\/produkter\/verkstedslosninger\/\"},{\"@type\":\"ListItem\",\"position\":3,\"name\":\"Verkstedinnredning\",\"item\":\"https:\/\/car-o-liner.com\/no\/produkter\/verkstedinnredning\/\"},{\"@type\":\"ListItem\",\"position\":4,\"name\":\"Verkt\u00f8ytavler og Veggsystemer\"}]},{\"@type\":\"WebSite\",\"@id\":\"https:\/\/car-o-liner.com\/no\/#website\",\"url\":\"https:\/\/car-o-liner.com\/no\/\",\"name\":\"Car-O-Liner\",\"description\":\"Collision Repair Equipment\",\"publisher\":{\"@id\":\"https:\/\/car-o-liner.com\/no\/#organization\"},\"potentialAction\":[{\"@type\":\"SearchAction\",\"target\":{\"@type\":\"EntryPoint\",\"urlTemplate\":\"https:\/\/car-o-liner.com\/no\/?s={search_term_string}\"},\"query-input\":{\"@type\":\"PropertyValueSpecification\",\"valueRequired\":true,\"valueName\":\"search_term_string\"}}],\"inLanguage\":\"nb-NO\"},{\"@type\":\"Organization\",\"@id\":\"https:\/\/car-o-liner.com\/no\/#organization\",\"name\":\"Car-O-Liner\",\"url\":\"https:\/\/car-o-liner.com\/no\/\",\"logo\":{\"@type\":\"ImageObject\",\"inLanguage\":\"nb-NO\",\"@id\":\"https:\/\/car-o-liner.com\/no\/#\/schema\/logo\/image\/\",\"url\":\"https:\/\/car-o-liner.com\/wp-content\/uploads\/Car-O-Liner-blue-web.svg\",\"contentUrl\":\"https:\/\/car-o-liner.com\/wp-content\/uploads\/Car-O-Liner-blue-web.svg\",\"width\":250,\"height\":50,\"caption\":\"Car-O-Liner\"},\"image\":{\"@id\":\"https:\/\/car-o-liner.com\/no\/#\/schema\/logo\/image\/\"}}]}<\/script>\n<!-- \/ Yoast SEO plugin. -->","yoast_head_json":{"title":"Verkt\u00f8ytavler og veggsystemer | Car-O-Liner NO","description":"WorkShop Solutions er et modul\u00e6rt system for organisering og oppbevaring av verkt\u00f8y, som kan utvides og omarbeides for \u00e5 dekke akkurat dine behov.","robots":{"index":"index","follow":"follow","max-snippet":"max-snippet:-1","max-image-preview":"max-image-preview:large","max-video-preview":"max-video-preview:-1"},"canonical":"https:\/\/car-o-liner.com\/no\/produkter\/verktoytavler-veggsystemer\/","og_locale":"nb_NO","og_type":"article","og_title":"Verkt\u00f8ytavler og veggsystemer | Car-O-Liner NO","og_description":"WorkShop Solutions er et modul\u00e6rt system for organisering og oppbevaring av verkt\u00f8y, som kan utvides og omarbeides for \u00e5 dekke akkurat dine behov.","og_url":"https:\/\/car-o-liner.com\/no\/produkter\/verktoytavler-veggsystemer\/","og_site_name":"Car-O-Liner","article_modified_time":"2024-03-29T14:35:07+00:00","og_image":[{"width":1500,"height":1250,"url":"https:\/\/car-o-liner.com\/wp-content\/uploads\/Tool-Boards-and-Wall-Systems-hero.png","type":"image\/png"}],"twitter_card":"summary_large_image","schema":{"@context":"https:\/\/schema.org","@graph":[{"@type":"WebPage","@id":"https:\/\/car-o-liner.com\/no\/produkter\/verktoytavler-veggsystemer\/","url":"https:\/\/car-o-liner.com\/no\/produkter\/verktoytavler-veggsystemer\/","name":"Verkt\u00f8ytavler og veggsystemer | Car-O-Liner NO","isPartOf":{"@id":"https:\/\/car-o-liner.com\/no\/#website"},"primaryImageOfPage":{"@id":"https:\/\/car-o-liner.com\/no\/produkter\/verktoytavler-veggsystemer\/#primaryimage"},"image":{"@id":"https:\/\/car-o-liner.com\/no\/produkter\/verktoytavler-veggsystemer\/#primaryimage"},"thumbnailUrl":"https:\/\/car-o-liner.com\/wp-content\/uploads\/Tool-Boards-and-Wall-Systems-hero.png","datePublished":"2024-02-01T17:05:55+00:00","dateModified":"2024-03-29T14:35:07+00:00","description":"WorkShop Solutions er et modul\u00e6rt system for organisering og oppbevaring av verkt\u00f8y, som kan utvides og omarbeides for \u00e5 dekke akkurat dine behov.","breadcrumb":{"@id":"https:\/\/car-o-liner.com\/no\/produkter\/verktoytavler-veggsystemer\/#breadcrumb"},"inLanguage":"nb-NO","potentialAction":[{"@type":"ReadAction","target":["https:\/\/car-o-liner.com\/no\/produkter\/verktoytavler-veggsystemer\/"]}]},{"@type":"ImageObject","inLanguage":"nb-NO","@id":"https:\/\/car-o-liner.com\/no\/produkter\/verktoytavler-veggsystemer\/#primaryimage","url":"https:\/\/car-o-liner.com\/wp-content\/uploads\/Tool-Boards-and-Wall-Systems-hero.png","contentUrl":"https:\/\/car-o-liner.com\/wp-content\/uploads\/Tool-Boards-and-Wall-Systems-hero.png","width":1500,"height":1250,"caption":"A wall mounted tool board for storage of repair system components"},{"@type":"BreadcrumbList","@id":"https:\/\/car-o-liner.com\/no\/produkter\/verktoytavler-veggsystemer\/#breadcrumb","itemListElement":[{"@type":"ListItem","position":1,"name":"Home","item":"https:\/\/car-o-liner.com\/no\/"},{"@type":"ListItem","position":2,"name":"Verkstedl\u00f8sninger","item":"https:\/\/car-o-liner.com\/no\/produkter\/verkstedslosninger\/"},{"@type":"ListItem","position":3,"name":"Verkstedinnredning","item":"https:\/\/car-o-liner.com\/no\/produkter\/verkstedinnredning\/"},{"@type":"ListItem","position":4,"name":"Verkt\u00f8ytavler og Veggsystemer"}]},{"@type":"WebSite","@id":"https:\/\/car-o-liner.com\/no\/#website","url":"https:\/\/car-o-liner.com\/no\/","name":"Car-O-Liner","description":"Collision Repair Equipment","publisher":{"@id":"https:\/\/car-o-liner.com\/no\/#organization"},"potentialAction":[{"@type":"SearchAction","target":{"@type":"EntryPoint","urlTemplate":"https:\/\/car-o-liner.com\/no\/?s={search_term_string}"},"query-input":{"@type":"PropertyValueSpecification","valueRequired":true,"valueName":"search_term_string"}}],"inLanguage":"nb-NO"},{"@type":"Organization","@id":"https:\/\/car-o-liner.com\/no\/#organization","name":"Car-O-Liner","url":"https:\/\/car-o-liner.com\/no\/","logo":{"@type":"ImageObject","inLanguage":"nb-NO","@id":"https:\/\/car-o-liner.com\/no\/#\/schema\/logo\/image\/","url":"https:\/\/car-o-liner.com\/wp-content\/uploads\/Car-O-Liner-blue-web.svg","contentUrl":"https:\/\/car-o-liner.com\/wp-content\/uploads\/Car-O-Liner-blue-web.svg","width":250,"height":50,"caption":"Car-O-Liner"},"image":{"@id":"https:\/\/car-o-liner.com\/no\/#\/schema\/logo\/image\/"}}]}},"_links":{"self":[{"href":"https:\/\/car-o-liner.com\/no\/wp-json\/wp\/v2\/product\/87742","targetHints":{"allow":["GET"]}}],"collection":[{"href":"https:\/\/car-o-liner.com\/no\/wp-json\/wp\/v2\/product"}],"about":[{"href":"https:\/\/car-o-liner.com\/no\/wp-json\/wp\/v2\/types\/product"}],"up":[{"embeddable":true,"href":"https:\/\/car-o-liner.com\/no\/wp-json\/wp\/v2\/product\/87760"}],"wp:featuredmedia":[{"embeddable":true,"href":"https:\/\/car-o-liner.com\/no\/wp-json\/wp\/v2\/media\/86547"}],"wp:attachment":[{"href":"https:\/\/car-o-liner.com\/no\/wp-json\/wp\/v2\/media?parent=87742"}],"curies":[{"name":"wp","href":"https:\/\/api.w.org\/{rel}","templated":true}]}}