{"id":87768,"date":"2024-02-05T15:58:22","date_gmt":"2024-02-05T14:58:22","guid":{"rendered":"https:\/\/car-o-liner-test.phl.togglebox.site\/product\/testing-calibration\/ez-adas\/"},"modified":"2024-05-01T16:12:34","modified_gmt":"2024-05-01T14:12:34","slug":"ez-adas","status":"publish","type":"product","link":"https:\/\/car-o-liner.com\/no\/produkter\/ez-adas\/","title":{"rendered":"EZ-ADAS"},"content":{"rendered":"\n<p>Rekalibreringssystem<\/p>\n","protected":false},"excerpt":{"rendered":"<p>Rekalibreringssystem<\/p>\n","protected":false},"featured_media":87564,"parent":86632,"menu_order":0,"template":"page-templates\/col-single-product-cmitwin.php","format":"standard","meta":[],"class_list":["post-87768","product","type-product","status-publish","format-standard","has-post-thumbnail","hentry"],"yoast_head":"<!-- This site is optimized with the Yoast SEO plugin v27.4 - https:\/\/yoast.com\/product\/yoast-seo-wordpress\/ -->\n<title>EZ-ADAS Recalibration System\u2122 | Car-O-Liner NO<\/title>\n<meta name=\"description\" content=\"EZ-ADAS Recalibration System\u2122 har et unikt midtlinjeoppsett og laserstyrt m\u00e5lplassering basert p\u00e5 OEM-prosedyrer for \u00e5 sikre n\u00f8yaktig posisjonering.\" \/>\n<meta name=\"robots\" content=\"index, follow, max-snippet:-1, max-image-preview:large, max-video-preview:-1\" \/>\n<link rel=\"canonical\" href=\"https:\/\/car-o-liner.com\/no\/produkter\/ez-adas\/\" \/>\n<meta property=\"og:locale\" content=\"nb_NO\" \/>\n<meta property=\"og:type\" content=\"article\" \/>\n<meta property=\"og:title\" content=\"EZ-ADAS Recalibration System\u2122 | Car-O-Liner NO\" \/>\n<meta property=\"og:description\" content=\"EZ-ADAS Recalibration System\u2122 har et unikt midtlinjeoppsett og laserstyrt m\u00e5lplassering basert p\u00e5 OEM-prosedyrer for \u00e5 sikre n\u00f8yaktig posisjonering.\" \/>\n<meta property=\"og:url\" content=\"https:\/\/car-o-liner.com\/no\/produkter\/ez-adas\/\" \/>\n<meta property=\"og:site_name\" content=\"Car-O-Liner\" \/>\n<meta property=\"article:modified_time\" content=\"2024-05-01T14:12:34+00:00\" \/>\n<meta property=\"og:image\" content=\"https:\/\/car-o-liner.com\/wp-content\/uploads\/EZ-Adas-hero.png\" \/>\n\t<meta property=\"og:image:width\" content=\"1500\" \/>\n\t<meta property=\"og:image:height\" content=\"1250\" \/>\n\t<meta property=\"og:image:type\" content=\"image\/png\" \/>\n<meta name=\"twitter:card\" content=\"summary_large_image\" \/>\n<script type=\"application\/ld+json\" class=\"yoast-schema-graph\">{\"@context\":\"https:\\\/\\\/schema.org\",\"@graph\":[{\"@type\":\"WebPage\",\"@id\":\"https:\\\/\\\/car-o-liner.com\\\/no\\\/produkter\\\/ez-adas\\\/\",\"url\":\"https:\\\/\\\/car-o-liner.com\\\/no\\\/produkter\\\/ez-adas\\\/\",\"name\":\"EZ-ADAS Recalibration System\u2122 | Car-O-Liner NO\",\"isPartOf\":{\"@id\":\"https:\\\/\\\/car-o-liner.com\\\/no\\\/#website\"},\"primaryImageOfPage\":{\"@id\":\"https:\\\/\\\/car-o-liner.com\\\/no\\\/produkter\\\/ez-adas\\\/#primaryimage\"},\"image\":{\"@id\":\"https:\\\/\\\/car-o-liner.com\\\/no\\\/produkter\\\/ez-adas\\\/#primaryimage\"},\"thumbnailUrl\":\"https:\\\/\\\/car-o-liner.com\\\/wp-content\\\/uploads\\\/EZ-Adas-hero.png\",\"datePublished\":\"2024-02-05T14:58:22+00:00\",\"dateModified\":\"2024-05-01T14:12:34+00:00\",\"description\":\"EZ-ADAS Recalibration System\u2122 har et unikt midtlinjeoppsett og laserstyrt m\u00e5lplassering basert p\u00e5 OEM-prosedyrer for \u00e5 sikre n\u00f8yaktig posisjonering.\",\"breadcrumb\":{\"@id\":\"https:\\\/\\\/car-o-liner.com\\\/no\\\/produkter\\\/ez-adas\\\/#breadcrumb\"},\"inLanguage\":\"nb-NO\",\"potentialAction\":[{\"@type\":\"ReadAction\",\"target\":[\"https:\\\/\\\/car-o-liner.com\\\/no\\\/produkter\\\/ez-adas\\\/\"]}]},{\"@type\":\"ImageObject\",\"inLanguage\":\"nb-NO\",\"@id\":\"https:\\\/\\\/car-o-liner.com\\\/no\\\/produkter\\\/ez-adas\\\/#primaryimage\",\"url\":\"https:\\\/\\\/car-o-liner.com\\\/wp-content\\\/uploads\\\/EZ-Adas-hero.png\",\"contentUrl\":\"https:\\\/\\\/car-o-liner.com\\\/wp-content\\\/uploads\\\/EZ-Adas-hero.png\",\"width\":1500,\"height\":1250,\"caption\":\"EZ ADAS Calibration System\"},{\"@type\":\"BreadcrumbList\",\"@id\":\"https:\\\/\\\/car-o-liner.com\\\/no\\\/produkter\\\/ez-adas\\\/#breadcrumb\",\"itemListElement\":[{\"@type\":\"ListItem\",\"position\":1,\"name\":\"Home\",\"item\":\"https:\\\/\\\/car-o-liner.com\\\/no\\\/\"},{\"@type\":\"ListItem\",\"position\":2,\"name\":\"Testing og Kalibrering\",\"item\":\"https:\\\/\\\/car-o-liner.com\\\/no\\\/produkter\\\/testing-kalibrering\\\/\"},{\"@type\":\"ListItem\",\"position\":3,\"name\":\"EZ-ADAS\"}]},{\"@type\":\"WebSite\",\"@id\":\"https:\\\/\\\/car-o-liner.com\\\/no\\\/#website\",\"url\":\"https:\\\/\\\/car-o-liner.com\\\/no\\\/\",\"name\":\"Car-O-Liner\",\"description\":\"Collision Repair Equipment\",\"publisher\":{\"@id\":\"https:\\\/\\\/car-o-liner.com\\\/no\\\/#organization\"},\"potentialAction\":[{\"@type\":\"SearchAction\",\"target\":{\"@type\":\"EntryPoint\",\"urlTemplate\":\"https:\\\/\\\/car-o-liner.com\\\/no\\\/?s={search_term_string}\"},\"query-input\":{\"@type\":\"PropertyValueSpecification\",\"valueRequired\":true,\"valueName\":\"search_term_string\"}}],\"inLanguage\":\"nb-NO\"},{\"@type\":\"Organization\",\"@id\":\"https:\\\/\\\/car-o-liner.com\\\/no\\\/#organization\",\"name\":\"Car-O-Liner\",\"url\":\"https:\\\/\\\/car-o-liner.com\\\/no\\\/\",\"logo\":{\"@type\":\"ImageObject\",\"inLanguage\":\"nb-NO\",\"@id\":\"https:\\\/\\\/car-o-liner.com\\\/no\\\/#\\\/schema\\\/logo\\\/image\\\/\",\"url\":\"https:\\\/\\\/car-o-liner.com\\\/wp-content\\\/uploads\\\/Car-O-Liner-blue-web.svg\",\"contentUrl\":\"https:\\\/\\\/car-o-liner.com\\\/wp-content\\\/uploads\\\/Car-O-Liner-blue-web.svg\",\"width\":250,\"height\":50,\"caption\":\"Car-O-Liner\"},\"image\":{\"@id\":\"https:\\\/\\\/car-o-liner.com\\\/no\\\/#\\\/schema\\\/logo\\\/image\\\/\"}}]}<\/script>\n<!-- \/ Yoast SEO plugin. -->","yoast_head_json":{"title":"EZ-ADAS Recalibration System\u2122 | Car-O-Liner NO","description":"EZ-ADAS Recalibration System\u2122 har et unikt midtlinjeoppsett og laserstyrt m\u00e5lplassering basert p\u00e5 OEM-prosedyrer for \u00e5 sikre n\u00f8yaktig posisjonering.","robots":{"index":"index","follow":"follow","max-snippet":"max-snippet:-1","max-image-preview":"max-image-preview:large","max-video-preview":"max-video-preview:-1"},"canonical":"https:\/\/car-o-liner.com\/no\/produkter\/ez-adas\/","og_locale":"nb_NO","og_type":"article","og_title":"EZ-ADAS Recalibration System\u2122 | Car-O-Liner NO","og_description":"EZ-ADAS Recalibration System\u2122 har et unikt midtlinjeoppsett og laserstyrt m\u00e5lplassering basert p\u00e5 OEM-prosedyrer for \u00e5 sikre n\u00f8yaktig posisjonering.","og_url":"https:\/\/car-o-liner.com\/no\/produkter\/ez-adas\/","og_site_name":"Car-O-Liner","article_modified_time":"2024-05-01T14:12:34+00:00","og_image":[{"width":1500,"height":1250,"url":"https:\/\/car-o-liner.com\/wp-content\/uploads\/EZ-Adas-hero.png","type":"image\/png"}],"twitter_card":"summary_large_image","schema":{"@context":"https:\/\/schema.org","@graph":[{"@type":"WebPage","@id":"https:\/\/car-o-liner.com\/no\/produkter\/ez-adas\/","url":"https:\/\/car-o-liner.com\/no\/produkter\/ez-adas\/","name":"EZ-ADAS Recalibration System\u2122 | Car-O-Liner NO","isPartOf":{"@id":"https:\/\/car-o-liner.com\/no\/#website"},"primaryImageOfPage":{"@id":"https:\/\/car-o-liner.com\/no\/produkter\/ez-adas\/#primaryimage"},"image":{"@id":"https:\/\/car-o-liner.com\/no\/produkter\/ez-adas\/#primaryimage"},"thumbnailUrl":"https:\/\/car-o-liner.com\/wp-content\/uploads\/EZ-Adas-hero.png","datePublished":"2024-02-05T14:58:22+00:00","dateModified":"2024-05-01T14:12:34+00:00","description":"EZ-ADAS Recalibration System\u2122 har et unikt midtlinjeoppsett og laserstyrt m\u00e5lplassering basert p\u00e5 OEM-prosedyrer for \u00e5 sikre n\u00f8yaktig posisjonering.","breadcrumb":{"@id":"https:\/\/car-o-liner.com\/no\/produkter\/ez-adas\/#breadcrumb"},"inLanguage":"nb-NO","potentialAction":[{"@type":"ReadAction","target":["https:\/\/car-o-liner.com\/no\/produkter\/ez-adas\/"]}]},{"@type":"ImageObject","inLanguage":"nb-NO","@id":"https:\/\/car-o-liner.com\/no\/produkter\/ez-adas\/#primaryimage","url":"https:\/\/car-o-liner.com\/wp-content\/uploads\/EZ-Adas-hero.png","contentUrl":"https:\/\/car-o-liner.com\/wp-content\/uploads\/EZ-Adas-hero.png","width":1500,"height":1250,"caption":"EZ ADAS Calibration System"},{"@type":"BreadcrumbList","@id":"https:\/\/car-o-liner.com\/no\/produkter\/ez-adas\/#breadcrumb","itemListElement":[{"@type":"ListItem","position":1,"name":"Home","item":"https:\/\/car-o-liner.com\/no\/"},{"@type":"ListItem","position":2,"name":"Testing og Kalibrering","item":"https:\/\/car-o-liner.com\/no\/produkter\/testing-kalibrering\/"},{"@type":"ListItem","position":3,"name":"EZ-ADAS"}]},{"@type":"WebSite","@id":"https:\/\/car-o-liner.com\/no\/#website","url":"https:\/\/car-o-liner.com\/no\/","name":"Car-O-Liner","description":"Collision Repair Equipment","publisher":{"@id":"https:\/\/car-o-liner.com\/no\/#organization"},"potentialAction":[{"@type":"SearchAction","target":{"@type":"EntryPoint","urlTemplate":"https:\/\/car-o-liner.com\/no\/?s={search_term_string}"},"query-input":{"@type":"PropertyValueSpecification","valueRequired":true,"valueName":"search_term_string"}}],"inLanguage":"nb-NO"},{"@type":"Organization","@id":"https:\/\/car-o-liner.com\/no\/#organization","name":"Car-O-Liner","url":"https:\/\/car-o-liner.com\/no\/","logo":{"@type":"ImageObject","inLanguage":"nb-NO","@id":"https:\/\/car-o-liner.com\/no\/#\/schema\/logo\/image\/","url":"https:\/\/car-o-liner.com\/wp-content\/uploads\/Car-O-Liner-blue-web.svg","contentUrl":"https:\/\/car-o-liner.com\/wp-content\/uploads\/Car-O-Liner-blue-web.svg","width":250,"height":50,"caption":"Car-O-Liner"},"image":{"@id":"https:\/\/car-o-liner.com\/no\/#\/schema\/logo\/image\/"}}]}},"_links":{"self":[{"href":"https:\/\/car-o-liner.com\/no\/wp-json\/wp\/v2\/product\/87768","targetHints":{"allow":["GET"]}}],"collection":[{"href":"https:\/\/car-o-liner.com\/no\/wp-json\/wp\/v2\/product"}],"about":[{"href":"https:\/\/car-o-liner.com\/no\/wp-json\/wp\/v2\/types\/product"}],"up":[{"embeddable":true,"href":"https:\/\/car-o-liner.com\/no\/wp-json\/wp\/v2\/product\/86632"}],"wp:featuredmedia":[{"embeddable":true,"href":"https:\/\/car-o-liner.com\/no\/wp-json\/wp\/v2\/media\/87564"}],"wp:attachment":[{"href":"https:\/\/car-o-liner.com\/no\/wp-json\/wp\/v2\/media?parent=87768"}],"curies":[{"name":"wp","href":"https:\/\/api.w.org\/{rel}","templated":true}]}}