{"id":88422,"date":"2024-03-07T17:27:09","date_gmt":"2024-03-07T16:27:09","guid":{"rendered":"https:\/\/car-o-liner-test.phl.togglebox.site\/product\/workshop-solutions\/dent-repair-equipment\/"},"modified":"2024-04-08T21:07:57","modified_gmt":"2024-04-08T19:07:57","slug":"bulkuttrekkere-for-karosserier","status":"publish","type":"product","link":"https:\/\/car-o-liner.com\/no\/produkter\/bulkuttrekkere-for-karosserier\/","title":{"rendered":"Verkt\u00f8y for reparasjon av bulker i karosserier"},"content":{"rendered":"\n<p>Dent Repair Content Goes Here<\/p>\n","protected":false},"excerpt":{"rendered":"<p>Dent Repair Content Goes Here<\/p>\n","protected":false},"featured_media":0,"parent":81794,"menu_order":0,"template":"page-templates\/alignment-straightening-narrow.php","format":"standard","meta":[],"class_list":["post-88422","product","type-product","status-publish","format-standard","hentry"],"yoast_head":"<!-- This site is optimized with the Yoast SEO plugin v27.4 - https:\/\/yoast.com\/product\/yoast-seo-wordpress\/ -->\n<title>Bulkuttrekkere for karosserier | Car-O-Liner NO<\/title>\n<meta name=\"description\" content=\"Oppdag effektive bulkuttrekkere for profesjonell reparasjon av kollisjonsskader. Vi har verkt\u00f8y som enkelt sikrer de aller beste resultatene. \u00d8k kvaliteten p\u00e5 reparasjoner n\u00e5.\" \/>\n<meta name=\"robots\" content=\"index, follow, max-snippet:-1, max-image-preview:large, max-video-preview:-1\" \/>\n<link rel=\"canonical\" href=\"https:\/\/car-o-liner.com\/no\/produkter\/bulkuttrekkere-for-karosserier\/\" \/>\n<meta property=\"og:locale\" content=\"nb_NO\" \/>\n<meta property=\"og:type\" content=\"article\" \/>\n<meta property=\"og:title\" content=\"Bulkuttrekkere for karosserier | Car-O-Liner NO\" \/>\n<meta property=\"og:description\" content=\"Oppdag effektive bulkuttrekkere for profesjonell reparasjon av kollisjonsskader. Vi har verkt\u00f8y som enkelt sikrer de aller beste resultatene. \u00d8k kvaliteten p\u00e5 reparasjoner n\u00e5.\" \/>\n<meta property=\"og:url\" content=\"https:\/\/car-o-liner.com\/no\/produkter\/bulkuttrekkere-for-karosserier\/\" \/>\n<meta property=\"og:site_name\" content=\"Car-O-Liner\" \/>\n<meta property=\"article:modified_time\" content=\"2024-04-08T19:07:57+00:00\" \/>\n<meta name=\"twitter:card\" content=\"summary_large_image\" \/>\n<script type=\"application\/ld+json\" class=\"yoast-schema-graph\">{\"@context\":\"https:\\\/\\\/schema.org\",\"@graph\":[{\"@type\":\"WebPage\",\"@id\":\"https:\\\/\\\/car-o-liner.com\\\/no\\\/produkter\\\/bulkuttrekkere-for-karosserier\\\/\",\"url\":\"https:\\\/\\\/car-o-liner.com\\\/no\\\/produkter\\\/bulkuttrekkere-for-karosserier\\\/\",\"name\":\"Bulkuttrekkere for karosserier | Car-O-Liner NO\",\"isPartOf\":{\"@id\":\"https:\\\/\\\/car-o-liner.com\\\/no\\\/#website\"},\"datePublished\":\"2024-03-07T16:27:09+00:00\",\"dateModified\":\"2024-04-08T19:07:57+00:00\",\"description\":\"Oppdag effektive bulkuttrekkere for profesjonell reparasjon av kollisjonsskader. Vi har verkt\u00f8y som enkelt sikrer de aller beste resultatene. \u00d8k kvaliteten p\u00e5 reparasjoner n\u00e5.\",\"breadcrumb\":{\"@id\":\"https:\\\/\\\/car-o-liner.com\\\/no\\\/produkter\\\/bulkuttrekkere-for-karosserier\\\/#breadcrumb\"},\"inLanguage\":\"nb-NO\",\"potentialAction\":[{\"@type\":\"ReadAction\",\"target\":[\"https:\\\/\\\/car-o-liner.com\\\/no\\\/produkter\\\/bulkuttrekkere-for-karosserier\\\/\"]}]},{\"@type\":\"BreadcrumbList\",\"@id\":\"https:\\\/\\\/car-o-liner.com\\\/no\\\/produkter\\\/bulkuttrekkere-for-karosserier\\\/#breadcrumb\",\"itemListElement\":[{\"@type\":\"ListItem\",\"position\":1,\"name\":\"Home\",\"item\":\"https:\\\/\\\/car-o-liner.com\\\/no\\\/\"},{\"@type\":\"ListItem\",\"position\":2,\"name\":\"Verkstedl\u00f8sninger\",\"item\":\"https:\\\/\\\/car-o-liner.com\\\/no\\\/produkter\\\/verkstedslosninger\\\/\"},{\"@type\":\"ListItem\",\"position\":3,\"name\":\"Verkt\u00f8y for reparasjon av bulker i karosserier\"}]},{\"@type\":\"WebSite\",\"@id\":\"https:\\\/\\\/car-o-liner.com\\\/no\\\/#website\",\"url\":\"https:\\\/\\\/car-o-liner.com\\\/no\\\/\",\"name\":\"Car-O-Liner\",\"description\":\"Collision Repair Equipment\",\"publisher\":{\"@id\":\"https:\\\/\\\/car-o-liner.com\\\/no\\\/#organization\"},\"potentialAction\":[{\"@type\":\"SearchAction\",\"target\":{\"@type\":\"EntryPoint\",\"urlTemplate\":\"https:\\\/\\\/car-o-liner.com\\\/no\\\/?s={search_term_string}\"},\"query-input\":{\"@type\":\"PropertyValueSpecification\",\"valueRequired\":true,\"valueName\":\"search_term_string\"}}],\"inLanguage\":\"nb-NO\"},{\"@type\":\"Organization\",\"@id\":\"https:\\\/\\\/car-o-liner.com\\\/no\\\/#organization\",\"name\":\"Car-O-Liner\",\"url\":\"https:\\\/\\\/car-o-liner.com\\\/no\\\/\",\"logo\":{\"@type\":\"ImageObject\",\"inLanguage\":\"nb-NO\",\"@id\":\"https:\\\/\\\/car-o-liner.com\\\/no\\\/#\\\/schema\\\/logo\\\/image\\\/\",\"url\":\"https:\\\/\\\/car-o-liner.com\\\/wp-content\\\/uploads\\\/Car-O-Liner-blue-web.svg\",\"contentUrl\":\"https:\\\/\\\/car-o-liner.com\\\/wp-content\\\/uploads\\\/Car-O-Liner-blue-web.svg\",\"width\":250,\"height\":50,\"caption\":\"Car-O-Liner\"},\"image\":{\"@id\":\"https:\\\/\\\/car-o-liner.com\\\/no\\\/#\\\/schema\\\/logo\\\/image\\\/\"}}]}<\/script>\n<!-- \/ Yoast SEO plugin. -->","yoast_head_json":{"title":"Bulkuttrekkere for karosserier | Car-O-Liner NO","description":"Oppdag effektive bulkuttrekkere for profesjonell reparasjon av kollisjonsskader. Vi har verkt\u00f8y som enkelt sikrer de aller beste resultatene. \u00d8k kvaliteten p\u00e5 reparasjoner n\u00e5.","robots":{"index":"index","follow":"follow","max-snippet":"max-snippet:-1","max-image-preview":"max-image-preview:large","max-video-preview":"max-video-preview:-1"},"canonical":"https:\/\/car-o-liner.com\/no\/produkter\/bulkuttrekkere-for-karosserier\/","og_locale":"nb_NO","og_type":"article","og_title":"Bulkuttrekkere for karosserier | Car-O-Liner NO","og_description":"Oppdag effektive bulkuttrekkere for profesjonell reparasjon av kollisjonsskader. Vi har verkt\u00f8y som enkelt sikrer de aller beste resultatene. \u00d8k kvaliteten p\u00e5 reparasjoner n\u00e5.","og_url":"https:\/\/car-o-liner.com\/no\/produkter\/bulkuttrekkere-for-karosserier\/","og_site_name":"Car-O-Liner","article_modified_time":"2024-04-08T19:07:57+00:00","twitter_card":"summary_large_image","schema":{"@context":"https:\/\/schema.org","@graph":[{"@type":"WebPage","@id":"https:\/\/car-o-liner.com\/no\/produkter\/bulkuttrekkere-for-karosserier\/","url":"https:\/\/car-o-liner.com\/no\/produkter\/bulkuttrekkere-for-karosserier\/","name":"Bulkuttrekkere for karosserier | Car-O-Liner NO","isPartOf":{"@id":"https:\/\/car-o-liner.com\/no\/#website"},"datePublished":"2024-03-07T16:27:09+00:00","dateModified":"2024-04-08T19:07:57+00:00","description":"Oppdag effektive bulkuttrekkere for profesjonell reparasjon av kollisjonsskader. Vi har verkt\u00f8y som enkelt sikrer de aller beste resultatene. \u00d8k kvaliteten p\u00e5 reparasjoner n\u00e5.","breadcrumb":{"@id":"https:\/\/car-o-liner.com\/no\/produkter\/bulkuttrekkere-for-karosserier\/#breadcrumb"},"inLanguage":"nb-NO","potentialAction":[{"@type":"ReadAction","target":["https:\/\/car-o-liner.com\/no\/produkter\/bulkuttrekkere-for-karosserier\/"]}]},{"@type":"BreadcrumbList","@id":"https:\/\/car-o-liner.com\/no\/produkter\/bulkuttrekkere-for-karosserier\/#breadcrumb","itemListElement":[{"@type":"ListItem","position":1,"name":"Home","item":"https:\/\/car-o-liner.com\/no\/"},{"@type":"ListItem","position":2,"name":"Verkstedl\u00f8sninger","item":"https:\/\/car-o-liner.com\/no\/produkter\/verkstedslosninger\/"},{"@type":"ListItem","position":3,"name":"Verkt\u00f8y for reparasjon av bulker i karosserier"}]},{"@type":"WebSite","@id":"https:\/\/car-o-liner.com\/no\/#website","url":"https:\/\/car-o-liner.com\/no\/","name":"Car-O-Liner","description":"Collision Repair Equipment","publisher":{"@id":"https:\/\/car-o-liner.com\/no\/#organization"},"potentialAction":[{"@type":"SearchAction","target":{"@type":"EntryPoint","urlTemplate":"https:\/\/car-o-liner.com\/no\/?s={search_term_string}"},"query-input":{"@type":"PropertyValueSpecification","valueRequired":true,"valueName":"search_term_string"}}],"inLanguage":"nb-NO"},{"@type":"Organization","@id":"https:\/\/car-o-liner.com\/no\/#organization","name":"Car-O-Liner","url":"https:\/\/car-o-liner.com\/no\/","logo":{"@type":"ImageObject","inLanguage":"nb-NO","@id":"https:\/\/car-o-liner.com\/no\/#\/schema\/logo\/image\/","url":"https:\/\/car-o-liner.com\/wp-content\/uploads\/Car-O-Liner-blue-web.svg","contentUrl":"https:\/\/car-o-liner.com\/wp-content\/uploads\/Car-O-Liner-blue-web.svg","width":250,"height":50,"caption":"Car-O-Liner"},"image":{"@id":"https:\/\/car-o-liner.com\/no\/#\/schema\/logo\/image\/"}}]}},"_links":{"self":[{"href":"https:\/\/car-o-liner.com\/no\/wp-json\/wp\/v2\/product\/88422","targetHints":{"allow":["GET"]}}],"collection":[{"href":"https:\/\/car-o-liner.com\/no\/wp-json\/wp\/v2\/product"}],"about":[{"href":"https:\/\/car-o-liner.com\/no\/wp-json\/wp\/v2\/types\/product"}],"up":[{"embeddable":true,"href":"https:\/\/car-o-liner.com\/no\/wp-json\/wp\/v2\/product\/81794"}],"wp:attachment":[{"href":"https:\/\/car-o-liner.com\/no\/wp-json\/wp\/v2\/media?parent=88422"}],"curies":[{"name":"wp","href":"https:\/\/api.w.org\/{rel}","templated":true}]}}