{"id":88669,"date":"2024-03-07T19:02:43","date_gmt":"2024-03-07T18:02:43","guid":{"rendered":"https:\/\/car-o-liner-test.phl.togglebox.site\/product\/workshop-solutions\/dent-repair-equipment\/workstation-cr200\/"},"modified":"2024-05-01T15:48:15","modified_gmt":"2024-05-01T13:48:15","slug":"cr-200-arbeidsstasjon","status":"publish","type":"product","link":"https:\/\/car-o-liner.com\/no\/produkter\/cr-200-arbeidsstasjon\/","title":{"rendered":"CR\u2122200 ARBEIDSSTASJON"},"content":{"rendered":"\n<p>ALUMINIUM REPARASJON<\/p>\n","protected":false},"excerpt":{"rendered":"<p>ALUMINIUM REPARASJON<\/p>\n","protected":false},"featured_media":85581,"parent":88422,"menu_order":0,"template":"page-templates\/col-single-product-cr200-workstation.php","format":"standard","meta":[],"class_list":["post-88669","product","type-product","status-publish","format-standard","has-post-thumbnail","hentry"],"yoast_head":"<!-- This site is optimized with the Yoast SEO plugin v27.4 - https:\/\/yoast.com\/product\/yoast-seo-wordpress\/ -->\n<title>CR\u2122 200-arbeidsstasjon | Car-O-Liner NO<\/title>\n<meta name=\"description\" content=\"CR\u2122 200-arbeidsstasjonen i aluminium tilbyr alle n\u00f8dvendige verkt\u00f8y, og disse er praktisk plassert p\u00e5 en b\u00e6rbar vogn i den avstanden som er n\u00f8dvendig for \u00e5 unng\u00e5 galvanisk korrosjon.\" \/>\n<meta name=\"robots\" content=\"index, follow, max-snippet:-1, max-image-preview:large, max-video-preview:-1\" \/>\n<link rel=\"canonical\" href=\"https:\/\/car-o-liner.com\/no\/produkter\/cr-200-arbeidsstasjon\/\" \/>\n<meta property=\"og:locale\" content=\"nb_NO\" \/>\n<meta property=\"og:type\" content=\"article\" \/>\n<meta property=\"og:title\" content=\"CR\u2122 200-arbeidsstasjon | Car-O-Liner NO\" \/>\n<meta property=\"og:description\" content=\"CR\u2122 200-arbeidsstasjonen i aluminium tilbyr alle n\u00f8dvendige verkt\u00f8y, og disse er praktisk plassert p\u00e5 en b\u00e6rbar vogn i den avstanden som er n\u00f8dvendig for \u00e5 unng\u00e5 galvanisk korrosjon.\" \/>\n<meta property=\"og:url\" content=\"https:\/\/car-o-liner.com\/no\/produkter\/cr-200-arbeidsstasjon\/\" \/>\n<meta property=\"og:site_name\" content=\"Car-O-Liner\" \/>\n<meta property=\"article:modified_time\" content=\"2024-05-01T13:48:15+00:00\" \/>\n<meta property=\"og:image\" content=\"https:\/\/car-o-liner.com\/wp-content\/uploads\/cr200-hotspot.png\" \/>\n\t<meta property=\"og:image:width\" content=\"1300\" \/>\n\t<meta property=\"og:image:height\" content=\"1000\" \/>\n\t<meta property=\"og:image:type\" content=\"image\/png\" \/>\n<meta name=\"twitter:card\" content=\"summary_large_image\" \/>\n<script type=\"application\/ld+json\" class=\"yoast-schema-graph\">{\"@context\":\"https:\\\/\\\/schema.org\",\"@graph\":[{\"@type\":\"WebPage\",\"@id\":\"https:\\\/\\\/car-o-liner.com\\\/no\\\/produkter\\\/cr-200-arbeidsstasjon\\\/\",\"url\":\"https:\\\/\\\/car-o-liner.com\\\/no\\\/produkter\\\/cr-200-arbeidsstasjon\\\/\",\"name\":\"CR\u2122 200-arbeidsstasjon | Car-O-Liner NO\",\"isPartOf\":{\"@id\":\"https:\\\/\\\/car-o-liner.com\\\/no\\\/#website\"},\"primaryImageOfPage\":{\"@id\":\"https:\\\/\\\/car-o-liner.com\\\/no\\\/produkter\\\/cr-200-arbeidsstasjon\\\/#primaryimage\"},\"image\":{\"@id\":\"https:\\\/\\\/car-o-liner.com\\\/no\\\/produkter\\\/cr-200-arbeidsstasjon\\\/#primaryimage\"},\"thumbnailUrl\":\"https:\\\/\\\/car-o-liner.com\\\/wp-content\\\/uploads\\\/cr200-hotspot.png\",\"datePublished\":\"2024-03-07T18:02:43+00:00\",\"dateModified\":\"2024-05-01T13:48:15+00:00\",\"description\":\"CR\u2122 200-arbeidsstasjonen i aluminium tilbyr alle n\u00f8dvendige verkt\u00f8y, og disse er praktisk plassert p\u00e5 en b\u00e6rbar vogn i den avstanden som er n\u00f8dvendig for \u00e5 unng\u00e5 galvanisk korrosjon.\",\"breadcrumb\":{\"@id\":\"https:\\\/\\\/car-o-liner.com\\\/no\\\/produkter\\\/cr-200-arbeidsstasjon\\\/#breadcrumb\"},\"inLanguage\":\"nb-NO\",\"potentialAction\":[{\"@type\":\"ReadAction\",\"target\":[\"https:\\\/\\\/car-o-liner.com\\\/no\\\/produkter\\\/cr-200-arbeidsstasjon\\\/\"]}]},{\"@type\":\"ImageObject\",\"inLanguage\":\"nb-NO\",\"@id\":\"https:\\\/\\\/car-o-liner.com\\\/no\\\/produkter\\\/cr-200-arbeidsstasjon\\\/#primaryimage\",\"url\":\"https:\\\/\\\/car-o-liner.com\\\/wp-content\\\/uploads\\\/cr200-hotspot.png\",\"contentUrl\":\"https:\\\/\\\/car-o-liner.com\\\/wp-content\\\/uploads\\\/cr200-hotspot.png\",\"width\":1300,\"height\":1000},{\"@type\":\"BreadcrumbList\",\"@id\":\"https:\\\/\\\/car-o-liner.com\\\/no\\\/produkter\\\/cr-200-arbeidsstasjon\\\/#breadcrumb\",\"itemListElement\":[{\"@type\":\"ListItem\",\"position\":1,\"name\":\"Home\",\"item\":\"https:\\\/\\\/car-o-liner.com\\\/no\\\/\"},{\"@type\":\"ListItem\",\"position\":2,\"name\":\"Verkstedl\u00f8sninger\",\"item\":\"https:\\\/\\\/car-o-liner.com\\\/no\\\/produkter\\\/verkstedslosninger\\\/\"},{\"@type\":\"ListItem\",\"position\":3,\"name\":\"Verkt\u00f8y for reparasjon av bulker i karosserier\",\"item\":\"https:\\\/\\\/car-o-liner.com\\\/no\\\/produkter\\\/bulkuttrekkere-for-karosserier\\\/\"},{\"@type\":\"ListItem\",\"position\":4,\"name\":\"CR\u2122200 ARBEIDSSTASJON\"}]},{\"@type\":\"WebSite\",\"@id\":\"https:\\\/\\\/car-o-liner.com\\\/no\\\/#website\",\"url\":\"https:\\\/\\\/car-o-liner.com\\\/no\\\/\",\"name\":\"Car-O-Liner\",\"description\":\"Collision Repair Equipment\",\"publisher\":{\"@id\":\"https:\\\/\\\/car-o-liner.com\\\/no\\\/#organization\"},\"potentialAction\":[{\"@type\":\"SearchAction\",\"target\":{\"@type\":\"EntryPoint\",\"urlTemplate\":\"https:\\\/\\\/car-o-liner.com\\\/no\\\/?s={search_term_string}\"},\"query-input\":{\"@type\":\"PropertyValueSpecification\",\"valueRequired\":true,\"valueName\":\"search_term_string\"}}],\"inLanguage\":\"nb-NO\"},{\"@type\":\"Organization\",\"@id\":\"https:\\\/\\\/car-o-liner.com\\\/no\\\/#organization\",\"name\":\"Car-O-Liner\",\"url\":\"https:\\\/\\\/car-o-liner.com\\\/no\\\/\",\"logo\":{\"@type\":\"ImageObject\",\"inLanguage\":\"nb-NO\",\"@id\":\"https:\\\/\\\/car-o-liner.com\\\/no\\\/#\\\/schema\\\/logo\\\/image\\\/\",\"url\":\"https:\\\/\\\/car-o-liner.com\\\/wp-content\\\/uploads\\\/Car-O-Liner-blue-web.svg\",\"contentUrl\":\"https:\\\/\\\/car-o-liner.com\\\/wp-content\\\/uploads\\\/Car-O-Liner-blue-web.svg\",\"width\":250,\"height\":50,\"caption\":\"Car-O-Liner\"},\"image\":{\"@id\":\"https:\\\/\\\/car-o-liner.com\\\/no\\\/#\\\/schema\\\/logo\\\/image\\\/\"}}]}<\/script>\n<!-- \/ Yoast SEO plugin. -->","yoast_head_json":{"title":"CR\u2122 200-arbeidsstasjon | Car-O-Liner NO","description":"CR\u2122 200-arbeidsstasjonen i aluminium tilbyr alle n\u00f8dvendige verkt\u00f8y, og disse er praktisk plassert p\u00e5 en b\u00e6rbar vogn i den avstanden som er n\u00f8dvendig for \u00e5 unng\u00e5 galvanisk korrosjon.","robots":{"index":"index","follow":"follow","max-snippet":"max-snippet:-1","max-image-preview":"max-image-preview:large","max-video-preview":"max-video-preview:-1"},"canonical":"https:\/\/car-o-liner.com\/no\/produkter\/cr-200-arbeidsstasjon\/","og_locale":"nb_NO","og_type":"article","og_title":"CR\u2122 200-arbeidsstasjon | Car-O-Liner NO","og_description":"CR\u2122 200-arbeidsstasjonen i aluminium tilbyr alle n\u00f8dvendige verkt\u00f8y, og disse er praktisk plassert p\u00e5 en b\u00e6rbar vogn i den avstanden som er n\u00f8dvendig for \u00e5 unng\u00e5 galvanisk korrosjon.","og_url":"https:\/\/car-o-liner.com\/no\/produkter\/cr-200-arbeidsstasjon\/","og_site_name":"Car-O-Liner","article_modified_time":"2024-05-01T13:48:15+00:00","og_image":[{"width":1300,"height":1000,"url":"https:\/\/car-o-liner.com\/wp-content\/uploads\/cr200-hotspot.png","type":"image\/png"}],"twitter_card":"summary_large_image","schema":{"@context":"https:\/\/schema.org","@graph":[{"@type":"WebPage","@id":"https:\/\/car-o-liner.com\/no\/produkter\/cr-200-arbeidsstasjon\/","url":"https:\/\/car-o-liner.com\/no\/produkter\/cr-200-arbeidsstasjon\/","name":"CR\u2122 200-arbeidsstasjon | Car-O-Liner NO","isPartOf":{"@id":"https:\/\/car-o-liner.com\/no\/#website"},"primaryImageOfPage":{"@id":"https:\/\/car-o-liner.com\/no\/produkter\/cr-200-arbeidsstasjon\/#primaryimage"},"image":{"@id":"https:\/\/car-o-liner.com\/no\/produkter\/cr-200-arbeidsstasjon\/#primaryimage"},"thumbnailUrl":"https:\/\/car-o-liner.com\/wp-content\/uploads\/cr200-hotspot.png","datePublished":"2024-03-07T18:02:43+00:00","dateModified":"2024-05-01T13:48:15+00:00","description":"CR\u2122 200-arbeidsstasjonen i aluminium tilbyr alle n\u00f8dvendige verkt\u00f8y, og disse er praktisk plassert p\u00e5 en b\u00e6rbar vogn i den avstanden som er n\u00f8dvendig for \u00e5 unng\u00e5 galvanisk korrosjon.","breadcrumb":{"@id":"https:\/\/car-o-liner.com\/no\/produkter\/cr-200-arbeidsstasjon\/#breadcrumb"},"inLanguage":"nb-NO","potentialAction":[{"@type":"ReadAction","target":["https:\/\/car-o-liner.com\/no\/produkter\/cr-200-arbeidsstasjon\/"]}]},{"@type":"ImageObject","inLanguage":"nb-NO","@id":"https:\/\/car-o-liner.com\/no\/produkter\/cr-200-arbeidsstasjon\/#primaryimage","url":"https:\/\/car-o-liner.com\/wp-content\/uploads\/cr200-hotspot.png","contentUrl":"https:\/\/car-o-liner.com\/wp-content\/uploads\/cr200-hotspot.png","width":1300,"height":1000},{"@type":"BreadcrumbList","@id":"https:\/\/car-o-liner.com\/no\/produkter\/cr-200-arbeidsstasjon\/#breadcrumb","itemListElement":[{"@type":"ListItem","position":1,"name":"Home","item":"https:\/\/car-o-liner.com\/no\/"},{"@type":"ListItem","position":2,"name":"Verkstedl\u00f8sninger","item":"https:\/\/car-o-liner.com\/no\/produkter\/verkstedslosninger\/"},{"@type":"ListItem","position":3,"name":"Verkt\u00f8y for reparasjon av bulker i karosserier","item":"https:\/\/car-o-liner.com\/no\/produkter\/bulkuttrekkere-for-karosserier\/"},{"@type":"ListItem","position":4,"name":"CR\u2122200 ARBEIDSSTASJON"}]},{"@type":"WebSite","@id":"https:\/\/car-o-liner.com\/no\/#website","url":"https:\/\/car-o-liner.com\/no\/","name":"Car-O-Liner","description":"Collision Repair Equipment","publisher":{"@id":"https:\/\/car-o-liner.com\/no\/#organization"},"potentialAction":[{"@type":"SearchAction","target":{"@type":"EntryPoint","urlTemplate":"https:\/\/car-o-liner.com\/no\/?s={search_term_string}"},"query-input":{"@type":"PropertyValueSpecification","valueRequired":true,"valueName":"search_term_string"}}],"inLanguage":"nb-NO"},{"@type":"Organization","@id":"https:\/\/car-o-liner.com\/no\/#organization","name":"Car-O-Liner","url":"https:\/\/car-o-liner.com\/no\/","logo":{"@type":"ImageObject","inLanguage":"nb-NO","@id":"https:\/\/car-o-liner.com\/no\/#\/schema\/logo\/image\/","url":"https:\/\/car-o-liner.com\/wp-content\/uploads\/Car-O-Liner-blue-web.svg","contentUrl":"https:\/\/car-o-liner.com\/wp-content\/uploads\/Car-O-Liner-blue-web.svg","width":250,"height":50,"caption":"Car-O-Liner"},"image":{"@id":"https:\/\/car-o-liner.com\/no\/#\/schema\/logo\/image\/"}}]}},"_links":{"self":[{"href":"https:\/\/car-o-liner.com\/no\/wp-json\/wp\/v2\/product\/88669","targetHints":{"allow":["GET"]}}],"collection":[{"href":"https:\/\/car-o-liner.com\/no\/wp-json\/wp\/v2\/product"}],"about":[{"href":"https:\/\/car-o-liner.com\/no\/wp-json\/wp\/v2\/types\/product"}],"up":[{"embeddable":true,"href":"https:\/\/car-o-liner.com\/no\/wp-json\/wp\/v2\/product\/88422"}],"wp:featuredmedia":[{"embeddable":true,"href":"https:\/\/car-o-liner.com\/no\/wp-json\/wp\/v2\/media\/85581"}],"wp:attachment":[{"href":"https:\/\/car-o-liner.com\/no\/wp-json\/wp\/v2\/media?parent=88669"}],"curies":[{"name":"wp","href":"https:\/\/api.w.org\/{rel}","templated":true}]}}