{"id":81715,"date":"2023-09-20T18:41:22","date_gmt":"2023-09-20T16:41:22","guid":{"rendered":"https:\/\/car-o-liner-test.phl.togglebox.site\/about-us\/"},"modified":"2024-03-01T21:20:13","modified_gmt":"2024-03-01T20:20:13","slug":"about-us","status":"publish","type":"page","link":"https:\/\/car-o-liner.com\/sv\/about-us\/","title":{"rendered":"Om oss"},"content":{"rendered":"\n<h4 class=\"wp-block-heading\">V\u00e4lkommen till Car-O-Liner<\/h4>\n\n\n\n<p>Car-O-Liner\u00ae har varit synonymt med innovation \u00e4nda sedan f\u00f6retaget utvecklade sin f\u00f6rsta riktb\u00e4nk. Det blev ocks\u00e5 startskottet f\u00f6r en fantastisk tillv\u00e4xtresa. I dag \u00e4r Car-O-Liner v\u00e4rldsledande leverant\u00f6r av h\u00f6gkvalitativ och tekniskt avancerad utrustning f\u00f6r skadereparation av fordon med n\u00e4rvaro i \u00f6ver 70 l\u00e4nder. I ett drygt halvsekel har vi f\u00f6rsett branschen med innovativa l\u00f6sningar, varit drivande i den tekniska utvecklingen samt erbjudit v\u00e5ra kunder omfattande utbildningar och p\u00e5litlig support.<\/p>\n\n\n\n<p>Car-O-Liner ing\u00e5r i Snap-on\u00ae Inc sedan 2016, i produktfamiljen Total Shop Solutions (TSS\u2122). Denna strategiska integration har gett Car-O-Liner m\u00f6jlighet att expandera till andra omr\u00e5den inom skadereparation, som t.ex. testning och kalibrering av ADAS-system, omfattande skadeanalys i motorrummet och flera andra viktiga tj\u00e4nster.<\/p>\n\n\n\n<figure class=\"wp-block-image size-full\"><img loading=\"lazy\" decoding=\"async\" width=\"400\" height=\"250\" src=\"https:\/\/car-o-liner-test.phl.togglebox.site\/wp-content\/uploads\/Beliefs-1.jpg\" alt=\"A repair technician measures using PointXII\" class=\"wp-image-88093\" srcset=\"https:\/\/car-o-liner.com\/wp-content\/uploads\/Beliefs-1.jpg 400w, https:\/\/car-o-liner.com\/wp-content\/uploads\/Beliefs-1-300x188.jpg 300w\" sizes=\"auto, (max-width: 400px) 100vw, 400px\" \/><\/figure>\n\n\n\n<h5 class=\"wp-block-heading\">\u00d6vertygelser<\/h5>\n\n\n\n<p>Vi tror p\u00e5 kompromissl\u00f6s produkt- och arbetss\u00e4kerhet, h\u00f6gsta m\u00f6jliga kvalitet, passionerad kundservice, dj\u00e4rv innovation och snabb kontinuerlig utveckling.<\/p>\n\n\n\n<figure class=\"wp-block-image size-full\"><img loading=\"lazy\" decoding=\"async\" width=\"400\" height=\"250\" src=\"https:\/\/car-o-liner-test.phl.togglebox.site\/wp-content\/uploads\/Values-1.jpg\" alt=\"A Car-O-Liner representative meets with a client\" class=\"wp-image-88104\" srcset=\"https:\/\/car-o-liner.com\/wp-content\/uploads\/Values-1.jpg 400w, https:\/\/car-o-liner.com\/wp-content\/uploads\/Values-1-300x188.jpg 300w\" sizes=\"auto, (max-width: 400px) 100vw, 400px\" \/><\/figure>\n\n\n\n<h5 class=\"wp-block-heading\">V\u00e4rden<\/h5>\n\n\n\n<p>V\u00e5r framg\u00e5ng styrs av v\u00e5rt beteende och d\u00e4rf\u00f6r \u00e4r integritet, uppriktighet, respekt f\u00f6r individen, lagarbete och att lyssna p\u00e5 varandra de v\u00e4rden som v\u00e4gleder oss i v\u00e5rt dagliga arbete.<\/p>\n\n\n\n<figure class=\"wp-block-image size-full\"><img loading=\"lazy\" decoding=\"async\" width=\"400\" height=\"250\" src=\"https:\/\/car-o-liner-test.phl.togglebox.site\/wp-content\/uploads\/Vision-1.jpg\" alt=\"A technician performs a weld\" class=\"wp-image-88114\" srcset=\"https:\/\/car-o-liner.com\/wp-content\/uploads\/Vision-1.jpg 400w, https:\/\/car-o-liner.com\/wp-content\/uploads\/Vision-1-300x188.jpg 300w\" sizes=\"auto, (max-width: 400px) 100vw, 400px\" \/><\/figure>\n\n\n\n<h5 class=\"wp-block-heading\">Vision<\/h5>\n\n\n\n<p>V\u00e5r vision \u00e4r att uppfattas som ett attraktivt varum\u00e4rke, en attraktiv arbetsgivare och en attraktiv aff\u00e4rspartner och vi arbetar passionerat och beslutsamt f\u00f6r att leva upp till dessa m\u00e5l.<\/p>\n\n\n\n<figure class=\"wp-block-embed is-type-video is-provider-youtube wp-block-embed-youtube wp-embed-aspect-16-9 wp-has-aspect-ratio\"><div class=\"wp-block-embed__wrapper\">\n<iframe loading=\"lazy\" title=\"Car-O-Liner 50 Years\" width=\"640\" height=\"360\" src=\"https:\/\/www.youtube.com\/embed\/GCWUQwVVUVg?feature=oembed&#038;controls=1&#038;rel=0\" frameborder=\"0\" allow=\"accelerometer; autoplay; clipboard-write; encrypted-media; gyroscope; picture-in-picture; web-share\" referrerpolicy=\"strict-origin-when-cross-origin\" allowfullscreen><\/iframe>\n<\/div><\/figure>\n","protected":false},"excerpt":{"rendered":"<p>V\u00e4lkommen till Car-O-Liner Car-O-Liner\u00ae har varit synonymt med innovation \u00e4nda sedan f\u00f6retaget utvecklade sin f\u00f6rsta riktb\u00e4nk. Det blev ocks\u00e5 startskottet f\u00f6r en fantastisk tillv\u00e4xtresa. I dag \u00e4r Car-O-Liner v\u00e4rldsledande leverant\u00f6r av h\u00f6gkvalitativ och tekniskt avancerad utrustning f\u00f6r skadereparation av fordon med n\u00e4rvaro i \u00f6ver 70 l\u00e4nder. I ett drygt halvsekel har vi f\u00f6rsett branschen med [&hellip;]<\/p>\n","protected":false},"author":1,"featured_media":0,"parent":0,"menu_order":0,"comment_status":"closed","ping_status":"closed","template":"page-templates\/about-us.php","meta":{"footnotes":""},"class_list":["post-81715","page","type-page","status-publish","hentry"],"yoast_head":"<!-- This site is optimized with the Yoast SEO plugin v27.2 - https:\/\/yoast.com\/product\/yoast-seo-wordpress\/ -->\n<title>Om oss - Car-O-Liner<\/title>\n<meta name=\"robots\" content=\"index, follow, max-snippet:-1, max-image-preview:large, max-video-preview:-1\" \/>\n<link rel=\"canonical\" href=\"https:\/\/car-o-liner.com\/sv\/about-us\/\" \/>\n<meta property=\"og:locale\" content=\"sv_SE\" \/>\n<meta property=\"og:type\" content=\"article\" \/>\n<meta property=\"og:title\" content=\"Om oss - Car-O-Liner\" \/>\n<meta property=\"og:description\" content=\"V\u00e4lkommen till Car-O-Liner Car-O-Liner\u00ae har varit synonymt med innovation \u00e4nda sedan f\u00f6retaget utvecklade sin f\u00f6rsta riktb\u00e4nk. Det blev ocks\u00e5 startskottet f\u00f6r en fantastisk tillv\u00e4xtresa. I dag \u00e4r Car-O-Liner v\u00e4rldsledande leverant\u00f6r av h\u00f6gkvalitativ och tekniskt avancerad utrustning f\u00f6r skadereparation av fordon med n\u00e4rvaro i \u00f6ver 70 l\u00e4nder. I ett drygt halvsekel har vi f\u00f6rsett branschen med [&hellip;]\" \/>\n<meta property=\"og:url\" content=\"https:\/\/car-o-liner.com\/sv\/about-us\/\" \/>\n<meta property=\"og:site_name\" content=\"Car-O-Liner\" \/>\n<meta property=\"article:modified_time\" content=\"2024-03-01T20:20:13+00:00\" \/>\n<meta property=\"og:image\" content=\"https:\/\/car-o-liner-test.phl.togglebox.site\/wp-content\/uploads\/Beliefs-1.jpg\" \/>\n<meta name=\"twitter:card\" content=\"summary_large_image\" \/>\n<script type=\"application\/ld+json\" class=\"yoast-schema-graph\">{\"@context\":\"https:\/\/schema.org\",\"@graph\":[{\"@type\":\"WebPage\",\"@id\":\"https:\/\/car-o-liner.com\/sv\/about-us\/\",\"url\":\"https:\/\/car-o-liner.com\/sv\/about-us\/\",\"name\":\"Om oss - Car-O-Liner\",\"isPartOf\":{\"@id\":\"https:\/\/car-o-liner.com\/sv\/#website\"},\"primaryImageOfPage\":{\"@id\":\"https:\/\/car-o-liner.com\/sv\/about-us\/#primaryimage\"},\"image\":{\"@id\":\"https:\/\/car-o-liner.com\/sv\/about-us\/#primaryimage\"},\"thumbnailUrl\":\"https:\/\/car-o-liner-test.phl.togglebox.site\/wp-content\/uploads\/Beliefs-1.jpg\",\"datePublished\":\"2023-09-20T16:41:22+00:00\",\"dateModified\":\"2024-03-01T20:20:13+00:00\",\"breadcrumb\":{\"@id\":\"https:\/\/car-o-liner.com\/sv\/about-us\/#breadcrumb\"},\"inLanguage\":\"sv-SE\",\"potentialAction\":[{\"@type\":\"ReadAction\",\"target\":[\"https:\/\/car-o-liner.com\/sv\/about-us\/\"]}]},{\"@type\":\"ImageObject\",\"inLanguage\":\"sv-SE\",\"@id\":\"https:\/\/car-o-liner.com\/sv\/about-us\/#primaryimage\",\"url\":\"https:\/\/car-o-liner-test.phl.togglebox.site\/wp-content\/uploads\/Beliefs-1.jpg\",\"contentUrl\":\"https:\/\/car-o-liner-test.phl.togglebox.site\/wp-content\/uploads\/Beliefs-1.jpg\"},{\"@type\":\"BreadcrumbList\",\"@id\":\"https:\/\/car-o-liner.com\/sv\/about-us\/#breadcrumb\",\"itemListElement\":[{\"@type\":\"ListItem\",\"position\":1,\"name\":\"Home\",\"item\":\"https:\/\/car-o-liner.com\/sv\/\"},{\"@type\":\"ListItem\",\"position\":2,\"name\":\"Om oss\"}]},{\"@type\":\"WebSite\",\"@id\":\"https:\/\/car-o-liner.com\/sv\/#website\",\"url\":\"https:\/\/car-o-liner.com\/sv\/\",\"name\":\"Car-O-Liner\",\"description\":\"Collision Repair Equipment\",\"publisher\":{\"@id\":\"https:\/\/car-o-liner.com\/sv\/#organization\"},\"potentialAction\":[{\"@type\":\"SearchAction\",\"target\":{\"@type\":\"EntryPoint\",\"urlTemplate\":\"https:\/\/car-o-liner.com\/sv\/?s={search_term_string}\"},\"query-input\":{\"@type\":\"PropertyValueSpecification\",\"valueRequired\":true,\"valueName\":\"search_term_string\"}}],\"inLanguage\":\"sv-SE\"},{\"@type\":\"Organization\",\"@id\":\"https:\/\/car-o-liner.com\/sv\/#organization\",\"name\":\"Car-O-Liner\",\"url\":\"https:\/\/car-o-liner.com\/sv\/\",\"logo\":{\"@type\":\"ImageObject\",\"inLanguage\":\"sv-SE\",\"@id\":\"https:\/\/car-o-liner.com\/sv\/#\/schema\/logo\/image\/\",\"url\":\"https:\/\/car-o-liner.com\/wp-content\/uploads\/Car-O-Liner-blue-web.svg\",\"contentUrl\":\"https:\/\/car-o-liner.com\/wp-content\/uploads\/Car-O-Liner-blue-web.svg\",\"width\":250,\"height\":50,\"caption\":\"Car-O-Liner\"},\"image\":{\"@id\":\"https:\/\/car-o-liner.com\/sv\/#\/schema\/logo\/image\/\"}}]}<\/script>\n<!-- \/ Yoast SEO plugin. -->","yoast_head_json":{"title":"Om oss - Car-O-Liner","robots":{"index":"index","follow":"follow","max-snippet":"max-snippet:-1","max-image-preview":"max-image-preview:large","max-video-preview":"max-video-preview:-1"},"canonical":"https:\/\/car-o-liner.com\/sv\/about-us\/","og_locale":"sv_SE","og_type":"article","og_title":"Om oss - Car-O-Liner","og_description":"V\u00e4lkommen till Car-O-Liner Car-O-Liner\u00ae har varit synonymt med innovation \u00e4nda sedan f\u00f6retaget utvecklade sin f\u00f6rsta riktb\u00e4nk. Det blev ocks\u00e5 startskottet f\u00f6r en fantastisk tillv\u00e4xtresa. I dag \u00e4r Car-O-Liner v\u00e4rldsledande leverant\u00f6r av h\u00f6gkvalitativ och tekniskt avancerad utrustning f\u00f6r skadereparation av fordon med n\u00e4rvaro i \u00f6ver 70 l\u00e4nder. I ett drygt halvsekel har vi f\u00f6rsett branschen med [&hellip;]","og_url":"https:\/\/car-o-liner.com\/sv\/about-us\/","og_site_name":"Car-O-Liner","article_modified_time":"2024-03-01T20:20:13+00:00","og_image":[{"url":"https:\/\/car-o-liner-test.phl.togglebox.site\/wp-content\/uploads\/Beliefs-1.jpg","type":"","width":"","height":""}],"twitter_card":"summary_large_image","schema":{"@context":"https:\/\/schema.org","@graph":[{"@type":"WebPage","@id":"https:\/\/car-o-liner.com\/sv\/about-us\/","url":"https:\/\/car-o-liner.com\/sv\/about-us\/","name":"Om oss - Car-O-Liner","isPartOf":{"@id":"https:\/\/car-o-liner.com\/sv\/#website"},"primaryImageOfPage":{"@id":"https:\/\/car-o-liner.com\/sv\/about-us\/#primaryimage"},"image":{"@id":"https:\/\/car-o-liner.com\/sv\/about-us\/#primaryimage"},"thumbnailUrl":"https:\/\/car-o-liner-test.phl.togglebox.site\/wp-content\/uploads\/Beliefs-1.jpg","datePublished":"2023-09-20T16:41:22+00:00","dateModified":"2024-03-01T20:20:13+00:00","breadcrumb":{"@id":"https:\/\/car-o-liner.com\/sv\/about-us\/#breadcrumb"},"inLanguage":"sv-SE","potentialAction":[{"@type":"ReadAction","target":["https:\/\/car-o-liner.com\/sv\/about-us\/"]}]},{"@type":"ImageObject","inLanguage":"sv-SE","@id":"https:\/\/car-o-liner.com\/sv\/about-us\/#primaryimage","url":"https:\/\/car-o-liner-test.phl.togglebox.site\/wp-content\/uploads\/Beliefs-1.jpg","contentUrl":"https:\/\/car-o-liner-test.phl.togglebox.site\/wp-content\/uploads\/Beliefs-1.jpg"},{"@type":"BreadcrumbList","@id":"https:\/\/car-o-liner.com\/sv\/about-us\/#breadcrumb","itemListElement":[{"@type":"ListItem","position":1,"name":"Home","item":"https:\/\/car-o-liner.com\/sv\/"},{"@type":"ListItem","position":2,"name":"Om oss"}]},{"@type":"WebSite","@id":"https:\/\/car-o-liner.com\/sv\/#website","url":"https:\/\/car-o-liner.com\/sv\/","name":"Car-O-Liner","description":"Collision Repair Equipment","publisher":{"@id":"https:\/\/car-o-liner.com\/sv\/#organization"},"potentialAction":[{"@type":"SearchAction","target":{"@type":"EntryPoint","urlTemplate":"https:\/\/car-o-liner.com\/sv\/?s={search_term_string}"},"query-input":{"@type":"PropertyValueSpecification","valueRequired":true,"valueName":"search_term_string"}}],"inLanguage":"sv-SE"},{"@type":"Organization","@id":"https:\/\/car-o-liner.com\/sv\/#organization","name":"Car-O-Liner","url":"https:\/\/car-o-liner.com\/sv\/","logo":{"@type":"ImageObject","inLanguage":"sv-SE","@id":"https:\/\/car-o-liner.com\/sv\/#\/schema\/logo\/image\/","url":"https:\/\/car-o-liner.com\/wp-content\/uploads\/Car-O-Liner-blue-web.svg","contentUrl":"https:\/\/car-o-liner.com\/wp-content\/uploads\/Car-O-Liner-blue-web.svg","width":250,"height":50,"caption":"Car-O-Liner"},"image":{"@id":"https:\/\/car-o-liner.com\/sv\/#\/schema\/logo\/image\/"}}]}},"_links":{"self":[{"href":"https:\/\/car-o-liner.com\/sv\/wp-json\/wp\/v2\/pages\/81715","targetHints":{"allow":["GET"]}}],"collection":[{"href":"https:\/\/car-o-liner.com\/sv\/wp-json\/wp\/v2\/pages"}],"about":[{"href":"https:\/\/car-o-liner.com\/sv\/wp-json\/wp\/v2\/types\/page"}],"author":[{"embeddable":true,"href":"https:\/\/car-o-liner.com\/sv\/wp-json\/wp\/v2\/users\/1"}],"replies":[{"embeddable":true,"href":"https:\/\/car-o-liner.com\/sv\/wp-json\/wp\/v2\/comments?post=81715"}],"version-history":[{"count":2,"href":"https:\/\/car-o-liner.com\/sv\/wp-json\/wp\/v2\/pages\/81715\/revisions"}],"predecessor-version":[{"id":88128,"href":"https:\/\/car-o-liner.com\/sv\/wp-json\/wp\/v2\/pages\/81715\/revisions\/88128"}],"wp:attachment":[{"href":"https:\/\/car-o-liner.com\/sv\/wp-json\/wp\/v2\/media?parent=81715"}],"curies":[{"name":"wp","href":"https:\/\/api.w.org\/{rel}","templated":true}]}}