{"id":82176,"date":"2023-10-30T17:27:17","date_gmt":"2023-10-30T16:27:17","guid":{"rendered":"https:\/\/car-o-liner-test.phl.togglebox.site\/careers\/"},"modified":"2025-09-25T19:01:52","modified_gmt":"2025-09-25T17:01:52","slug":"careers","status":"publish","type":"page","link":"https:\/\/car-o-liner.com\/sv\/careers\/","title":{"rendered":"Karri\u00e4r"},"content":{"rendered":"\n<h4 class=\"wp-block-heading\">F\u00f6lj med p\u00e5 v\u00e5r framg\u00e5ngsresa<\/h4>\n\n\n\n<p>Car-O-Liner\u00ae ing\u00e5r i Snap-on\u00ae TOTAL SHOP SOLUTIONS familj och \u00e4r en ledande, global leverant\u00f6r av h\u00f6gkvalitativ och tekniskt avancerad utrustning f\u00f6r skadereparation av fordon. Vi levererar innovativa l\u00f6sningar, teknisk utveckling, utbildning och kundsupport till bileftermarknaden \u00f6ver hela v\u00e4rlden.<\/p>\n\n\n\n<p>TOTAL SHOP SOLUTIONS \u00e4r en familj av varum\u00e4rken inom Snap-on\u00ae som omfattar branschens b\u00e4sta reparationsprodukter. Snap-on \u00e4r k\u00e4nt f\u00f6r produkternas h\u00f6ga kvalitet, men vi vet att det \u00e4r engagemanget och egenskaperna hos v\u00e5ra medarbetare som g\u00f6r v\u00e5rt f\u00f6retag v\u00e4rldsledande.<\/p>\n\n\n\n<p>Med v\u00e5r breda kompetens och med Snap-ons framst\u00e5ende familj av varum\u00e4rken kan vi arbeta innovationsdrivande och v\u00e4rdeskapande.<\/p>\n","protected":false},"excerpt":{"rendered":"<p>F\u00f6lj med p\u00e5 v\u00e5r framg\u00e5ngsresa Car-O-Liner\u00ae ing\u00e5r i Snap-on\u00ae TOTAL SHOP SOLUTIONS familj och \u00e4r en ledande, global leverant\u00f6r av h\u00f6gkvalitativ och tekniskt avancerad utrustning f\u00f6r skadereparation av fordon. Vi levererar innovativa l\u00f6sningar, teknisk utveckling, utbildning och kundsupport till bileftermarknaden \u00f6ver hela v\u00e4rlden. TOTAL SHOP SOLUTIONS \u00e4r en familj av varum\u00e4rken inom Snap-on\u00ae som omfattar [&hellip;]<\/p>\n","protected":false},"author":1,"featured_media":83634,"parent":0,"menu_order":0,"comment_status":"closed","ping_status":"closed","template":"page-templates\/careers.php","meta":{"footnotes":""},"class_list":["post-82176","page","type-page","status-publish","has-post-thumbnail","hentry"],"yoast_head":"<!-- This site is optimized with the Yoast SEO plugin v27.2 - https:\/\/yoast.com\/product\/yoast-seo-wordpress\/ -->\n<title>Karri\u00e4r - Car-O-Liner<\/title>\n<meta name=\"robots\" content=\"index, follow, max-snippet:-1, max-image-preview:large, max-video-preview:-1\" \/>\n<link rel=\"canonical\" href=\"https:\/\/car-o-liner.com\/sv\/careers\/\" \/>\n<meta property=\"og:locale\" content=\"sv_SE\" \/>\n<meta property=\"og:type\" content=\"article\" \/>\n<meta property=\"og:title\" content=\"Karri\u00e4r - Car-O-Liner\" \/>\n<meta property=\"og:description\" content=\"F\u00f6lj med p\u00e5 v\u00e5r framg\u00e5ngsresa Car-O-Liner\u00ae ing\u00e5r i Snap-on\u00ae TOTAL SHOP SOLUTIONS familj och \u00e4r en ledande, global leverant\u00f6r av h\u00f6gkvalitativ och tekniskt avancerad utrustning f\u00f6r skadereparation av fordon. Vi levererar innovativa l\u00f6sningar, teknisk utveckling, utbildning och kundsupport till bileftermarknaden \u00f6ver hela v\u00e4rlden. TOTAL SHOP SOLUTIONS \u00e4r en familj av varum\u00e4rken inom Snap-on\u00ae som omfattar [&hellip;]\" \/>\n<meta property=\"og:url\" content=\"https:\/\/car-o-liner.com\/sv\/careers\/\" \/>\n<meta property=\"og:site_name\" content=\"Car-O-Liner\" \/>\n<meta property=\"article:modified_time\" content=\"2025-09-25T17:01:52+00:00\" \/>\n<meta property=\"og:image\" content=\"https:\/\/car-o-liner.com\/wp-content\/uploads\/careers-hero-2.jpg\" \/>\n\t<meta property=\"og:image:width\" content=\"2000\" \/>\n\t<meta property=\"og:image:height\" content=\"1000\" \/>\n\t<meta property=\"og:image:type\" content=\"image\/jpeg\" \/>\n<meta name=\"twitter:card\" content=\"summary_large_image\" \/>\n<script type=\"application\/ld+json\" class=\"yoast-schema-graph\">{\"@context\":\"https:\/\/schema.org\",\"@graph\":[{\"@type\":\"WebPage\",\"@id\":\"https:\/\/car-o-liner.com\/sv\/careers\/\",\"url\":\"https:\/\/car-o-liner.com\/sv\/careers\/\",\"name\":\"Karri\u00e4r - Car-O-Liner\",\"isPartOf\":{\"@id\":\"https:\/\/car-o-liner.com\/sv\/#website\"},\"primaryImageOfPage\":{\"@id\":\"https:\/\/car-o-liner.com\/sv\/careers\/#primaryimage\"},\"image\":{\"@id\":\"https:\/\/car-o-liner.com\/sv\/careers\/#primaryimage\"},\"thumbnailUrl\":\"https:\/\/car-o-liner.com\/wp-content\/uploads\/careers-hero-2.jpg\",\"datePublished\":\"2023-10-30T16:27:17+00:00\",\"dateModified\":\"2025-09-25T17:01:52+00:00\",\"breadcrumb\":{\"@id\":\"https:\/\/car-o-liner.com\/sv\/careers\/#breadcrumb\"},\"inLanguage\":\"sv-SE\",\"potentialAction\":[{\"@type\":\"ReadAction\",\"target\":[\"https:\/\/car-o-liner.com\/sv\/careers\/\"]}]},{\"@type\":\"ImageObject\",\"inLanguage\":\"sv-SE\",\"@id\":\"https:\/\/car-o-liner.com\/sv\/careers\/#primaryimage\",\"url\":\"https:\/\/car-o-liner.com\/wp-content\/uploads\/careers-hero-2.jpg\",\"contentUrl\":\"https:\/\/car-o-liner.com\/wp-content\/uploads\/careers-hero-2.jpg\",\"width\":2000,\"height\":1000,\"caption\":\"Smiling Car-O-liner employees\"},{\"@type\":\"BreadcrumbList\",\"@id\":\"https:\/\/car-o-liner.com\/sv\/careers\/#breadcrumb\",\"itemListElement\":[{\"@type\":\"ListItem\",\"position\":1,\"name\":\"Home\",\"item\":\"https:\/\/car-o-liner.com\/sv\/\"},{\"@type\":\"ListItem\",\"position\":2,\"name\":\"Karri\u00e4r\"}]},{\"@type\":\"WebSite\",\"@id\":\"https:\/\/car-o-liner.com\/sv\/#website\",\"url\":\"https:\/\/car-o-liner.com\/sv\/\",\"name\":\"Car-O-Liner\",\"description\":\"Collision Repair Equipment\",\"publisher\":{\"@id\":\"https:\/\/car-o-liner.com\/sv\/#organization\"},\"potentialAction\":[{\"@type\":\"SearchAction\",\"target\":{\"@type\":\"EntryPoint\",\"urlTemplate\":\"https:\/\/car-o-liner.com\/sv\/?s={search_term_string}\"},\"query-input\":{\"@type\":\"PropertyValueSpecification\",\"valueRequired\":true,\"valueName\":\"search_term_string\"}}],\"inLanguage\":\"sv-SE\"},{\"@type\":\"Organization\",\"@id\":\"https:\/\/car-o-liner.com\/sv\/#organization\",\"name\":\"Car-O-Liner\",\"url\":\"https:\/\/car-o-liner.com\/sv\/\",\"logo\":{\"@type\":\"ImageObject\",\"inLanguage\":\"sv-SE\",\"@id\":\"https:\/\/car-o-liner.com\/sv\/#\/schema\/logo\/image\/\",\"url\":\"https:\/\/car-o-liner.com\/wp-content\/uploads\/Car-O-Liner-blue-web.svg\",\"contentUrl\":\"https:\/\/car-o-liner.com\/wp-content\/uploads\/Car-O-Liner-blue-web.svg\",\"width\":250,\"height\":50,\"caption\":\"Car-O-Liner\"},\"image\":{\"@id\":\"https:\/\/car-o-liner.com\/sv\/#\/schema\/logo\/image\/\"}}]}<\/script>\n<!-- \/ Yoast SEO plugin. -->","yoast_head_json":{"title":"Karri\u00e4r - Car-O-Liner","robots":{"index":"index","follow":"follow","max-snippet":"max-snippet:-1","max-image-preview":"max-image-preview:large","max-video-preview":"max-video-preview:-1"},"canonical":"https:\/\/car-o-liner.com\/sv\/careers\/","og_locale":"sv_SE","og_type":"article","og_title":"Karri\u00e4r - Car-O-Liner","og_description":"F\u00f6lj med p\u00e5 v\u00e5r framg\u00e5ngsresa Car-O-Liner\u00ae ing\u00e5r i Snap-on\u00ae TOTAL SHOP SOLUTIONS familj och \u00e4r en ledande, global leverant\u00f6r av h\u00f6gkvalitativ och tekniskt avancerad utrustning f\u00f6r skadereparation av fordon. Vi levererar innovativa l\u00f6sningar, teknisk utveckling, utbildning och kundsupport till bileftermarknaden \u00f6ver hela v\u00e4rlden. TOTAL SHOP SOLUTIONS \u00e4r en familj av varum\u00e4rken inom Snap-on\u00ae som omfattar [&hellip;]","og_url":"https:\/\/car-o-liner.com\/sv\/careers\/","og_site_name":"Car-O-Liner","article_modified_time":"2025-09-25T17:01:52+00:00","og_image":[{"width":2000,"height":1000,"url":"https:\/\/car-o-liner.com\/wp-content\/uploads\/careers-hero-2.jpg","type":"image\/jpeg"}],"twitter_card":"summary_large_image","schema":{"@context":"https:\/\/schema.org","@graph":[{"@type":"WebPage","@id":"https:\/\/car-o-liner.com\/sv\/careers\/","url":"https:\/\/car-o-liner.com\/sv\/careers\/","name":"Karri\u00e4r - Car-O-Liner","isPartOf":{"@id":"https:\/\/car-o-liner.com\/sv\/#website"},"primaryImageOfPage":{"@id":"https:\/\/car-o-liner.com\/sv\/careers\/#primaryimage"},"image":{"@id":"https:\/\/car-o-liner.com\/sv\/careers\/#primaryimage"},"thumbnailUrl":"https:\/\/car-o-liner.com\/wp-content\/uploads\/careers-hero-2.jpg","datePublished":"2023-10-30T16:27:17+00:00","dateModified":"2025-09-25T17:01:52+00:00","breadcrumb":{"@id":"https:\/\/car-o-liner.com\/sv\/careers\/#breadcrumb"},"inLanguage":"sv-SE","potentialAction":[{"@type":"ReadAction","target":["https:\/\/car-o-liner.com\/sv\/careers\/"]}]},{"@type":"ImageObject","inLanguage":"sv-SE","@id":"https:\/\/car-o-liner.com\/sv\/careers\/#primaryimage","url":"https:\/\/car-o-liner.com\/wp-content\/uploads\/careers-hero-2.jpg","contentUrl":"https:\/\/car-o-liner.com\/wp-content\/uploads\/careers-hero-2.jpg","width":2000,"height":1000,"caption":"Smiling Car-O-liner employees"},{"@type":"BreadcrumbList","@id":"https:\/\/car-o-liner.com\/sv\/careers\/#breadcrumb","itemListElement":[{"@type":"ListItem","position":1,"name":"Home","item":"https:\/\/car-o-liner.com\/sv\/"},{"@type":"ListItem","position":2,"name":"Karri\u00e4r"}]},{"@type":"WebSite","@id":"https:\/\/car-o-liner.com\/sv\/#website","url":"https:\/\/car-o-liner.com\/sv\/","name":"Car-O-Liner","description":"Collision Repair Equipment","publisher":{"@id":"https:\/\/car-o-liner.com\/sv\/#organization"},"potentialAction":[{"@type":"SearchAction","target":{"@type":"EntryPoint","urlTemplate":"https:\/\/car-o-liner.com\/sv\/?s={search_term_string}"},"query-input":{"@type":"PropertyValueSpecification","valueRequired":true,"valueName":"search_term_string"}}],"inLanguage":"sv-SE"},{"@type":"Organization","@id":"https:\/\/car-o-liner.com\/sv\/#organization","name":"Car-O-Liner","url":"https:\/\/car-o-liner.com\/sv\/","logo":{"@type":"ImageObject","inLanguage":"sv-SE","@id":"https:\/\/car-o-liner.com\/sv\/#\/schema\/logo\/image\/","url":"https:\/\/car-o-liner.com\/wp-content\/uploads\/Car-O-Liner-blue-web.svg","contentUrl":"https:\/\/car-o-liner.com\/wp-content\/uploads\/Car-O-Liner-blue-web.svg","width":250,"height":50,"caption":"Car-O-Liner"},"image":{"@id":"https:\/\/car-o-liner.com\/sv\/#\/schema\/logo\/image\/"}}]}},"_links":{"self":[{"href":"https:\/\/car-o-liner.com\/sv\/wp-json\/wp\/v2\/pages\/82176","targetHints":{"allow":["GET"]}}],"collection":[{"href":"https:\/\/car-o-liner.com\/sv\/wp-json\/wp\/v2\/pages"}],"about":[{"href":"https:\/\/car-o-liner.com\/sv\/wp-json\/wp\/v2\/types\/page"}],"author":[{"embeddable":true,"href":"https:\/\/car-o-liner.com\/sv\/wp-json\/wp\/v2\/users\/1"}],"replies":[{"embeddable":true,"href":"https:\/\/car-o-liner.com\/sv\/wp-json\/wp\/v2\/comments?post=82176"}],"version-history":[{"count":2,"href":"https:\/\/car-o-liner.com\/sv\/wp-json\/wp\/v2\/pages\/82176\/revisions"}],"predecessor-version":[{"id":87698,"href":"https:\/\/car-o-liner.com\/sv\/wp-json\/wp\/v2\/pages\/82176\/revisions\/87698"}],"wp:featuredmedia":[{"embeddable":true,"href":"https:\/\/car-o-liner.com\/sv\/wp-json\/wp\/v2\/media\/83634"}],"wp:attachment":[{"href":"https:\/\/car-o-liner.com\/sv\/wp-json\/wp\/v2\/media?parent=82176"}],"curies":[{"name":"wp","href":"https:\/\/api.w.org\/{rel}","templated":true}]}}