{"id":83170,"date":"2023-12-04T21:27:50","date_gmt":"2023-12-04T20:27:50","guid":{"rendered":"https:\/\/car-o-liner-test.phl.togglebox.site\/customer-service\/"},"modified":"2024-07-08T20:11:51","modified_gmt":"2024-07-08T18:11:51","slug":"customer-service","status":"publish","type":"page","link":"https:\/\/car-o-liner.com\/sv\/customer-service\/","title":{"rendered":"Alltid h\u00e4r f\u00f6r dig"},"content":{"rendered":"\n<p>P\u00e5 Car-O-Liner\u00ae har v\u00e5rt dedikerade serviceteam \u00e5tagit sig att hj\u00e4lpa dig och ditt f\u00f6retag att uppr\u00e4tth\u00e5lla topprestanda f\u00f6r dina produkter. Med omfattande expertis inom alla aspekter av karosseriprodukter, uppriktning, m\u00e4tning, fogningsteknik, uppv\u00e4rmning och ADAS-kalibrering ser vi till att din utrustning fungerar p\u00e5 b\u00e4sta s\u00e4tt.<\/p>\n\n\n\n<p>Vi tillhandah\u00e5ller ocks\u00e5 omfattande introduktionsutbildning om v\u00e5ra produkter, vilket s\u00e4kerst\u00e4ller att ditt team maximerar anv\u00e4ndningen av din utrustning inom ditt f\u00f6retag.<\/p>\n","protected":false},"excerpt":{"rendered":"<p>P\u00e5 Car-O-Liner\u00ae har v\u00e5rt dedikerade serviceteam \u00e5tagit sig att hj\u00e4lpa dig och ditt f\u00f6retag att uppr\u00e4tth\u00e5lla topprestanda f\u00f6r dina produkter. Med omfattande expertis inom alla aspekter av karosseriprodukter, uppriktning, m\u00e4tning, fogningsteknik, uppv\u00e4rmning och ADAS-kalibrering ser vi till att din utrustning fungerar p\u00e5 b\u00e4sta s\u00e4tt. Vi tillhandah\u00e5ller ocks\u00e5 omfattande introduktionsutbildning om v\u00e5ra produkter, vilket s\u00e4kerst\u00e4ller att [&hellip;]<\/p>\n","protected":false},"author":1,"featured_media":83171,"parent":0,"menu_order":0,"comment_status":"closed","ping_status":"closed","template":"page-templates\/customer-service.php","meta":{"footnotes":""},"class_list":["post-83170","page","type-page","status-publish","has-post-thumbnail","hentry"],"yoast_head":"<!-- This site is optimized with the Yoast SEO plugin v27.2 - https:\/\/yoast.com\/product\/yoast-seo-wordpress\/ -->\n<title>Alltid h\u00e4r f\u00f6r dig - Car-O-Liner<\/title>\n<meta name=\"robots\" content=\"index, follow, max-snippet:-1, max-image-preview:large, max-video-preview:-1\" \/>\n<link rel=\"canonical\" href=\"https:\/\/car-o-liner.com\/sv\/customer-service\/\" \/>\n<meta property=\"og:locale\" content=\"sv_SE\" \/>\n<meta property=\"og:type\" content=\"article\" \/>\n<meta property=\"og:title\" content=\"Alltid h\u00e4r f\u00f6r dig - Car-O-Liner\" \/>\n<meta property=\"og:description\" content=\"P\u00e5 Car-O-Liner\u00ae har v\u00e5rt dedikerade serviceteam \u00e5tagit sig att hj\u00e4lpa dig och ditt f\u00f6retag att uppr\u00e4tth\u00e5lla topprestanda f\u00f6r dina produkter. Med omfattande expertis inom alla aspekter av karosseriprodukter, uppriktning, m\u00e4tning, fogningsteknik, uppv\u00e4rmning och ADAS-kalibrering ser vi till att din utrustning fungerar p\u00e5 b\u00e4sta s\u00e4tt. Vi tillhandah\u00e5ller ocks\u00e5 omfattande introduktionsutbildning om v\u00e5ra produkter, vilket s\u00e4kerst\u00e4ller att [&hellip;]\" \/>\n<meta property=\"og:url\" content=\"https:\/\/car-o-liner.com\/sv\/customer-service\/\" \/>\n<meta property=\"og:site_name\" content=\"Car-O-Liner\" \/>\n<meta property=\"article:modified_time\" content=\"2024-07-08T18:11:51+00:00\" \/>\n<meta property=\"og:image\" content=\"https:\/\/car-o-liner.com\/wp-content\/uploads\/customer-support-hero-3.jpg\" \/>\n\t<meta property=\"og:image:width\" content=\"2000\" \/>\n\t<meta property=\"og:image:height\" content=\"1000\" \/>\n\t<meta property=\"og:image:type\" content=\"image\/jpeg\" \/>\n<meta name=\"twitter:card\" content=\"summary_large_image\" \/>\n<script type=\"application\/ld+json\" class=\"yoast-schema-graph\">{\"@context\":\"https:\/\/schema.org\",\"@graph\":[{\"@type\":\"WebPage\",\"@id\":\"https:\/\/car-o-liner.com\/sv\/customer-service\/\",\"url\":\"https:\/\/car-o-liner.com\/sv\/customer-service\/\",\"name\":\"Alltid h\u00e4r f\u00f6r dig - Car-O-Liner\",\"isPartOf\":{\"@id\":\"https:\/\/car-o-liner.com\/sv\/#website\"},\"primaryImageOfPage\":{\"@id\":\"https:\/\/car-o-liner.com\/sv\/customer-service\/#primaryimage\"},\"image\":{\"@id\":\"https:\/\/car-o-liner.com\/sv\/customer-service\/#primaryimage\"},\"thumbnailUrl\":\"https:\/\/car-o-liner.com\/wp-content\/uploads\/customer-support-hero-3.jpg\",\"datePublished\":\"2023-12-04T20:27:50+00:00\",\"dateModified\":\"2024-07-08T18:11:51+00:00\",\"breadcrumb\":{\"@id\":\"https:\/\/car-o-liner.com\/sv\/customer-service\/#breadcrumb\"},\"inLanguage\":\"sv-SE\",\"potentialAction\":[{\"@type\":\"ReadAction\",\"target\":[\"https:\/\/car-o-liner.com\/sv\/customer-service\/\"]}]},{\"@type\":\"ImageObject\",\"inLanguage\":\"sv-SE\",\"@id\":\"https:\/\/car-o-liner.com\/sv\/customer-service\/#primaryimage\",\"url\":\"https:\/\/car-o-liner.com\/wp-content\/uploads\/customer-support-hero-3.jpg\",\"contentUrl\":\"https:\/\/car-o-liner.com\/wp-content\/uploads\/customer-support-hero-3.jpg\",\"width\":2000,\"height\":1000},{\"@type\":\"BreadcrumbList\",\"@id\":\"https:\/\/car-o-liner.com\/sv\/customer-service\/#breadcrumb\",\"itemListElement\":[{\"@type\":\"ListItem\",\"position\":1,\"name\":\"Home\",\"item\":\"https:\/\/car-o-liner.com\/sv\/\"},{\"@type\":\"ListItem\",\"position\":2,\"name\":\"Alltid h\u00e4r f\u00f6r dig\"}]},{\"@type\":\"WebSite\",\"@id\":\"https:\/\/car-o-liner.com\/sv\/#website\",\"url\":\"https:\/\/car-o-liner.com\/sv\/\",\"name\":\"Car-O-Liner\",\"description\":\"Collision Repair Equipment\",\"publisher\":{\"@id\":\"https:\/\/car-o-liner.com\/sv\/#organization\"},\"potentialAction\":[{\"@type\":\"SearchAction\",\"target\":{\"@type\":\"EntryPoint\",\"urlTemplate\":\"https:\/\/car-o-liner.com\/sv\/?s={search_term_string}\"},\"query-input\":{\"@type\":\"PropertyValueSpecification\",\"valueRequired\":true,\"valueName\":\"search_term_string\"}}],\"inLanguage\":\"sv-SE\"},{\"@type\":\"Organization\",\"@id\":\"https:\/\/car-o-liner.com\/sv\/#organization\",\"name\":\"Car-O-Liner\",\"url\":\"https:\/\/car-o-liner.com\/sv\/\",\"logo\":{\"@type\":\"ImageObject\",\"inLanguage\":\"sv-SE\",\"@id\":\"https:\/\/car-o-liner.com\/sv\/#\/schema\/logo\/image\/\",\"url\":\"https:\/\/car-o-liner.com\/wp-content\/uploads\/Car-O-Liner-blue-web.svg\",\"contentUrl\":\"https:\/\/car-o-liner.com\/wp-content\/uploads\/Car-O-Liner-blue-web.svg\",\"width\":250,\"height\":50,\"caption\":\"Car-O-Liner\"},\"image\":{\"@id\":\"https:\/\/car-o-liner.com\/sv\/#\/schema\/logo\/image\/\"}}]}<\/script>\n<!-- \/ Yoast SEO plugin. -->","yoast_head_json":{"title":"Alltid h\u00e4r f\u00f6r dig - Car-O-Liner","robots":{"index":"index","follow":"follow","max-snippet":"max-snippet:-1","max-image-preview":"max-image-preview:large","max-video-preview":"max-video-preview:-1"},"canonical":"https:\/\/car-o-liner.com\/sv\/customer-service\/","og_locale":"sv_SE","og_type":"article","og_title":"Alltid h\u00e4r f\u00f6r dig - Car-O-Liner","og_description":"P\u00e5 Car-O-Liner\u00ae har v\u00e5rt dedikerade serviceteam \u00e5tagit sig att hj\u00e4lpa dig och ditt f\u00f6retag att uppr\u00e4tth\u00e5lla topprestanda f\u00f6r dina produkter. Med omfattande expertis inom alla aspekter av karosseriprodukter, uppriktning, m\u00e4tning, fogningsteknik, uppv\u00e4rmning och ADAS-kalibrering ser vi till att din utrustning fungerar p\u00e5 b\u00e4sta s\u00e4tt. Vi tillhandah\u00e5ller ocks\u00e5 omfattande introduktionsutbildning om v\u00e5ra produkter, vilket s\u00e4kerst\u00e4ller att [&hellip;]","og_url":"https:\/\/car-o-liner.com\/sv\/customer-service\/","og_site_name":"Car-O-Liner","article_modified_time":"2024-07-08T18:11:51+00:00","og_image":[{"width":2000,"height":1000,"url":"https:\/\/car-o-liner.com\/wp-content\/uploads\/customer-support-hero-3.jpg","type":"image\/jpeg"}],"twitter_card":"summary_large_image","schema":{"@context":"https:\/\/schema.org","@graph":[{"@type":"WebPage","@id":"https:\/\/car-o-liner.com\/sv\/customer-service\/","url":"https:\/\/car-o-liner.com\/sv\/customer-service\/","name":"Alltid h\u00e4r f\u00f6r dig - Car-O-Liner","isPartOf":{"@id":"https:\/\/car-o-liner.com\/sv\/#website"},"primaryImageOfPage":{"@id":"https:\/\/car-o-liner.com\/sv\/customer-service\/#primaryimage"},"image":{"@id":"https:\/\/car-o-liner.com\/sv\/customer-service\/#primaryimage"},"thumbnailUrl":"https:\/\/car-o-liner.com\/wp-content\/uploads\/customer-support-hero-3.jpg","datePublished":"2023-12-04T20:27:50+00:00","dateModified":"2024-07-08T18:11:51+00:00","breadcrumb":{"@id":"https:\/\/car-o-liner.com\/sv\/customer-service\/#breadcrumb"},"inLanguage":"sv-SE","potentialAction":[{"@type":"ReadAction","target":["https:\/\/car-o-liner.com\/sv\/customer-service\/"]}]},{"@type":"ImageObject","inLanguage":"sv-SE","@id":"https:\/\/car-o-liner.com\/sv\/customer-service\/#primaryimage","url":"https:\/\/car-o-liner.com\/wp-content\/uploads\/customer-support-hero-3.jpg","contentUrl":"https:\/\/car-o-liner.com\/wp-content\/uploads\/customer-support-hero-3.jpg","width":2000,"height":1000},{"@type":"BreadcrumbList","@id":"https:\/\/car-o-liner.com\/sv\/customer-service\/#breadcrumb","itemListElement":[{"@type":"ListItem","position":1,"name":"Home","item":"https:\/\/car-o-liner.com\/sv\/"},{"@type":"ListItem","position":2,"name":"Alltid h\u00e4r f\u00f6r dig"}]},{"@type":"WebSite","@id":"https:\/\/car-o-liner.com\/sv\/#website","url":"https:\/\/car-o-liner.com\/sv\/","name":"Car-O-Liner","description":"Collision Repair Equipment","publisher":{"@id":"https:\/\/car-o-liner.com\/sv\/#organization"},"potentialAction":[{"@type":"SearchAction","target":{"@type":"EntryPoint","urlTemplate":"https:\/\/car-o-liner.com\/sv\/?s={search_term_string}"},"query-input":{"@type":"PropertyValueSpecification","valueRequired":true,"valueName":"search_term_string"}}],"inLanguage":"sv-SE"},{"@type":"Organization","@id":"https:\/\/car-o-liner.com\/sv\/#organization","name":"Car-O-Liner","url":"https:\/\/car-o-liner.com\/sv\/","logo":{"@type":"ImageObject","inLanguage":"sv-SE","@id":"https:\/\/car-o-liner.com\/sv\/#\/schema\/logo\/image\/","url":"https:\/\/car-o-liner.com\/wp-content\/uploads\/Car-O-Liner-blue-web.svg","contentUrl":"https:\/\/car-o-liner.com\/wp-content\/uploads\/Car-O-Liner-blue-web.svg","width":250,"height":50,"caption":"Car-O-Liner"},"image":{"@id":"https:\/\/car-o-liner.com\/sv\/#\/schema\/logo\/image\/"}}]}},"_links":{"self":[{"href":"https:\/\/car-o-liner.com\/sv\/wp-json\/wp\/v2\/pages\/83170","targetHints":{"allow":["GET"]}}],"collection":[{"href":"https:\/\/car-o-liner.com\/sv\/wp-json\/wp\/v2\/pages"}],"about":[{"href":"https:\/\/car-o-liner.com\/sv\/wp-json\/wp\/v2\/types\/page"}],"author":[{"embeddable":true,"href":"https:\/\/car-o-liner.com\/sv\/wp-json\/wp\/v2\/users\/1"}],"replies":[{"embeddable":true,"href":"https:\/\/car-o-liner.com\/sv\/wp-json\/wp\/v2\/comments?post=83170"}],"version-history":[{"count":4,"href":"https:\/\/car-o-liner.com\/sv\/wp-json\/wp\/v2\/pages\/83170\/revisions"}],"predecessor-version":[{"id":93111,"href":"https:\/\/car-o-liner.com\/sv\/wp-json\/wp\/v2\/pages\/83170\/revisions\/93111"}],"wp:featuredmedia":[{"embeddable":true,"href":"https:\/\/car-o-liner.com\/sv\/wp-json\/wp\/v2\/media\/83171"}],"wp:attachment":[{"href":"https:\/\/car-o-liner.com\/sv\/wp-json\/wp\/v2\/media?parent=83170"}],"curies":[{"name":"wp","href":"https:\/\/api.w.org\/{rel}","templated":true}]}}