{"id":89972,"date":"2024-03-04T23:21:20","date_gmt":"2024-03-04T22:21:20","guid":{"rendered":"https:\/\/car-o-liner-test.phl.togglebox.site\/product\/"},"modified":"2024-04-11T20:56:40","modified_gmt":"2024-04-11T18:56:40","slug":"produkter","status":"publish","type":"page","link":"https:\/\/car-o-liner.com\/sv\/produkter\/","title":{"rendered":"Verktyg f\u00f6r skadereparationer"},"content":{"rendered":"\n<p>F\u00f6rb\u00e4ttra din kapacitet f\u00f6r skadereparation med toppmoderna verktyg fr\u00e5n Car-O-Liner\u00ae. V\u00e5ra produkter \u00e4r tillverkade med perfektion och \u00e4r b\u00e5de robusta och tillf\u00f6rlitliga s\u00e5 att ditt team tryggt kan ta sig an alla reparationsarbeten.<\/p>\n","protected":false},"excerpt":{"rendered":"<p>F\u00f6rb\u00e4ttra din kapacitet f\u00f6r skadereparation med toppmoderna verktyg fr\u00e5n Car-O-Liner\u00ae. V\u00e5ra produkter \u00e4r tillverkade med perfektion och \u00e4r b\u00e5de robusta och tillf\u00f6rlitliga s\u00e5 att ditt team tryggt kan ta sig an alla reparationsarbeten.<\/p>\n","protected":false},"author":1,"featured_media":0,"parent":0,"menu_order":0,"comment_status":"closed","ping_status":"closed","template":"page-templates\/product-archive.php","meta":{"footnotes":""},"class_list":["post-89972","page","type-page","status-publish","hentry"],"yoast_head":"<!-- This site is optimized with the Yoast SEO plugin v27.2 - https:\/\/yoast.com\/product\/yoast-seo-wordpress\/ -->\n<title>Verktyg f\u00f6r skadereparation | Car-O-Liner SE<\/title>\n<meta name=\"description\" content=\"Utforska de b\u00e4sta verktygen f\u00f6r professionell skadereparation. Se v\u00e5r branschledande utrustning som tar dina reparationstj\u00e4nster till en ny niv\u00e5.\" \/>\n<meta name=\"robots\" content=\"index, follow, max-snippet:-1, max-image-preview:large, max-video-preview:-1\" \/>\n<link rel=\"canonical\" href=\"https:\/\/car-o-liner.com\/sv\/produkter\/\" \/>\n<meta property=\"og:locale\" content=\"sv_SE\" \/>\n<meta property=\"og:type\" content=\"article\" \/>\n<meta property=\"og:title\" content=\"Verktyg f\u00f6r skadereparation | Car-O-Liner SE\" \/>\n<meta property=\"og:description\" content=\"Utforska de b\u00e4sta verktygen f\u00f6r professionell skadereparation. Se v\u00e5r branschledande utrustning som tar dina reparationstj\u00e4nster till en ny niv\u00e5.\" \/>\n<meta property=\"og:url\" content=\"https:\/\/car-o-liner.com\/sv\/produkter\/\" \/>\n<meta property=\"og:site_name\" content=\"Car-O-Liner\" \/>\n<meta property=\"article:modified_time\" content=\"2024-04-11T18:56:40+00:00\" \/>\n<meta name=\"twitter:card\" content=\"summary_large_image\" \/>\n<script type=\"application\/ld+json\" class=\"yoast-schema-graph\">{\"@context\":\"https:\/\/schema.org\",\"@graph\":[{\"@type\":\"WebPage\",\"@id\":\"https:\/\/car-o-liner.com\/sv\/produkter\/\",\"url\":\"https:\/\/car-o-liner.com\/sv\/produkter\/\",\"name\":\"Verktyg f\u00f6r skadereparation | Car-O-Liner SE\",\"isPartOf\":{\"@id\":\"https:\/\/car-o-liner.com\/sv\/#website\"},\"datePublished\":\"2024-03-04T22:21:20+00:00\",\"dateModified\":\"2024-04-11T18:56:40+00:00\",\"description\":\"Utforska de b\u00e4sta verktygen f\u00f6r professionell skadereparation. Se v\u00e5r branschledande utrustning som tar dina reparationstj\u00e4nster till en ny niv\u00e5.\",\"breadcrumb\":{\"@id\":\"https:\/\/car-o-liner.com\/sv\/produkter\/#breadcrumb\"},\"inLanguage\":\"sv-SE\",\"potentialAction\":[{\"@type\":\"ReadAction\",\"target\":[\"https:\/\/car-o-liner.com\/sv\/produkter\/\"]}]},{\"@type\":\"BreadcrumbList\",\"@id\":\"https:\/\/car-o-liner.com\/sv\/produkter\/#breadcrumb\",\"itemListElement\":[{\"@type\":\"ListItem\",\"position\":1,\"name\":\"Home\",\"item\":\"https:\/\/car-o-liner.com\/sv\/\"},{\"@type\":\"ListItem\",\"position\":2,\"name\":\"Verktyg f\u00f6r skadereparationer\"}]},{\"@type\":\"WebSite\",\"@id\":\"https:\/\/car-o-liner.com\/sv\/#website\",\"url\":\"https:\/\/car-o-liner.com\/sv\/\",\"name\":\"Car-O-Liner\",\"description\":\"Collision Repair Equipment\",\"publisher\":{\"@id\":\"https:\/\/car-o-liner.com\/sv\/#organization\"},\"potentialAction\":[{\"@type\":\"SearchAction\",\"target\":{\"@type\":\"EntryPoint\",\"urlTemplate\":\"https:\/\/car-o-liner.com\/sv\/?s={search_term_string}\"},\"query-input\":{\"@type\":\"PropertyValueSpecification\",\"valueRequired\":true,\"valueName\":\"search_term_string\"}}],\"inLanguage\":\"sv-SE\"},{\"@type\":\"Organization\",\"@id\":\"https:\/\/car-o-liner.com\/sv\/#organization\",\"name\":\"Car-O-Liner\",\"url\":\"https:\/\/car-o-liner.com\/sv\/\",\"logo\":{\"@type\":\"ImageObject\",\"inLanguage\":\"sv-SE\",\"@id\":\"https:\/\/car-o-liner.com\/sv\/#\/schema\/logo\/image\/\",\"url\":\"https:\/\/car-o-liner.com\/wp-content\/uploads\/Car-O-Liner-blue-web.svg\",\"contentUrl\":\"https:\/\/car-o-liner.com\/wp-content\/uploads\/Car-O-Liner-blue-web.svg\",\"width\":250,\"height\":50,\"caption\":\"Car-O-Liner\"},\"image\":{\"@id\":\"https:\/\/car-o-liner.com\/sv\/#\/schema\/logo\/image\/\"}}]}<\/script>\n<!-- \/ Yoast SEO plugin. -->","yoast_head_json":{"title":"Verktyg f\u00f6r skadereparation | Car-O-Liner SE","description":"Utforska de b\u00e4sta verktygen f\u00f6r professionell skadereparation. Se v\u00e5r branschledande utrustning som tar dina reparationstj\u00e4nster till en ny niv\u00e5.","robots":{"index":"index","follow":"follow","max-snippet":"max-snippet:-1","max-image-preview":"max-image-preview:large","max-video-preview":"max-video-preview:-1"},"canonical":"https:\/\/car-o-liner.com\/sv\/produkter\/","og_locale":"sv_SE","og_type":"article","og_title":"Verktyg f\u00f6r skadereparation | Car-O-Liner SE","og_description":"Utforska de b\u00e4sta verktygen f\u00f6r professionell skadereparation. Se v\u00e5r branschledande utrustning som tar dina reparationstj\u00e4nster till en ny niv\u00e5.","og_url":"https:\/\/car-o-liner.com\/sv\/produkter\/","og_site_name":"Car-O-Liner","article_modified_time":"2024-04-11T18:56:40+00:00","twitter_card":"summary_large_image","schema":{"@context":"https:\/\/schema.org","@graph":[{"@type":"WebPage","@id":"https:\/\/car-o-liner.com\/sv\/produkter\/","url":"https:\/\/car-o-liner.com\/sv\/produkter\/","name":"Verktyg f\u00f6r skadereparation | Car-O-Liner SE","isPartOf":{"@id":"https:\/\/car-o-liner.com\/sv\/#website"},"datePublished":"2024-03-04T22:21:20+00:00","dateModified":"2024-04-11T18:56:40+00:00","description":"Utforska de b\u00e4sta verktygen f\u00f6r professionell skadereparation. Se v\u00e5r branschledande utrustning som tar dina reparationstj\u00e4nster till en ny niv\u00e5.","breadcrumb":{"@id":"https:\/\/car-o-liner.com\/sv\/produkter\/#breadcrumb"},"inLanguage":"sv-SE","potentialAction":[{"@type":"ReadAction","target":["https:\/\/car-o-liner.com\/sv\/produkter\/"]}]},{"@type":"BreadcrumbList","@id":"https:\/\/car-o-liner.com\/sv\/produkter\/#breadcrumb","itemListElement":[{"@type":"ListItem","position":1,"name":"Home","item":"https:\/\/car-o-liner.com\/sv\/"},{"@type":"ListItem","position":2,"name":"Verktyg f\u00f6r skadereparationer"}]},{"@type":"WebSite","@id":"https:\/\/car-o-liner.com\/sv\/#website","url":"https:\/\/car-o-liner.com\/sv\/","name":"Car-O-Liner","description":"Collision Repair Equipment","publisher":{"@id":"https:\/\/car-o-liner.com\/sv\/#organization"},"potentialAction":[{"@type":"SearchAction","target":{"@type":"EntryPoint","urlTemplate":"https:\/\/car-o-liner.com\/sv\/?s={search_term_string}"},"query-input":{"@type":"PropertyValueSpecification","valueRequired":true,"valueName":"search_term_string"}}],"inLanguage":"sv-SE"},{"@type":"Organization","@id":"https:\/\/car-o-liner.com\/sv\/#organization","name":"Car-O-Liner","url":"https:\/\/car-o-liner.com\/sv\/","logo":{"@type":"ImageObject","inLanguage":"sv-SE","@id":"https:\/\/car-o-liner.com\/sv\/#\/schema\/logo\/image\/","url":"https:\/\/car-o-liner.com\/wp-content\/uploads\/Car-O-Liner-blue-web.svg","contentUrl":"https:\/\/car-o-liner.com\/wp-content\/uploads\/Car-O-Liner-blue-web.svg","width":250,"height":50,"caption":"Car-O-Liner"},"image":{"@id":"https:\/\/car-o-liner.com\/sv\/#\/schema\/logo\/image\/"}}]}},"_links":{"self":[{"href":"https:\/\/car-o-liner.com\/sv\/wp-json\/wp\/v2\/pages\/89972","targetHints":{"allow":["GET"]}}],"collection":[{"href":"https:\/\/car-o-liner.com\/sv\/wp-json\/wp\/v2\/pages"}],"about":[{"href":"https:\/\/car-o-liner.com\/sv\/wp-json\/wp\/v2\/types\/page"}],"author":[{"embeddable":true,"href":"https:\/\/car-o-liner.com\/sv\/wp-json\/wp\/v2\/users\/1"}],"replies":[{"embeddable":true,"href":"https:\/\/car-o-liner.com\/sv\/wp-json\/wp\/v2\/comments?post=89972"}],"version-history":[{"count":3,"href":"https:\/\/car-o-liner.com\/sv\/wp-json\/wp\/v2\/pages\/89972\/revisions"}],"predecessor-version":[{"id":90394,"href":"https:\/\/car-o-liner.com\/sv\/wp-json\/wp\/v2\/pages\/89972\/revisions\/90394"}],"wp:attachment":[{"href":"https:\/\/car-o-liner.com\/sv\/wp-json\/wp\/v2\/media?parent=89972"}],"curies":[{"name":"wp","href":"https:\/\/api.w.org\/{rel}","templated":true}]}}