{"id":90880,"date":"2024-04-17T22:43:59","date_gmt":"2024-04-17T20:43:59","guid":{"rendered":"https:\/\/car-o-liner.com\/?page_id=90880"},"modified":"2024-04-17T22:54:34","modified_gmt":"2024-04-17T20:54:34","slug":"notice-to-product-users","status":"publish","type":"page","link":"https:\/\/car-o-liner.com\/sv\/notice-to-product-users\/","title":{"rendered":"Notice to Product Users"},"content":{"rendered":"\n<p>Car-O-Liner-produkter \u00e4r avsedda att anv\u00e4ndas av verkst\u00e4der\/organisationer och administreras f\u00f6r dig av din organisation. Din anv\u00e4ndning av Car-O-Liner-produkter kan vara f\u00f6rem\u00e5l f\u00f6r din organisations policy, om det finns n\u00e5gra. Om din organisation hanterar din anv\u00e4ndning av Car-O-Liner-produkter, v\u00e4nligen skicka dina integritetsfr\u00e5gor till din administrat\u00f6r.<\/p>\n\n\n\n<p>Car-O-Liner ansvarar inte f\u00f6r v\u00e5ra kunders integritets- eller s\u00e4kerhetspraxis, vilket kan skilja sig fr\u00e5n de som anges i denna sekretesspolicy.<\/p>\n\n\n\n<p>Lista \u00f6ver varum\u00e4rken f\u00f6r Car-O-Liner, Josam och TruckCam (Car-O-Liner) som g\u00e4ller f\u00f6r detta meddelande:<\/p>\n\n\n\n<p>Car-O-Liner:<\/p>\n\n\n\n<p>Punkt-till-punktm\u00e4tsystem:<\/p>\n\n\n\n<p>Car-O-Mech Vision<br>Car-O-Soft Classic<br>Car-O-Liner Vision<br>Car-O-Liner Vision2 X1\/X2\/X3<br>Car-O-Liner Vision2 PointX<br>Hantering av licenser, datablad, kunder mm:\u2028<br>VisionWeb<\/p>\n\n\n\n<p>Josam:<\/p>\n\n\n\n<p>M\u00e4tapplikationer:<\/p>\n\n\n\n<p>Josam Homebase<br>Josam Camaligner<\/p>\n\n\n\n<p>F\u00f6ljande extraktion av GDPR-stycket i Car-O-Liner Group AB och Car-O-Liner Commercial AB (namnet [COMPANY] nedan) senaste licensavtalet g\u00e4ller f\u00f6r alla distribut\u00f6rer \/ kunder som anv\u00e4nder Car-O-Liner, Josam och TruckCam ovanst\u00e5ende produkter och uppfyller d\u00e4rmed GDPR, giltigt fr\u00e5n den 25 maj 2018 i hela Europa:<\/p>\n\n\n\n<p><em><em>\u201c7. SAMLING AV INFORMATION:<\/em><\/em><\/p>\n\n\n\n<p><em><em>7.1 Kunden inst\u00e4mmer i att [COMPANY] kan samla in och anv\u00e4nda teknisk information som samlats in fr\u00e5n en Client f\u00f6r att underl\u00e4tta funktionaliteten och identifiera st\u00f6dbehovet f\u00f6r programmet samt f\u00f6rb\u00e4ttra programmet och verifiera \u00f6verensst\u00e4mmelsen med villkoren i denna \u00f6verenskommelse. Utan att begr\u00e4nsa det ovanst\u00e5ende, f\u00f6r att f\u00e5 en b\u00e4ttre f\u00f6rst\u00e5else f\u00f6r hur kundens anv\u00e4ndning av programmet, kan [COMPANY] sp\u00e5ra slutanv\u00e4ndarens \u00e5tg\u00e4rder och spela in eller rapportera dem via Internet till en central analysdatabas. I den utstr\u00e4ckning denna information utg\u00f6r personuppgifter ska [F\u00d6RETAGET] vara registeransvarig f\u00f6r s\u00e5dana personuppgifter.<\/em><\/em><\/p>\n\n\n\n<p><em><em>7.2 Parterna erk\u00e4nner att [F\u00d6RETAGET] behandlar personuppgifter f\u00f6r de syften som anges i avsnitt 7.1 baserat p\u00e5 [COMPANY] s ber\u00e4ttigade intresse i enlighet med g\u00e4llande lagar och f\u00f6reskrifter om dataskydd. B\u00e5da parterna ska alltid \u00f6verensst\u00e4mma med till\u00e4mpliga lagar och f\u00f6reskrifter f\u00f6r dataskydd f\u00f6r skydd av enskilda personer med avseende p\u00e5 behandling av personuppgifter. Kunden bekr\u00e4ftar att [COMPANY] behandlar personuppgifter f\u00f6r slutanv\u00e4ndare enligt vad som \u00e4r till\u00e4mpligt i [S\u00c4KERHETS] datas\u00e4kerhets- och integritetspolicy som tillhandah\u00e5lls av [COMPANY] till kunden fr\u00e5n tid till annan.<\/em><\/em><\/p>\n\n\n\n<p><em><em>7.3 I samband med behandling av slutanv\u00e4ndares personuppgifter f\u00f6r ovan angivna \u00e4ndam\u00e5l (dvs. d\u00e4r [COMPANY] \u00e4r personkontrollenheten) f\u00f6rbinder kunden att se till att alla registrerade har tillr\u00e4cklig information. Kunden skall ers\u00e4tta [COMPANY] f\u00f6r alla skador p\u00e5 grund av bristande efterlevnad av detta avsnitt 7 \u201c<\/em><\/em><\/p>\n\n\n\n<p>I h\u00e4ndelse av konflikt mellan detta meddelande och villkoren i avtal mellan en kund och Car-O-Liner produkter, kommer villkoren i avtalet att kontrollera.<\/p>\n\n\n\n<p><strong>Car-O-Liner F\u00f6reslagen produkt L\u00f6senordspolicy<\/strong><\/p>\n\n\n\n<p>F\u00f6ljande \u00e4r Car-O-Liners f\u00f6reslagna l\u00f6senordspolicyen som ska anv\u00e4ndas vid registrering av \/ inst\u00e4llning av \/ byte av l\u00f6senord f\u00f6r Car-O-Liner-produkter som \u00f6verensst\u00e4mmer med GDPR-standarden:<\/p>\n\n\n\n<p>Anv\u00e4ndare m\u00e5ste v\u00e4lja l\u00f6senord som \u00e4r sv\u00e5ra att gissa. Det betyder att l\u00f6senord inte f\u00e5r relateras till anv\u00e4ndarens jobb eller personliga liv.<\/p>\n\n\n\n<p>Anv\u00e4nd till exempel inte riktiga namn, platser, tekniska termer eller slang. Om denna typ av systemprogramvara eller konfiguration \u00e4r tillg\u00e4nglig m\u00e5ste anv\u00e4ndarna f\u00f6rhindras att v\u00e4lja enkelt gissade l\u00f6senord, dvs l\u00f6senord som inte uppfyller kriterierna i denna policy.<\/p>\n\n\n\n<p>L\u00f6senorden ska f\u00f6lja f\u00f6ljande riktlinjer:<\/p>\n\n\n\n<p>L\u00f6senorden f\u00e5r inte skrivas ner och l\u00e4mnas p\u00e5 en plats d\u00e4r obeh\u00f6riga personer kan uppt\u00e4cka dem<br>L\u00f6senord f\u00e5r aldrig delas eller avsl\u00f6jas f\u00f6r n\u00e5gon annan \u00e4n den beh\u00f6riga anv\u00e4ndaren<br>L\u00f6senord m\u00e5ste skilja sig fr\u00e5n l\u00f6senord som anv\u00e4nds f\u00f6r personliga system<br>L\u00f6senord m\u00e5ste vara minst 8 tecken i l\u00e4ngd<br>L\u00f6senord b\u00f6r inte inneh\u00e5lla betydande delar av anv\u00e4ndarens kontonamn eller fullst\u00e4ndiga namn<br>L\u00f6senord m\u00e5ste inneh\u00e5lla tecken fr\u00e5n tre av f\u00f6ljande fyra kategorier:<br>Engelska stora bokst\u00e4ver (A till Z)<br>Engelska sm\u00e5 bokst\u00e4ver (a through z)<br>Bas 10 siffror (0 till 9)<br>Icke-alfabetiska tecken (till exempel!, $, #,%)<\/p>\n","protected":false},"excerpt":{"rendered":"<p>Car-O-Liner-produkter \u00e4r avsedda att anv\u00e4ndas av verkst\u00e4der\/organisationer och administreras f\u00f6r dig av din organisation. Din anv\u00e4ndning av Car-O-Liner-produkter kan vara f\u00f6rem\u00e5l f\u00f6r din organisations policy, om det finns n\u00e5gra. Om din organisation hanterar din anv\u00e4ndning av Car-O-Liner-produkter, v\u00e4nligen skicka dina integritetsfr\u00e5gor till din administrat\u00f6r. Car-O-Liner ansvarar inte f\u00f6r v\u00e5ra kunders integritets- eller s\u00e4kerhetspraxis, vilket kan [&hellip;]<\/p>\n","protected":false},"author":1,"featured_media":0,"parent":0,"menu_order":0,"comment_status":"closed","ping_status":"closed","template":"page-templates\/software-upgrade.php","meta":{"footnotes":""},"class_list":["post-90880","page","type-page","status-publish","hentry"],"yoast_head":"<!-- This site is optimized with the Yoast SEO plugin v27.4 - https:\/\/yoast.com\/product\/yoast-seo-wordpress\/ -->\n<title>Notice to Product Users - Car-O-Liner<\/title>\n<meta name=\"robots\" content=\"index, follow, max-snippet:-1, max-image-preview:large, max-video-preview:-1\" \/>\n<link rel=\"canonical\" href=\"https:\/\/car-o-liner.com\/sv\/notice-to-product-users\/\" \/>\n<meta property=\"og:locale\" content=\"sv_SE\" \/>\n<meta property=\"og:type\" content=\"article\" \/>\n<meta property=\"og:title\" content=\"Notice to Product Users - Car-O-Liner\" \/>\n<meta property=\"og:description\" content=\"Car-O-Liner-produkter \u00e4r avsedda att anv\u00e4ndas av verkst\u00e4der\/organisationer och administreras f\u00f6r dig av din organisation. Din anv\u00e4ndning av Car-O-Liner-produkter kan vara f\u00f6rem\u00e5l f\u00f6r din organisations policy, om det finns n\u00e5gra. Om din organisation hanterar din anv\u00e4ndning av Car-O-Liner-produkter, v\u00e4nligen skicka dina integritetsfr\u00e5gor till din administrat\u00f6r. Car-O-Liner ansvarar inte f\u00f6r v\u00e5ra kunders integritets- eller s\u00e4kerhetspraxis, vilket kan [&hellip;]\" \/>\n<meta property=\"og:url\" content=\"https:\/\/car-o-liner.com\/sv\/notice-to-product-users\/\" \/>\n<meta property=\"og:site_name\" content=\"Car-O-Liner\" \/>\n<meta property=\"article:modified_time\" content=\"2024-04-17T20:54:34+00:00\" \/>\n<meta name=\"twitter:card\" content=\"summary_large_image\" \/>\n<script type=\"application\/ld+json\" class=\"yoast-schema-graph\">{\"@context\":\"https:\\\/\\\/schema.org\",\"@graph\":[{\"@type\":\"WebPage\",\"@id\":\"https:\\\/\\\/car-o-liner.com\\\/sv\\\/notice-to-product-users\\\/\",\"url\":\"https:\\\/\\\/car-o-liner.com\\\/sv\\\/notice-to-product-users\\\/\",\"name\":\"Notice to Product Users - Car-O-Liner\",\"isPartOf\":{\"@id\":\"https:\\\/\\\/car-o-liner.com\\\/sv\\\/#website\"},\"datePublished\":\"2024-04-17T20:43:59+00:00\",\"dateModified\":\"2024-04-17T20:54:34+00:00\",\"breadcrumb\":{\"@id\":\"https:\\\/\\\/car-o-liner.com\\\/sv\\\/notice-to-product-users\\\/#breadcrumb\"},\"inLanguage\":\"sv-SE\",\"potentialAction\":[{\"@type\":\"ReadAction\",\"target\":[\"https:\\\/\\\/car-o-liner.com\\\/sv\\\/notice-to-product-users\\\/\"]}]},{\"@type\":\"BreadcrumbList\",\"@id\":\"https:\\\/\\\/car-o-liner.com\\\/sv\\\/notice-to-product-users\\\/#breadcrumb\",\"itemListElement\":[{\"@type\":\"ListItem\",\"position\":1,\"name\":\"Home\",\"item\":\"https:\\\/\\\/car-o-liner.com\\\/sv\\\/\"},{\"@type\":\"ListItem\",\"position\":2,\"name\":\"Notice to Product Users\"}]},{\"@type\":\"WebSite\",\"@id\":\"https:\\\/\\\/car-o-liner.com\\\/sv\\\/#website\",\"url\":\"https:\\\/\\\/car-o-liner.com\\\/sv\\\/\",\"name\":\"Car-O-Liner\",\"description\":\"Collision Repair Equipment\",\"publisher\":{\"@id\":\"https:\\\/\\\/car-o-liner.com\\\/sv\\\/#organization\"},\"potentialAction\":[{\"@type\":\"SearchAction\",\"target\":{\"@type\":\"EntryPoint\",\"urlTemplate\":\"https:\\\/\\\/car-o-liner.com\\\/sv\\\/?s={search_term_string}\"},\"query-input\":{\"@type\":\"PropertyValueSpecification\",\"valueRequired\":true,\"valueName\":\"search_term_string\"}}],\"inLanguage\":\"sv-SE\"},{\"@type\":\"Organization\",\"@id\":\"https:\\\/\\\/car-o-liner.com\\\/sv\\\/#organization\",\"name\":\"Car-O-Liner\",\"url\":\"https:\\\/\\\/car-o-liner.com\\\/sv\\\/\",\"logo\":{\"@type\":\"ImageObject\",\"inLanguage\":\"sv-SE\",\"@id\":\"https:\\\/\\\/car-o-liner.com\\\/sv\\\/#\\\/schema\\\/logo\\\/image\\\/\",\"url\":\"https:\\\/\\\/car-o-liner.com\\\/wp-content\\\/uploads\\\/Car-O-Liner-blue-web.svg\",\"contentUrl\":\"https:\\\/\\\/car-o-liner.com\\\/wp-content\\\/uploads\\\/Car-O-Liner-blue-web.svg\",\"width\":250,\"height\":50,\"caption\":\"Car-O-Liner\"},\"image\":{\"@id\":\"https:\\\/\\\/car-o-liner.com\\\/sv\\\/#\\\/schema\\\/logo\\\/image\\\/\"}}]}<\/script>\n<!-- \/ Yoast SEO plugin. -->","yoast_head_json":{"title":"Notice to Product Users - Car-O-Liner","robots":{"index":"index","follow":"follow","max-snippet":"max-snippet:-1","max-image-preview":"max-image-preview:large","max-video-preview":"max-video-preview:-1"},"canonical":"https:\/\/car-o-liner.com\/sv\/notice-to-product-users\/","og_locale":"sv_SE","og_type":"article","og_title":"Notice to Product Users - Car-O-Liner","og_description":"Car-O-Liner-produkter \u00e4r avsedda att anv\u00e4ndas av verkst\u00e4der\/organisationer och administreras f\u00f6r dig av din organisation. Din anv\u00e4ndning av Car-O-Liner-produkter kan vara f\u00f6rem\u00e5l f\u00f6r din organisations policy, om det finns n\u00e5gra. Om din organisation hanterar din anv\u00e4ndning av Car-O-Liner-produkter, v\u00e4nligen skicka dina integritetsfr\u00e5gor till din administrat\u00f6r. Car-O-Liner ansvarar inte f\u00f6r v\u00e5ra kunders integritets- eller s\u00e4kerhetspraxis, vilket kan [&hellip;]","og_url":"https:\/\/car-o-liner.com\/sv\/notice-to-product-users\/","og_site_name":"Car-O-Liner","article_modified_time":"2024-04-17T20:54:34+00:00","twitter_card":"summary_large_image","schema":{"@context":"https:\/\/schema.org","@graph":[{"@type":"WebPage","@id":"https:\/\/car-o-liner.com\/sv\/notice-to-product-users\/","url":"https:\/\/car-o-liner.com\/sv\/notice-to-product-users\/","name":"Notice to Product Users - Car-O-Liner","isPartOf":{"@id":"https:\/\/car-o-liner.com\/sv\/#website"},"datePublished":"2024-04-17T20:43:59+00:00","dateModified":"2024-04-17T20:54:34+00:00","breadcrumb":{"@id":"https:\/\/car-o-liner.com\/sv\/notice-to-product-users\/#breadcrumb"},"inLanguage":"sv-SE","potentialAction":[{"@type":"ReadAction","target":["https:\/\/car-o-liner.com\/sv\/notice-to-product-users\/"]}]},{"@type":"BreadcrumbList","@id":"https:\/\/car-o-liner.com\/sv\/notice-to-product-users\/#breadcrumb","itemListElement":[{"@type":"ListItem","position":1,"name":"Home","item":"https:\/\/car-o-liner.com\/sv\/"},{"@type":"ListItem","position":2,"name":"Notice to Product Users"}]},{"@type":"WebSite","@id":"https:\/\/car-o-liner.com\/sv\/#website","url":"https:\/\/car-o-liner.com\/sv\/","name":"Car-O-Liner","description":"Collision Repair Equipment","publisher":{"@id":"https:\/\/car-o-liner.com\/sv\/#organization"},"potentialAction":[{"@type":"SearchAction","target":{"@type":"EntryPoint","urlTemplate":"https:\/\/car-o-liner.com\/sv\/?s={search_term_string}"},"query-input":{"@type":"PropertyValueSpecification","valueRequired":true,"valueName":"search_term_string"}}],"inLanguage":"sv-SE"},{"@type":"Organization","@id":"https:\/\/car-o-liner.com\/sv\/#organization","name":"Car-O-Liner","url":"https:\/\/car-o-liner.com\/sv\/","logo":{"@type":"ImageObject","inLanguage":"sv-SE","@id":"https:\/\/car-o-liner.com\/sv\/#\/schema\/logo\/image\/","url":"https:\/\/car-o-liner.com\/wp-content\/uploads\/Car-O-Liner-blue-web.svg","contentUrl":"https:\/\/car-o-liner.com\/wp-content\/uploads\/Car-O-Liner-blue-web.svg","width":250,"height":50,"caption":"Car-O-Liner"},"image":{"@id":"https:\/\/car-o-liner.com\/sv\/#\/schema\/logo\/image\/"}}]}},"_links":{"self":[{"href":"https:\/\/car-o-liner.com\/sv\/wp-json\/wp\/v2\/pages\/90880","targetHints":{"allow":["GET"]}}],"collection":[{"href":"https:\/\/car-o-liner.com\/sv\/wp-json\/wp\/v2\/pages"}],"about":[{"href":"https:\/\/car-o-liner.com\/sv\/wp-json\/wp\/v2\/types\/page"}],"author":[{"embeddable":true,"href":"https:\/\/car-o-liner.com\/sv\/wp-json\/wp\/v2\/users\/1"}],"replies":[{"embeddable":true,"href":"https:\/\/car-o-liner.com\/sv\/wp-json\/wp\/v2\/comments?post=90880"}],"version-history":[{"count":1,"href":"https:\/\/car-o-liner.com\/sv\/wp-json\/wp\/v2\/pages\/90880\/revisions"}],"predecessor-version":[{"id":90881,"href":"https:\/\/car-o-liner.com\/sv\/wp-json\/wp\/v2\/pages\/90880\/revisions\/90881"}],"wp:attachment":[{"href":"https:\/\/car-o-liner.com\/sv\/wp-json\/wp\/v2\/media?parent=90880"}],"curies":[{"name":"wp","href":"https:\/\/api.w.org\/{rel}","templated":true}]}}