{"id":81757,"date":"2023-06-30T20:54:40","date_gmt":"2023-06-30T18:54:40","guid":{"rendered":"https:\/\/car-o-liner-test.phl.togglebox.site\/product\/joining-heating\/"},"modified":"2025-05-15T15:21:02","modified_gmt":"2025-05-15T13:21:02","slug":"sammanfogning-och-induktion","status":"publish","type":"product","link":"https:\/\/car-o-liner.com\/sv\/produkter\/sammanfogning-och-induktion\/","title":{"rendered":"Sammanfogning och v\u00e4rmning"},"content":{"rendered":"\n<p>Kraftfulla, innovativa svetsmaskiner och nitverktyg<\/p>\n","protected":false},"excerpt":{"rendered":"<p>Kraftfulla, innovativa svetsmaskiner och nitverktyg<\/p>\n","protected":false},"featured_media":81758,"parent":0,"menu_order":2,"template":"page-templates\/joining-heating-with-brochure.php","format":"standard","meta":[],"class_list":["post-81757","product","type-product","status-publish","format-standard","has-post-thumbnail","hentry"],"yoast_head":"<!-- This site is optimized with the Yoast SEO plugin v27.2 - https:\/\/yoast.com\/product\/yoast-seo-wordpress\/ -->\n<title>Sammanfogning och v\u00e4rmning | Car-O-Liner SE<\/title>\n<meta name=\"description\" content=\"Uppt\u00e4ck v\u00e5ra effektiva verktyg f\u00f6r sammanfogning och v\u00e4rmning vid skadereparation \u2013 l\u00f6sningar f\u00f6r svetsning och limning f\u00f6r alla behov i din verkstad.\" \/>\n<meta name=\"robots\" content=\"index, follow, max-snippet:-1, max-image-preview:large, max-video-preview:-1\" \/>\n<link rel=\"canonical\" href=\"https:\/\/car-o-liner.com\/sv\/produkter\/sammanfogning-och-induktion\/\" \/>\n<meta property=\"og:locale\" content=\"sv_SE\" \/>\n<meta property=\"og:type\" content=\"article\" \/>\n<meta property=\"og:title\" content=\"Sammanfogning och v\u00e4rmning | Car-O-Liner SE\" \/>\n<meta property=\"og:description\" content=\"Uppt\u00e4ck v\u00e5ra effektiva verktyg f\u00f6r sammanfogning och v\u00e4rmning vid skadereparation \u2013 l\u00f6sningar f\u00f6r svetsning och limning f\u00f6r alla behov i din verkstad.\" \/>\n<meta property=\"og:url\" content=\"https:\/\/car-o-liner.com\/sv\/produkter\/sammanfogning-och-induktion\/\" \/>\n<meta property=\"og:site_name\" content=\"Car-O-Liner\" \/>\n<meta property=\"article:modified_time\" content=\"2025-05-15T13:21:02+00:00\" \/>\n<meta name=\"twitter:card\" content=\"summary_large_image\" \/>\n<script type=\"application\/ld+json\" class=\"yoast-schema-graph\">{\"@context\":\"https:\/\/schema.org\",\"@graph\":[{\"@type\":\"WebPage\",\"@id\":\"https:\/\/car-o-liner.com\/sv\/produkter\/sammanfogning-och-induktion\/\",\"url\":\"https:\/\/car-o-liner.com\/sv\/produkter\/sammanfogning-och-induktion\/\",\"name\":\"Sammanfogning och v\u00e4rmning | Car-O-Liner SE\",\"isPartOf\":{\"@id\":\"https:\/\/car-o-liner.com\/sv\/#website\"},\"primaryImageOfPage\":{\"@id\":\"https:\/\/car-o-liner.com\/sv\/produkter\/sammanfogning-och-induktion\/#primaryimage\"},\"image\":{\"@id\":\"https:\/\/car-o-liner.com\/sv\/produkter\/sammanfogning-och-induktion\/#primaryimage\"},\"thumbnailUrl\":\"https:\/\/car-o-liner.com\/wp-content\/uploads\/media_library_export-caroliner-2023_08_08_15_04_31\/joinin_heating.svg\",\"datePublished\":\"2023-06-30T18:54:40+00:00\",\"dateModified\":\"2025-05-15T13:21:02+00:00\",\"description\":\"Uppt\u00e4ck v\u00e5ra effektiva verktyg f\u00f6r sammanfogning och v\u00e4rmning vid skadereparation \u2013 l\u00f6sningar f\u00f6r svetsning och limning f\u00f6r alla behov i din verkstad.\",\"breadcrumb\":{\"@id\":\"https:\/\/car-o-liner.com\/sv\/produkter\/sammanfogning-och-induktion\/#breadcrumb\"},\"inLanguage\":\"sv-SE\",\"potentialAction\":[{\"@type\":\"ReadAction\",\"target\":[\"https:\/\/car-o-liner.com\/sv\/produkter\/sammanfogning-och-induktion\/\"]}]},{\"@type\":\"ImageObject\",\"inLanguage\":\"sv-SE\",\"@id\":\"https:\/\/car-o-liner.com\/sv\/produkter\/sammanfogning-och-induktion\/#primaryimage\",\"url\":\"https:\/\/car-o-liner.com\/wp-content\/uploads\/media_library_export-caroliner-2023_08_08_15_04_31\/joinin_heating.svg\",\"contentUrl\":\"https:\/\/car-o-liner.com\/wp-content\/uploads\/media_library_export-caroliner-2023_08_08_15_04_31\/joinin_heating.svg\",\"width\":512,\"height\":512},{\"@type\":\"BreadcrumbList\",\"@id\":\"https:\/\/car-o-liner.com\/sv\/produkter\/sammanfogning-och-induktion\/#breadcrumb\",\"itemListElement\":[{\"@type\":\"ListItem\",\"position\":1,\"name\":\"Home\",\"item\":\"https:\/\/car-o-liner.com\/sv\/\"},{\"@type\":\"ListItem\",\"position\":2,\"name\":\"Sammanfogning och v\u00e4rmning\"}]},{\"@type\":\"WebSite\",\"@id\":\"https:\/\/car-o-liner.com\/sv\/#website\",\"url\":\"https:\/\/car-o-liner.com\/sv\/\",\"name\":\"Car-O-Liner\",\"description\":\"Collision Repair Equipment\",\"publisher\":{\"@id\":\"https:\/\/car-o-liner.com\/sv\/#organization\"},\"potentialAction\":[{\"@type\":\"SearchAction\",\"target\":{\"@type\":\"EntryPoint\",\"urlTemplate\":\"https:\/\/car-o-liner.com\/sv\/?s={search_term_string}\"},\"query-input\":{\"@type\":\"PropertyValueSpecification\",\"valueRequired\":true,\"valueName\":\"search_term_string\"}}],\"inLanguage\":\"sv-SE\"},{\"@type\":\"Organization\",\"@id\":\"https:\/\/car-o-liner.com\/sv\/#organization\",\"name\":\"Car-O-Liner\",\"url\":\"https:\/\/car-o-liner.com\/sv\/\",\"logo\":{\"@type\":\"ImageObject\",\"inLanguage\":\"sv-SE\",\"@id\":\"https:\/\/car-o-liner.com\/sv\/#\/schema\/logo\/image\/\",\"url\":\"https:\/\/car-o-liner.com\/wp-content\/uploads\/Car-O-Liner-blue-web.svg\",\"contentUrl\":\"https:\/\/car-o-liner.com\/wp-content\/uploads\/Car-O-Liner-blue-web.svg\",\"width\":250,\"height\":50,\"caption\":\"Car-O-Liner\"},\"image\":{\"@id\":\"https:\/\/car-o-liner.com\/sv\/#\/schema\/logo\/image\/\"}}]}<\/script>\n<!-- \/ Yoast SEO plugin. -->","yoast_head_json":{"title":"Sammanfogning och v\u00e4rmning | Car-O-Liner SE","description":"Uppt\u00e4ck v\u00e5ra effektiva verktyg f\u00f6r sammanfogning och v\u00e4rmning vid skadereparation \u2013 l\u00f6sningar f\u00f6r svetsning och limning f\u00f6r alla behov i din verkstad.","robots":{"index":"index","follow":"follow","max-snippet":"max-snippet:-1","max-image-preview":"max-image-preview:large","max-video-preview":"max-video-preview:-1"},"canonical":"https:\/\/car-o-liner.com\/sv\/produkter\/sammanfogning-och-induktion\/","og_locale":"sv_SE","og_type":"article","og_title":"Sammanfogning och v\u00e4rmning | Car-O-Liner SE","og_description":"Uppt\u00e4ck v\u00e5ra effektiva verktyg f\u00f6r sammanfogning och v\u00e4rmning vid skadereparation \u2013 l\u00f6sningar f\u00f6r svetsning och limning f\u00f6r alla behov i din verkstad.","og_url":"https:\/\/car-o-liner.com\/sv\/produkter\/sammanfogning-och-induktion\/","og_site_name":"Car-O-Liner","article_modified_time":"2025-05-15T13:21:02+00:00","twitter_card":"summary_large_image","schema":{"@context":"https:\/\/schema.org","@graph":[{"@type":"WebPage","@id":"https:\/\/car-o-liner.com\/sv\/produkter\/sammanfogning-och-induktion\/","url":"https:\/\/car-o-liner.com\/sv\/produkter\/sammanfogning-och-induktion\/","name":"Sammanfogning och v\u00e4rmning | Car-O-Liner SE","isPartOf":{"@id":"https:\/\/car-o-liner.com\/sv\/#website"},"primaryImageOfPage":{"@id":"https:\/\/car-o-liner.com\/sv\/produkter\/sammanfogning-och-induktion\/#primaryimage"},"image":{"@id":"https:\/\/car-o-liner.com\/sv\/produkter\/sammanfogning-och-induktion\/#primaryimage"},"thumbnailUrl":"https:\/\/car-o-liner.com\/wp-content\/uploads\/media_library_export-caroliner-2023_08_08_15_04_31\/joinin_heating.svg","datePublished":"2023-06-30T18:54:40+00:00","dateModified":"2025-05-15T13:21:02+00:00","description":"Uppt\u00e4ck v\u00e5ra effektiva verktyg f\u00f6r sammanfogning och v\u00e4rmning vid skadereparation \u2013 l\u00f6sningar f\u00f6r svetsning och limning f\u00f6r alla behov i din verkstad.","breadcrumb":{"@id":"https:\/\/car-o-liner.com\/sv\/produkter\/sammanfogning-och-induktion\/#breadcrumb"},"inLanguage":"sv-SE","potentialAction":[{"@type":"ReadAction","target":["https:\/\/car-o-liner.com\/sv\/produkter\/sammanfogning-och-induktion\/"]}]},{"@type":"ImageObject","inLanguage":"sv-SE","@id":"https:\/\/car-o-liner.com\/sv\/produkter\/sammanfogning-och-induktion\/#primaryimage","url":"https:\/\/car-o-liner.com\/wp-content\/uploads\/media_library_export-caroliner-2023_08_08_15_04_31\/joinin_heating.svg","contentUrl":"https:\/\/car-o-liner.com\/wp-content\/uploads\/media_library_export-caroliner-2023_08_08_15_04_31\/joinin_heating.svg","width":512,"height":512},{"@type":"BreadcrumbList","@id":"https:\/\/car-o-liner.com\/sv\/produkter\/sammanfogning-och-induktion\/#breadcrumb","itemListElement":[{"@type":"ListItem","position":1,"name":"Home","item":"https:\/\/car-o-liner.com\/sv\/"},{"@type":"ListItem","position":2,"name":"Sammanfogning och v\u00e4rmning"}]},{"@type":"WebSite","@id":"https:\/\/car-o-liner.com\/sv\/#website","url":"https:\/\/car-o-liner.com\/sv\/","name":"Car-O-Liner","description":"Collision Repair Equipment","publisher":{"@id":"https:\/\/car-o-liner.com\/sv\/#organization"},"potentialAction":[{"@type":"SearchAction","target":{"@type":"EntryPoint","urlTemplate":"https:\/\/car-o-liner.com\/sv\/?s={search_term_string}"},"query-input":{"@type":"PropertyValueSpecification","valueRequired":true,"valueName":"search_term_string"}}],"inLanguage":"sv-SE"},{"@type":"Organization","@id":"https:\/\/car-o-liner.com\/sv\/#organization","name":"Car-O-Liner","url":"https:\/\/car-o-liner.com\/sv\/","logo":{"@type":"ImageObject","inLanguage":"sv-SE","@id":"https:\/\/car-o-liner.com\/sv\/#\/schema\/logo\/image\/","url":"https:\/\/car-o-liner.com\/wp-content\/uploads\/Car-O-Liner-blue-web.svg","contentUrl":"https:\/\/car-o-liner.com\/wp-content\/uploads\/Car-O-Liner-blue-web.svg","width":250,"height":50,"caption":"Car-O-Liner"},"image":{"@id":"https:\/\/car-o-liner.com\/sv\/#\/schema\/logo\/image\/"}}]}},"_links":{"self":[{"href":"https:\/\/car-o-liner.com\/sv\/wp-json\/wp\/v2\/product\/81757","targetHints":{"allow":["GET"]}}],"collection":[{"href":"https:\/\/car-o-liner.com\/sv\/wp-json\/wp\/v2\/product"}],"about":[{"href":"https:\/\/car-o-liner.com\/sv\/wp-json\/wp\/v2\/types\/product"}],"wp:featuredmedia":[{"embeddable":true,"href":"https:\/\/car-o-liner.com\/sv\/wp-json\/wp\/v2\/media\/81758"}],"wp:attachment":[{"href":"https:\/\/car-o-liner.com\/sv\/wp-json\/wp\/v2\/media?parent=81757"}],"curies":[{"name":"wp","href":"https:\/\/api.w.org\/{rel}","templated":true}]}}