{"id":82287,"date":"2023-07-26T16:44:29","date_gmt":"2023-07-26T14:44:29","guid":{"rendered":"https:\/\/car-o-liner-test.phl.togglebox.site\/product\/alignment-straightening\/benchrack\/"},"modified":"2024-05-02T14:53:51","modified_gmt":"2024-05-02T12:53:51","slug":"benchrack","status":"publish","type":"product","link":"https:\/\/car-o-liner.com\/sv\/produkter\/benchrack\/","title":{"rendered":"BenchRack\u2122"},"content":{"rendered":"\n<p>Effektiv riktb\u00e4nk med m\u00e5ngsidig saxlyft<\/p>\n","protected":false},"excerpt":{"rendered":"<p>Effektiv riktb\u00e4nk med m\u00e5ngsidig saxlyft<\/p>\n","protected":false},"featured_media":82289,"parent":88241,"menu_order":1,"template":"page-templates\/col-single-product-benchrack.php","format":"standard","meta":[],"class_list":["post-82287","product","type-product","status-publish","format-standard","has-post-thumbnail","hentry"],"yoast_head":"<!-- This site is optimized with the Yoast SEO plugin v27.2 - https:\/\/yoast.com\/product\/yoast-seo-wordpress\/ -->\n<title>BenchRack\u2122 riktsystem | Car-O-Liner SE<\/title>\n<meta name=\"description\" content=\"BenchRack \u00e4r utformad f\u00f6r alla typer av sj\u00e4lvb\u00e4rande karosser och rambyggda fordon. Den \u00e4r enkel att k\u00f6ra upp p\u00e5 och har en hydraulisk lyft, borttagbara uppk\u00f6rningsramper samt en 10 tons dragriktare.\" \/>\n<meta name=\"robots\" content=\"index, follow, max-snippet:-1, max-image-preview:large, max-video-preview:-1\" \/>\n<link rel=\"canonical\" href=\"https:\/\/car-o-liner.com\/sv\/produkter\/benchrack\/\" \/>\n<meta property=\"og:locale\" content=\"sv_SE\" \/>\n<meta property=\"og:type\" content=\"article\" \/>\n<meta property=\"og:title\" content=\"BenchRack\u2122 riktsystem | Car-O-Liner SE\" \/>\n<meta property=\"og:description\" content=\"BenchRack \u00e4r utformad f\u00f6r alla typer av sj\u00e4lvb\u00e4rande karosser och rambyggda fordon. Den \u00e4r enkel att k\u00f6ra upp p\u00e5 och har en hydraulisk lyft, borttagbara uppk\u00f6rningsramper samt en 10 tons dragriktare.\" \/>\n<meta property=\"og:url\" content=\"https:\/\/car-o-liner.com\/sv\/produkter\/benchrack\/\" \/>\n<meta property=\"og:site_name\" content=\"Car-O-Liner\" \/>\n<meta property=\"article:modified_time\" content=\"2024-05-02T12:53:51+00:00\" \/>\n<meta property=\"og:image\" content=\"https:\/\/car-o-liner.com\/wp-content\/uploads\/media_library_export-caroliner-2023_08_08_15_04_31\/benchrack-hero-1.jpg\" \/>\n\t<meta property=\"og:image:width\" content=\"1510\" \/>\n\t<meta property=\"og:image:height\" content=\"1231\" \/>\n\t<meta property=\"og:image:type\" content=\"image\/jpeg\" \/>\n<meta name=\"twitter:card\" content=\"summary_large_image\" \/>\n<script type=\"application\/ld+json\" class=\"yoast-schema-graph\">{\"@context\":\"https:\/\/schema.org\",\"@graph\":[{\"@type\":\"WebPage\",\"@id\":\"https:\/\/car-o-liner.com\/sv\/produkter\/benchrack\/\",\"url\":\"https:\/\/car-o-liner.com\/sv\/produkter\/benchrack\/\",\"name\":\"BenchRack\u2122 riktsystem | Car-O-Liner SE\",\"isPartOf\":{\"@id\":\"https:\/\/car-o-liner.com\/sv\/#website\"},\"primaryImageOfPage\":{\"@id\":\"https:\/\/car-o-liner.com\/sv\/produkter\/benchrack\/#primaryimage\"},\"image\":{\"@id\":\"https:\/\/car-o-liner.com\/sv\/produkter\/benchrack\/#primaryimage\"},\"thumbnailUrl\":\"https:\/\/car-o-liner.com\/wp-content\/uploads\/media_library_export-caroliner-2023_08_08_15_04_31\/benchrack-hero-1.jpg\",\"datePublished\":\"2023-07-26T14:44:29+00:00\",\"dateModified\":\"2024-05-02T12:53:51+00:00\",\"description\":\"BenchRack \u00e4r utformad f\u00f6r alla typer av sj\u00e4lvb\u00e4rande karosser och rambyggda fordon. Den \u00e4r enkel att k\u00f6ra upp p\u00e5 och har en hydraulisk lyft, borttagbara uppk\u00f6rningsramper samt en 10 tons dragriktare.\",\"breadcrumb\":{\"@id\":\"https:\/\/car-o-liner.com\/sv\/produkter\/benchrack\/#breadcrumb\"},\"inLanguage\":\"sv-SE\",\"potentialAction\":[{\"@type\":\"ReadAction\",\"target\":[\"https:\/\/car-o-liner.com\/sv\/produkter\/benchrack\/\"]}]},{\"@type\":\"ImageObject\",\"inLanguage\":\"sv-SE\",\"@id\":\"https:\/\/car-o-liner.com\/sv\/produkter\/benchrack\/#primaryimage\",\"url\":\"https:\/\/car-o-liner.com\/wp-content\/uploads\/media_library_export-caroliner-2023_08_08_15_04_31\/benchrack-hero-1.jpg\",\"contentUrl\":\"https:\/\/car-o-liner.com\/wp-content\/uploads\/media_library_export-caroliner-2023_08_08_15_04_31\/benchrack-hero-1.jpg\",\"width\":1510,\"height\":1231},{\"@type\":\"BreadcrumbList\",\"@id\":\"https:\/\/car-o-liner.com\/sv\/produkter\/benchrack\/#breadcrumb\",\"itemListElement\":[{\"@type\":\"ListItem\",\"position\":1,\"name\":\"Home\",\"item\":\"https:\/\/car-o-liner.com\/sv\/\"},{\"@type\":\"ListItem\",\"position\":2,\"name\":\"Riktb\u00e4nksystem\",\"item\":\"https:\/\/car-o-liner.com\/sv\/produkter\/riktbanksystem\/\"},{\"@type\":\"ListItem\",\"position\":3,\"name\":\"Riktb\u00e4nkar\",\"item\":\"https:\/\/car-o-liner.com\/sv\/produkter\/rammaskin\/\"},{\"@type\":\"ListItem\",\"position\":4,\"name\":\"BenchRack\u2122\"}]},{\"@type\":\"WebSite\",\"@id\":\"https:\/\/car-o-liner.com\/sv\/#website\",\"url\":\"https:\/\/car-o-liner.com\/sv\/\",\"name\":\"Car-O-Liner\",\"description\":\"Collision Repair Equipment\",\"publisher\":{\"@id\":\"https:\/\/car-o-liner.com\/sv\/#organization\"},\"potentialAction\":[{\"@type\":\"SearchAction\",\"target\":{\"@type\":\"EntryPoint\",\"urlTemplate\":\"https:\/\/car-o-liner.com\/sv\/?s={search_term_string}\"},\"query-input\":{\"@type\":\"PropertyValueSpecification\",\"valueRequired\":true,\"valueName\":\"search_term_string\"}}],\"inLanguage\":\"sv-SE\"},{\"@type\":\"Organization\",\"@id\":\"https:\/\/car-o-liner.com\/sv\/#organization\",\"name\":\"Car-O-Liner\",\"url\":\"https:\/\/car-o-liner.com\/sv\/\",\"logo\":{\"@type\":\"ImageObject\",\"inLanguage\":\"sv-SE\",\"@id\":\"https:\/\/car-o-liner.com\/sv\/#\/schema\/logo\/image\/\",\"url\":\"https:\/\/car-o-liner.com\/wp-content\/uploads\/Car-O-Liner-blue-web.svg\",\"contentUrl\":\"https:\/\/car-o-liner.com\/wp-content\/uploads\/Car-O-Liner-blue-web.svg\",\"width\":250,\"height\":50,\"caption\":\"Car-O-Liner\"},\"image\":{\"@id\":\"https:\/\/car-o-liner.com\/sv\/#\/schema\/logo\/image\/\"}}]}<\/script>\n<!-- \/ Yoast SEO plugin. -->","yoast_head_json":{"title":"BenchRack\u2122 riktsystem | Car-O-Liner SE","description":"BenchRack \u00e4r utformad f\u00f6r alla typer av sj\u00e4lvb\u00e4rande karosser och rambyggda fordon. Den \u00e4r enkel att k\u00f6ra upp p\u00e5 och har en hydraulisk lyft, borttagbara uppk\u00f6rningsramper samt en 10 tons dragriktare.","robots":{"index":"index","follow":"follow","max-snippet":"max-snippet:-1","max-image-preview":"max-image-preview:large","max-video-preview":"max-video-preview:-1"},"canonical":"https:\/\/car-o-liner.com\/sv\/produkter\/benchrack\/","og_locale":"sv_SE","og_type":"article","og_title":"BenchRack\u2122 riktsystem | Car-O-Liner SE","og_description":"BenchRack \u00e4r utformad f\u00f6r alla typer av sj\u00e4lvb\u00e4rande karosser och rambyggda fordon. Den \u00e4r enkel att k\u00f6ra upp p\u00e5 och har en hydraulisk lyft, borttagbara uppk\u00f6rningsramper samt en 10 tons dragriktare.","og_url":"https:\/\/car-o-liner.com\/sv\/produkter\/benchrack\/","og_site_name":"Car-O-Liner","article_modified_time":"2024-05-02T12:53:51+00:00","og_image":[{"width":1510,"height":1231,"url":"https:\/\/car-o-liner.com\/wp-content\/uploads\/media_library_export-caroliner-2023_08_08_15_04_31\/benchrack-hero-1.jpg","type":"image\/jpeg"}],"twitter_card":"summary_large_image","schema":{"@context":"https:\/\/schema.org","@graph":[{"@type":"WebPage","@id":"https:\/\/car-o-liner.com\/sv\/produkter\/benchrack\/","url":"https:\/\/car-o-liner.com\/sv\/produkter\/benchrack\/","name":"BenchRack\u2122 riktsystem | Car-O-Liner SE","isPartOf":{"@id":"https:\/\/car-o-liner.com\/sv\/#website"},"primaryImageOfPage":{"@id":"https:\/\/car-o-liner.com\/sv\/produkter\/benchrack\/#primaryimage"},"image":{"@id":"https:\/\/car-o-liner.com\/sv\/produkter\/benchrack\/#primaryimage"},"thumbnailUrl":"https:\/\/car-o-liner.com\/wp-content\/uploads\/media_library_export-caroliner-2023_08_08_15_04_31\/benchrack-hero-1.jpg","datePublished":"2023-07-26T14:44:29+00:00","dateModified":"2024-05-02T12:53:51+00:00","description":"BenchRack \u00e4r utformad f\u00f6r alla typer av sj\u00e4lvb\u00e4rande karosser och rambyggda fordon. Den \u00e4r enkel att k\u00f6ra upp p\u00e5 och har en hydraulisk lyft, borttagbara uppk\u00f6rningsramper samt en 10 tons dragriktare.","breadcrumb":{"@id":"https:\/\/car-o-liner.com\/sv\/produkter\/benchrack\/#breadcrumb"},"inLanguage":"sv-SE","potentialAction":[{"@type":"ReadAction","target":["https:\/\/car-o-liner.com\/sv\/produkter\/benchrack\/"]}]},{"@type":"ImageObject","inLanguage":"sv-SE","@id":"https:\/\/car-o-liner.com\/sv\/produkter\/benchrack\/#primaryimage","url":"https:\/\/car-o-liner.com\/wp-content\/uploads\/media_library_export-caroliner-2023_08_08_15_04_31\/benchrack-hero-1.jpg","contentUrl":"https:\/\/car-o-liner.com\/wp-content\/uploads\/media_library_export-caroliner-2023_08_08_15_04_31\/benchrack-hero-1.jpg","width":1510,"height":1231},{"@type":"BreadcrumbList","@id":"https:\/\/car-o-liner.com\/sv\/produkter\/benchrack\/#breadcrumb","itemListElement":[{"@type":"ListItem","position":1,"name":"Home","item":"https:\/\/car-o-liner.com\/sv\/"},{"@type":"ListItem","position":2,"name":"Riktb\u00e4nksystem","item":"https:\/\/car-o-liner.com\/sv\/produkter\/riktbanksystem\/"},{"@type":"ListItem","position":3,"name":"Riktb\u00e4nkar","item":"https:\/\/car-o-liner.com\/sv\/produkter\/rammaskin\/"},{"@type":"ListItem","position":4,"name":"BenchRack\u2122"}]},{"@type":"WebSite","@id":"https:\/\/car-o-liner.com\/sv\/#website","url":"https:\/\/car-o-liner.com\/sv\/","name":"Car-O-Liner","description":"Collision Repair Equipment","publisher":{"@id":"https:\/\/car-o-liner.com\/sv\/#organization"},"potentialAction":[{"@type":"SearchAction","target":{"@type":"EntryPoint","urlTemplate":"https:\/\/car-o-liner.com\/sv\/?s={search_term_string}"},"query-input":{"@type":"PropertyValueSpecification","valueRequired":true,"valueName":"search_term_string"}}],"inLanguage":"sv-SE"},{"@type":"Organization","@id":"https:\/\/car-o-liner.com\/sv\/#organization","name":"Car-O-Liner","url":"https:\/\/car-o-liner.com\/sv\/","logo":{"@type":"ImageObject","inLanguage":"sv-SE","@id":"https:\/\/car-o-liner.com\/sv\/#\/schema\/logo\/image\/","url":"https:\/\/car-o-liner.com\/wp-content\/uploads\/Car-O-Liner-blue-web.svg","contentUrl":"https:\/\/car-o-liner.com\/wp-content\/uploads\/Car-O-Liner-blue-web.svg","width":250,"height":50,"caption":"Car-O-Liner"},"image":{"@id":"https:\/\/car-o-liner.com\/sv\/#\/schema\/logo\/image\/"}}]}},"_links":{"self":[{"href":"https:\/\/car-o-liner.com\/sv\/wp-json\/wp\/v2\/product\/82287","targetHints":{"allow":["GET"]}}],"collection":[{"href":"https:\/\/car-o-liner.com\/sv\/wp-json\/wp\/v2\/product"}],"about":[{"href":"https:\/\/car-o-liner.com\/sv\/wp-json\/wp\/v2\/types\/product"}],"up":[{"embeddable":true,"href":"https:\/\/car-o-liner.com\/sv\/wp-json\/wp\/v2\/product\/88241"}],"wp:featuredmedia":[{"embeddable":true,"href":"https:\/\/car-o-liner.com\/sv\/wp-json\/wp\/v2\/media\/82289"}],"wp:attachment":[{"href":"https:\/\/car-o-liner.com\/sv\/wp-json\/wp\/v2\/media?parent=82287"}],"curies":[{"name":"wp","href":"https:\/\/api.w.org\/{rel}","templated":true}]}}