{"id":83260,"date":"2023-09-25T15:21:44","date_gmt":"2023-09-25T13:21:44","guid":{"rendered":"https:\/\/car-o-liner-test.phl.togglebox.site\/product\/measuring-systems\/car-o-tronic\/"},"modified":"2024-04-30T23:21:10","modified_gmt":"2024-04-30T21:21:10","slug":"car-o-tronic","status":"publish","type":"product","link":"https:\/\/car-o-liner.com\/sv\/produkter\/car-o-tronic\/","title":{"rendered":"Car-O-Tronic\u00ae"},"content":{"rendered":"\n<p>MARKNADENS SNABBASTE, SMIDIGASTE OCH MEST EXAKTA M\u00c4TSYSTEM<\/p>\n","protected":false},"excerpt":{"rendered":"<p>MARKNADENS SNABBASTE, SMIDIGASTE OCH MEST EXAKTA M\u00c4TSYSTEM<\/p>\n","protected":false},"featured_media":90977,"parent":81779,"menu_order":1,"template":"page-templates\/col-single-product-car-o-tronic.php","format":"standard","meta":[],"class_list":["post-83260","product","type-product","status-publish","format-standard","has-post-thumbnail","hentry"],"yoast_head":"<!-- This site is optimized with the Yoast SEO plugin v27.2 - https:\/\/yoast.com\/product\/yoast-seo-wordpress\/ -->\n<title>Car-O-Tronic\u2122 m\u00e4tsystem | Car-O-Liner SE<\/title>\n<meta name=\"description\" content=\"Car-O-Tronic \u2013 v\u00e4rldens snabbaste och mest exakta m\u00e4tsystem som dessutom \u00e4r enkelt att anv\u00e4nda. S\u00e4nder realtidsdata tre g\u00e5nger i sekunden och ger tillg\u00e5ng till Car-O-Data.\" \/>\n<meta name=\"robots\" content=\"index, follow, max-snippet:-1, max-image-preview:large, max-video-preview:-1\" \/>\n<link rel=\"canonical\" href=\"https:\/\/car-o-liner.com\/sv\/produkter\/car-o-tronic\/\" \/>\n<meta property=\"og:locale\" content=\"sv_SE\" \/>\n<meta property=\"og:type\" content=\"article\" \/>\n<meta property=\"og:title\" content=\"Car-O-Tronic\u2122 m\u00e4tsystem | Car-O-Liner SE\" \/>\n<meta property=\"og:description\" content=\"Car-O-Tronic \u2013 v\u00e4rldens snabbaste och mest exakta m\u00e4tsystem som dessutom \u00e4r enkelt att anv\u00e4nda. S\u00e4nder realtidsdata tre g\u00e5nger i sekunden och ger tillg\u00e5ng till Car-O-Data.\" \/>\n<meta property=\"og:url\" content=\"https:\/\/car-o-liner.com\/sv\/produkter\/car-o-tronic\/\" \/>\n<meta property=\"og:site_name\" content=\"Car-O-Liner\" \/>\n<meta property=\"article:modified_time\" content=\"2024-04-30T21:21:10+00:00\" \/>\n<meta property=\"og:image\" content=\"https:\/\/car-o-liner.com\/wp-content\/uploads\/car-o-tronic-hero-2.jpg\" \/>\n\t<meta property=\"og:image:width\" content=\"1500\" \/>\n\t<meta property=\"og:image:height\" content=\"1250\" \/>\n\t<meta property=\"og:image:type\" content=\"image\/jpeg\" \/>\n<meta name=\"twitter:card\" content=\"summary_large_image\" \/>\n<script type=\"application\/ld+json\" class=\"yoast-schema-graph\">{\"@context\":\"https:\/\/schema.org\",\"@graph\":[{\"@type\":\"WebPage\",\"@id\":\"https:\/\/car-o-liner.com\/sv\/produkter\/car-o-tronic\/\",\"url\":\"https:\/\/car-o-liner.com\/sv\/produkter\/car-o-tronic\/\",\"name\":\"Car-O-Tronic\u2122 m\u00e4tsystem | Car-O-Liner SE\",\"isPartOf\":{\"@id\":\"https:\/\/car-o-liner.com\/sv\/#website\"},\"primaryImageOfPage\":{\"@id\":\"https:\/\/car-o-liner.com\/sv\/produkter\/car-o-tronic\/#primaryimage\"},\"image\":{\"@id\":\"https:\/\/car-o-liner.com\/sv\/produkter\/car-o-tronic\/#primaryimage\"},\"thumbnailUrl\":\"https:\/\/car-o-liner.com\/wp-content\/uploads\/car-o-tronic-hero-2.jpg\",\"datePublished\":\"2023-09-25T13:21:44+00:00\",\"dateModified\":\"2024-04-30T21:21:10+00:00\",\"description\":\"Car-O-Tronic \u2013 v\u00e4rldens snabbaste och mest exakta m\u00e4tsystem som dessutom \u00e4r enkelt att anv\u00e4nda. S\u00e4nder realtidsdata tre g\u00e5nger i sekunden och ger tillg\u00e5ng till Car-O-Data.\",\"breadcrumb\":{\"@id\":\"https:\/\/car-o-liner.com\/sv\/produkter\/car-o-tronic\/#breadcrumb\"},\"inLanguage\":\"sv-SE\",\"potentialAction\":[{\"@type\":\"ReadAction\",\"target\":[\"https:\/\/car-o-liner.com\/sv\/produkter\/car-o-tronic\/\"]}]},{\"@type\":\"ImageObject\",\"inLanguage\":\"sv-SE\",\"@id\":\"https:\/\/car-o-liner.com\/sv\/produkter\/car-o-tronic\/#primaryimage\",\"url\":\"https:\/\/car-o-liner.com\/wp-content\/uploads\/car-o-tronic-hero-2.jpg\",\"contentUrl\":\"https:\/\/car-o-liner.com\/wp-content\/uploads\/car-o-tronic-hero-2.jpg\",\"width\":1500,\"height\":1250,\"caption\":\"Car-O-Tronic measuring system\"},{\"@type\":\"BreadcrumbList\",\"@id\":\"https:\/\/car-o-liner.com\/sv\/produkter\/car-o-tronic\/#breadcrumb\",\"itemListElement\":[{\"@type\":\"ListItem\",\"position\":1,\"name\":\"Home\",\"item\":\"https:\/\/car-o-liner.com\/sv\/\"},{\"@type\":\"ListItem\",\"position\":2,\"name\":\"M\u00e4tsystem\",\"item\":\"https:\/\/car-o-liner.com\/sv\/produkter\/matsystem\/\"},{\"@type\":\"ListItem\",\"position\":3,\"name\":\"Car-O-Tronic\u00ae\"}]},{\"@type\":\"WebSite\",\"@id\":\"https:\/\/car-o-liner.com\/sv\/#website\",\"url\":\"https:\/\/car-o-liner.com\/sv\/\",\"name\":\"Car-O-Liner\",\"description\":\"Collision Repair Equipment\",\"publisher\":{\"@id\":\"https:\/\/car-o-liner.com\/sv\/#organization\"},\"potentialAction\":[{\"@type\":\"SearchAction\",\"target\":{\"@type\":\"EntryPoint\",\"urlTemplate\":\"https:\/\/car-o-liner.com\/sv\/?s={search_term_string}\"},\"query-input\":{\"@type\":\"PropertyValueSpecification\",\"valueRequired\":true,\"valueName\":\"search_term_string\"}}],\"inLanguage\":\"sv-SE\"},{\"@type\":\"Organization\",\"@id\":\"https:\/\/car-o-liner.com\/sv\/#organization\",\"name\":\"Car-O-Liner\",\"url\":\"https:\/\/car-o-liner.com\/sv\/\",\"logo\":{\"@type\":\"ImageObject\",\"inLanguage\":\"sv-SE\",\"@id\":\"https:\/\/car-o-liner.com\/sv\/#\/schema\/logo\/image\/\",\"url\":\"https:\/\/car-o-liner.com\/wp-content\/uploads\/Car-O-Liner-blue-web.svg\",\"contentUrl\":\"https:\/\/car-o-liner.com\/wp-content\/uploads\/Car-O-Liner-blue-web.svg\",\"width\":250,\"height\":50,\"caption\":\"Car-O-Liner\"},\"image\":{\"@id\":\"https:\/\/car-o-liner.com\/sv\/#\/schema\/logo\/image\/\"}}]}<\/script>\n<!-- \/ Yoast SEO plugin. -->","yoast_head_json":{"title":"Car-O-Tronic\u2122 m\u00e4tsystem | Car-O-Liner SE","description":"Car-O-Tronic \u2013 v\u00e4rldens snabbaste och mest exakta m\u00e4tsystem som dessutom \u00e4r enkelt att anv\u00e4nda. S\u00e4nder realtidsdata tre g\u00e5nger i sekunden och ger tillg\u00e5ng till Car-O-Data.","robots":{"index":"index","follow":"follow","max-snippet":"max-snippet:-1","max-image-preview":"max-image-preview:large","max-video-preview":"max-video-preview:-1"},"canonical":"https:\/\/car-o-liner.com\/sv\/produkter\/car-o-tronic\/","og_locale":"sv_SE","og_type":"article","og_title":"Car-O-Tronic\u2122 m\u00e4tsystem | Car-O-Liner SE","og_description":"Car-O-Tronic \u2013 v\u00e4rldens snabbaste och mest exakta m\u00e4tsystem som dessutom \u00e4r enkelt att anv\u00e4nda. S\u00e4nder realtidsdata tre g\u00e5nger i sekunden och ger tillg\u00e5ng till Car-O-Data.","og_url":"https:\/\/car-o-liner.com\/sv\/produkter\/car-o-tronic\/","og_site_name":"Car-O-Liner","article_modified_time":"2024-04-30T21:21:10+00:00","og_image":[{"width":1500,"height":1250,"url":"https:\/\/car-o-liner.com\/wp-content\/uploads\/car-o-tronic-hero-2.jpg","type":"image\/jpeg"}],"twitter_card":"summary_large_image","schema":{"@context":"https:\/\/schema.org","@graph":[{"@type":"WebPage","@id":"https:\/\/car-o-liner.com\/sv\/produkter\/car-o-tronic\/","url":"https:\/\/car-o-liner.com\/sv\/produkter\/car-o-tronic\/","name":"Car-O-Tronic\u2122 m\u00e4tsystem | Car-O-Liner SE","isPartOf":{"@id":"https:\/\/car-o-liner.com\/sv\/#website"},"primaryImageOfPage":{"@id":"https:\/\/car-o-liner.com\/sv\/produkter\/car-o-tronic\/#primaryimage"},"image":{"@id":"https:\/\/car-o-liner.com\/sv\/produkter\/car-o-tronic\/#primaryimage"},"thumbnailUrl":"https:\/\/car-o-liner.com\/wp-content\/uploads\/car-o-tronic-hero-2.jpg","datePublished":"2023-09-25T13:21:44+00:00","dateModified":"2024-04-30T21:21:10+00:00","description":"Car-O-Tronic \u2013 v\u00e4rldens snabbaste och mest exakta m\u00e4tsystem som dessutom \u00e4r enkelt att anv\u00e4nda. S\u00e4nder realtidsdata tre g\u00e5nger i sekunden och ger tillg\u00e5ng till Car-O-Data.","breadcrumb":{"@id":"https:\/\/car-o-liner.com\/sv\/produkter\/car-o-tronic\/#breadcrumb"},"inLanguage":"sv-SE","potentialAction":[{"@type":"ReadAction","target":["https:\/\/car-o-liner.com\/sv\/produkter\/car-o-tronic\/"]}]},{"@type":"ImageObject","inLanguage":"sv-SE","@id":"https:\/\/car-o-liner.com\/sv\/produkter\/car-o-tronic\/#primaryimage","url":"https:\/\/car-o-liner.com\/wp-content\/uploads\/car-o-tronic-hero-2.jpg","contentUrl":"https:\/\/car-o-liner.com\/wp-content\/uploads\/car-o-tronic-hero-2.jpg","width":1500,"height":1250,"caption":"Car-O-Tronic measuring system"},{"@type":"BreadcrumbList","@id":"https:\/\/car-o-liner.com\/sv\/produkter\/car-o-tronic\/#breadcrumb","itemListElement":[{"@type":"ListItem","position":1,"name":"Home","item":"https:\/\/car-o-liner.com\/sv\/"},{"@type":"ListItem","position":2,"name":"M\u00e4tsystem","item":"https:\/\/car-o-liner.com\/sv\/produkter\/matsystem\/"},{"@type":"ListItem","position":3,"name":"Car-O-Tronic\u00ae"}]},{"@type":"WebSite","@id":"https:\/\/car-o-liner.com\/sv\/#website","url":"https:\/\/car-o-liner.com\/sv\/","name":"Car-O-Liner","description":"Collision Repair Equipment","publisher":{"@id":"https:\/\/car-o-liner.com\/sv\/#organization"},"potentialAction":[{"@type":"SearchAction","target":{"@type":"EntryPoint","urlTemplate":"https:\/\/car-o-liner.com\/sv\/?s={search_term_string}"},"query-input":{"@type":"PropertyValueSpecification","valueRequired":true,"valueName":"search_term_string"}}],"inLanguage":"sv-SE"},{"@type":"Organization","@id":"https:\/\/car-o-liner.com\/sv\/#organization","name":"Car-O-Liner","url":"https:\/\/car-o-liner.com\/sv\/","logo":{"@type":"ImageObject","inLanguage":"sv-SE","@id":"https:\/\/car-o-liner.com\/sv\/#\/schema\/logo\/image\/","url":"https:\/\/car-o-liner.com\/wp-content\/uploads\/Car-O-Liner-blue-web.svg","contentUrl":"https:\/\/car-o-liner.com\/wp-content\/uploads\/Car-O-Liner-blue-web.svg","width":250,"height":50,"caption":"Car-O-Liner"},"image":{"@id":"https:\/\/car-o-liner.com\/sv\/#\/schema\/logo\/image\/"}}]}},"_links":{"self":[{"href":"https:\/\/car-o-liner.com\/sv\/wp-json\/wp\/v2\/product\/83260","targetHints":{"allow":["GET"]}}],"collection":[{"href":"https:\/\/car-o-liner.com\/sv\/wp-json\/wp\/v2\/product"}],"about":[{"href":"https:\/\/car-o-liner.com\/sv\/wp-json\/wp\/v2\/types\/product"}],"up":[{"embeddable":true,"href":"https:\/\/car-o-liner.com\/sv\/wp-json\/wp\/v2\/product\/81779"}],"wp:featuredmedia":[{"embeddable":true,"href":"https:\/\/car-o-liner.com\/sv\/wp-json\/wp\/v2\/media\/90977"}],"wp:attachment":[{"href":"https:\/\/car-o-liner.com\/sv\/wp-json\/wp\/v2\/media?parent=83260"}],"curies":[{"name":"wp","href":"https:\/\/api.w.org\/{rel}","templated":true}]}}