{"id":83350,"date":"2023-09-26T13:40:40","date_gmt":"2023-09-26T11:40:40","guid":{"rendered":"https:\/\/car-o-liner-test.phl.togglebox.site\/product\/measuring-systems\/pointx-ii\/"},"modified":"2024-04-30T23:03:57","modified_gmt":"2024-04-30T21:03:57","slug":"point-xii","status":"publish","type":"product","link":"https:\/\/car-o-liner.com\/sv\/produkter\/point-xii\/","title":{"rendered":"POINTX\u00ae II"},"content":{"rendered":"\n<p>DIAGNOSTISKT M\u00c4TINSTRUMENT<\/p>\n","protected":false},"excerpt":{"rendered":"<p>DIAGNOSTISKT M\u00c4TINSTRUMENT<\/p>\n","protected":false},"featured_media":83352,"parent":81779,"menu_order":2,"template":"page-templates\/col-single-product-pointx.php","format":"standard","meta":[],"class_list":["post-83350","product","type-product","status-publish","format-standard","has-post-thumbnail","hentry"],"yoast_head":"<!-- This site is optimized with the Yoast SEO plugin v27.2 - https:\/\/yoast.com\/product\/yoast-seo-wordpress\/ -->\n<title>PointX\u00ae II m\u00e4tverktyg | Car-O-Liner SE<\/title>\n<meta name=\"description\" content=\"M\u00e4tinstrumentet PointX\u00aeII m\u00f6jligg\u00f6r snabb och noggrann diagnostisk m\u00e4tning s\u00e5 att du kan p\u00e5b\u00f6rja och slutf\u00f6ra reparationer p\u00e5 kortare tid \u00e4n n\u00e5gonsin.\" \/>\n<meta name=\"robots\" content=\"index, follow, max-snippet:-1, max-image-preview:large, max-video-preview:-1\" \/>\n<link rel=\"canonical\" href=\"https:\/\/car-o-liner.com\/sv\/produkter\/point-xii\/\" \/>\n<meta property=\"og:locale\" content=\"sv_SE\" \/>\n<meta property=\"og:type\" content=\"article\" \/>\n<meta property=\"og:title\" content=\"PointX\u00ae II m\u00e4tverktyg | Car-O-Liner SE\" \/>\n<meta property=\"og:description\" content=\"M\u00e4tinstrumentet PointX\u00aeII m\u00f6jligg\u00f6r snabb och noggrann diagnostisk m\u00e4tning s\u00e5 att du kan p\u00e5b\u00f6rja och slutf\u00f6ra reparationer p\u00e5 kortare tid \u00e4n n\u00e5gonsin.\" \/>\n<meta property=\"og:url\" content=\"https:\/\/car-o-liner.com\/sv\/produkter\/point-xii\/\" \/>\n<meta property=\"og:site_name\" content=\"Car-O-Liner\" \/>\n<meta property=\"article:modified_time\" content=\"2024-04-30T21:03:57+00:00\" \/>\n<meta property=\"og:image\" content=\"https:\/\/car-o-liner.com\/wp-content\/uploads\/pointx-II-hero_4.jpg\" \/>\n\t<meta property=\"og:image:width\" content=\"1500\" \/>\n\t<meta property=\"og:image:height\" content=\"1250\" \/>\n\t<meta property=\"og:image:type\" content=\"image\/jpeg\" \/>\n<meta name=\"twitter:card\" content=\"summary_large_image\" \/>\n<script type=\"application\/ld+json\" class=\"yoast-schema-graph\">{\"@context\":\"https:\/\/schema.org\",\"@graph\":[{\"@type\":\"WebPage\",\"@id\":\"https:\/\/car-o-liner.com\/sv\/produkter\/point-xii\/\",\"url\":\"https:\/\/car-o-liner.com\/sv\/produkter\/point-xii\/\",\"name\":\"PointX\u00ae II m\u00e4tverktyg | Car-O-Liner SE\",\"isPartOf\":{\"@id\":\"https:\/\/car-o-liner.com\/sv\/#website\"},\"primaryImageOfPage\":{\"@id\":\"https:\/\/car-o-liner.com\/sv\/produkter\/point-xii\/#primaryimage\"},\"image\":{\"@id\":\"https:\/\/car-o-liner.com\/sv\/produkter\/point-xii\/#primaryimage\"},\"thumbnailUrl\":\"https:\/\/car-o-liner.com\/wp-content\/uploads\/pointx-II-hero_4.jpg\",\"datePublished\":\"2023-09-26T11:40:40+00:00\",\"dateModified\":\"2024-04-30T21:03:57+00:00\",\"description\":\"M\u00e4tinstrumentet PointX\u00aeII m\u00f6jligg\u00f6r snabb och noggrann diagnostisk m\u00e4tning s\u00e5 att du kan p\u00e5b\u00f6rja och slutf\u00f6ra reparationer p\u00e5 kortare tid \u00e4n n\u00e5gonsin.\",\"breadcrumb\":{\"@id\":\"https:\/\/car-o-liner.com\/sv\/produkter\/point-xii\/#breadcrumb\"},\"inLanguage\":\"sv-SE\",\"potentialAction\":[{\"@type\":\"ReadAction\",\"target\":[\"https:\/\/car-o-liner.com\/sv\/produkter\/point-xii\/\"]}]},{\"@type\":\"ImageObject\",\"inLanguage\":\"sv-SE\",\"@id\":\"https:\/\/car-o-liner.com\/sv\/produkter\/point-xii\/#primaryimage\",\"url\":\"https:\/\/car-o-liner.com\/wp-content\/uploads\/pointx-II-hero_4.jpg\",\"contentUrl\":\"https:\/\/car-o-liner.com\/wp-content\/uploads\/pointx-II-hero_4.jpg\",\"width\":1500,\"height\":1250},{\"@type\":\"BreadcrumbList\",\"@id\":\"https:\/\/car-o-liner.com\/sv\/produkter\/point-xii\/#breadcrumb\",\"itemListElement\":[{\"@type\":\"ListItem\",\"position\":1,\"name\":\"Home\",\"item\":\"https:\/\/car-o-liner.com\/sv\/\"},{\"@type\":\"ListItem\",\"position\":2,\"name\":\"M\u00e4tsystem\",\"item\":\"https:\/\/car-o-liner.com\/sv\/produkter\/matsystem\/\"},{\"@type\":\"ListItem\",\"position\":3,\"name\":\"POINTX\u00ae II\"}]},{\"@type\":\"WebSite\",\"@id\":\"https:\/\/car-o-liner.com\/sv\/#website\",\"url\":\"https:\/\/car-o-liner.com\/sv\/\",\"name\":\"Car-O-Liner\",\"description\":\"Collision Repair Equipment\",\"publisher\":{\"@id\":\"https:\/\/car-o-liner.com\/sv\/#organization\"},\"potentialAction\":[{\"@type\":\"SearchAction\",\"target\":{\"@type\":\"EntryPoint\",\"urlTemplate\":\"https:\/\/car-o-liner.com\/sv\/?s={search_term_string}\"},\"query-input\":{\"@type\":\"PropertyValueSpecification\",\"valueRequired\":true,\"valueName\":\"search_term_string\"}}],\"inLanguage\":\"sv-SE\"},{\"@type\":\"Organization\",\"@id\":\"https:\/\/car-o-liner.com\/sv\/#organization\",\"name\":\"Car-O-Liner\",\"url\":\"https:\/\/car-o-liner.com\/sv\/\",\"logo\":{\"@type\":\"ImageObject\",\"inLanguage\":\"sv-SE\",\"@id\":\"https:\/\/car-o-liner.com\/sv\/#\/schema\/logo\/image\/\",\"url\":\"https:\/\/car-o-liner.com\/wp-content\/uploads\/Car-O-Liner-blue-web.svg\",\"contentUrl\":\"https:\/\/car-o-liner.com\/wp-content\/uploads\/Car-O-Liner-blue-web.svg\",\"width\":250,\"height\":50,\"caption\":\"Car-O-Liner\"},\"image\":{\"@id\":\"https:\/\/car-o-liner.com\/sv\/#\/schema\/logo\/image\/\"}}]}<\/script>\n<!-- \/ Yoast SEO plugin. -->","yoast_head_json":{"title":"PointX\u00ae II m\u00e4tverktyg | Car-O-Liner SE","description":"M\u00e4tinstrumentet PointX\u00aeII m\u00f6jligg\u00f6r snabb och noggrann diagnostisk m\u00e4tning s\u00e5 att du kan p\u00e5b\u00f6rja och slutf\u00f6ra reparationer p\u00e5 kortare tid \u00e4n n\u00e5gonsin.","robots":{"index":"index","follow":"follow","max-snippet":"max-snippet:-1","max-image-preview":"max-image-preview:large","max-video-preview":"max-video-preview:-1"},"canonical":"https:\/\/car-o-liner.com\/sv\/produkter\/point-xii\/","og_locale":"sv_SE","og_type":"article","og_title":"PointX\u00ae II m\u00e4tverktyg | Car-O-Liner SE","og_description":"M\u00e4tinstrumentet PointX\u00aeII m\u00f6jligg\u00f6r snabb och noggrann diagnostisk m\u00e4tning s\u00e5 att du kan p\u00e5b\u00f6rja och slutf\u00f6ra reparationer p\u00e5 kortare tid \u00e4n n\u00e5gonsin.","og_url":"https:\/\/car-o-liner.com\/sv\/produkter\/point-xii\/","og_site_name":"Car-O-Liner","article_modified_time":"2024-04-30T21:03:57+00:00","og_image":[{"width":1500,"height":1250,"url":"https:\/\/car-o-liner.com\/wp-content\/uploads\/pointx-II-hero_4.jpg","type":"image\/jpeg"}],"twitter_card":"summary_large_image","schema":{"@context":"https:\/\/schema.org","@graph":[{"@type":"WebPage","@id":"https:\/\/car-o-liner.com\/sv\/produkter\/point-xii\/","url":"https:\/\/car-o-liner.com\/sv\/produkter\/point-xii\/","name":"PointX\u00ae II m\u00e4tverktyg | Car-O-Liner SE","isPartOf":{"@id":"https:\/\/car-o-liner.com\/sv\/#website"},"primaryImageOfPage":{"@id":"https:\/\/car-o-liner.com\/sv\/produkter\/point-xii\/#primaryimage"},"image":{"@id":"https:\/\/car-o-liner.com\/sv\/produkter\/point-xii\/#primaryimage"},"thumbnailUrl":"https:\/\/car-o-liner.com\/wp-content\/uploads\/pointx-II-hero_4.jpg","datePublished":"2023-09-26T11:40:40+00:00","dateModified":"2024-04-30T21:03:57+00:00","description":"M\u00e4tinstrumentet PointX\u00aeII m\u00f6jligg\u00f6r snabb och noggrann diagnostisk m\u00e4tning s\u00e5 att du kan p\u00e5b\u00f6rja och slutf\u00f6ra reparationer p\u00e5 kortare tid \u00e4n n\u00e5gonsin.","breadcrumb":{"@id":"https:\/\/car-o-liner.com\/sv\/produkter\/point-xii\/#breadcrumb"},"inLanguage":"sv-SE","potentialAction":[{"@type":"ReadAction","target":["https:\/\/car-o-liner.com\/sv\/produkter\/point-xii\/"]}]},{"@type":"ImageObject","inLanguage":"sv-SE","@id":"https:\/\/car-o-liner.com\/sv\/produkter\/point-xii\/#primaryimage","url":"https:\/\/car-o-liner.com\/wp-content\/uploads\/pointx-II-hero_4.jpg","contentUrl":"https:\/\/car-o-liner.com\/wp-content\/uploads\/pointx-II-hero_4.jpg","width":1500,"height":1250},{"@type":"BreadcrumbList","@id":"https:\/\/car-o-liner.com\/sv\/produkter\/point-xii\/#breadcrumb","itemListElement":[{"@type":"ListItem","position":1,"name":"Home","item":"https:\/\/car-o-liner.com\/sv\/"},{"@type":"ListItem","position":2,"name":"M\u00e4tsystem","item":"https:\/\/car-o-liner.com\/sv\/produkter\/matsystem\/"},{"@type":"ListItem","position":3,"name":"POINTX\u00ae II"}]},{"@type":"WebSite","@id":"https:\/\/car-o-liner.com\/sv\/#website","url":"https:\/\/car-o-liner.com\/sv\/","name":"Car-O-Liner","description":"Collision Repair Equipment","publisher":{"@id":"https:\/\/car-o-liner.com\/sv\/#organization"},"potentialAction":[{"@type":"SearchAction","target":{"@type":"EntryPoint","urlTemplate":"https:\/\/car-o-liner.com\/sv\/?s={search_term_string}"},"query-input":{"@type":"PropertyValueSpecification","valueRequired":true,"valueName":"search_term_string"}}],"inLanguage":"sv-SE"},{"@type":"Organization","@id":"https:\/\/car-o-liner.com\/sv\/#organization","name":"Car-O-Liner","url":"https:\/\/car-o-liner.com\/sv\/","logo":{"@type":"ImageObject","inLanguage":"sv-SE","@id":"https:\/\/car-o-liner.com\/sv\/#\/schema\/logo\/image\/","url":"https:\/\/car-o-liner.com\/wp-content\/uploads\/Car-O-Liner-blue-web.svg","contentUrl":"https:\/\/car-o-liner.com\/wp-content\/uploads\/Car-O-Liner-blue-web.svg","width":250,"height":50,"caption":"Car-O-Liner"},"image":{"@id":"https:\/\/car-o-liner.com\/sv\/#\/schema\/logo\/image\/"}}]}},"_links":{"self":[{"href":"https:\/\/car-o-liner.com\/sv\/wp-json\/wp\/v2\/product\/83350","targetHints":{"allow":["GET"]}}],"collection":[{"href":"https:\/\/car-o-liner.com\/sv\/wp-json\/wp\/v2\/product"}],"about":[{"href":"https:\/\/car-o-liner.com\/sv\/wp-json\/wp\/v2\/types\/product"}],"up":[{"embeddable":true,"href":"https:\/\/car-o-liner.com\/sv\/wp-json\/wp\/v2\/product\/81779"}],"wp:featuredmedia":[{"embeddable":true,"href":"https:\/\/car-o-liner.com\/sv\/wp-json\/wp\/v2\/media\/83352"}],"wp:attachment":[{"href":"https:\/\/car-o-liner.com\/sv\/wp-json\/wp\/v2\/media?parent=83350"}],"curies":[{"name":"wp","href":"https:\/\/api.w.org\/{rel}","templated":true}]}}