{"id":83809,"date":"2023-08-11T18:37:31","date_gmt":"2023-08-11T16:37:31","guid":{"rendered":"https:\/\/car-o-liner-test.phl.togglebox.site\/product\/alignment-straightening\/speed-3t-speed-3t-plus-speed-bench\/"},"modified":"2024-04-30T15:32:46","modified_gmt":"2024-04-30T13:32:46","slug":"speed-speed-plus","status":"publish","type":"product","link":"https:\/\/car-o-liner.com\/sv\/produkter\/speed-speed-plus\/","title":{"rendered":"SPEED\u2122 3T\/SPEED\u2122 3T PLUS"},"content":{"rendered":"\n<p>Riktb\u00e4nkar<\/p>\n","protected":false},"excerpt":{"rendered":"<p>Riktb\u00e4nkar<\/p>\n","protected":false},"featured_media":83811,"parent":88241,"menu_order":0,"template":"page-templates\/col-single-product-speed3t.php","format":"standard","meta":[],"class_list":["post-83809","product","type-product","status-publish","format-standard","has-post-thumbnail","hentry"],"yoast_head":"<!-- This site is optimized with the Yoast SEO plugin v27.4 - https:\/\/yoast.com\/product\/yoast-seo-wordpress\/ -->\n<title>Speed\u2122 och Speed\u2122 Plus riktb\u00e4nk | Car-O-Liner SE<\/title>\n<meta name=\"description\" content=\"H\u00f6geffektiv och l\u00e4tt riktb\u00e4nk som snabbt s\u00e4tts upp. Dragriktaren kan vridas 180\u00b0 runt plattformen (i ena \u00e4nden) och lutas 90\u00b0 horisontellt.\" \/>\n<meta name=\"robots\" content=\"index, follow, max-snippet:-1, max-image-preview:large, max-video-preview:-1\" \/>\n<link rel=\"canonical\" href=\"https:\/\/car-o-liner.com\/sv\/produkter\/speed-speed-plus\/\" \/>\n<meta property=\"og:locale\" content=\"sv_SE\" \/>\n<meta property=\"og:type\" content=\"article\" \/>\n<meta property=\"og:title\" content=\"Speed\u2122 och Speed\u2122 Plus riktb\u00e4nk | Car-O-Liner SE\" \/>\n<meta property=\"og:description\" content=\"H\u00f6geffektiv och l\u00e4tt riktb\u00e4nk som snabbt s\u00e4tts upp. Dragriktaren kan vridas 180\u00b0 runt plattformen (i ena \u00e4nden) och lutas 90\u00b0 horisontellt.\" \/>\n<meta property=\"og:url\" content=\"https:\/\/car-o-liner.com\/sv\/produkter\/speed-speed-plus\/\" \/>\n<meta property=\"og:site_name\" content=\"Car-O-Liner\" \/>\n<meta property=\"article:modified_time\" content=\"2024-04-30T13:32:46+00:00\" \/>\n<meta property=\"og:image\" content=\"https:\/\/car-o-liner.com\/wp-content\/uploads\/speed3t-hero-1.png\" \/>\n\t<meta property=\"og:image:width\" content=\"1500\" \/>\n\t<meta property=\"og:image:height\" content=\"1250\" \/>\n\t<meta property=\"og:image:type\" content=\"image\/png\" \/>\n<meta name=\"twitter:card\" content=\"summary_large_image\" \/>\n<script type=\"application\/ld+json\" class=\"yoast-schema-graph\">{\"@context\":\"https:\\\/\\\/schema.org\",\"@graph\":[{\"@type\":\"WebPage\",\"@id\":\"https:\\\/\\\/car-o-liner.com\\\/sv\\\/produkter\\\/speed-speed-plus\\\/\",\"url\":\"https:\\\/\\\/car-o-liner.com\\\/sv\\\/produkter\\\/speed-speed-plus\\\/\",\"name\":\"Speed\u2122 och Speed\u2122 Plus riktb\u00e4nk | Car-O-Liner SE\",\"isPartOf\":{\"@id\":\"https:\\\/\\\/car-o-liner.com\\\/sv\\\/#website\"},\"primaryImageOfPage\":{\"@id\":\"https:\\\/\\\/car-o-liner.com\\\/sv\\\/produkter\\\/speed-speed-plus\\\/#primaryimage\"},\"image\":{\"@id\":\"https:\\\/\\\/car-o-liner.com\\\/sv\\\/produkter\\\/speed-speed-plus\\\/#primaryimage\"},\"thumbnailUrl\":\"https:\\\/\\\/car-o-liner.com\\\/wp-content\\\/uploads\\\/speed3t-hero-1.png\",\"datePublished\":\"2023-08-11T16:37:31+00:00\",\"dateModified\":\"2024-04-30T13:32:46+00:00\",\"description\":\"H\u00f6geffektiv och l\u00e4tt riktb\u00e4nk som snabbt s\u00e4tts upp. Dragriktaren kan vridas 180\u00b0 runt plattformen (i ena \u00e4nden) och lutas 90\u00b0 horisontellt.\",\"breadcrumb\":{\"@id\":\"https:\\\/\\\/car-o-liner.com\\\/sv\\\/produkter\\\/speed-speed-plus\\\/#breadcrumb\"},\"inLanguage\":\"sv-SE\",\"potentialAction\":[{\"@type\":\"ReadAction\",\"target\":[\"https:\\\/\\\/car-o-liner.com\\\/sv\\\/produkter\\\/speed-speed-plus\\\/\"]}]},{\"@type\":\"ImageObject\",\"inLanguage\":\"sv-SE\",\"@id\":\"https:\\\/\\\/car-o-liner.com\\\/sv\\\/produkter\\\/speed-speed-plus\\\/#primaryimage\",\"url\":\"https:\\\/\\\/car-o-liner.com\\\/wp-content\\\/uploads\\\/speed3t-hero-1.png\",\"contentUrl\":\"https:\\\/\\\/car-o-liner.com\\\/wp-content\\\/uploads\\\/speed3t-hero-1.png\",\"width\":1500,\"height\":1250},{\"@type\":\"BreadcrumbList\",\"@id\":\"https:\\\/\\\/car-o-liner.com\\\/sv\\\/produkter\\\/speed-speed-plus\\\/#breadcrumb\",\"itemListElement\":[{\"@type\":\"ListItem\",\"position\":1,\"name\":\"Home\",\"item\":\"https:\\\/\\\/car-o-liner.com\\\/sv\\\/\"},{\"@type\":\"ListItem\",\"position\":2,\"name\":\"Riktb\u00e4nksystem\",\"item\":\"https:\\\/\\\/car-o-liner.com\\\/sv\\\/produkter\\\/riktbanksystem\\\/\"},{\"@type\":\"ListItem\",\"position\":3,\"name\":\"Riktb\u00e4nkar\",\"item\":\"https:\\\/\\\/car-o-liner.com\\\/sv\\\/produkter\\\/rammaskin\\\/\"},{\"@type\":\"ListItem\",\"position\":4,\"name\":\"SPEED\u2122 3T\\\/SPEED\u2122 3T PLUS\"}]},{\"@type\":\"WebSite\",\"@id\":\"https:\\\/\\\/car-o-liner.com\\\/sv\\\/#website\",\"url\":\"https:\\\/\\\/car-o-liner.com\\\/sv\\\/\",\"name\":\"Car-O-Liner\",\"description\":\"Collision Repair Equipment\",\"publisher\":{\"@id\":\"https:\\\/\\\/car-o-liner.com\\\/sv\\\/#organization\"},\"potentialAction\":[{\"@type\":\"SearchAction\",\"target\":{\"@type\":\"EntryPoint\",\"urlTemplate\":\"https:\\\/\\\/car-o-liner.com\\\/sv\\\/?s={search_term_string}\"},\"query-input\":{\"@type\":\"PropertyValueSpecification\",\"valueRequired\":true,\"valueName\":\"search_term_string\"}}],\"inLanguage\":\"sv-SE\"},{\"@type\":\"Organization\",\"@id\":\"https:\\\/\\\/car-o-liner.com\\\/sv\\\/#organization\",\"name\":\"Car-O-Liner\",\"url\":\"https:\\\/\\\/car-o-liner.com\\\/sv\\\/\",\"logo\":{\"@type\":\"ImageObject\",\"inLanguage\":\"sv-SE\",\"@id\":\"https:\\\/\\\/car-o-liner.com\\\/sv\\\/#\\\/schema\\\/logo\\\/image\\\/\",\"url\":\"https:\\\/\\\/car-o-liner.com\\\/wp-content\\\/uploads\\\/Car-O-Liner-blue-web.svg\",\"contentUrl\":\"https:\\\/\\\/car-o-liner.com\\\/wp-content\\\/uploads\\\/Car-O-Liner-blue-web.svg\",\"width\":250,\"height\":50,\"caption\":\"Car-O-Liner\"},\"image\":{\"@id\":\"https:\\\/\\\/car-o-liner.com\\\/sv\\\/#\\\/schema\\\/logo\\\/image\\\/\"}}]}<\/script>\n<!-- \/ Yoast SEO plugin. -->","yoast_head_json":{"title":"Speed\u2122 och Speed\u2122 Plus riktb\u00e4nk | Car-O-Liner SE","description":"H\u00f6geffektiv och l\u00e4tt riktb\u00e4nk som snabbt s\u00e4tts upp. Dragriktaren kan vridas 180\u00b0 runt plattformen (i ena \u00e4nden) och lutas 90\u00b0 horisontellt.","robots":{"index":"index","follow":"follow","max-snippet":"max-snippet:-1","max-image-preview":"max-image-preview:large","max-video-preview":"max-video-preview:-1"},"canonical":"https:\/\/car-o-liner.com\/sv\/produkter\/speed-speed-plus\/","og_locale":"sv_SE","og_type":"article","og_title":"Speed\u2122 och Speed\u2122 Plus riktb\u00e4nk | Car-O-Liner SE","og_description":"H\u00f6geffektiv och l\u00e4tt riktb\u00e4nk som snabbt s\u00e4tts upp. Dragriktaren kan vridas 180\u00b0 runt plattformen (i ena \u00e4nden) och lutas 90\u00b0 horisontellt.","og_url":"https:\/\/car-o-liner.com\/sv\/produkter\/speed-speed-plus\/","og_site_name":"Car-O-Liner","article_modified_time":"2024-04-30T13:32:46+00:00","og_image":[{"width":1500,"height":1250,"url":"https:\/\/car-o-liner.com\/wp-content\/uploads\/speed3t-hero-1.png","type":"image\/png"}],"twitter_card":"summary_large_image","schema":{"@context":"https:\/\/schema.org","@graph":[{"@type":"WebPage","@id":"https:\/\/car-o-liner.com\/sv\/produkter\/speed-speed-plus\/","url":"https:\/\/car-o-liner.com\/sv\/produkter\/speed-speed-plus\/","name":"Speed\u2122 och Speed\u2122 Plus riktb\u00e4nk | Car-O-Liner SE","isPartOf":{"@id":"https:\/\/car-o-liner.com\/sv\/#website"},"primaryImageOfPage":{"@id":"https:\/\/car-o-liner.com\/sv\/produkter\/speed-speed-plus\/#primaryimage"},"image":{"@id":"https:\/\/car-o-liner.com\/sv\/produkter\/speed-speed-plus\/#primaryimage"},"thumbnailUrl":"https:\/\/car-o-liner.com\/wp-content\/uploads\/speed3t-hero-1.png","datePublished":"2023-08-11T16:37:31+00:00","dateModified":"2024-04-30T13:32:46+00:00","description":"H\u00f6geffektiv och l\u00e4tt riktb\u00e4nk som snabbt s\u00e4tts upp. Dragriktaren kan vridas 180\u00b0 runt plattformen (i ena \u00e4nden) och lutas 90\u00b0 horisontellt.","breadcrumb":{"@id":"https:\/\/car-o-liner.com\/sv\/produkter\/speed-speed-plus\/#breadcrumb"},"inLanguage":"sv-SE","potentialAction":[{"@type":"ReadAction","target":["https:\/\/car-o-liner.com\/sv\/produkter\/speed-speed-plus\/"]}]},{"@type":"ImageObject","inLanguage":"sv-SE","@id":"https:\/\/car-o-liner.com\/sv\/produkter\/speed-speed-plus\/#primaryimage","url":"https:\/\/car-o-liner.com\/wp-content\/uploads\/speed3t-hero-1.png","contentUrl":"https:\/\/car-o-liner.com\/wp-content\/uploads\/speed3t-hero-1.png","width":1500,"height":1250},{"@type":"BreadcrumbList","@id":"https:\/\/car-o-liner.com\/sv\/produkter\/speed-speed-plus\/#breadcrumb","itemListElement":[{"@type":"ListItem","position":1,"name":"Home","item":"https:\/\/car-o-liner.com\/sv\/"},{"@type":"ListItem","position":2,"name":"Riktb\u00e4nksystem","item":"https:\/\/car-o-liner.com\/sv\/produkter\/riktbanksystem\/"},{"@type":"ListItem","position":3,"name":"Riktb\u00e4nkar","item":"https:\/\/car-o-liner.com\/sv\/produkter\/rammaskin\/"},{"@type":"ListItem","position":4,"name":"SPEED\u2122 3T\/SPEED\u2122 3T PLUS"}]},{"@type":"WebSite","@id":"https:\/\/car-o-liner.com\/sv\/#website","url":"https:\/\/car-o-liner.com\/sv\/","name":"Car-O-Liner","description":"Collision Repair Equipment","publisher":{"@id":"https:\/\/car-o-liner.com\/sv\/#organization"},"potentialAction":[{"@type":"SearchAction","target":{"@type":"EntryPoint","urlTemplate":"https:\/\/car-o-liner.com\/sv\/?s={search_term_string}"},"query-input":{"@type":"PropertyValueSpecification","valueRequired":true,"valueName":"search_term_string"}}],"inLanguage":"sv-SE"},{"@type":"Organization","@id":"https:\/\/car-o-liner.com\/sv\/#organization","name":"Car-O-Liner","url":"https:\/\/car-o-liner.com\/sv\/","logo":{"@type":"ImageObject","inLanguage":"sv-SE","@id":"https:\/\/car-o-liner.com\/sv\/#\/schema\/logo\/image\/","url":"https:\/\/car-o-liner.com\/wp-content\/uploads\/Car-O-Liner-blue-web.svg","contentUrl":"https:\/\/car-o-liner.com\/wp-content\/uploads\/Car-O-Liner-blue-web.svg","width":250,"height":50,"caption":"Car-O-Liner"},"image":{"@id":"https:\/\/car-o-liner.com\/sv\/#\/schema\/logo\/image\/"}}]}},"_links":{"self":[{"href":"https:\/\/car-o-liner.com\/sv\/wp-json\/wp\/v2\/product\/83809","targetHints":{"allow":["GET"]}}],"collection":[{"href":"https:\/\/car-o-liner.com\/sv\/wp-json\/wp\/v2\/product"}],"about":[{"href":"https:\/\/car-o-liner.com\/sv\/wp-json\/wp\/v2\/types\/product"}],"up":[{"embeddable":true,"href":"https:\/\/car-o-liner.com\/sv\/wp-json\/wp\/v2\/product\/88241"}],"wp:featuredmedia":[{"embeddable":true,"href":"https:\/\/car-o-liner.com\/sv\/wp-json\/wp\/v2\/media\/83811"}],"wp:attachment":[{"href":"https:\/\/car-o-liner.com\/sv\/wp-json\/wp\/v2\/media?parent=83809"}],"curies":[{"name":"wp","href":"https:\/\/api.w.org\/{rel}","templated":true}]}}