{"id":83994,"date":"2023-09-27T11:00:12","date_gmt":"2023-09-27T09:00:12","guid":{"rendered":"https:\/\/car-o-liner-test.phl.togglebox.site\/product\/alignment-straightening\/quick42\/"},"modified":"2024-04-30T15:51:44","modified_gmt":"2024-04-30T13:51:44","slug":"quick42","status":"publish","type":"product","link":"https:\/\/car-o-liner.com\/sv\/produkter\/quick42\/","title":{"rendered":"QUICK42\u2122"},"content":{"rendered":"\n<p>Riktb\u00e4nk<\/p>\n","protected":false},"excerpt":{"rendered":"<p>Riktb\u00e4nk<\/p>\n","protected":false},"featured_media":83996,"parent":88241,"menu_order":3,"template":"page-templates\/col-single-product-quick42.php","format":"standard","meta":[],"class_list":["post-83994","product","type-product","status-publish","format-standard","has-post-thumbnail","hentry"],"yoast_head":"<!-- This site is optimized with the Yoast SEO plugin v27.2 - https:\/\/yoast.com\/product\/yoast-seo-wordpress\/ -->\n<title>Quick42\u2122 riktsystem | Car-O-Liner SE<\/title>\n<meta name=\"description\" content=\"Riktb\u00e4nken Quick42 \u00e4r den ultimata utrustningen f\u00f6r fordonsreparationer som utformats av experter f\u00f6r hantering av skador med o\u00f6vertr\u00e4ffad precision och effektivitet.\" \/>\n<meta name=\"robots\" content=\"index, follow, max-snippet:-1, max-image-preview:large, max-video-preview:-1\" \/>\n<link rel=\"canonical\" href=\"https:\/\/car-o-liner.com\/sv\/produkter\/quick42\/\" \/>\n<meta property=\"og:locale\" content=\"sv_SE\" \/>\n<meta property=\"og:type\" content=\"article\" \/>\n<meta property=\"og:title\" content=\"Quick42\u2122 riktsystem | Car-O-Liner SE\" \/>\n<meta property=\"og:description\" content=\"Riktb\u00e4nken Quick42 \u00e4r den ultimata utrustningen f\u00f6r fordonsreparationer som utformats av experter f\u00f6r hantering av skador med o\u00f6vertr\u00e4ffad precision och effektivitet.\" \/>\n<meta property=\"og:url\" content=\"https:\/\/car-o-liner.com\/sv\/produkter\/quick42\/\" \/>\n<meta property=\"og:site_name\" content=\"Car-O-Liner\" \/>\n<meta property=\"article:modified_time\" content=\"2024-04-30T13:51:44+00:00\" \/>\n<meta property=\"og:image\" content=\"https:\/\/car-o-liner.com\/wp-content\/uploads\/Quick-42-hotspot.png\" \/>\n\t<meta property=\"og:image:width\" content=\"1300\" \/>\n\t<meta property=\"og:image:height\" content=\"1000\" \/>\n\t<meta property=\"og:image:type\" content=\"image\/png\" \/>\n<meta name=\"twitter:card\" content=\"summary_large_image\" \/>\n<script type=\"application\/ld+json\" class=\"yoast-schema-graph\">{\"@context\":\"https:\/\/schema.org\",\"@graph\":[{\"@type\":\"WebPage\",\"@id\":\"https:\/\/car-o-liner.com\/sv\/produkter\/quick42\/\",\"url\":\"https:\/\/car-o-liner.com\/sv\/produkter\/quick42\/\",\"name\":\"Quick42\u2122 riktsystem | Car-O-Liner SE\",\"isPartOf\":{\"@id\":\"https:\/\/car-o-liner.com\/sv\/#website\"},\"primaryImageOfPage\":{\"@id\":\"https:\/\/car-o-liner.com\/sv\/produkter\/quick42\/#primaryimage\"},\"image\":{\"@id\":\"https:\/\/car-o-liner.com\/sv\/produkter\/quick42\/#primaryimage\"},\"thumbnailUrl\":\"https:\/\/car-o-liner.com\/wp-content\/uploads\/Quick-42-hotspot.png\",\"datePublished\":\"2023-09-27T09:00:12+00:00\",\"dateModified\":\"2024-04-30T13:51:44+00:00\",\"description\":\"Riktb\u00e4nken Quick42 \u00e4r den ultimata utrustningen f\u00f6r fordonsreparationer som utformats av experter f\u00f6r hantering av skador med o\u00f6vertr\u00e4ffad precision och effektivitet.\",\"breadcrumb\":{\"@id\":\"https:\/\/car-o-liner.com\/sv\/produkter\/quick42\/#breadcrumb\"},\"inLanguage\":\"sv-SE\",\"potentialAction\":[{\"@type\":\"ReadAction\",\"target\":[\"https:\/\/car-o-liner.com\/sv\/produkter\/quick42\/\"]}]},{\"@type\":\"ImageObject\",\"inLanguage\":\"sv-SE\",\"@id\":\"https:\/\/car-o-liner.com\/sv\/produkter\/quick42\/#primaryimage\",\"url\":\"https:\/\/car-o-liner.com\/wp-content\/uploads\/Quick-42-hotspot.png\",\"contentUrl\":\"https:\/\/car-o-liner.com\/wp-content\/uploads\/Quick-42-hotspot.png\",\"width\":1300,\"height\":1000},{\"@type\":\"BreadcrumbList\",\"@id\":\"https:\/\/car-o-liner.com\/sv\/produkter\/quick42\/#breadcrumb\",\"itemListElement\":[{\"@type\":\"ListItem\",\"position\":1,\"name\":\"Home\",\"item\":\"https:\/\/car-o-liner.com\/sv\/\"},{\"@type\":\"ListItem\",\"position\":2,\"name\":\"Riktb\u00e4nksystem\",\"item\":\"https:\/\/car-o-liner.com\/sv\/produkter\/riktbanksystem\/\"},{\"@type\":\"ListItem\",\"position\":3,\"name\":\"Riktb\u00e4nkar\",\"item\":\"https:\/\/car-o-liner.com\/sv\/produkter\/rammaskin\/\"},{\"@type\":\"ListItem\",\"position\":4,\"name\":\"QUICK42\u2122\"}]},{\"@type\":\"WebSite\",\"@id\":\"https:\/\/car-o-liner.com\/sv\/#website\",\"url\":\"https:\/\/car-o-liner.com\/sv\/\",\"name\":\"Car-O-Liner\",\"description\":\"Collision Repair Equipment\",\"publisher\":{\"@id\":\"https:\/\/car-o-liner.com\/sv\/#organization\"},\"potentialAction\":[{\"@type\":\"SearchAction\",\"target\":{\"@type\":\"EntryPoint\",\"urlTemplate\":\"https:\/\/car-o-liner.com\/sv\/?s={search_term_string}\"},\"query-input\":{\"@type\":\"PropertyValueSpecification\",\"valueRequired\":true,\"valueName\":\"search_term_string\"}}],\"inLanguage\":\"sv-SE\"},{\"@type\":\"Organization\",\"@id\":\"https:\/\/car-o-liner.com\/sv\/#organization\",\"name\":\"Car-O-Liner\",\"url\":\"https:\/\/car-o-liner.com\/sv\/\",\"logo\":{\"@type\":\"ImageObject\",\"inLanguage\":\"sv-SE\",\"@id\":\"https:\/\/car-o-liner.com\/sv\/#\/schema\/logo\/image\/\",\"url\":\"https:\/\/car-o-liner.com\/wp-content\/uploads\/Car-O-Liner-blue-web.svg\",\"contentUrl\":\"https:\/\/car-o-liner.com\/wp-content\/uploads\/Car-O-Liner-blue-web.svg\",\"width\":250,\"height\":50,\"caption\":\"Car-O-Liner\"},\"image\":{\"@id\":\"https:\/\/car-o-liner.com\/sv\/#\/schema\/logo\/image\/\"}}]}<\/script>\n<!-- \/ Yoast SEO plugin. -->","yoast_head_json":{"title":"Quick42\u2122 riktsystem | Car-O-Liner SE","description":"Riktb\u00e4nken Quick42 \u00e4r den ultimata utrustningen f\u00f6r fordonsreparationer som utformats av experter f\u00f6r hantering av skador med o\u00f6vertr\u00e4ffad precision och effektivitet.","robots":{"index":"index","follow":"follow","max-snippet":"max-snippet:-1","max-image-preview":"max-image-preview:large","max-video-preview":"max-video-preview:-1"},"canonical":"https:\/\/car-o-liner.com\/sv\/produkter\/quick42\/","og_locale":"sv_SE","og_type":"article","og_title":"Quick42\u2122 riktsystem | Car-O-Liner SE","og_description":"Riktb\u00e4nken Quick42 \u00e4r den ultimata utrustningen f\u00f6r fordonsreparationer som utformats av experter f\u00f6r hantering av skador med o\u00f6vertr\u00e4ffad precision och effektivitet.","og_url":"https:\/\/car-o-liner.com\/sv\/produkter\/quick42\/","og_site_name":"Car-O-Liner","article_modified_time":"2024-04-30T13:51:44+00:00","og_image":[{"width":1300,"height":1000,"url":"https:\/\/car-o-liner.com\/wp-content\/uploads\/Quick-42-hotspot.png","type":"image\/png"}],"twitter_card":"summary_large_image","schema":{"@context":"https:\/\/schema.org","@graph":[{"@type":"WebPage","@id":"https:\/\/car-o-liner.com\/sv\/produkter\/quick42\/","url":"https:\/\/car-o-liner.com\/sv\/produkter\/quick42\/","name":"Quick42\u2122 riktsystem | Car-O-Liner SE","isPartOf":{"@id":"https:\/\/car-o-liner.com\/sv\/#website"},"primaryImageOfPage":{"@id":"https:\/\/car-o-liner.com\/sv\/produkter\/quick42\/#primaryimage"},"image":{"@id":"https:\/\/car-o-liner.com\/sv\/produkter\/quick42\/#primaryimage"},"thumbnailUrl":"https:\/\/car-o-liner.com\/wp-content\/uploads\/Quick-42-hotspot.png","datePublished":"2023-09-27T09:00:12+00:00","dateModified":"2024-04-30T13:51:44+00:00","description":"Riktb\u00e4nken Quick42 \u00e4r den ultimata utrustningen f\u00f6r fordonsreparationer som utformats av experter f\u00f6r hantering av skador med o\u00f6vertr\u00e4ffad precision och effektivitet.","breadcrumb":{"@id":"https:\/\/car-o-liner.com\/sv\/produkter\/quick42\/#breadcrumb"},"inLanguage":"sv-SE","potentialAction":[{"@type":"ReadAction","target":["https:\/\/car-o-liner.com\/sv\/produkter\/quick42\/"]}]},{"@type":"ImageObject","inLanguage":"sv-SE","@id":"https:\/\/car-o-liner.com\/sv\/produkter\/quick42\/#primaryimage","url":"https:\/\/car-o-liner.com\/wp-content\/uploads\/Quick-42-hotspot.png","contentUrl":"https:\/\/car-o-liner.com\/wp-content\/uploads\/Quick-42-hotspot.png","width":1300,"height":1000},{"@type":"BreadcrumbList","@id":"https:\/\/car-o-liner.com\/sv\/produkter\/quick42\/#breadcrumb","itemListElement":[{"@type":"ListItem","position":1,"name":"Home","item":"https:\/\/car-o-liner.com\/sv\/"},{"@type":"ListItem","position":2,"name":"Riktb\u00e4nksystem","item":"https:\/\/car-o-liner.com\/sv\/produkter\/riktbanksystem\/"},{"@type":"ListItem","position":3,"name":"Riktb\u00e4nkar","item":"https:\/\/car-o-liner.com\/sv\/produkter\/rammaskin\/"},{"@type":"ListItem","position":4,"name":"QUICK42\u2122"}]},{"@type":"WebSite","@id":"https:\/\/car-o-liner.com\/sv\/#website","url":"https:\/\/car-o-liner.com\/sv\/","name":"Car-O-Liner","description":"Collision Repair Equipment","publisher":{"@id":"https:\/\/car-o-liner.com\/sv\/#organization"},"potentialAction":[{"@type":"SearchAction","target":{"@type":"EntryPoint","urlTemplate":"https:\/\/car-o-liner.com\/sv\/?s={search_term_string}"},"query-input":{"@type":"PropertyValueSpecification","valueRequired":true,"valueName":"search_term_string"}}],"inLanguage":"sv-SE"},{"@type":"Organization","@id":"https:\/\/car-o-liner.com\/sv\/#organization","name":"Car-O-Liner","url":"https:\/\/car-o-liner.com\/sv\/","logo":{"@type":"ImageObject","inLanguage":"sv-SE","@id":"https:\/\/car-o-liner.com\/sv\/#\/schema\/logo\/image\/","url":"https:\/\/car-o-liner.com\/wp-content\/uploads\/Car-O-Liner-blue-web.svg","contentUrl":"https:\/\/car-o-liner.com\/wp-content\/uploads\/Car-O-Liner-blue-web.svg","width":250,"height":50,"caption":"Car-O-Liner"},"image":{"@id":"https:\/\/car-o-liner.com\/sv\/#\/schema\/logo\/image\/"}}]}},"_links":{"self":[{"href":"https:\/\/car-o-liner.com\/sv\/wp-json\/wp\/v2\/product\/83994","targetHints":{"allow":["GET"]}}],"collection":[{"href":"https:\/\/car-o-liner.com\/sv\/wp-json\/wp\/v2\/product"}],"about":[{"href":"https:\/\/car-o-liner.com\/sv\/wp-json\/wp\/v2\/types\/product"}],"up":[{"embeddable":true,"href":"https:\/\/car-o-liner.com\/sv\/wp-json\/wp\/v2\/product\/88241"}],"wp:featuredmedia":[{"embeddable":true,"href":"https:\/\/car-o-liner.com\/sv\/wp-json\/wp\/v2\/media\/83996"}],"wp:attachment":[{"href":"https:\/\/car-o-liner.com\/sv\/wp-json\/wp\/v2\/media?parent=83994"}],"curies":[{"name":"wp","href":"https:\/\/api.w.org\/{rel}","templated":true}]}}