{"id":84249,"date":"2023-07-24T15:14:54","date_gmt":"2023-07-24T13:14:54","guid":{"rendered":"https:\/\/car-o-liner-test.phl.togglebox.site\/product\/cmi-161\/"},"modified":"2024-04-30T21:39:29","modified_gmt":"2024-04-30T19:39:29","slug":"cmi-161","status":"publish","type":"product","link":"https:\/\/car-o-liner.com\/sv\/produkter\/cmi-161\/","title":{"rendered":"CMI\u2122161"},"content":{"rendered":"\n<p>MIG-svets<\/p>\n","protected":false},"excerpt":{"rendered":"<p>MIG-svets<\/p>\n","protected":false},"featured_media":84251,"parent":86589,"menu_order":0,"template":"page-templates\/col-single-product-cmi161.php","format":"standard","meta":[],"class_list":["post-84249","product","type-product","status-publish","format-standard","has-post-thumbnail","hentry"],"yoast_head":"<!-- This site is optimized with the Yoast SEO plugin v27.2 - https:\/\/yoast.com\/product\/yoast-seo-wordpress\/ -->\n<title>CMI\u2122161 svetsmaskin | Car-O-Liner SE<\/title>\n<meta name=\"description\" content=\"CMI161 \u00e4r en kompakt multiprocess-maskin. Denna moderna, enfas 230\u00a0V invertermaskin \u00e4r prim\u00e4rt avsedd f\u00f6r MIG-svetsning, men kan \u00e4ven anv\u00e4ndas f\u00f6r elektrodsvetsning.\" \/>\n<meta name=\"robots\" content=\"index, follow, max-snippet:-1, max-image-preview:large, max-video-preview:-1\" \/>\n<link rel=\"canonical\" href=\"https:\/\/car-o-liner.com\/sv\/produkter\/cmi-161\/\" \/>\n<meta property=\"og:locale\" content=\"sv_SE\" \/>\n<meta property=\"og:type\" content=\"article\" \/>\n<meta property=\"og:title\" content=\"CMI\u2122161 svetsmaskin | Car-O-Liner SE\" \/>\n<meta property=\"og:description\" content=\"CMI161 \u00e4r en kompakt multiprocess-maskin. Denna moderna, enfas 230\u00a0V invertermaskin \u00e4r prim\u00e4rt avsedd f\u00f6r MIG-svetsning, men kan \u00e4ven anv\u00e4ndas f\u00f6r elektrodsvetsning.\" \/>\n<meta property=\"og:url\" content=\"https:\/\/car-o-liner.com\/sv\/produkter\/cmi-161\/\" \/>\n<meta property=\"og:site_name\" content=\"Car-O-Liner\" \/>\n<meta property=\"article:modified_time\" content=\"2024-04-30T19:39:29+00:00\" \/>\n<meta property=\"og:image\" content=\"https:\/\/car-o-liner.com\/wp-content\/uploads\/cmi161-hero.png\" \/>\n\t<meta property=\"og:image:width\" content=\"1500\" \/>\n\t<meta property=\"og:image:height\" content=\"1250\" \/>\n\t<meta property=\"og:image:type\" content=\"image\/png\" \/>\n<meta name=\"twitter:card\" content=\"summary_large_image\" \/>\n<script type=\"application\/ld+json\" class=\"yoast-schema-graph\">{\"@context\":\"https:\/\/schema.org\",\"@graph\":[{\"@type\":\"WebPage\",\"@id\":\"https:\/\/car-o-liner.com\/sv\/produkter\/cmi-161\/\",\"url\":\"https:\/\/car-o-liner.com\/sv\/produkter\/cmi-161\/\",\"name\":\"CMI\u2122161 svetsmaskin | Car-O-Liner SE\",\"isPartOf\":{\"@id\":\"https:\/\/car-o-liner.com\/sv\/#website\"},\"primaryImageOfPage\":{\"@id\":\"https:\/\/car-o-liner.com\/sv\/produkter\/cmi-161\/#primaryimage\"},\"image\":{\"@id\":\"https:\/\/car-o-liner.com\/sv\/produkter\/cmi-161\/#primaryimage\"},\"thumbnailUrl\":\"https:\/\/car-o-liner.com\/wp-content\/uploads\/cmi161-hero.png\",\"datePublished\":\"2023-07-24T13:14:54+00:00\",\"dateModified\":\"2024-04-30T19:39:29+00:00\",\"description\":\"CMI161 \u00e4r en kompakt multiprocess-maskin. Denna moderna, enfas 230\u00a0V invertermaskin \u00e4r prim\u00e4rt avsedd f\u00f6r MIG-svetsning, men kan \u00e4ven anv\u00e4ndas f\u00f6r elektrodsvetsning.\",\"breadcrumb\":{\"@id\":\"https:\/\/car-o-liner.com\/sv\/produkter\/cmi-161\/#breadcrumb\"},\"inLanguage\":\"sv-SE\",\"potentialAction\":[{\"@type\":\"ReadAction\",\"target\":[\"https:\/\/car-o-liner.com\/sv\/produkter\/cmi-161\/\"]}]},{\"@type\":\"ImageObject\",\"inLanguage\":\"sv-SE\",\"@id\":\"https:\/\/car-o-liner.com\/sv\/produkter\/cmi-161\/#primaryimage\",\"url\":\"https:\/\/car-o-liner.com\/wp-content\/uploads\/cmi161-hero.png\",\"contentUrl\":\"https:\/\/car-o-liner.com\/wp-content\/uploads\/cmi161-hero.png\",\"width\":1500,\"height\":1250},{\"@type\":\"BreadcrumbList\",\"@id\":\"https:\/\/car-o-liner.com\/sv\/produkter\/cmi-161\/#breadcrumb\",\"itemListElement\":[{\"@type\":\"ListItem\",\"position\":1,\"name\":\"Home\",\"item\":\"https:\/\/car-o-liner.com\/sv\/\"},{\"@type\":\"ListItem\",\"position\":2,\"name\":\"Sammanfogning och v\u00e4rmning\",\"item\":\"https:\/\/car-o-liner.com\/sv\/produkter\/sammanfogning-och-induktion\/\"},{\"@type\":\"ListItem\",\"position\":3,\"name\":\"Svetsmaskiner f\u00f6r fordonsbranschen\",\"item\":\"https:\/\/car-o-liner.com\/sv\/produkter\/bil-svetsmaskin\/\"},{\"@type\":\"ListItem\",\"position\":4,\"name\":\"CMI\u2122161\"}]},{\"@type\":\"WebSite\",\"@id\":\"https:\/\/car-o-liner.com\/sv\/#website\",\"url\":\"https:\/\/car-o-liner.com\/sv\/\",\"name\":\"Car-O-Liner\",\"description\":\"Collision Repair Equipment\",\"publisher\":{\"@id\":\"https:\/\/car-o-liner.com\/sv\/#organization\"},\"potentialAction\":[{\"@type\":\"SearchAction\",\"target\":{\"@type\":\"EntryPoint\",\"urlTemplate\":\"https:\/\/car-o-liner.com\/sv\/?s={search_term_string}\"},\"query-input\":{\"@type\":\"PropertyValueSpecification\",\"valueRequired\":true,\"valueName\":\"search_term_string\"}}],\"inLanguage\":\"sv-SE\"},{\"@type\":\"Organization\",\"@id\":\"https:\/\/car-o-liner.com\/sv\/#organization\",\"name\":\"Car-O-Liner\",\"url\":\"https:\/\/car-o-liner.com\/sv\/\",\"logo\":{\"@type\":\"ImageObject\",\"inLanguage\":\"sv-SE\",\"@id\":\"https:\/\/car-o-liner.com\/sv\/#\/schema\/logo\/image\/\",\"url\":\"https:\/\/car-o-liner.com\/wp-content\/uploads\/Car-O-Liner-blue-web.svg\",\"contentUrl\":\"https:\/\/car-o-liner.com\/wp-content\/uploads\/Car-O-Liner-blue-web.svg\",\"width\":250,\"height\":50,\"caption\":\"Car-O-Liner\"},\"image\":{\"@id\":\"https:\/\/car-o-liner.com\/sv\/#\/schema\/logo\/image\/\"}}]}<\/script>\n<!-- \/ Yoast SEO plugin. -->","yoast_head_json":{"title":"CMI\u2122161 svetsmaskin | Car-O-Liner SE","description":"CMI161 \u00e4r en kompakt multiprocess-maskin. Denna moderna, enfas 230\u00a0V invertermaskin \u00e4r prim\u00e4rt avsedd f\u00f6r MIG-svetsning, men kan \u00e4ven anv\u00e4ndas f\u00f6r elektrodsvetsning.","robots":{"index":"index","follow":"follow","max-snippet":"max-snippet:-1","max-image-preview":"max-image-preview:large","max-video-preview":"max-video-preview:-1"},"canonical":"https:\/\/car-o-liner.com\/sv\/produkter\/cmi-161\/","og_locale":"sv_SE","og_type":"article","og_title":"CMI\u2122161 svetsmaskin | Car-O-Liner SE","og_description":"CMI161 \u00e4r en kompakt multiprocess-maskin. Denna moderna, enfas 230\u00a0V invertermaskin \u00e4r prim\u00e4rt avsedd f\u00f6r MIG-svetsning, men kan \u00e4ven anv\u00e4ndas f\u00f6r elektrodsvetsning.","og_url":"https:\/\/car-o-liner.com\/sv\/produkter\/cmi-161\/","og_site_name":"Car-O-Liner","article_modified_time":"2024-04-30T19:39:29+00:00","og_image":[{"width":1500,"height":1250,"url":"https:\/\/car-o-liner.com\/wp-content\/uploads\/cmi161-hero.png","type":"image\/png"}],"twitter_card":"summary_large_image","schema":{"@context":"https:\/\/schema.org","@graph":[{"@type":"WebPage","@id":"https:\/\/car-o-liner.com\/sv\/produkter\/cmi-161\/","url":"https:\/\/car-o-liner.com\/sv\/produkter\/cmi-161\/","name":"CMI\u2122161 svetsmaskin | Car-O-Liner SE","isPartOf":{"@id":"https:\/\/car-o-liner.com\/sv\/#website"},"primaryImageOfPage":{"@id":"https:\/\/car-o-liner.com\/sv\/produkter\/cmi-161\/#primaryimage"},"image":{"@id":"https:\/\/car-o-liner.com\/sv\/produkter\/cmi-161\/#primaryimage"},"thumbnailUrl":"https:\/\/car-o-liner.com\/wp-content\/uploads\/cmi161-hero.png","datePublished":"2023-07-24T13:14:54+00:00","dateModified":"2024-04-30T19:39:29+00:00","description":"CMI161 \u00e4r en kompakt multiprocess-maskin. Denna moderna, enfas 230\u00a0V invertermaskin \u00e4r prim\u00e4rt avsedd f\u00f6r MIG-svetsning, men kan \u00e4ven anv\u00e4ndas f\u00f6r elektrodsvetsning.","breadcrumb":{"@id":"https:\/\/car-o-liner.com\/sv\/produkter\/cmi-161\/#breadcrumb"},"inLanguage":"sv-SE","potentialAction":[{"@type":"ReadAction","target":["https:\/\/car-o-liner.com\/sv\/produkter\/cmi-161\/"]}]},{"@type":"ImageObject","inLanguage":"sv-SE","@id":"https:\/\/car-o-liner.com\/sv\/produkter\/cmi-161\/#primaryimage","url":"https:\/\/car-o-liner.com\/wp-content\/uploads\/cmi161-hero.png","contentUrl":"https:\/\/car-o-liner.com\/wp-content\/uploads\/cmi161-hero.png","width":1500,"height":1250},{"@type":"BreadcrumbList","@id":"https:\/\/car-o-liner.com\/sv\/produkter\/cmi-161\/#breadcrumb","itemListElement":[{"@type":"ListItem","position":1,"name":"Home","item":"https:\/\/car-o-liner.com\/sv\/"},{"@type":"ListItem","position":2,"name":"Sammanfogning och v\u00e4rmning","item":"https:\/\/car-o-liner.com\/sv\/produkter\/sammanfogning-och-induktion\/"},{"@type":"ListItem","position":3,"name":"Svetsmaskiner f\u00f6r fordonsbranschen","item":"https:\/\/car-o-liner.com\/sv\/produkter\/bil-svetsmaskin\/"},{"@type":"ListItem","position":4,"name":"CMI\u2122161"}]},{"@type":"WebSite","@id":"https:\/\/car-o-liner.com\/sv\/#website","url":"https:\/\/car-o-liner.com\/sv\/","name":"Car-O-Liner","description":"Collision Repair Equipment","publisher":{"@id":"https:\/\/car-o-liner.com\/sv\/#organization"},"potentialAction":[{"@type":"SearchAction","target":{"@type":"EntryPoint","urlTemplate":"https:\/\/car-o-liner.com\/sv\/?s={search_term_string}"},"query-input":{"@type":"PropertyValueSpecification","valueRequired":true,"valueName":"search_term_string"}}],"inLanguage":"sv-SE"},{"@type":"Organization","@id":"https:\/\/car-o-liner.com\/sv\/#organization","name":"Car-O-Liner","url":"https:\/\/car-o-liner.com\/sv\/","logo":{"@type":"ImageObject","inLanguage":"sv-SE","@id":"https:\/\/car-o-liner.com\/sv\/#\/schema\/logo\/image\/","url":"https:\/\/car-o-liner.com\/wp-content\/uploads\/Car-O-Liner-blue-web.svg","contentUrl":"https:\/\/car-o-liner.com\/wp-content\/uploads\/Car-O-Liner-blue-web.svg","width":250,"height":50,"caption":"Car-O-Liner"},"image":{"@id":"https:\/\/car-o-liner.com\/sv\/#\/schema\/logo\/image\/"}}]}},"_links":{"self":[{"href":"https:\/\/car-o-liner.com\/sv\/wp-json\/wp\/v2\/product\/84249","targetHints":{"allow":["GET"]}}],"collection":[{"href":"https:\/\/car-o-liner.com\/sv\/wp-json\/wp\/v2\/product"}],"about":[{"href":"https:\/\/car-o-liner.com\/sv\/wp-json\/wp\/v2\/types\/product"}],"up":[{"embeddable":true,"href":"https:\/\/car-o-liner.com\/sv\/wp-json\/wp\/v2\/product\/86589"}],"wp:featuredmedia":[{"embeddable":true,"href":"https:\/\/car-o-liner.com\/sv\/wp-json\/wp\/v2\/media\/84251"}],"wp:attachment":[{"href":"https:\/\/car-o-liner.com\/sv\/wp-json\/wp\/v2\/media?parent=84249"}],"curies":[{"name":"wp","href":"https:\/\/api.w.org\/{rel}","templated":true}]}}