{"id":86636,"date":"2023-06-30T20:56:08","date_gmt":"2023-06-30T18:56:08","guid":{"rendered":"https:\/\/car-o-liner-test.phl.togglebox.site\/product\/testing-calibration\/"},"modified":"2024-04-08T11:37:30","modified_gmt":"2024-04-08T09:37:30","slug":"testning-och-kalibrering","status":"publish","type":"product","link":"https:\/\/car-o-liner.com\/sv\/produkter\/testning-och-kalibrering\/","title":{"rendered":"Testning och Kalibrering"},"content":{"rendered":"\n<p>Innovativ, exakt och l\u00e4ttanv\u00e4nd<\/p>\n","protected":false},"excerpt":{"rendered":"<p>Innovativ, exakt och l\u00e4ttanv\u00e4nd<\/p>\n","protected":false},"featured_media":86637,"parent":0,"menu_order":5,"template":"page-templates\/alignment-straightening.php","format":"standard","meta":[],"class_list":["post-86636","product","type-product","status-publish","format-standard","has-post-thumbnail","hentry"],"yoast_head":"<!-- This site is optimized with the Yoast SEO plugin v27.2 - https:\/\/yoast.com\/product\/yoast-seo-wordpress\/ -->\n<title>Testning och kalibrering | Car-O-Liner SE<\/title>\n<meta name=\"description\" content=\"Car-O-Liner\u00ae erbjuder avancerade l\u00f6sningar f\u00f6r omkalibrering och testning som uppfyller OEM-specifikationerna och h\u00f6jer reparationstj\u00e4nsternas kvalitet.\" \/>\n<meta name=\"robots\" content=\"index, follow, max-snippet:-1, max-image-preview:large, max-video-preview:-1\" \/>\n<link rel=\"canonical\" href=\"https:\/\/car-o-liner.com\/sv\/produkter\/testning-och-kalibrering\/\" \/>\n<meta property=\"og:locale\" content=\"sv_SE\" \/>\n<meta property=\"og:type\" content=\"article\" \/>\n<meta property=\"og:title\" content=\"Testning och kalibrering | Car-O-Liner SE\" \/>\n<meta property=\"og:description\" content=\"Car-O-Liner\u00ae erbjuder avancerade l\u00f6sningar f\u00f6r omkalibrering och testning som uppfyller OEM-specifikationerna och h\u00f6jer reparationstj\u00e4nsternas kvalitet.\" \/>\n<meta property=\"og:url\" content=\"https:\/\/car-o-liner.com\/sv\/produkter\/testning-och-kalibrering\/\" \/>\n<meta property=\"og:site_name\" content=\"Car-O-Liner\" \/>\n<meta property=\"article:modified_time\" content=\"2024-04-08T09:37:30+00:00\" \/>\n<meta name=\"twitter:card\" content=\"summary_large_image\" \/>\n<script type=\"application\/ld+json\" class=\"yoast-schema-graph\">{\"@context\":\"https:\/\/schema.org\",\"@graph\":[{\"@type\":\"WebPage\",\"@id\":\"https:\/\/car-o-liner.com\/sv\/produkter\/testning-och-kalibrering\/\",\"url\":\"https:\/\/car-o-liner.com\/sv\/produkter\/testning-och-kalibrering\/\",\"name\":\"Testning och kalibrering | Car-O-Liner SE\",\"isPartOf\":{\"@id\":\"https:\/\/car-o-liner.com\/sv\/#website\"},\"primaryImageOfPage\":{\"@id\":\"https:\/\/car-o-liner.com\/sv\/produkter\/testning-och-kalibrering\/#primaryimage\"},\"image\":{\"@id\":\"https:\/\/car-o-liner.com\/sv\/produkter\/testning-och-kalibrering\/#primaryimage\"},\"thumbnailUrl\":\"https:\/\/car-o-liner.com\/wp-content\/uploads\/media_library_export-caroliner-2023_08_08_15_04_31\/testing_calibration.svg\",\"datePublished\":\"2023-06-30T18:56:08+00:00\",\"dateModified\":\"2024-04-08T09:37:30+00:00\",\"description\":\"Car-O-Liner\u00ae erbjuder avancerade l\u00f6sningar f\u00f6r omkalibrering och testning som uppfyller OEM-specifikationerna och h\u00f6jer reparationstj\u00e4nsternas kvalitet.\",\"breadcrumb\":{\"@id\":\"https:\/\/car-o-liner.com\/sv\/produkter\/testning-och-kalibrering\/#breadcrumb\"},\"inLanguage\":\"sv-SE\",\"potentialAction\":[{\"@type\":\"ReadAction\",\"target\":[\"https:\/\/car-o-liner.com\/sv\/produkter\/testning-och-kalibrering\/\"]}]},{\"@type\":\"ImageObject\",\"inLanguage\":\"sv-SE\",\"@id\":\"https:\/\/car-o-liner.com\/sv\/produkter\/testning-och-kalibrering\/#primaryimage\",\"url\":\"https:\/\/car-o-liner.com\/wp-content\/uploads\/media_library_export-caroliner-2023_08_08_15_04_31\/testing_calibration.svg\",\"contentUrl\":\"https:\/\/car-o-liner.com\/wp-content\/uploads\/media_library_export-caroliner-2023_08_08_15_04_31\/testing_calibration.svg\",\"width\":512,\"height\":512},{\"@type\":\"BreadcrumbList\",\"@id\":\"https:\/\/car-o-liner.com\/sv\/produkter\/testning-och-kalibrering\/#breadcrumb\",\"itemListElement\":[{\"@type\":\"ListItem\",\"position\":1,\"name\":\"Home\",\"item\":\"https:\/\/car-o-liner.com\/sv\/\"},{\"@type\":\"ListItem\",\"position\":2,\"name\":\"Testning och Kalibrering\"}]},{\"@type\":\"WebSite\",\"@id\":\"https:\/\/car-o-liner.com\/sv\/#website\",\"url\":\"https:\/\/car-o-liner.com\/sv\/\",\"name\":\"Car-O-Liner\",\"description\":\"Collision Repair Equipment\",\"publisher\":{\"@id\":\"https:\/\/car-o-liner.com\/sv\/#organization\"},\"potentialAction\":[{\"@type\":\"SearchAction\",\"target\":{\"@type\":\"EntryPoint\",\"urlTemplate\":\"https:\/\/car-o-liner.com\/sv\/?s={search_term_string}\"},\"query-input\":{\"@type\":\"PropertyValueSpecification\",\"valueRequired\":true,\"valueName\":\"search_term_string\"}}],\"inLanguage\":\"sv-SE\"},{\"@type\":\"Organization\",\"@id\":\"https:\/\/car-o-liner.com\/sv\/#organization\",\"name\":\"Car-O-Liner\",\"url\":\"https:\/\/car-o-liner.com\/sv\/\",\"logo\":{\"@type\":\"ImageObject\",\"inLanguage\":\"sv-SE\",\"@id\":\"https:\/\/car-o-liner.com\/sv\/#\/schema\/logo\/image\/\",\"url\":\"https:\/\/car-o-liner.com\/wp-content\/uploads\/Car-O-Liner-blue-web.svg\",\"contentUrl\":\"https:\/\/car-o-liner.com\/wp-content\/uploads\/Car-O-Liner-blue-web.svg\",\"width\":250,\"height\":50,\"caption\":\"Car-O-Liner\"},\"image\":{\"@id\":\"https:\/\/car-o-liner.com\/sv\/#\/schema\/logo\/image\/\"}}]}<\/script>\n<!-- \/ Yoast SEO plugin. -->","yoast_head_json":{"title":"Testning och kalibrering | Car-O-Liner SE","description":"Car-O-Liner\u00ae erbjuder avancerade l\u00f6sningar f\u00f6r omkalibrering och testning som uppfyller OEM-specifikationerna och h\u00f6jer reparationstj\u00e4nsternas kvalitet.","robots":{"index":"index","follow":"follow","max-snippet":"max-snippet:-1","max-image-preview":"max-image-preview:large","max-video-preview":"max-video-preview:-1"},"canonical":"https:\/\/car-o-liner.com\/sv\/produkter\/testning-och-kalibrering\/","og_locale":"sv_SE","og_type":"article","og_title":"Testning och kalibrering | Car-O-Liner SE","og_description":"Car-O-Liner\u00ae erbjuder avancerade l\u00f6sningar f\u00f6r omkalibrering och testning som uppfyller OEM-specifikationerna och h\u00f6jer reparationstj\u00e4nsternas kvalitet.","og_url":"https:\/\/car-o-liner.com\/sv\/produkter\/testning-och-kalibrering\/","og_site_name":"Car-O-Liner","article_modified_time":"2024-04-08T09:37:30+00:00","twitter_card":"summary_large_image","schema":{"@context":"https:\/\/schema.org","@graph":[{"@type":"WebPage","@id":"https:\/\/car-o-liner.com\/sv\/produkter\/testning-och-kalibrering\/","url":"https:\/\/car-o-liner.com\/sv\/produkter\/testning-och-kalibrering\/","name":"Testning och kalibrering | Car-O-Liner SE","isPartOf":{"@id":"https:\/\/car-o-liner.com\/sv\/#website"},"primaryImageOfPage":{"@id":"https:\/\/car-o-liner.com\/sv\/produkter\/testning-och-kalibrering\/#primaryimage"},"image":{"@id":"https:\/\/car-o-liner.com\/sv\/produkter\/testning-och-kalibrering\/#primaryimage"},"thumbnailUrl":"https:\/\/car-o-liner.com\/wp-content\/uploads\/media_library_export-caroliner-2023_08_08_15_04_31\/testing_calibration.svg","datePublished":"2023-06-30T18:56:08+00:00","dateModified":"2024-04-08T09:37:30+00:00","description":"Car-O-Liner\u00ae erbjuder avancerade l\u00f6sningar f\u00f6r omkalibrering och testning som uppfyller OEM-specifikationerna och h\u00f6jer reparationstj\u00e4nsternas kvalitet.","breadcrumb":{"@id":"https:\/\/car-o-liner.com\/sv\/produkter\/testning-och-kalibrering\/#breadcrumb"},"inLanguage":"sv-SE","potentialAction":[{"@type":"ReadAction","target":["https:\/\/car-o-liner.com\/sv\/produkter\/testning-och-kalibrering\/"]}]},{"@type":"ImageObject","inLanguage":"sv-SE","@id":"https:\/\/car-o-liner.com\/sv\/produkter\/testning-och-kalibrering\/#primaryimage","url":"https:\/\/car-o-liner.com\/wp-content\/uploads\/media_library_export-caroliner-2023_08_08_15_04_31\/testing_calibration.svg","contentUrl":"https:\/\/car-o-liner.com\/wp-content\/uploads\/media_library_export-caroliner-2023_08_08_15_04_31\/testing_calibration.svg","width":512,"height":512},{"@type":"BreadcrumbList","@id":"https:\/\/car-o-liner.com\/sv\/produkter\/testning-och-kalibrering\/#breadcrumb","itemListElement":[{"@type":"ListItem","position":1,"name":"Home","item":"https:\/\/car-o-liner.com\/sv\/"},{"@type":"ListItem","position":2,"name":"Testning och Kalibrering"}]},{"@type":"WebSite","@id":"https:\/\/car-o-liner.com\/sv\/#website","url":"https:\/\/car-o-liner.com\/sv\/","name":"Car-O-Liner","description":"Collision Repair Equipment","publisher":{"@id":"https:\/\/car-o-liner.com\/sv\/#organization"},"potentialAction":[{"@type":"SearchAction","target":{"@type":"EntryPoint","urlTemplate":"https:\/\/car-o-liner.com\/sv\/?s={search_term_string}"},"query-input":{"@type":"PropertyValueSpecification","valueRequired":true,"valueName":"search_term_string"}}],"inLanguage":"sv-SE"},{"@type":"Organization","@id":"https:\/\/car-o-liner.com\/sv\/#organization","name":"Car-O-Liner","url":"https:\/\/car-o-liner.com\/sv\/","logo":{"@type":"ImageObject","inLanguage":"sv-SE","@id":"https:\/\/car-o-liner.com\/sv\/#\/schema\/logo\/image\/","url":"https:\/\/car-o-liner.com\/wp-content\/uploads\/Car-O-Liner-blue-web.svg","contentUrl":"https:\/\/car-o-liner.com\/wp-content\/uploads\/Car-O-Liner-blue-web.svg","width":250,"height":50,"caption":"Car-O-Liner"},"image":{"@id":"https:\/\/car-o-liner.com\/sv\/#\/schema\/logo\/image\/"}}]}},"_links":{"self":[{"href":"https:\/\/car-o-liner.com\/sv\/wp-json\/wp\/v2\/product\/86636","targetHints":{"allow":["GET"]}}],"collection":[{"href":"https:\/\/car-o-liner.com\/sv\/wp-json\/wp\/v2\/product"}],"about":[{"href":"https:\/\/car-o-liner.com\/sv\/wp-json\/wp\/v2\/types\/product"}],"wp:featuredmedia":[{"embeddable":true,"href":"https:\/\/car-o-liner.com\/sv\/wp-json\/wp\/v2\/media\/86637"}],"wp:attachment":[{"href":"https:\/\/car-o-liner.com\/sv\/wp-json\/wp\/v2\/media?parent=86636"}],"curies":[{"name":"wp","href":"https:\/\/api.w.org\/{rel}","templated":true}]}}