{"id":86883,"date":"2024-03-07T15:36:33","date_gmt":"2024-03-07T14:36:33","guid":{"rendered":"https:\/\/car-o-liner-test.phl.togglebox.site\/?post_type=product&#038;p=86883"},"modified":"2024-06-06T18:54:07","modified_gmt":"2024-06-06T16:54:07","slug":"pc-40","status":"publish","type":"product","link":"https:\/\/car-o-liner.com\/sv\/produkter\/pc-40\/","title":{"rendered":"PC40"},"content":{"rendered":"\n<p>Plasmask\u00e4rare<\/p>\n","protected":false},"excerpt":{"rendered":"<p>Plasmask\u00e4rare<\/p>\n","protected":false},"featured_media":88829,"parent":83624,"menu_order":0,"template":"page-templates\/col-single-product-CBR2000.php","format":"standard","meta":[],"class_list":["post-86883","product","type-product","status-publish","format-standard","has-post-thumbnail","hentry"],"yoast_head":"<!-- This site is optimized with the Yoast SEO plugin v27.2 - https:\/\/yoast.com\/product\/yoast-seo-wordpress\/ -->\n<title>Plasmask\u00e4rare PC40 | Car-O-Liner SE<\/title>\n<meta name=\"description\" content=\"Car-O-Liners Plasmask\u00e4rare \u00e4r det perfekta sk\u00e4rverktyget f\u00f6r alla h\u00f6gh\u00e5llfasta st\u00e5l och tunn pl\u00e5t.\" \/>\n<meta name=\"robots\" content=\"index, follow, max-snippet:-1, max-image-preview:large, max-video-preview:-1\" \/>\n<link rel=\"canonical\" href=\"https:\/\/car-o-liner.com\/sv\/produkter\/pc-40\/\" \/>\n<meta property=\"og:locale\" content=\"sv_SE\" \/>\n<meta property=\"og:type\" content=\"article\" \/>\n<meta property=\"og:title\" content=\"Plasmask\u00e4rare PC40 | Car-O-Liner SE\" \/>\n<meta property=\"og:description\" content=\"Car-O-Liners Plasmask\u00e4rare \u00e4r det perfekta sk\u00e4rverktyget f\u00f6r alla h\u00f6gh\u00e5llfasta st\u00e5l och tunn pl\u00e5t.\" \/>\n<meta property=\"og:url\" content=\"https:\/\/car-o-liner.com\/sv\/produkter\/pc-40\/\" \/>\n<meta property=\"og:site_name\" content=\"Car-O-Liner\" \/>\n<meta property=\"article:modified_time\" content=\"2024-06-06T16:54:07+00:00\" \/>\n<meta property=\"og:image\" content=\"https:\/\/car-o-liner.com\/wp-content\/uploads\/plasma-cutter-40-cpl-hero.png\" \/>\n\t<meta property=\"og:image:width\" content=\"1500\" \/>\n\t<meta property=\"og:image:height\" content=\"1250\" \/>\n\t<meta property=\"og:image:type\" content=\"image\/png\" \/>\n<meta name=\"twitter:card\" content=\"summary_large_image\" \/>\n<script type=\"application\/ld+json\" class=\"yoast-schema-graph\">{\"@context\":\"https:\/\/schema.org\",\"@graph\":[{\"@type\":\"WebPage\",\"@id\":\"https:\/\/car-o-liner.com\/sv\/produkter\/pc-40\/\",\"url\":\"https:\/\/car-o-liner.com\/sv\/produkter\/pc-40\/\",\"name\":\"Plasmask\u00e4rare PC40 | Car-O-Liner SE\",\"isPartOf\":{\"@id\":\"https:\/\/car-o-liner.com\/sv\/#website\"},\"primaryImageOfPage\":{\"@id\":\"https:\/\/car-o-liner.com\/sv\/produkter\/pc-40\/#primaryimage\"},\"image\":{\"@id\":\"https:\/\/car-o-liner.com\/sv\/produkter\/pc-40\/#primaryimage\"},\"thumbnailUrl\":\"https:\/\/car-o-liner.com\/wp-content\/uploads\/plasma-cutter-40-cpl-hero.png\",\"datePublished\":\"2024-03-07T14:36:33+00:00\",\"dateModified\":\"2024-06-06T16:54:07+00:00\",\"description\":\"Car-O-Liners Plasmask\u00e4rare \u00e4r det perfekta sk\u00e4rverktyget f\u00f6r alla h\u00f6gh\u00e5llfasta st\u00e5l och tunn pl\u00e5t.\",\"breadcrumb\":{\"@id\":\"https:\/\/car-o-liner.com\/sv\/produkter\/pc-40\/#breadcrumb\"},\"inLanguage\":\"sv-SE\",\"potentialAction\":[{\"@type\":\"ReadAction\",\"target\":[\"https:\/\/car-o-liner.com\/sv\/produkter\/pc-40\/\"]}]},{\"@type\":\"ImageObject\",\"inLanguage\":\"sv-SE\",\"@id\":\"https:\/\/car-o-liner.com\/sv\/produkter\/pc-40\/#primaryimage\",\"url\":\"https:\/\/car-o-liner.com\/wp-content\/uploads\/plasma-cutter-40-cpl-hero.png\",\"contentUrl\":\"https:\/\/car-o-liner.com\/wp-content\/uploads\/plasma-cutter-40-cpl-hero.png\",\"width\":1500,\"height\":1250},{\"@type\":\"BreadcrumbList\",\"@id\":\"https:\/\/car-o-liner.com\/sv\/produkter\/pc-40\/#breadcrumb\",\"itemListElement\":[{\"@type\":\"ListItem\",\"position\":1,\"name\":\"Home\",\"item\":\"https:\/\/car-o-liner.com\/sv\/\"},{\"@type\":\"ListItem\",\"position\":2,\"name\":\"Verkstadsl\u00f6sningar\",\"item\":\"https:\/\/car-o-liner.com\/sv\/produkter\/verkstadslosningar\/\"},{\"@type\":\"ListItem\",\"position\":3,\"name\":\"Fler l\u00f6sningar\",\"item\":\"https:\/\/car-o-liner.com\/sv\/produkter\/fler-losningar\/\"},{\"@type\":\"ListItem\",\"position\":4,\"name\":\"PC40\"}]},{\"@type\":\"WebSite\",\"@id\":\"https:\/\/car-o-liner.com\/sv\/#website\",\"url\":\"https:\/\/car-o-liner.com\/sv\/\",\"name\":\"Car-O-Liner\",\"description\":\"Collision Repair Equipment\",\"publisher\":{\"@id\":\"https:\/\/car-o-liner.com\/sv\/#organization\"},\"potentialAction\":[{\"@type\":\"SearchAction\",\"target\":{\"@type\":\"EntryPoint\",\"urlTemplate\":\"https:\/\/car-o-liner.com\/sv\/?s={search_term_string}\"},\"query-input\":{\"@type\":\"PropertyValueSpecification\",\"valueRequired\":true,\"valueName\":\"search_term_string\"}}],\"inLanguage\":\"sv-SE\"},{\"@type\":\"Organization\",\"@id\":\"https:\/\/car-o-liner.com\/sv\/#organization\",\"name\":\"Car-O-Liner\",\"url\":\"https:\/\/car-o-liner.com\/sv\/\",\"logo\":{\"@type\":\"ImageObject\",\"inLanguage\":\"sv-SE\",\"@id\":\"https:\/\/car-o-liner.com\/sv\/#\/schema\/logo\/image\/\",\"url\":\"https:\/\/car-o-liner.com\/wp-content\/uploads\/Car-O-Liner-blue-web.svg\",\"contentUrl\":\"https:\/\/car-o-liner.com\/wp-content\/uploads\/Car-O-Liner-blue-web.svg\",\"width\":250,\"height\":50,\"caption\":\"Car-O-Liner\"},\"image\":{\"@id\":\"https:\/\/car-o-liner.com\/sv\/#\/schema\/logo\/image\/\"}}]}<\/script>\n<!-- \/ Yoast SEO plugin. -->","yoast_head_json":{"title":"Plasmask\u00e4rare PC40 | Car-O-Liner SE","description":"Car-O-Liners Plasmask\u00e4rare \u00e4r det perfekta sk\u00e4rverktyget f\u00f6r alla h\u00f6gh\u00e5llfasta st\u00e5l och tunn pl\u00e5t.","robots":{"index":"index","follow":"follow","max-snippet":"max-snippet:-1","max-image-preview":"max-image-preview:large","max-video-preview":"max-video-preview:-1"},"canonical":"https:\/\/car-o-liner.com\/sv\/produkter\/pc-40\/","og_locale":"sv_SE","og_type":"article","og_title":"Plasmask\u00e4rare PC40 | Car-O-Liner SE","og_description":"Car-O-Liners Plasmask\u00e4rare \u00e4r det perfekta sk\u00e4rverktyget f\u00f6r alla h\u00f6gh\u00e5llfasta st\u00e5l och tunn pl\u00e5t.","og_url":"https:\/\/car-o-liner.com\/sv\/produkter\/pc-40\/","og_site_name":"Car-O-Liner","article_modified_time":"2024-06-06T16:54:07+00:00","og_image":[{"width":1500,"height":1250,"url":"https:\/\/car-o-liner.com\/wp-content\/uploads\/plasma-cutter-40-cpl-hero.png","type":"image\/png"}],"twitter_card":"summary_large_image","schema":{"@context":"https:\/\/schema.org","@graph":[{"@type":"WebPage","@id":"https:\/\/car-o-liner.com\/sv\/produkter\/pc-40\/","url":"https:\/\/car-o-liner.com\/sv\/produkter\/pc-40\/","name":"Plasmask\u00e4rare PC40 | Car-O-Liner SE","isPartOf":{"@id":"https:\/\/car-o-liner.com\/sv\/#website"},"primaryImageOfPage":{"@id":"https:\/\/car-o-liner.com\/sv\/produkter\/pc-40\/#primaryimage"},"image":{"@id":"https:\/\/car-o-liner.com\/sv\/produkter\/pc-40\/#primaryimage"},"thumbnailUrl":"https:\/\/car-o-liner.com\/wp-content\/uploads\/plasma-cutter-40-cpl-hero.png","datePublished":"2024-03-07T14:36:33+00:00","dateModified":"2024-06-06T16:54:07+00:00","description":"Car-O-Liners Plasmask\u00e4rare \u00e4r det perfekta sk\u00e4rverktyget f\u00f6r alla h\u00f6gh\u00e5llfasta st\u00e5l och tunn pl\u00e5t.","breadcrumb":{"@id":"https:\/\/car-o-liner.com\/sv\/produkter\/pc-40\/#breadcrumb"},"inLanguage":"sv-SE","potentialAction":[{"@type":"ReadAction","target":["https:\/\/car-o-liner.com\/sv\/produkter\/pc-40\/"]}]},{"@type":"ImageObject","inLanguage":"sv-SE","@id":"https:\/\/car-o-liner.com\/sv\/produkter\/pc-40\/#primaryimage","url":"https:\/\/car-o-liner.com\/wp-content\/uploads\/plasma-cutter-40-cpl-hero.png","contentUrl":"https:\/\/car-o-liner.com\/wp-content\/uploads\/plasma-cutter-40-cpl-hero.png","width":1500,"height":1250},{"@type":"BreadcrumbList","@id":"https:\/\/car-o-liner.com\/sv\/produkter\/pc-40\/#breadcrumb","itemListElement":[{"@type":"ListItem","position":1,"name":"Home","item":"https:\/\/car-o-liner.com\/sv\/"},{"@type":"ListItem","position":2,"name":"Verkstadsl\u00f6sningar","item":"https:\/\/car-o-liner.com\/sv\/produkter\/verkstadslosningar\/"},{"@type":"ListItem","position":3,"name":"Fler l\u00f6sningar","item":"https:\/\/car-o-liner.com\/sv\/produkter\/fler-losningar\/"},{"@type":"ListItem","position":4,"name":"PC40"}]},{"@type":"WebSite","@id":"https:\/\/car-o-liner.com\/sv\/#website","url":"https:\/\/car-o-liner.com\/sv\/","name":"Car-O-Liner","description":"Collision Repair Equipment","publisher":{"@id":"https:\/\/car-o-liner.com\/sv\/#organization"},"potentialAction":[{"@type":"SearchAction","target":{"@type":"EntryPoint","urlTemplate":"https:\/\/car-o-liner.com\/sv\/?s={search_term_string}"},"query-input":{"@type":"PropertyValueSpecification","valueRequired":true,"valueName":"search_term_string"}}],"inLanguage":"sv-SE"},{"@type":"Organization","@id":"https:\/\/car-o-liner.com\/sv\/#organization","name":"Car-O-Liner","url":"https:\/\/car-o-liner.com\/sv\/","logo":{"@type":"ImageObject","inLanguage":"sv-SE","@id":"https:\/\/car-o-liner.com\/sv\/#\/schema\/logo\/image\/","url":"https:\/\/car-o-liner.com\/wp-content\/uploads\/Car-O-Liner-blue-web.svg","contentUrl":"https:\/\/car-o-liner.com\/wp-content\/uploads\/Car-O-Liner-blue-web.svg","width":250,"height":50,"caption":"Car-O-Liner"},"image":{"@id":"https:\/\/car-o-liner.com\/sv\/#\/schema\/logo\/image\/"}}]}},"_links":{"self":[{"href":"https:\/\/car-o-liner.com\/sv\/wp-json\/wp\/v2\/product\/86883","targetHints":{"allow":["GET"]}}],"collection":[{"href":"https:\/\/car-o-liner.com\/sv\/wp-json\/wp\/v2\/product"}],"about":[{"href":"https:\/\/car-o-liner.com\/sv\/wp-json\/wp\/v2\/types\/product"}],"up":[{"embeddable":true,"href":"https:\/\/car-o-liner.com\/sv\/wp-json\/wp\/v2\/product\/83624"}],"wp:featuredmedia":[{"embeddable":true,"href":"https:\/\/car-o-liner.com\/sv\/wp-json\/wp\/v2\/media\/88829"}],"wp:attachment":[{"href":"https:\/\/car-o-liner.com\/sv\/wp-json\/wp\/v2\/media?parent=86883"}],"curies":[{"name":"wp","href":"https:\/\/api.w.org\/{rel}","templated":true}]}}