{"id":87753,"date":"2024-02-05T16:10:14","date_gmt":"2024-02-05T15:10:14","guid":{"rendered":"https:\/\/car-o-liner-test.phl.togglebox.site\/product\/wagons-cabinets\/"},"modified":"2024-04-10T19:28:10","modified_gmt":"2024-04-10T17:28:10","slug":"verktygsvagnar-och-skap","status":"publish","type":"product","link":"https:\/\/car-o-liner.com\/sv\/produkter\/verktygsvagnar-och-skap\/","title":{"rendered":"Vagnar och Sk\u00e5p"},"content":{"rendered":"\n<p>Effektiva arbetsplatser<\/p>\n\n\n\n<p><\/p>\n","protected":false},"excerpt":{"rendered":"<p>Effektiva arbetsplatser<\/p>\n","protected":false},"featured_media":86856,"parent":87762,"menu_order":0,"template":"page-templates\/col-single-product-cr200-workstation.php","format":"standard","meta":[],"class_list":["post-87753","product","type-product","status-publish","format-standard","has-post-thumbnail","hentry"],"yoast_head":"<!-- This site is optimized with the Yoast SEO plugin v27.2 - https:\/\/yoast.com\/product\/yoast-seo-wordpress\/ -->\n<title>Verktygsvagnar och sk\u00e5p | Car-O-Liner SE<\/title>\n<meta name=\"description\" content=\"Utforska v\u00e5ra verktygsvagnar och sk\u00e5p avsedda f\u00f6r skadereparation. Skydda dina verktyg och h\u00e5ll ordning p\u00e5 dem med v\u00e5ra robusta l\u00f6sningar.\" \/>\n<meta name=\"robots\" content=\"index, follow, max-snippet:-1, max-image-preview:large, max-video-preview:-1\" \/>\n<link rel=\"canonical\" href=\"https:\/\/car-o-liner.com\/sv\/produkter\/verktygsvagnar-och-skap\/\" \/>\n<meta property=\"og:locale\" content=\"sv_SE\" \/>\n<meta property=\"og:type\" content=\"article\" \/>\n<meta property=\"og:title\" content=\"Verktygsvagnar och sk\u00e5p | Car-O-Liner SE\" \/>\n<meta property=\"og:description\" content=\"Utforska v\u00e5ra verktygsvagnar och sk\u00e5p avsedda f\u00f6r skadereparation. Skydda dina verktyg och h\u00e5ll ordning p\u00e5 dem med v\u00e5ra robusta l\u00f6sningar.\" \/>\n<meta property=\"og:url\" content=\"https:\/\/car-o-liner.com\/sv\/produkter\/verktygsvagnar-och-skap\/\" \/>\n<meta property=\"og:site_name\" content=\"Car-O-Liner\" \/>\n<meta property=\"article:modified_time\" content=\"2024-04-10T17:28:10+00:00\" \/>\n<meta property=\"og:image\" content=\"https:\/\/car-o-liner.com\/wp-content\/uploads\/Tool-Wagons-Cabinets-product.png\" \/>\n\t<meta property=\"og:image:width\" content=\"1000\" \/>\n\t<meta property=\"og:image:height\" content=\"600\" \/>\n\t<meta property=\"og:image:type\" content=\"image\/png\" \/>\n<meta name=\"twitter:card\" content=\"summary_large_image\" \/>\n<script type=\"application\/ld+json\" class=\"yoast-schema-graph\">{\"@context\":\"https:\/\/schema.org\",\"@graph\":[{\"@type\":\"WebPage\",\"@id\":\"https:\/\/car-o-liner.com\/sv\/produkter\/verktygsvagnar-och-skap\/\",\"url\":\"https:\/\/car-o-liner.com\/sv\/produkter\/verktygsvagnar-och-skap\/\",\"name\":\"Verktygsvagnar och sk\u00e5p | Car-O-Liner SE\",\"isPartOf\":{\"@id\":\"https:\/\/car-o-liner.com\/sv\/#website\"},\"primaryImageOfPage\":{\"@id\":\"https:\/\/car-o-liner.com\/sv\/produkter\/verktygsvagnar-och-skap\/#primaryimage\"},\"image\":{\"@id\":\"https:\/\/car-o-liner.com\/sv\/produkter\/verktygsvagnar-och-skap\/#primaryimage\"},\"thumbnailUrl\":\"https:\/\/car-o-liner.com\/wp-content\/uploads\/Tool-Wagons-Cabinets-product.png\",\"datePublished\":\"2024-02-05T15:10:14+00:00\",\"dateModified\":\"2024-04-10T17:28:10+00:00\",\"description\":\"Utforska v\u00e5ra verktygsvagnar och sk\u00e5p avsedda f\u00f6r skadereparation. Skydda dina verktyg och h\u00e5ll ordning p\u00e5 dem med v\u00e5ra robusta l\u00f6sningar.\",\"breadcrumb\":{\"@id\":\"https:\/\/car-o-liner.com\/sv\/produkter\/verktygsvagnar-och-skap\/#breadcrumb\"},\"inLanguage\":\"sv-SE\",\"potentialAction\":[{\"@type\":\"ReadAction\",\"target\":[\"https:\/\/car-o-liner.com\/sv\/produkter\/verktygsvagnar-och-skap\/\"]}]},{\"@type\":\"ImageObject\",\"inLanguage\":\"sv-SE\",\"@id\":\"https:\/\/car-o-liner.com\/sv\/produkter\/verktygsvagnar-och-skap\/#primaryimage\",\"url\":\"https:\/\/car-o-liner.com\/wp-content\/uploads\/Tool-Wagons-Cabinets-product.png\",\"contentUrl\":\"https:\/\/car-o-liner.com\/wp-content\/uploads\/Tool-Wagons-Cabinets-product.png\",\"width\":1000,\"height\":600},{\"@type\":\"BreadcrumbList\",\"@id\":\"https:\/\/car-o-liner.com\/sv\/produkter\/verktygsvagnar-och-skap\/#breadcrumb\",\"itemListElement\":[{\"@type\":\"ListItem\",\"position\":1,\"name\":\"Home\",\"item\":\"https:\/\/car-o-liner.com\/sv\/\"},{\"@type\":\"ListItem\",\"position\":2,\"name\":\"Verkstadsl\u00f6sningar\",\"item\":\"https:\/\/car-o-liner.com\/sv\/produkter\/verkstadslosningar\/\"},{\"@type\":\"ListItem\",\"position\":3,\"name\":\"Verkstadsinredning\",\"item\":\"https:\/\/car-o-liner.com\/sv\/produkter\/verkstadsinredning\/\"},{\"@type\":\"ListItem\",\"position\":4,\"name\":\"Vagnar och Sk\u00e5p\"}]},{\"@type\":\"WebSite\",\"@id\":\"https:\/\/car-o-liner.com\/sv\/#website\",\"url\":\"https:\/\/car-o-liner.com\/sv\/\",\"name\":\"Car-O-Liner\",\"description\":\"Collision Repair Equipment\",\"publisher\":{\"@id\":\"https:\/\/car-o-liner.com\/sv\/#organization\"},\"potentialAction\":[{\"@type\":\"SearchAction\",\"target\":{\"@type\":\"EntryPoint\",\"urlTemplate\":\"https:\/\/car-o-liner.com\/sv\/?s={search_term_string}\"},\"query-input\":{\"@type\":\"PropertyValueSpecification\",\"valueRequired\":true,\"valueName\":\"search_term_string\"}}],\"inLanguage\":\"sv-SE\"},{\"@type\":\"Organization\",\"@id\":\"https:\/\/car-o-liner.com\/sv\/#organization\",\"name\":\"Car-O-Liner\",\"url\":\"https:\/\/car-o-liner.com\/sv\/\",\"logo\":{\"@type\":\"ImageObject\",\"inLanguage\":\"sv-SE\",\"@id\":\"https:\/\/car-o-liner.com\/sv\/#\/schema\/logo\/image\/\",\"url\":\"https:\/\/car-o-liner.com\/wp-content\/uploads\/Car-O-Liner-blue-web.svg\",\"contentUrl\":\"https:\/\/car-o-liner.com\/wp-content\/uploads\/Car-O-Liner-blue-web.svg\",\"width\":250,\"height\":50,\"caption\":\"Car-O-Liner\"},\"image\":{\"@id\":\"https:\/\/car-o-liner.com\/sv\/#\/schema\/logo\/image\/\"}}]}<\/script>\n<!-- \/ Yoast SEO plugin. -->","yoast_head_json":{"title":"Verktygsvagnar och sk\u00e5p | Car-O-Liner SE","description":"Utforska v\u00e5ra verktygsvagnar och sk\u00e5p avsedda f\u00f6r skadereparation. Skydda dina verktyg och h\u00e5ll ordning p\u00e5 dem med v\u00e5ra robusta l\u00f6sningar.","robots":{"index":"index","follow":"follow","max-snippet":"max-snippet:-1","max-image-preview":"max-image-preview:large","max-video-preview":"max-video-preview:-1"},"canonical":"https:\/\/car-o-liner.com\/sv\/produkter\/verktygsvagnar-och-skap\/","og_locale":"sv_SE","og_type":"article","og_title":"Verktygsvagnar och sk\u00e5p | Car-O-Liner SE","og_description":"Utforska v\u00e5ra verktygsvagnar och sk\u00e5p avsedda f\u00f6r skadereparation. Skydda dina verktyg och h\u00e5ll ordning p\u00e5 dem med v\u00e5ra robusta l\u00f6sningar.","og_url":"https:\/\/car-o-liner.com\/sv\/produkter\/verktygsvagnar-och-skap\/","og_site_name":"Car-O-Liner","article_modified_time":"2024-04-10T17:28:10+00:00","og_image":[{"width":1000,"height":600,"url":"https:\/\/car-o-liner.com\/wp-content\/uploads\/Tool-Wagons-Cabinets-product.png","type":"image\/png"}],"twitter_card":"summary_large_image","schema":{"@context":"https:\/\/schema.org","@graph":[{"@type":"WebPage","@id":"https:\/\/car-o-liner.com\/sv\/produkter\/verktygsvagnar-och-skap\/","url":"https:\/\/car-o-liner.com\/sv\/produkter\/verktygsvagnar-och-skap\/","name":"Verktygsvagnar och sk\u00e5p | Car-O-Liner SE","isPartOf":{"@id":"https:\/\/car-o-liner.com\/sv\/#website"},"primaryImageOfPage":{"@id":"https:\/\/car-o-liner.com\/sv\/produkter\/verktygsvagnar-och-skap\/#primaryimage"},"image":{"@id":"https:\/\/car-o-liner.com\/sv\/produkter\/verktygsvagnar-och-skap\/#primaryimage"},"thumbnailUrl":"https:\/\/car-o-liner.com\/wp-content\/uploads\/Tool-Wagons-Cabinets-product.png","datePublished":"2024-02-05T15:10:14+00:00","dateModified":"2024-04-10T17:28:10+00:00","description":"Utforska v\u00e5ra verktygsvagnar och sk\u00e5p avsedda f\u00f6r skadereparation. Skydda dina verktyg och h\u00e5ll ordning p\u00e5 dem med v\u00e5ra robusta l\u00f6sningar.","breadcrumb":{"@id":"https:\/\/car-o-liner.com\/sv\/produkter\/verktygsvagnar-och-skap\/#breadcrumb"},"inLanguage":"sv-SE","potentialAction":[{"@type":"ReadAction","target":["https:\/\/car-o-liner.com\/sv\/produkter\/verktygsvagnar-och-skap\/"]}]},{"@type":"ImageObject","inLanguage":"sv-SE","@id":"https:\/\/car-o-liner.com\/sv\/produkter\/verktygsvagnar-och-skap\/#primaryimage","url":"https:\/\/car-o-liner.com\/wp-content\/uploads\/Tool-Wagons-Cabinets-product.png","contentUrl":"https:\/\/car-o-liner.com\/wp-content\/uploads\/Tool-Wagons-Cabinets-product.png","width":1000,"height":600},{"@type":"BreadcrumbList","@id":"https:\/\/car-o-liner.com\/sv\/produkter\/verktygsvagnar-och-skap\/#breadcrumb","itemListElement":[{"@type":"ListItem","position":1,"name":"Home","item":"https:\/\/car-o-liner.com\/sv\/"},{"@type":"ListItem","position":2,"name":"Verkstadsl\u00f6sningar","item":"https:\/\/car-o-liner.com\/sv\/produkter\/verkstadslosningar\/"},{"@type":"ListItem","position":3,"name":"Verkstadsinredning","item":"https:\/\/car-o-liner.com\/sv\/produkter\/verkstadsinredning\/"},{"@type":"ListItem","position":4,"name":"Vagnar och Sk\u00e5p"}]},{"@type":"WebSite","@id":"https:\/\/car-o-liner.com\/sv\/#website","url":"https:\/\/car-o-liner.com\/sv\/","name":"Car-O-Liner","description":"Collision Repair Equipment","publisher":{"@id":"https:\/\/car-o-liner.com\/sv\/#organization"},"potentialAction":[{"@type":"SearchAction","target":{"@type":"EntryPoint","urlTemplate":"https:\/\/car-o-liner.com\/sv\/?s={search_term_string}"},"query-input":{"@type":"PropertyValueSpecification","valueRequired":true,"valueName":"search_term_string"}}],"inLanguage":"sv-SE"},{"@type":"Organization","@id":"https:\/\/car-o-liner.com\/sv\/#organization","name":"Car-O-Liner","url":"https:\/\/car-o-liner.com\/sv\/","logo":{"@type":"ImageObject","inLanguage":"sv-SE","@id":"https:\/\/car-o-liner.com\/sv\/#\/schema\/logo\/image\/","url":"https:\/\/car-o-liner.com\/wp-content\/uploads\/Car-O-Liner-blue-web.svg","contentUrl":"https:\/\/car-o-liner.com\/wp-content\/uploads\/Car-O-Liner-blue-web.svg","width":250,"height":50,"caption":"Car-O-Liner"},"image":{"@id":"https:\/\/car-o-liner.com\/sv\/#\/schema\/logo\/image\/"}}]}},"_links":{"self":[{"href":"https:\/\/car-o-liner.com\/sv\/wp-json\/wp\/v2\/product\/87753","targetHints":{"allow":["GET"]}}],"collection":[{"href":"https:\/\/car-o-liner.com\/sv\/wp-json\/wp\/v2\/product"}],"about":[{"href":"https:\/\/car-o-liner.com\/sv\/wp-json\/wp\/v2\/types\/product"}],"up":[{"embeddable":true,"href":"https:\/\/car-o-liner.com\/sv\/wp-json\/wp\/v2\/product\/87762"}],"wp:featuredmedia":[{"embeddable":true,"href":"https:\/\/car-o-liner.com\/sv\/wp-json\/wp\/v2\/media\/86856"}],"wp:attachment":[{"href":"https:\/\/car-o-liner.com\/sv\/wp-json\/wp\/v2\/media?parent=87753"}],"curies":[{"name":"wp","href":"https:\/\/api.w.org\/{rel}","templated":true}]}}