{"id":87857,"date":"2024-02-06T19:43:20","date_gmt":"2024-02-06T18:43:20","guid":{"rendered":"https:\/\/car-o-liner-test.phl.togglebox.site\/?post_type=product&#038;p=87857"},"modified":"2024-08-16T15:24:29","modified_gmt":"2024-08-16T13:24:29","slug":"ctp45","status":"publish","type":"product","link":"https:\/\/car-o-liner.com\/sv\/produkter\/ctp45\/","title":{"rendered":"CTP45\u2122"},"content":{"rendered":"\n<p>Tv\u00e5pelarlyft<\/p>\n","protected":false},"excerpt":{"rendered":"<p>Tv\u00e5pelarlyft<\/p>\n","protected":false},"featured_media":87484,"parent":88251,"menu_order":0,"template":"page-templates\/col-single-product-ctp45.php","format":"standard","meta":[],"class_list":["post-87857","product","type-product","status-publish","format-standard","has-post-thumbnail","hentry"],"yoast_head":"<!-- This site is optimized with the Yoast SEO plugin v27.2 - https:\/\/yoast.com\/product\/yoast-seo-wordpress\/ -->\n<title>CTP45\u2122 tv\u00e5pelarlyft | Car-O-Liner SE<\/title>\n<meta name=\"description\" content=\"Tv\u00e5pelarlyften CTP45\u2122 \u00e4r utrustad med Versymmetric\u00ae-teknik som m\u00f6jligg\u00f6r b\u00e5de symmetriska och asymmetriska justeringar.\" \/>\n<meta name=\"robots\" content=\"index, follow, max-snippet:-1, max-image-preview:large, max-video-preview:-1\" \/>\n<link rel=\"canonical\" href=\"https:\/\/car-o-liner.com\/sv\/produkter\/ctp45\/\" \/>\n<meta property=\"og:locale\" content=\"sv_SE\" \/>\n<meta property=\"og:type\" content=\"article\" \/>\n<meta property=\"og:title\" content=\"CTP45\u2122 tv\u00e5pelarlyft | Car-O-Liner SE\" \/>\n<meta property=\"og:description\" content=\"Tv\u00e5pelarlyften CTP45\u2122 \u00e4r utrustad med Versymmetric\u00ae-teknik som m\u00f6jligg\u00f6r b\u00e5de symmetriska och asymmetriska justeringar.\" \/>\n<meta property=\"og:url\" content=\"https:\/\/car-o-liner.com\/sv\/produkter\/ctp45\/\" \/>\n<meta property=\"og:site_name\" content=\"Car-O-Liner\" \/>\n<meta property=\"article:modified_time\" content=\"2024-08-16T13:24:29+00:00\" \/>\n<meta property=\"og:image\" content=\"https:\/\/car-o-liner.com\/wp-content\/uploads\/ctp45-hero.png\" \/>\n\t<meta property=\"og:image:width\" content=\"1500\" \/>\n\t<meta property=\"og:image:height\" content=\"1250\" \/>\n\t<meta property=\"og:image:type\" content=\"image\/png\" \/>\n<meta name=\"twitter:card\" content=\"summary_large_image\" \/>\n<script type=\"application\/ld+json\" class=\"yoast-schema-graph\">{\"@context\":\"https:\/\/schema.org\",\"@graph\":[{\"@type\":\"WebPage\",\"@id\":\"https:\/\/car-o-liner.com\/sv\/produkter\/ctp45\/\",\"url\":\"https:\/\/car-o-liner.com\/sv\/produkter\/ctp45\/\",\"name\":\"CTP45\u2122 tv\u00e5pelarlyft | Car-O-Liner SE\",\"isPartOf\":{\"@id\":\"https:\/\/car-o-liner.com\/sv\/#website\"},\"primaryImageOfPage\":{\"@id\":\"https:\/\/car-o-liner.com\/sv\/produkter\/ctp45\/#primaryimage\"},\"image\":{\"@id\":\"https:\/\/car-o-liner.com\/sv\/produkter\/ctp45\/#primaryimage\"},\"thumbnailUrl\":\"https:\/\/car-o-liner.com\/wp-content\/uploads\/ctp45-hero.png\",\"datePublished\":\"2024-02-06T18:43:20+00:00\",\"dateModified\":\"2024-08-16T13:24:29+00:00\",\"description\":\"Tv\u00e5pelarlyften CTP45\u2122 \u00e4r utrustad med Versymmetric\u00ae-teknik som m\u00f6jligg\u00f6r b\u00e5de symmetriska och asymmetriska justeringar.\",\"breadcrumb\":{\"@id\":\"https:\/\/car-o-liner.com\/sv\/produkter\/ctp45\/#breadcrumb\"},\"inLanguage\":\"sv-SE\",\"potentialAction\":[{\"@type\":\"ReadAction\",\"target\":[\"https:\/\/car-o-liner.com\/sv\/produkter\/ctp45\/\"]}]},{\"@type\":\"ImageObject\",\"inLanguage\":\"sv-SE\",\"@id\":\"https:\/\/car-o-liner.com\/sv\/produkter\/ctp45\/#primaryimage\",\"url\":\"https:\/\/car-o-liner.com\/wp-content\/uploads\/ctp45-hero.png\",\"contentUrl\":\"https:\/\/car-o-liner.com\/wp-content\/uploads\/ctp45-hero.png\",\"width\":1500,\"height\":1250,\"caption\":\"CTP45\u2122 Two-Column Lift\"},{\"@type\":\"BreadcrumbList\",\"@id\":\"https:\/\/car-o-liner.com\/sv\/produkter\/ctp45\/#breadcrumb\",\"itemListElement\":[{\"@type\":\"ListItem\",\"position\":1,\"name\":\"Home\",\"item\":\"https:\/\/car-o-liner.com\/sv\/\"},{\"@type\":\"ListItem\",\"position\":2,\"name\":\"Riktb\u00e4nksystem\",\"item\":\"https:\/\/car-o-liner.com\/sv\/produkter\/riktbanksystem\/\"},{\"@type\":\"ListItem\",\"position\":3,\"name\":\"Billyftar\",\"item\":\"https:\/\/car-o-liner.com\/sv\/produkter\/lyftar\/\"},{\"@type\":\"ListItem\",\"position\":4,\"name\":\"CTP45\u2122\"}]},{\"@type\":\"WebSite\",\"@id\":\"https:\/\/car-o-liner.com\/sv\/#website\",\"url\":\"https:\/\/car-o-liner.com\/sv\/\",\"name\":\"Car-O-Liner\",\"description\":\"Collision Repair Equipment\",\"publisher\":{\"@id\":\"https:\/\/car-o-liner.com\/sv\/#organization\"},\"potentialAction\":[{\"@type\":\"SearchAction\",\"target\":{\"@type\":\"EntryPoint\",\"urlTemplate\":\"https:\/\/car-o-liner.com\/sv\/?s={search_term_string}\"},\"query-input\":{\"@type\":\"PropertyValueSpecification\",\"valueRequired\":true,\"valueName\":\"search_term_string\"}}],\"inLanguage\":\"sv-SE\"},{\"@type\":\"Organization\",\"@id\":\"https:\/\/car-o-liner.com\/sv\/#organization\",\"name\":\"Car-O-Liner\",\"url\":\"https:\/\/car-o-liner.com\/sv\/\",\"logo\":{\"@type\":\"ImageObject\",\"inLanguage\":\"sv-SE\",\"@id\":\"https:\/\/car-o-liner.com\/sv\/#\/schema\/logo\/image\/\",\"url\":\"https:\/\/car-o-liner.com\/wp-content\/uploads\/Car-O-Liner-blue-web.svg\",\"contentUrl\":\"https:\/\/car-o-liner.com\/wp-content\/uploads\/Car-O-Liner-blue-web.svg\",\"width\":250,\"height\":50,\"caption\":\"Car-O-Liner\"},\"image\":{\"@id\":\"https:\/\/car-o-liner.com\/sv\/#\/schema\/logo\/image\/\"}}]}<\/script>\n<!-- \/ Yoast SEO plugin. -->","yoast_head_json":{"title":"CTP45\u2122 tv\u00e5pelarlyft | Car-O-Liner SE","description":"Tv\u00e5pelarlyften CTP45\u2122 \u00e4r utrustad med Versymmetric\u00ae-teknik som m\u00f6jligg\u00f6r b\u00e5de symmetriska och asymmetriska justeringar.","robots":{"index":"index","follow":"follow","max-snippet":"max-snippet:-1","max-image-preview":"max-image-preview:large","max-video-preview":"max-video-preview:-1"},"canonical":"https:\/\/car-o-liner.com\/sv\/produkter\/ctp45\/","og_locale":"sv_SE","og_type":"article","og_title":"CTP45\u2122 tv\u00e5pelarlyft | Car-O-Liner SE","og_description":"Tv\u00e5pelarlyften CTP45\u2122 \u00e4r utrustad med Versymmetric\u00ae-teknik som m\u00f6jligg\u00f6r b\u00e5de symmetriska och asymmetriska justeringar.","og_url":"https:\/\/car-o-liner.com\/sv\/produkter\/ctp45\/","og_site_name":"Car-O-Liner","article_modified_time":"2024-08-16T13:24:29+00:00","og_image":[{"width":1500,"height":1250,"url":"https:\/\/car-o-liner.com\/wp-content\/uploads\/ctp45-hero.png","type":"image\/png"}],"twitter_card":"summary_large_image","schema":{"@context":"https:\/\/schema.org","@graph":[{"@type":"WebPage","@id":"https:\/\/car-o-liner.com\/sv\/produkter\/ctp45\/","url":"https:\/\/car-o-liner.com\/sv\/produkter\/ctp45\/","name":"CTP45\u2122 tv\u00e5pelarlyft | Car-O-Liner SE","isPartOf":{"@id":"https:\/\/car-o-liner.com\/sv\/#website"},"primaryImageOfPage":{"@id":"https:\/\/car-o-liner.com\/sv\/produkter\/ctp45\/#primaryimage"},"image":{"@id":"https:\/\/car-o-liner.com\/sv\/produkter\/ctp45\/#primaryimage"},"thumbnailUrl":"https:\/\/car-o-liner.com\/wp-content\/uploads\/ctp45-hero.png","datePublished":"2024-02-06T18:43:20+00:00","dateModified":"2024-08-16T13:24:29+00:00","description":"Tv\u00e5pelarlyften CTP45\u2122 \u00e4r utrustad med Versymmetric\u00ae-teknik som m\u00f6jligg\u00f6r b\u00e5de symmetriska och asymmetriska justeringar.","breadcrumb":{"@id":"https:\/\/car-o-liner.com\/sv\/produkter\/ctp45\/#breadcrumb"},"inLanguage":"sv-SE","potentialAction":[{"@type":"ReadAction","target":["https:\/\/car-o-liner.com\/sv\/produkter\/ctp45\/"]}]},{"@type":"ImageObject","inLanguage":"sv-SE","@id":"https:\/\/car-o-liner.com\/sv\/produkter\/ctp45\/#primaryimage","url":"https:\/\/car-o-liner.com\/wp-content\/uploads\/ctp45-hero.png","contentUrl":"https:\/\/car-o-liner.com\/wp-content\/uploads\/ctp45-hero.png","width":1500,"height":1250,"caption":"CTP45\u2122 Two-Column Lift"},{"@type":"BreadcrumbList","@id":"https:\/\/car-o-liner.com\/sv\/produkter\/ctp45\/#breadcrumb","itemListElement":[{"@type":"ListItem","position":1,"name":"Home","item":"https:\/\/car-o-liner.com\/sv\/"},{"@type":"ListItem","position":2,"name":"Riktb\u00e4nksystem","item":"https:\/\/car-o-liner.com\/sv\/produkter\/riktbanksystem\/"},{"@type":"ListItem","position":3,"name":"Billyftar","item":"https:\/\/car-o-liner.com\/sv\/produkter\/lyftar\/"},{"@type":"ListItem","position":4,"name":"CTP45\u2122"}]},{"@type":"WebSite","@id":"https:\/\/car-o-liner.com\/sv\/#website","url":"https:\/\/car-o-liner.com\/sv\/","name":"Car-O-Liner","description":"Collision Repair Equipment","publisher":{"@id":"https:\/\/car-o-liner.com\/sv\/#organization"},"potentialAction":[{"@type":"SearchAction","target":{"@type":"EntryPoint","urlTemplate":"https:\/\/car-o-liner.com\/sv\/?s={search_term_string}"},"query-input":{"@type":"PropertyValueSpecification","valueRequired":true,"valueName":"search_term_string"}}],"inLanguage":"sv-SE"},{"@type":"Organization","@id":"https:\/\/car-o-liner.com\/sv\/#organization","name":"Car-O-Liner","url":"https:\/\/car-o-liner.com\/sv\/","logo":{"@type":"ImageObject","inLanguage":"sv-SE","@id":"https:\/\/car-o-liner.com\/sv\/#\/schema\/logo\/image\/","url":"https:\/\/car-o-liner.com\/wp-content\/uploads\/Car-O-Liner-blue-web.svg","contentUrl":"https:\/\/car-o-liner.com\/wp-content\/uploads\/Car-O-Liner-blue-web.svg","width":250,"height":50,"caption":"Car-O-Liner"},"image":{"@id":"https:\/\/car-o-liner.com\/sv\/#\/schema\/logo\/image\/"}}]}},"_links":{"self":[{"href":"https:\/\/car-o-liner.com\/sv\/wp-json\/wp\/v2\/product\/87857","targetHints":{"allow":["GET"]}}],"collection":[{"href":"https:\/\/car-o-liner.com\/sv\/wp-json\/wp\/v2\/product"}],"about":[{"href":"https:\/\/car-o-liner.com\/sv\/wp-json\/wp\/v2\/types\/product"}],"up":[{"embeddable":true,"href":"https:\/\/car-o-liner.com\/sv\/wp-json\/wp\/v2\/product\/88251"}],"wp:featuredmedia":[{"embeddable":true,"href":"https:\/\/car-o-liner.com\/sv\/wp-json\/wp\/v2\/media\/87484"}],"wp:attachment":[{"href":"https:\/\/car-o-liner.com\/sv\/wp-json\/wp\/v2\/media?parent=87857"}],"curies":[{"name":"wp","href":"https:\/\/api.w.org\/{rel}","templated":true}]}}