{"id":88241,"date":"2024-03-01T18:18:31","date_gmt":"2024-03-01T17:18:31","guid":{"rendered":"https:\/\/car-o-liner-test.phl.togglebox.site\/product\/alignment-straightening\/frame-machine\/"},"modified":"2024-04-05T22:44:37","modified_gmt":"2024-04-05T20:44:37","slug":"rammaskin","status":"publish","type":"product","link":"https:\/\/car-o-liner.com\/sv\/produkter\/rammaskin\/","title":{"rendered":"Riktb\u00e4nkar"},"content":{"rendered":"\n<p>Frame Machines Content<\/p>\n","protected":false},"excerpt":{"rendered":"<p>Frame Machines Content<\/p>\n","protected":false},"featured_media":0,"parent":81699,"menu_order":0,"template":"page-templates\/alignment-straightening.php","format":"standard","meta":[],"class_list":["post-88241","product","type-product","status-publish","format-standard","hentry"],"yoast_head":"<!-- This site is optimized with the Yoast SEO plugin v27.2 - https:\/\/yoast.com\/product\/yoast-seo-wordpress\/ -->\n<title>Riktb\u00e4nkar | Car-O-Liner SE<\/title>\n<meta name=\"description\" content=\"Utforska v\u00e5ra toppmoderna riktb\u00e4nkar som utvecklats f\u00f6r professionell skadereparation. Garanterar h\u00f6gsta precision och b\u00e4sta h\u00e5llbarhet f\u00f6r skadeverkst\u00e4der.\" \/>\n<meta name=\"robots\" content=\"index, follow, max-snippet:-1, max-image-preview:large, max-video-preview:-1\" \/>\n<link rel=\"canonical\" href=\"https:\/\/car-o-liner.com\/sv\/produkter\/rammaskin\/\" \/>\n<meta property=\"og:locale\" content=\"sv_SE\" \/>\n<meta property=\"og:type\" content=\"article\" \/>\n<meta property=\"og:title\" content=\"Riktb\u00e4nkar | Car-O-Liner SE\" \/>\n<meta property=\"og:description\" content=\"Utforska v\u00e5ra toppmoderna riktb\u00e4nkar som utvecklats f\u00f6r professionell skadereparation. Garanterar h\u00f6gsta precision och b\u00e4sta h\u00e5llbarhet f\u00f6r skadeverkst\u00e4der.\" \/>\n<meta property=\"og:url\" content=\"https:\/\/car-o-liner.com\/sv\/produkter\/rammaskin\/\" \/>\n<meta property=\"og:site_name\" content=\"Car-O-Liner\" \/>\n<meta property=\"article:modified_time\" content=\"2024-04-05T20:44:37+00:00\" \/>\n<meta name=\"twitter:card\" content=\"summary_large_image\" \/>\n<script type=\"application\/ld+json\" class=\"yoast-schema-graph\">{\"@context\":\"https:\/\/schema.org\",\"@graph\":[{\"@type\":\"WebPage\",\"@id\":\"https:\/\/car-o-liner.com\/sv\/produkter\/rammaskin\/\",\"url\":\"https:\/\/car-o-liner.com\/sv\/produkter\/rammaskin\/\",\"name\":\"Riktb\u00e4nkar | Car-O-Liner SE\",\"isPartOf\":{\"@id\":\"https:\/\/car-o-liner.com\/sv\/#website\"},\"datePublished\":\"2024-03-01T17:18:31+00:00\",\"dateModified\":\"2024-04-05T20:44:37+00:00\",\"description\":\"Utforska v\u00e5ra toppmoderna riktb\u00e4nkar som utvecklats f\u00f6r professionell skadereparation. Garanterar h\u00f6gsta precision och b\u00e4sta h\u00e5llbarhet f\u00f6r skadeverkst\u00e4der.\",\"breadcrumb\":{\"@id\":\"https:\/\/car-o-liner.com\/sv\/produkter\/rammaskin\/#breadcrumb\"},\"inLanguage\":\"sv-SE\",\"potentialAction\":[{\"@type\":\"ReadAction\",\"target\":[\"https:\/\/car-o-liner.com\/sv\/produkter\/rammaskin\/\"]}]},{\"@type\":\"BreadcrumbList\",\"@id\":\"https:\/\/car-o-liner.com\/sv\/produkter\/rammaskin\/#breadcrumb\",\"itemListElement\":[{\"@type\":\"ListItem\",\"position\":1,\"name\":\"Home\",\"item\":\"https:\/\/car-o-liner.com\/sv\/\"},{\"@type\":\"ListItem\",\"position\":2,\"name\":\"Riktb\u00e4nksystem\",\"item\":\"https:\/\/car-o-liner.com\/sv\/produkter\/riktbanksystem\/\"},{\"@type\":\"ListItem\",\"position\":3,\"name\":\"Riktb\u00e4nkar\"}]},{\"@type\":\"WebSite\",\"@id\":\"https:\/\/car-o-liner.com\/sv\/#website\",\"url\":\"https:\/\/car-o-liner.com\/sv\/\",\"name\":\"Car-O-Liner\",\"description\":\"Collision Repair Equipment\",\"publisher\":{\"@id\":\"https:\/\/car-o-liner.com\/sv\/#organization\"},\"potentialAction\":[{\"@type\":\"SearchAction\",\"target\":{\"@type\":\"EntryPoint\",\"urlTemplate\":\"https:\/\/car-o-liner.com\/sv\/?s={search_term_string}\"},\"query-input\":{\"@type\":\"PropertyValueSpecification\",\"valueRequired\":true,\"valueName\":\"search_term_string\"}}],\"inLanguage\":\"sv-SE\"},{\"@type\":\"Organization\",\"@id\":\"https:\/\/car-o-liner.com\/sv\/#organization\",\"name\":\"Car-O-Liner\",\"url\":\"https:\/\/car-o-liner.com\/sv\/\",\"logo\":{\"@type\":\"ImageObject\",\"inLanguage\":\"sv-SE\",\"@id\":\"https:\/\/car-o-liner.com\/sv\/#\/schema\/logo\/image\/\",\"url\":\"https:\/\/car-o-liner.com\/wp-content\/uploads\/Car-O-Liner-blue-web.svg\",\"contentUrl\":\"https:\/\/car-o-liner.com\/wp-content\/uploads\/Car-O-Liner-blue-web.svg\",\"width\":250,\"height\":50,\"caption\":\"Car-O-Liner\"},\"image\":{\"@id\":\"https:\/\/car-o-liner.com\/sv\/#\/schema\/logo\/image\/\"}}]}<\/script>\n<!-- \/ Yoast SEO plugin. -->","yoast_head_json":{"title":"Riktb\u00e4nkar | Car-O-Liner SE","description":"Utforska v\u00e5ra toppmoderna riktb\u00e4nkar som utvecklats f\u00f6r professionell skadereparation. Garanterar h\u00f6gsta precision och b\u00e4sta h\u00e5llbarhet f\u00f6r skadeverkst\u00e4der.","robots":{"index":"index","follow":"follow","max-snippet":"max-snippet:-1","max-image-preview":"max-image-preview:large","max-video-preview":"max-video-preview:-1"},"canonical":"https:\/\/car-o-liner.com\/sv\/produkter\/rammaskin\/","og_locale":"sv_SE","og_type":"article","og_title":"Riktb\u00e4nkar | Car-O-Liner SE","og_description":"Utforska v\u00e5ra toppmoderna riktb\u00e4nkar som utvecklats f\u00f6r professionell skadereparation. Garanterar h\u00f6gsta precision och b\u00e4sta h\u00e5llbarhet f\u00f6r skadeverkst\u00e4der.","og_url":"https:\/\/car-o-liner.com\/sv\/produkter\/rammaskin\/","og_site_name":"Car-O-Liner","article_modified_time":"2024-04-05T20:44:37+00:00","twitter_card":"summary_large_image","schema":{"@context":"https:\/\/schema.org","@graph":[{"@type":"WebPage","@id":"https:\/\/car-o-liner.com\/sv\/produkter\/rammaskin\/","url":"https:\/\/car-o-liner.com\/sv\/produkter\/rammaskin\/","name":"Riktb\u00e4nkar | Car-O-Liner SE","isPartOf":{"@id":"https:\/\/car-o-liner.com\/sv\/#website"},"datePublished":"2024-03-01T17:18:31+00:00","dateModified":"2024-04-05T20:44:37+00:00","description":"Utforska v\u00e5ra toppmoderna riktb\u00e4nkar som utvecklats f\u00f6r professionell skadereparation. Garanterar h\u00f6gsta precision och b\u00e4sta h\u00e5llbarhet f\u00f6r skadeverkst\u00e4der.","breadcrumb":{"@id":"https:\/\/car-o-liner.com\/sv\/produkter\/rammaskin\/#breadcrumb"},"inLanguage":"sv-SE","potentialAction":[{"@type":"ReadAction","target":["https:\/\/car-o-liner.com\/sv\/produkter\/rammaskin\/"]}]},{"@type":"BreadcrumbList","@id":"https:\/\/car-o-liner.com\/sv\/produkter\/rammaskin\/#breadcrumb","itemListElement":[{"@type":"ListItem","position":1,"name":"Home","item":"https:\/\/car-o-liner.com\/sv\/"},{"@type":"ListItem","position":2,"name":"Riktb\u00e4nksystem","item":"https:\/\/car-o-liner.com\/sv\/produkter\/riktbanksystem\/"},{"@type":"ListItem","position":3,"name":"Riktb\u00e4nkar"}]},{"@type":"WebSite","@id":"https:\/\/car-o-liner.com\/sv\/#website","url":"https:\/\/car-o-liner.com\/sv\/","name":"Car-O-Liner","description":"Collision Repair Equipment","publisher":{"@id":"https:\/\/car-o-liner.com\/sv\/#organization"},"potentialAction":[{"@type":"SearchAction","target":{"@type":"EntryPoint","urlTemplate":"https:\/\/car-o-liner.com\/sv\/?s={search_term_string}"},"query-input":{"@type":"PropertyValueSpecification","valueRequired":true,"valueName":"search_term_string"}}],"inLanguage":"sv-SE"},{"@type":"Organization","@id":"https:\/\/car-o-liner.com\/sv\/#organization","name":"Car-O-Liner","url":"https:\/\/car-o-liner.com\/sv\/","logo":{"@type":"ImageObject","inLanguage":"sv-SE","@id":"https:\/\/car-o-liner.com\/sv\/#\/schema\/logo\/image\/","url":"https:\/\/car-o-liner.com\/wp-content\/uploads\/Car-O-Liner-blue-web.svg","contentUrl":"https:\/\/car-o-liner.com\/wp-content\/uploads\/Car-O-Liner-blue-web.svg","width":250,"height":50,"caption":"Car-O-Liner"},"image":{"@id":"https:\/\/car-o-liner.com\/sv\/#\/schema\/logo\/image\/"}}]}},"_links":{"self":[{"href":"https:\/\/car-o-liner.com\/sv\/wp-json\/wp\/v2\/product\/88241","targetHints":{"allow":["GET"]}}],"collection":[{"href":"https:\/\/car-o-liner.com\/sv\/wp-json\/wp\/v2\/product"}],"about":[{"href":"https:\/\/car-o-liner.com\/sv\/wp-json\/wp\/v2\/types\/product"}],"up":[{"embeddable":true,"href":"https:\/\/car-o-liner.com\/sv\/wp-json\/wp\/v2\/product\/81699"}],"wp:attachment":[{"href":"https:\/\/car-o-liner.com\/sv\/wp-json\/wp\/v2\/media?parent=88241"}],"curies":[{"name":"wp","href":"https:\/\/api.w.org\/{rel}","templated":true}]}}