{"id":88251,"date":"2024-03-01T18:46:28","date_gmt":"2024-03-01T17:46:28","guid":{"rendered":"https:\/\/car-o-liner-test.phl.togglebox.site\/product\/alignment-straightening\/car-lifts\/"},"modified":"2024-06-25T20:51:38","modified_gmt":"2024-06-25T18:51:38","slug":"lyftar","status":"publish","type":"product","link":"https:\/\/car-o-liner.com\/sv\/produkter\/lyftar\/","title":{"rendered":"Billyftar"},"content":{"rendered":"\n<p>Car Lifts Content<\/p>\n","protected":false},"excerpt":{"rendered":"<p>Car Lifts Content<\/p>\n","protected":false},"featured_media":0,"parent":81699,"menu_order":0,"template":"page-templates\/alignment-straightening.php","format":"standard","meta":[],"class_list":["post-88251","product","type-product","status-publish","format-standard","hentry"],"yoast_head":"<!-- This site is optimized with the Yoast SEO plugin v27.2 - https:\/\/yoast.com\/product\/yoast-seo-wordpress\/ -->\n<title>Billyftar | Car-O-Liner SE<\/title>\n<meta name=\"description\" content=\"Uppt\u00e4ck v\u00e5ra f\u00f6rstklassiga Billyftar som h\u00f6jer b\u00e5de effektiviteten och s\u00e4kerheten vid skadereparationer. Ta din service till en ny niv\u00e5 med Car-O-Liner.\" \/>\n<meta name=\"robots\" content=\"index, follow, max-snippet:-1, max-image-preview:large, max-video-preview:-1\" \/>\n<link rel=\"canonical\" href=\"https:\/\/car-o-liner.com\/sv\/produkter\/lyftar\/\" \/>\n<meta property=\"og:locale\" content=\"sv_SE\" \/>\n<meta property=\"og:type\" content=\"article\" \/>\n<meta property=\"og:title\" content=\"Billyftar | Car-O-Liner SE\" \/>\n<meta property=\"og:description\" content=\"Uppt\u00e4ck v\u00e5ra f\u00f6rstklassiga Billyftar som h\u00f6jer b\u00e5de effektiviteten och s\u00e4kerheten vid skadereparationer. Ta din service till en ny niv\u00e5 med Car-O-Liner.\" \/>\n<meta property=\"og:url\" content=\"https:\/\/car-o-liner.com\/sv\/produkter\/lyftar\/\" \/>\n<meta property=\"og:site_name\" content=\"Car-O-Liner\" \/>\n<meta property=\"article:modified_time\" content=\"2024-06-25T18:51:38+00:00\" \/>\n<meta name=\"twitter:card\" content=\"summary_large_image\" \/>\n<script type=\"application\/ld+json\" class=\"yoast-schema-graph\">{\"@context\":\"https:\/\/schema.org\",\"@graph\":[{\"@type\":\"WebPage\",\"@id\":\"https:\/\/car-o-liner.com\/sv\/produkter\/lyftar\/\",\"url\":\"https:\/\/car-o-liner.com\/sv\/produkter\/lyftar\/\",\"name\":\"Billyftar | Car-O-Liner SE\",\"isPartOf\":{\"@id\":\"https:\/\/car-o-liner.com\/sv\/#website\"},\"datePublished\":\"2024-03-01T17:46:28+00:00\",\"dateModified\":\"2024-06-25T18:51:38+00:00\",\"description\":\"Uppt\u00e4ck v\u00e5ra f\u00f6rstklassiga Billyftar som h\u00f6jer b\u00e5de effektiviteten och s\u00e4kerheten vid skadereparationer. Ta din service till en ny niv\u00e5 med Car-O-Liner.\",\"breadcrumb\":{\"@id\":\"https:\/\/car-o-liner.com\/sv\/produkter\/lyftar\/#breadcrumb\"},\"inLanguage\":\"sv-SE\",\"potentialAction\":[{\"@type\":\"ReadAction\",\"target\":[\"https:\/\/car-o-liner.com\/sv\/produkter\/lyftar\/\"]}]},{\"@type\":\"BreadcrumbList\",\"@id\":\"https:\/\/car-o-liner.com\/sv\/produkter\/lyftar\/#breadcrumb\",\"itemListElement\":[{\"@type\":\"ListItem\",\"position\":1,\"name\":\"Home\",\"item\":\"https:\/\/car-o-liner.com\/sv\/\"},{\"@type\":\"ListItem\",\"position\":2,\"name\":\"Riktb\u00e4nksystem\",\"item\":\"https:\/\/car-o-liner.com\/sv\/produkter\/riktbanksystem\/\"},{\"@type\":\"ListItem\",\"position\":3,\"name\":\"Billyftar\"}]},{\"@type\":\"WebSite\",\"@id\":\"https:\/\/car-o-liner.com\/sv\/#website\",\"url\":\"https:\/\/car-o-liner.com\/sv\/\",\"name\":\"Car-O-Liner\",\"description\":\"Collision Repair Equipment\",\"publisher\":{\"@id\":\"https:\/\/car-o-liner.com\/sv\/#organization\"},\"potentialAction\":[{\"@type\":\"SearchAction\",\"target\":{\"@type\":\"EntryPoint\",\"urlTemplate\":\"https:\/\/car-o-liner.com\/sv\/?s={search_term_string}\"},\"query-input\":{\"@type\":\"PropertyValueSpecification\",\"valueRequired\":true,\"valueName\":\"search_term_string\"}}],\"inLanguage\":\"sv-SE\"},{\"@type\":\"Organization\",\"@id\":\"https:\/\/car-o-liner.com\/sv\/#organization\",\"name\":\"Car-O-Liner\",\"url\":\"https:\/\/car-o-liner.com\/sv\/\",\"logo\":{\"@type\":\"ImageObject\",\"inLanguage\":\"sv-SE\",\"@id\":\"https:\/\/car-o-liner.com\/sv\/#\/schema\/logo\/image\/\",\"url\":\"https:\/\/car-o-liner.com\/wp-content\/uploads\/Car-O-Liner-blue-web.svg\",\"contentUrl\":\"https:\/\/car-o-liner.com\/wp-content\/uploads\/Car-O-Liner-blue-web.svg\",\"width\":250,\"height\":50,\"caption\":\"Car-O-Liner\"},\"image\":{\"@id\":\"https:\/\/car-o-liner.com\/sv\/#\/schema\/logo\/image\/\"}}]}<\/script>\n<!-- \/ Yoast SEO plugin. -->","yoast_head_json":{"title":"Billyftar | Car-O-Liner SE","description":"Uppt\u00e4ck v\u00e5ra f\u00f6rstklassiga Billyftar som h\u00f6jer b\u00e5de effektiviteten och s\u00e4kerheten vid skadereparationer. Ta din service till en ny niv\u00e5 med Car-O-Liner.","robots":{"index":"index","follow":"follow","max-snippet":"max-snippet:-1","max-image-preview":"max-image-preview:large","max-video-preview":"max-video-preview:-1"},"canonical":"https:\/\/car-o-liner.com\/sv\/produkter\/lyftar\/","og_locale":"sv_SE","og_type":"article","og_title":"Billyftar | Car-O-Liner SE","og_description":"Uppt\u00e4ck v\u00e5ra f\u00f6rstklassiga Billyftar som h\u00f6jer b\u00e5de effektiviteten och s\u00e4kerheten vid skadereparationer. Ta din service till en ny niv\u00e5 med Car-O-Liner.","og_url":"https:\/\/car-o-liner.com\/sv\/produkter\/lyftar\/","og_site_name":"Car-O-Liner","article_modified_time":"2024-06-25T18:51:38+00:00","twitter_card":"summary_large_image","schema":{"@context":"https:\/\/schema.org","@graph":[{"@type":"WebPage","@id":"https:\/\/car-o-liner.com\/sv\/produkter\/lyftar\/","url":"https:\/\/car-o-liner.com\/sv\/produkter\/lyftar\/","name":"Billyftar | Car-O-Liner SE","isPartOf":{"@id":"https:\/\/car-o-liner.com\/sv\/#website"},"datePublished":"2024-03-01T17:46:28+00:00","dateModified":"2024-06-25T18:51:38+00:00","description":"Uppt\u00e4ck v\u00e5ra f\u00f6rstklassiga Billyftar som h\u00f6jer b\u00e5de effektiviteten och s\u00e4kerheten vid skadereparationer. Ta din service till en ny niv\u00e5 med Car-O-Liner.","breadcrumb":{"@id":"https:\/\/car-o-liner.com\/sv\/produkter\/lyftar\/#breadcrumb"},"inLanguage":"sv-SE","potentialAction":[{"@type":"ReadAction","target":["https:\/\/car-o-liner.com\/sv\/produkter\/lyftar\/"]}]},{"@type":"BreadcrumbList","@id":"https:\/\/car-o-liner.com\/sv\/produkter\/lyftar\/#breadcrumb","itemListElement":[{"@type":"ListItem","position":1,"name":"Home","item":"https:\/\/car-o-liner.com\/sv\/"},{"@type":"ListItem","position":2,"name":"Riktb\u00e4nksystem","item":"https:\/\/car-o-liner.com\/sv\/produkter\/riktbanksystem\/"},{"@type":"ListItem","position":3,"name":"Billyftar"}]},{"@type":"WebSite","@id":"https:\/\/car-o-liner.com\/sv\/#website","url":"https:\/\/car-o-liner.com\/sv\/","name":"Car-O-Liner","description":"Collision Repair Equipment","publisher":{"@id":"https:\/\/car-o-liner.com\/sv\/#organization"},"potentialAction":[{"@type":"SearchAction","target":{"@type":"EntryPoint","urlTemplate":"https:\/\/car-o-liner.com\/sv\/?s={search_term_string}"},"query-input":{"@type":"PropertyValueSpecification","valueRequired":true,"valueName":"search_term_string"}}],"inLanguage":"sv-SE"},{"@type":"Organization","@id":"https:\/\/car-o-liner.com\/sv\/#organization","name":"Car-O-Liner","url":"https:\/\/car-o-liner.com\/sv\/","logo":{"@type":"ImageObject","inLanguage":"sv-SE","@id":"https:\/\/car-o-liner.com\/sv\/#\/schema\/logo\/image\/","url":"https:\/\/car-o-liner.com\/wp-content\/uploads\/Car-O-Liner-blue-web.svg","contentUrl":"https:\/\/car-o-liner.com\/wp-content\/uploads\/Car-O-Liner-blue-web.svg","width":250,"height":50,"caption":"Car-O-Liner"},"image":{"@id":"https:\/\/car-o-liner.com\/sv\/#\/schema\/logo\/image\/"}}]}},"_links":{"self":[{"href":"https:\/\/car-o-liner.com\/sv\/wp-json\/wp\/v2\/product\/88251","targetHints":{"allow":["GET"]}}],"collection":[{"href":"https:\/\/car-o-liner.com\/sv\/wp-json\/wp\/v2\/product"}],"about":[{"href":"https:\/\/car-o-liner.com\/sv\/wp-json\/wp\/v2\/types\/product"}],"up":[{"embeddable":true,"href":"https:\/\/car-o-liner.com\/sv\/wp-json\/wp\/v2\/product\/81699"}],"wp:attachment":[{"href":"https:\/\/car-o-liner.com\/sv\/wp-json\/wp\/v2\/media?parent=88251"}],"curies":[{"name":"wp","href":"https:\/\/api.w.org\/{rel}","templated":true}]}}