{"id":88261,"date":"2024-03-01T18:52:30","date_gmt":"2024-03-01T17:52:30","guid":{"rendered":"https:\/\/car-o-liner-test.phl.togglebox.site\/product\/collision-anchoring\/"},"modified":"2024-04-11T15:13:37","modified_gmt":"2024-04-11T13:13:37","slug":"forankring","status":"publish","type":"product","link":"https:\/\/car-o-liner.com\/sv\/produkter\/forankring\/","title":{"rendered":"F\u00f6rankring f\u00f6r skadereparation"},"content":{"rendered":"\n<p>Anchoring &amp; Holding Content<\/p>\n","protected":false},"excerpt":{"rendered":"<p>Anchoring &amp; Holding Content<\/p>\n","protected":false},"featured_media":0,"parent":81699,"menu_order":0,"template":"page-templates\/alignment-straightening.php","format":"standard","meta":[],"class_list":["post-88261","product","type-product","status-publish","format-standard","hentry"],"yoast_head":"<!-- This site is optimized with the Yoast SEO plugin v27.4 - https:\/\/yoast.com\/product\/yoast-seo-wordpress\/ -->\n<title>F\u00f6rankringsutrustning f\u00f6r skadereparation| Car-O-Liner SE<\/title>\n<meta name=\"description\" content=\"Tillhandah\u00e5ll s\u00e4kra skadereparationer med v\u00e5ra exakta f\u00f6rankringsverktyg. Anv\u00e4nd v\u00e5r utrustning f\u00f6r konsekvent f\u00f6rstklassiga prestationer p\u00e5 skadeverkstaden.\" \/>\n<meta name=\"robots\" content=\"index, follow, max-snippet:-1, max-image-preview:large, max-video-preview:-1\" \/>\n<link rel=\"canonical\" href=\"https:\/\/car-o-liner.com\/sv\/produkter\/forankring\/\" \/>\n<meta property=\"og:locale\" content=\"sv_SE\" \/>\n<meta property=\"og:type\" content=\"article\" \/>\n<meta property=\"og:title\" content=\"F\u00f6rankringsutrustning f\u00f6r skadereparation| Car-O-Liner SE\" \/>\n<meta property=\"og:description\" content=\"Tillhandah\u00e5ll s\u00e4kra skadereparationer med v\u00e5ra exakta f\u00f6rankringsverktyg. Anv\u00e4nd v\u00e5r utrustning f\u00f6r konsekvent f\u00f6rstklassiga prestationer p\u00e5 skadeverkstaden.\" \/>\n<meta property=\"og:url\" content=\"https:\/\/car-o-liner.com\/sv\/produkter\/forankring\/\" \/>\n<meta property=\"og:site_name\" content=\"Car-O-Liner\" \/>\n<meta property=\"article:modified_time\" content=\"2024-04-11T13:13:37+00:00\" \/>\n<meta name=\"twitter:card\" content=\"summary_large_image\" \/>\n<script type=\"application\/ld+json\" class=\"yoast-schema-graph\">{\"@context\":\"https:\\\/\\\/schema.org\",\"@graph\":[{\"@type\":\"WebPage\",\"@id\":\"https:\\\/\\\/car-o-liner.com\\\/sv\\\/produkter\\\/forankring\\\/\",\"url\":\"https:\\\/\\\/car-o-liner.com\\\/sv\\\/produkter\\\/forankring\\\/\",\"name\":\"F\u00f6rankringsutrustning f\u00f6r skadereparation| Car-O-Liner SE\",\"isPartOf\":{\"@id\":\"https:\\\/\\\/car-o-liner.com\\\/sv\\\/#website\"},\"datePublished\":\"2024-03-01T17:52:30+00:00\",\"dateModified\":\"2024-04-11T13:13:37+00:00\",\"description\":\"Tillhandah\u00e5ll s\u00e4kra skadereparationer med v\u00e5ra exakta f\u00f6rankringsverktyg. Anv\u00e4nd v\u00e5r utrustning f\u00f6r konsekvent f\u00f6rstklassiga prestationer p\u00e5 skadeverkstaden.\",\"breadcrumb\":{\"@id\":\"https:\\\/\\\/car-o-liner.com\\\/sv\\\/produkter\\\/forankring\\\/#breadcrumb\"},\"inLanguage\":\"sv-SE\",\"potentialAction\":[{\"@type\":\"ReadAction\",\"target\":[\"https:\\\/\\\/car-o-liner.com\\\/sv\\\/produkter\\\/forankring\\\/\"]}]},{\"@type\":\"BreadcrumbList\",\"@id\":\"https:\\\/\\\/car-o-liner.com\\\/sv\\\/produkter\\\/forankring\\\/#breadcrumb\",\"itemListElement\":[{\"@type\":\"ListItem\",\"position\":1,\"name\":\"Home\",\"item\":\"https:\\\/\\\/car-o-liner.com\\\/sv\\\/\"},{\"@type\":\"ListItem\",\"position\":2,\"name\":\"Riktb\u00e4nksystem\",\"item\":\"https:\\\/\\\/car-o-liner.com\\\/sv\\\/produkter\\\/riktbanksystem\\\/\"},{\"@type\":\"ListItem\",\"position\":3,\"name\":\"F\u00f6rankring f\u00f6r skadereparation\"}]},{\"@type\":\"WebSite\",\"@id\":\"https:\\\/\\\/car-o-liner.com\\\/sv\\\/#website\",\"url\":\"https:\\\/\\\/car-o-liner.com\\\/sv\\\/\",\"name\":\"Car-O-Liner\",\"description\":\"Collision Repair Equipment\",\"publisher\":{\"@id\":\"https:\\\/\\\/car-o-liner.com\\\/sv\\\/#organization\"},\"potentialAction\":[{\"@type\":\"SearchAction\",\"target\":{\"@type\":\"EntryPoint\",\"urlTemplate\":\"https:\\\/\\\/car-o-liner.com\\\/sv\\\/?s={search_term_string}\"},\"query-input\":{\"@type\":\"PropertyValueSpecification\",\"valueRequired\":true,\"valueName\":\"search_term_string\"}}],\"inLanguage\":\"sv-SE\"},{\"@type\":\"Organization\",\"@id\":\"https:\\\/\\\/car-o-liner.com\\\/sv\\\/#organization\",\"name\":\"Car-O-Liner\",\"url\":\"https:\\\/\\\/car-o-liner.com\\\/sv\\\/\",\"logo\":{\"@type\":\"ImageObject\",\"inLanguage\":\"sv-SE\",\"@id\":\"https:\\\/\\\/car-o-liner.com\\\/sv\\\/#\\\/schema\\\/logo\\\/image\\\/\",\"url\":\"https:\\\/\\\/car-o-liner.com\\\/wp-content\\\/uploads\\\/Car-O-Liner-blue-web.svg\",\"contentUrl\":\"https:\\\/\\\/car-o-liner.com\\\/wp-content\\\/uploads\\\/Car-O-Liner-blue-web.svg\",\"width\":250,\"height\":50,\"caption\":\"Car-O-Liner\"},\"image\":{\"@id\":\"https:\\\/\\\/car-o-liner.com\\\/sv\\\/#\\\/schema\\\/logo\\\/image\\\/\"}}]}<\/script>\n<!-- \/ Yoast SEO plugin. -->","yoast_head_json":{"title":"F\u00f6rankringsutrustning f\u00f6r skadereparation| Car-O-Liner SE","description":"Tillhandah\u00e5ll s\u00e4kra skadereparationer med v\u00e5ra exakta f\u00f6rankringsverktyg. Anv\u00e4nd v\u00e5r utrustning f\u00f6r konsekvent f\u00f6rstklassiga prestationer p\u00e5 skadeverkstaden.","robots":{"index":"index","follow":"follow","max-snippet":"max-snippet:-1","max-image-preview":"max-image-preview:large","max-video-preview":"max-video-preview:-1"},"canonical":"https:\/\/car-o-liner.com\/sv\/produkter\/forankring\/","og_locale":"sv_SE","og_type":"article","og_title":"F\u00f6rankringsutrustning f\u00f6r skadereparation| Car-O-Liner SE","og_description":"Tillhandah\u00e5ll s\u00e4kra skadereparationer med v\u00e5ra exakta f\u00f6rankringsverktyg. Anv\u00e4nd v\u00e5r utrustning f\u00f6r konsekvent f\u00f6rstklassiga prestationer p\u00e5 skadeverkstaden.","og_url":"https:\/\/car-o-liner.com\/sv\/produkter\/forankring\/","og_site_name":"Car-O-Liner","article_modified_time":"2024-04-11T13:13:37+00:00","twitter_card":"summary_large_image","schema":{"@context":"https:\/\/schema.org","@graph":[{"@type":"WebPage","@id":"https:\/\/car-o-liner.com\/sv\/produkter\/forankring\/","url":"https:\/\/car-o-liner.com\/sv\/produkter\/forankring\/","name":"F\u00f6rankringsutrustning f\u00f6r skadereparation| Car-O-Liner SE","isPartOf":{"@id":"https:\/\/car-o-liner.com\/sv\/#website"},"datePublished":"2024-03-01T17:52:30+00:00","dateModified":"2024-04-11T13:13:37+00:00","description":"Tillhandah\u00e5ll s\u00e4kra skadereparationer med v\u00e5ra exakta f\u00f6rankringsverktyg. Anv\u00e4nd v\u00e5r utrustning f\u00f6r konsekvent f\u00f6rstklassiga prestationer p\u00e5 skadeverkstaden.","breadcrumb":{"@id":"https:\/\/car-o-liner.com\/sv\/produkter\/forankring\/#breadcrumb"},"inLanguage":"sv-SE","potentialAction":[{"@type":"ReadAction","target":["https:\/\/car-o-liner.com\/sv\/produkter\/forankring\/"]}]},{"@type":"BreadcrumbList","@id":"https:\/\/car-o-liner.com\/sv\/produkter\/forankring\/#breadcrumb","itemListElement":[{"@type":"ListItem","position":1,"name":"Home","item":"https:\/\/car-o-liner.com\/sv\/"},{"@type":"ListItem","position":2,"name":"Riktb\u00e4nksystem","item":"https:\/\/car-o-liner.com\/sv\/produkter\/riktbanksystem\/"},{"@type":"ListItem","position":3,"name":"F\u00f6rankring f\u00f6r skadereparation"}]},{"@type":"WebSite","@id":"https:\/\/car-o-liner.com\/sv\/#website","url":"https:\/\/car-o-liner.com\/sv\/","name":"Car-O-Liner","description":"Collision Repair Equipment","publisher":{"@id":"https:\/\/car-o-liner.com\/sv\/#organization"},"potentialAction":[{"@type":"SearchAction","target":{"@type":"EntryPoint","urlTemplate":"https:\/\/car-o-liner.com\/sv\/?s={search_term_string}"},"query-input":{"@type":"PropertyValueSpecification","valueRequired":true,"valueName":"search_term_string"}}],"inLanguage":"sv-SE"},{"@type":"Organization","@id":"https:\/\/car-o-liner.com\/sv\/#organization","name":"Car-O-Liner","url":"https:\/\/car-o-liner.com\/sv\/","logo":{"@type":"ImageObject","inLanguage":"sv-SE","@id":"https:\/\/car-o-liner.com\/sv\/#\/schema\/logo\/image\/","url":"https:\/\/car-o-liner.com\/wp-content\/uploads\/Car-O-Liner-blue-web.svg","contentUrl":"https:\/\/car-o-liner.com\/wp-content\/uploads\/Car-O-Liner-blue-web.svg","width":250,"height":50,"caption":"Car-O-Liner"},"image":{"@id":"https:\/\/car-o-liner.com\/sv\/#\/schema\/logo\/image\/"}}]}},"_links":{"self":[{"href":"https:\/\/car-o-liner.com\/sv\/wp-json\/wp\/v2\/product\/88261","targetHints":{"allow":["GET"]}}],"collection":[{"href":"https:\/\/car-o-liner.com\/sv\/wp-json\/wp\/v2\/product"}],"about":[{"href":"https:\/\/car-o-liner.com\/sv\/wp-json\/wp\/v2\/types\/product"}],"up":[{"embeddable":true,"href":"https:\/\/car-o-liner.com\/sv\/wp-json\/wp\/v2\/product\/81699"}],"wp:attachment":[{"href":"https:\/\/car-o-liner.com\/sv\/wp-json\/wp\/v2\/media?parent=88261"}],"curies":[{"name":"wp","href":"https:\/\/api.w.org\/{rel}","templated":true}]}}