{"id":88297,"date":"2024-02-05T16:20:01","date_gmt":"2024-02-05T15:20:01","guid":{"rendered":"https:\/\/car-o-liner-test.phl.togglebox.site\/product\/workshop-solutions\/collision-repair-solutions\/"},"modified":"2024-04-10T21:51:24","modified_gmt":"2024-04-10T19:51:24","slug":"skadebesiktning-plats","status":"publish","type":"product","link":"https:\/\/car-o-liner.com\/sv\/produkter\/skadebesiktning-plats\/","title":{"rendered":"Skadebesiktningsplats"},"content":{"rendered":"\n<p>Collision Repair Solutions Subheading<\/p>\n","protected":false},"excerpt":{"rendered":"<p>Collision Repair Solutions Subheading<\/p>\n","protected":false},"featured_media":0,"parent":81798,"menu_order":0,"template":"page-templates\/alignment-straightening.php","format":"standard","meta":[],"class_list":["post-88297","product","type-product","status-publish","format-standard","hentry"],"yoast_head":"<!-- This site is optimized with the Yoast SEO plugin v27.2 - https:\/\/yoast.com\/product\/yoast-seo-wordpress\/ -->\n<title>Skadebesiktningsplats | Car-O-Liner SE<\/title>\n<meta name=\"description\" content=\"Car-O-Liner erbjuder en skadebesiktningsplats f\u00f6r skadereparationsverkstaden som omfattar en lyft, m\u00e4tprogramvara, f\u00f6rvaring, utbildning och mycket mer.\" \/>\n<meta name=\"robots\" content=\"index, follow, max-snippet:-1, max-image-preview:large, max-video-preview:-1\" \/>\n<link rel=\"canonical\" href=\"https:\/\/car-o-liner.com\/sv\/produkter\/skadebesiktning-plats\/\" \/>\n<meta property=\"og:locale\" content=\"sv_SE\" \/>\n<meta property=\"og:type\" content=\"article\" \/>\n<meta property=\"og:title\" content=\"Skadebesiktningsplats | Car-O-Liner SE\" \/>\n<meta property=\"og:description\" content=\"Car-O-Liner erbjuder en skadebesiktningsplats f\u00f6r skadereparationsverkstaden som omfattar en lyft, m\u00e4tprogramvara, f\u00f6rvaring, utbildning och mycket mer.\" \/>\n<meta property=\"og:url\" content=\"https:\/\/car-o-liner.com\/sv\/produkter\/skadebesiktning-plats\/\" \/>\n<meta property=\"og:site_name\" content=\"Car-O-Liner\" \/>\n<meta property=\"article:modified_time\" content=\"2024-04-10T19:51:24+00:00\" \/>\n<meta name=\"twitter:card\" content=\"summary_large_image\" \/>\n<script type=\"application\/ld+json\" class=\"yoast-schema-graph\">{\"@context\":\"https:\/\/schema.org\",\"@graph\":[{\"@type\":\"WebPage\",\"@id\":\"https:\/\/car-o-liner.com\/sv\/produkter\/skadebesiktning-plats\/\",\"url\":\"https:\/\/car-o-liner.com\/sv\/produkter\/skadebesiktning-plats\/\",\"name\":\"Skadebesiktningsplats | Car-O-Liner SE\",\"isPartOf\":{\"@id\":\"https:\/\/car-o-liner.com\/sv\/#website\"},\"datePublished\":\"2024-02-05T15:20:01+00:00\",\"dateModified\":\"2024-04-10T19:51:24+00:00\",\"description\":\"Car-O-Liner erbjuder en skadebesiktningsplats f\u00f6r skadereparationsverkstaden som omfattar en lyft, m\u00e4tprogramvara, f\u00f6rvaring, utbildning och mycket mer.\",\"breadcrumb\":{\"@id\":\"https:\/\/car-o-liner.com\/sv\/produkter\/skadebesiktning-plats\/#breadcrumb\"},\"inLanguage\":\"sv-SE\",\"potentialAction\":[{\"@type\":\"ReadAction\",\"target\":[\"https:\/\/car-o-liner.com\/sv\/produkter\/skadebesiktning-plats\/\"]}]},{\"@type\":\"BreadcrumbList\",\"@id\":\"https:\/\/car-o-liner.com\/sv\/produkter\/skadebesiktning-plats\/#breadcrumb\",\"itemListElement\":[{\"@type\":\"ListItem\",\"position\":1,\"name\":\"Home\",\"item\":\"https:\/\/car-o-liner.com\/sv\/\"},{\"@type\":\"ListItem\",\"position\":2,\"name\":\"Verkstadsl\u00f6sningar\",\"item\":\"https:\/\/car-o-liner.com\/sv\/produkter\/verkstadslosningar\/\"},{\"@type\":\"ListItem\",\"position\":3,\"name\":\"Skadebesiktningsplats\"}]},{\"@type\":\"WebSite\",\"@id\":\"https:\/\/car-o-liner.com\/sv\/#website\",\"url\":\"https:\/\/car-o-liner.com\/sv\/\",\"name\":\"Car-O-Liner\",\"description\":\"Collision Repair Equipment\",\"publisher\":{\"@id\":\"https:\/\/car-o-liner.com\/sv\/#organization\"},\"potentialAction\":[{\"@type\":\"SearchAction\",\"target\":{\"@type\":\"EntryPoint\",\"urlTemplate\":\"https:\/\/car-o-liner.com\/sv\/?s={search_term_string}\"},\"query-input\":{\"@type\":\"PropertyValueSpecification\",\"valueRequired\":true,\"valueName\":\"search_term_string\"}}],\"inLanguage\":\"sv-SE\"},{\"@type\":\"Organization\",\"@id\":\"https:\/\/car-o-liner.com\/sv\/#organization\",\"name\":\"Car-O-Liner\",\"url\":\"https:\/\/car-o-liner.com\/sv\/\",\"logo\":{\"@type\":\"ImageObject\",\"inLanguage\":\"sv-SE\",\"@id\":\"https:\/\/car-o-liner.com\/sv\/#\/schema\/logo\/image\/\",\"url\":\"https:\/\/car-o-liner.com\/wp-content\/uploads\/Car-O-Liner-blue-web.svg\",\"contentUrl\":\"https:\/\/car-o-liner.com\/wp-content\/uploads\/Car-O-Liner-blue-web.svg\",\"width\":250,\"height\":50,\"caption\":\"Car-O-Liner\"},\"image\":{\"@id\":\"https:\/\/car-o-liner.com\/sv\/#\/schema\/logo\/image\/\"}}]}<\/script>\n<!-- \/ Yoast SEO plugin. -->","yoast_head_json":{"title":"Skadebesiktningsplats | Car-O-Liner SE","description":"Car-O-Liner erbjuder en skadebesiktningsplats f\u00f6r skadereparationsverkstaden som omfattar en lyft, m\u00e4tprogramvara, f\u00f6rvaring, utbildning och mycket mer.","robots":{"index":"index","follow":"follow","max-snippet":"max-snippet:-1","max-image-preview":"max-image-preview:large","max-video-preview":"max-video-preview:-1"},"canonical":"https:\/\/car-o-liner.com\/sv\/produkter\/skadebesiktning-plats\/","og_locale":"sv_SE","og_type":"article","og_title":"Skadebesiktningsplats | Car-O-Liner SE","og_description":"Car-O-Liner erbjuder en skadebesiktningsplats f\u00f6r skadereparationsverkstaden som omfattar en lyft, m\u00e4tprogramvara, f\u00f6rvaring, utbildning och mycket mer.","og_url":"https:\/\/car-o-liner.com\/sv\/produkter\/skadebesiktning-plats\/","og_site_name":"Car-O-Liner","article_modified_time":"2024-04-10T19:51:24+00:00","twitter_card":"summary_large_image","schema":{"@context":"https:\/\/schema.org","@graph":[{"@type":"WebPage","@id":"https:\/\/car-o-liner.com\/sv\/produkter\/skadebesiktning-plats\/","url":"https:\/\/car-o-liner.com\/sv\/produkter\/skadebesiktning-plats\/","name":"Skadebesiktningsplats | Car-O-Liner SE","isPartOf":{"@id":"https:\/\/car-o-liner.com\/sv\/#website"},"datePublished":"2024-02-05T15:20:01+00:00","dateModified":"2024-04-10T19:51:24+00:00","description":"Car-O-Liner erbjuder en skadebesiktningsplats f\u00f6r skadereparationsverkstaden som omfattar en lyft, m\u00e4tprogramvara, f\u00f6rvaring, utbildning och mycket mer.","breadcrumb":{"@id":"https:\/\/car-o-liner.com\/sv\/produkter\/skadebesiktning-plats\/#breadcrumb"},"inLanguage":"sv-SE","potentialAction":[{"@type":"ReadAction","target":["https:\/\/car-o-liner.com\/sv\/produkter\/skadebesiktning-plats\/"]}]},{"@type":"BreadcrumbList","@id":"https:\/\/car-o-liner.com\/sv\/produkter\/skadebesiktning-plats\/#breadcrumb","itemListElement":[{"@type":"ListItem","position":1,"name":"Home","item":"https:\/\/car-o-liner.com\/sv\/"},{"@type":"ListItem","position":2,"name":"Verkstadsl\u00f6sningar","item":"https:\/\/car-o-liner.com\/sv\/produkter\/verkstadslosningar\/"},{"@type":"ListItem","position":3,"name":"Skadebesiktningsplats"}]},{"@type":"WebSite","@id":"https:\/\/car-o-liner.com\/sv\/#website","url":"https:\/\/car-o-liner.com\/sv\/","name":"Car-O-Liner","description":"Collision Repair Equipment","publisher":{"@id":"https:\/\/car-o-liner.com\/sv\/#organization"},"potentialAction":[{"@type":"SearchAction","target":{"@type":"EntryPoint","urlTemplate":"https:\/\/car-o-liner.com\/sv\/?s={search_term_string}"},"query-input":{"@type":"PropertyValueSpecification","valueRequired":true,"valueName":"search_term_string"}}],"inLanguage":"sv-SE"},{"@type":"Organization","@id":"https:\/\/car-o-liner.com\/sv\/#organization","name":"Car-O-Liner","url":"https:\/\/car-o-liner.com\/sv\/","logo":{"@type":"ImageObject","inLanguage":"sv-SE","@id":"https:\/\/car-o-liner.com\/sv\/#\/schema\/logo\/image\/","url":"https:\/\/car-o-liner.com\/wp-content\/uploads\/Car-O-Liner-blue-web.svg","contentUrl":"https:\/\/car-o-liner.com\/wp-content\/uploads\/Car-O-Liner-blue-web.svg","width":250,"height":50,"caption":"Car-O-Liner"},"image":{"@id":"https:\/\/car-o-liner.com\/sv\/#\/schema\/logo\/image\/"}}]}},"_links":{"self":[{"href":"https:\/\/car-o-liner.com\/sv\/wp-json\/wp\/v2\/product\/88297","targetHints":{"allow":["GET"]}}],"collection":[{"href":"https:\/\/car-o-liner.com\/sv\/wp-json\/wp\/v2\/product"}],"about":[{"href":"https:\/\/car-o-liner.com\/sv\/wp-json\/wp\/v2\/types\/product"}],"up":[{"embeddable":true,"href":"https:\/\/car-o-liner.com\/sv\/wp-json\/wp\/v2\/product\/81798"}],"wp:attachment":[{"href":"https:\/\/car-o-liner.com\/sv\/wp-json\/wp\/v2\/media?parent=88297"}],"curies":[{"name":"wp","href":"https:\/\/api.w.org\/{rel}","templated":true}]}}